{"id":7018,"date":"2025-06-05T02:41:22","date_gmt":"2025-06-05T02:41:22","guid":{"rendered":"https:\/\/sinoextrud.com\/product\/furniture-aluminium-profiles\/"},"modified":"2025-06-24T06:12:07","modified_gmt":"2025-06-24T06:12:07","slug":"profiles-daluminium-pour-meubles","status":"publish","type":"product","link":"https:\/\/sinoextrud.com\/fr\/product\/furniture-aluminium-profiles\/","title":{"rendered":"Profil\u00e9s en aluminium pour l'ameublement"},"content":{"rendered":"<h2>D\u00e9tails des produits<\/h2>\n<table class=\"custom-table\">\n<tr>\n<td class=\"label\">Mod\u00e8le NO :<\/td>\n<td> Sur dessin ou \u00e0 la demande du client\uff0c<\/td>\n<\/tr>\n<tr>\n<td class=\"label\">Grade :<\/td>\n<td> S\u00e9rie 6000\uff0c<\/td>\n<\/tr>\n<tr>\n<td class=\"label\">Temp\u00e9rer :<\/td>\n<td> T3-T8\uff0c<\/td>\n<\/tr>\n<tr>\n<td class=\"label\">Alliage :<\/td>\n<td> Alliage\uff0c<\/td>\n<\/tr>\n<tr>\n<td class=\"label\">Traitement de surface :<\/td>\n<td> Anodis\u00e9, Rev\u00eatement par poudre, Grain de bois, Bross\u00e9, Ponc\u00e9, Poli (m\u00e9canique)\uff0c<\/td>\n<\/tr>\n<tr>\n<td class=\"label\">Certification :<\/td>\n<td> ISO, SGS, TUV\uff0c<\/td>\n<\/tr>\n<tr>\n<td class=\"label\">Application :<\/td>\n<td> Profil\u00e9s en aluminium pour meubles\uff0c<\/td>\n<\/tr>\n<tr>\n<td class=\"label\">Ingr\u00e9dient d'alliage :<\/td>\n<td> 6063\uff0c<\/td>\n<\/tr>\n<\/table>\n<h2>Notre base de production<\/h2>\n<h3>Panorama de l'usine<\/h3>\n<p><img decoding=\"async\" src=\"\/wp-content\/uploads\/factory-01.webp\"\/><\/p>\n<h3>Atelier de fabrication de barres d'aluminium<\/h3>\n<p><img decoding=\"async\" src=\"\/wp-content\/uploads\/factory-02.webp\"\/><\/p>\n<p><img decoding=\"async\" src=\"\/wp-content\/uploads\/factory-03.webp\"\/><\/p>\n<h3>Entrep\u00f4t de stockage des moules<\/h3>\n<p><img decoding=\"async\" src=\"\/wp-content\/uploads\/factory-04.webp\"\/><\/p>\n<h3>43 lignes d'extrusion d'aluminium (500-5500 tonnes)<\/h3>\n<p><img decoding=\"async\" src=\"\/wp-content\/uploads\/factory-05.webp\"\/><\/p>\n<p><img decoding=\"async\" src=\"\/wp-content\/uploads\/factory-06.webp\"\/><\/p>\n<p><img decoding=\"async\" src=\"\/wp-content\/uploads\/factory-07.webp\"\/><\/p>\n<h3>Atelier de peinture en poudre<\/h3>\n<p><img decoding=\"async\" src=\"\/wp-content\/uploads\/factory-09.webp\"\/><\/p>\n<h3>Atelier d'anodisation<\/h3>\n<p><img decoding=\"async\" src=\"\/wp-content\/uploads\/factory-10.webp\"\/><\/p>\n<h3>Atelier sur le traitement en profondeur<\/h3>\n<p><img decoding=\"async\" src=\"\/wp-content\/uploads\/factory-11.webp\"\/><\/p>\n<h3>Atelier d'usinage de pr\u00e9cision CNC<\/h3>\n<p><img decoding=\"async\" src=\"\/wp-content\/uploads\/factory-11.5.webp\"\/><\/p>\n<h3>Entrep\u00f4t de produits finis et d'exportation<\/h3>\n<p><img decoding=\"async\" src=\"\/wp-content\/uploads\/factory-12.webp\"\/><\/p>\n<p><img decoding=\"async\" src=\"\/wp-content\/uploads\/factory-13.webp\"\/><\/p>\n<p><img decoding=\"async\" src=\"\/wp-content\/uploads\/factory-14.webp\"\/><\/p>\n<h2>FAQ<\/h2>\n<p><p><b>1.Qu'est-ce qu'un profil\u00e9 en aluminium pour l'ameublement ?<\/b><\/p>\n<p>Les profil\u00e9s en aluminium pour l'ameublement sont des composants en aluminium extrud\u00e9 utilis\u00e9s pour construire des cadres, des supports et des \u00e9l\u00e9ments d\u00e9coratifs dans l'ameublement.<br \/>\n<\/p><br \/>\n<br \/>\n<p><b>2. pourquoi utiliser des profil\u00e9s en aluminium dans la conception de meubles ?<\/b><\/p>\n<p>Les profil\u00e9s en aluminium offrent une solution l\u00e9g\u00e8re, durable et moderne pour la construction de meubles fonctionnels et esth\u00e9tiques.<br \/>\n<\/p><br \/>\n<br \/>\n<p><b>3. Les profil\u00e9s en aluminium pour l'ameublement sont-ils personnalisables ?<\/b><\/p>\n<p>Oui, ces profil\u00e9s peuvent \u00eatre personnalis\u00e9s en termes de forme, de finition et de taille pour s'adapter \u00e0 diff\u00e9rents styles de meubles et de fonctions.<br \/>\n<\/p><br \/>\n<br \/>\n<p><b>4. les profil\u00e9s en aluminium pour meubles supportent-ils des charges lourdes ?<\/b><\/p>\n<p>Oui, ils offrent un excellent soutien structurel tout en conservant une apparence mince et \u00e9l\u00e9gante.<br \/>\n<\/p><br \/>\n<br \/>\n<p><b>5. les profil\u00e9s en aluminium pour l'ameublement sont-ils r\u00e9sistants \u00e0 la corrosion ?<\/b><\/p>\n<p>Absolument, l'aluminium r\u00e9siste naturellement \u00e0 la corrosion, ce qui le rend id\u00e9al pour les meubles d'int\u00e9rieur et d'ext\u00e9rieur.<br \/>\n<\/p><br \/>\n<br \/>\n<p><b>6. les profil\u00e9s en aluminium pour meubles peuvent-ils \u00eatre combin\u00e9s avec d'autres mat\u00e9riaux ?<\/b><\/p>\n<p>Oui, ils sont compatibles avec le verre, le bois et le plastique pour diverses applications d'ameublement.<br \/>\n<\/p><br \/>\n<br \/>\n<p><b>7) Quelles sont les finitions disponibles pour les profil\u00e9s en aluminium pour l'ameublement ?<\/b><\/p>\n<p>Les finitions comprennent l'anodisation, le rev\u00eatement par poudre, le brossage et le polissage pour s'adapter aux diff\u00e9rentes pr\u00e9f\u00e9rences en mati\u00e8re de design.<br \/>\n<\/p><br \/>\n<br \/>\n<p><b>8. les profil\u00e9s en aluminium pour l'ameublement sont-ils respectueux de l'environnement ?<\/b><\/p>\n<p>Oui, l'aluminium est enti\u00e8rement recyclable, ce qui favorise une production de meubles durable et respectueuse de l'environnement.<br \/>\n<\/p><br \/><\/p>","protected":false},"featured_media":7017,"template":"","categories":[67],"class_list":["post-7018","product","type-product","status-publish","has-post-thumbnail","hentry","category-architectural-aluminium-profile"],"meta_box":{"hilight_text_group":{"product_hilight_text":"<li>Lightweight aluminum profiles ideal for modern furniture design<\/li>\r\r\n<li>High strength and stability for long-lasting structural support<\/li>\r\r\n<li>Corrosion-resistant and easy to clean for low maintenance<\/li>\r\r\n<li>Available in various finishes to match different aesthetics<\/li>\r\r\n<li>Customizable lengths and cross-sections for flexible design<\/li>\r\r\n<li>Eco-friendly and recyclable material for sustainable production<\/li>\r\r\n<li>Compatible with other materials like glass, wood, and plastic<\/li>","product_chanpin_blog":"<ul>\r\r\n<li><a href=\"https:\/\/sinoextrud.com\/t-slot-v-slot-differences\/\" target=\"_blank\">t slot vs v slot<\/a><\/li>\r\r\n<li><a href=\"https:\/\/sinoextrud.com\/what-is-4040-aluminium-extrud\/\" target=\"_blank\">4040 aluminium extrusion<\/a><\/li>\r\r\n<li><a href=\"https:\/\/sinoextrud.com\/what-is-4040-aluminium-extrud\/\" target=\"_blank\">aluminum extrusions for industrial racks<\/a><\/li>\r\r\n<li><a href=\"https:\/\/sinoextrud.com\/powder-coating-aluminium-process\/\" target=\"_blank\">powder coating aluminium<\/a><\/li>\r\r\n<li><a href=\"https:\/\/sinoextrud.com\/what-is-an-aluminium-strip-ceiling\/\" target=\"_blank\">aluminium strip ceiling<\/a><\/li>\r\r\n<li><a href=\"https:\/\/sinoextrud.com\/what-is-a-heat-sink\/\" target=\"_blank\">what is a heat sink<\/a><\/li>\r\r\n<\/ul>","product_chanpin_chanpin":"<li><a href=\"https:\/\/sinoextrud.com\/product\/aluminum-shutter\/\" target=\"_blank\">Aluminum Shutter<\/a><\/li>\r\n<li><a href=\"https:\/\/sinoextrud.com\/product\/aluminium-t-profil\/\" target=\"_blank\">Aluminium T Profil<\/a><\/li>\r\n<li><a href=\"https:\/\/sinoextrud.com\/product\/slotted-aluminum-profile-export-to-maylsia\/\" target=\"_blank\">Slotted Aluminum Profile Export To Maylsia<\/a><\/li>\r\n<li><a href=\"https:\/\/sinoextrud.com\/product\/slotted-aluminum-framing\/\" target=\"_blank\">Slotted Aluminum Framing<\/a><\/li>\r\n<li><a href=\"https:\/\/sinoextrud.com\/product\/furniture-aluminium-profiles\/\" target=\"_blank\">Furniture Aluminium Profiles<\/a><\/li>\r\n<li><a href=\"https:\/\/sinoextrud.com\/product\/extruded-aluminum-channel-shapes-customized\/\" target=\"_blank\">Extruded Aluminum Channel Shapes Customized<\/a><\/li>\r\n<li><a href=\"https:\/\/sinoextrud.com\/product\/interlocking-aluminium-profiles\/\" target=\"_blank\">Interlocking Aluminium Profiles<\/a><\/li>\r\n<li><a href=\"https:\/\/sinoextrud.com\/product\/shining-electrophresis-and-crystal-electrophresis-aluminium-profiles\/\" target=\"_blank\">Shining Electrophresis and Crystal electrophresis aluminium profiles<\/a><\/li>\r\n<li><a href=\"https:\/\/sinoextrud.com\/product\/customized-aluminum-porch-railing\/\" target=\"_blank\">Customized Aluminum Porch Railing<\/a><\/li>\r\n<li><a href=\"https:\/\/sinoextrud.com\/product\/aluminum-h-shaped-connected-panels-profile-for-safe-non-slip-walkway-panel-temporary-ground-road\/\" target=\"_blank\">Aluminum H-shaped Connected Panels Profile For Safe Non-slip Walkway Panel Temporary Ground Road<\/a><\/li>\r\n<li><a href=\"https:\/\/sinoextrud.com\/product\/profile-aluminium-extrusion-used-for-door\/\" target=\"_blank\">Profile Aluminium Extrusion Used For Door<\/a><\/li>"},"feature_list":[]},"_links":{"self":[{"href":"https:\/\/sinoextrud.com\/fr\/wp-json\/wp\/v2\/product\/7018","targetHints":{"allow":["GET"]}}],"collection":[{"href":"https:\/\/sinoextrud.com\/fr\/wp-json\/wp\/v2\/product"}],"about":[{"href":"https:\/\/sinoextrud.com\/fr\/wp-json\/wp\/v2\/types\/product"}],"wp:featuredmedia":[{"embeddable":true,"href":"https:\/\/sinoextrud.com\/fr\/wp-json\/wp\/v2\/media\/7017"}],"wp:attachment":[{"href":"https:\/\/sinoextrud.com\/fr\/wp-json\/wp\/v2\/media?parent=7018"}],"wp:term":[{"taxonomy":"category","embeddable":true,"href":"https:\/\/sinoextrud.com\/fr\/wp-json\/wp\/v2\/categories?post=7018"}],"curies":[{"name":"wp","href":"https:\/\/api.w.org\/{rel}","templated":true}]}}