{"id":7016,"date":"2025-06-05T02:39:24","date_gmt":"2025-06-05T02:39:24","guid":{"rendered":"https:\/\/sinoextrud.com\/product\/slotted-aluminum-framing\/"},"modified":"2025-06-24T06:12:07","modified_gmt":"2025-06-24T06:12:07","slug":"cadre-en-aluminium-fendu","status":"publish","type":"product","link":"https:\/\/sinoextrud.com\/fr\/product\/slotted-aluminum-framing\/","title":{"rendered":"Encadrement en aluminium fendu"},"content":{"rendered":"<h2>D\u00e9tails des produits<\/h2>\n<table class=\"custom-table\">\n<tr>\n<td class=\"label\">Nom du produit :<\/td>\n<td> Encadrement en aluminium fendu pour fen\u00eatres et portes\uff0c<\/td>\n<\/tr>\n<tr>\n<td class=\"label\">Mat\u00e9riau :<\/td>\n<td> Alliage d'aluminium 6063, 6061, 6082, 6005, 6005A, 6463, etc\uff0c<\/td>\n<\/tr>\n<tr>\n<td class=\"label\">Temp\u00e9rer :<\/td>\n<td> T5-T8\uff0c<\/td>\n<\/tr>\n<tr>\n<td class=\"label\">Fini :<\/td>\n<td> Anodis\u00e9, rev\u00eatement par poudre, grain de bois, \u00e9lectrophor\u00e8se, fini au laminoir, poli, bross\u00e9, sabl\u00e9, etc\uff0c<\/td>\n<\/tr>\n<tr>\n<td class=\"label\">Couleur :<\/td>\n<td> Or, argent, noir, blanc, gris, champagne, grain de bois, etc\uff0c<\/td>\n<\/tr>\n<tr>\n<td class=\"label\">Standard ex\u00e9cutif :<\/td>\n<td> GB5237-2008\uff0c<\/td>\n<\/tr>\n<tr>\n<td class=\"label\">Certificats :<\/td>\n<td> ISO9001\uff0c<\/td>\n<\/tr>\n<tr>\n<td class=\"label\">Mod\u00e8le :<\/td>\n<td> Con\u00e7u selon le dessin du client, le client a pay\u00e9 les frais de moule<br \/>\nServices CNC\uff0c<\/td>\n<\/tr>\n<\/table>\n<h2>Notre base de production<\/h2>\n<h3>Panorama de l'usine<\/h3>\n<p><img decoding=\"async\" src=\"\/wp-content\/uploads\/factory-01.webp\"\/><\/p>\n<h3>Atelier de fabrication de barres d'aluminium<\/h3>\n<p><img decoding=\"async\" src=\"\/wp-content\/uploads\/factory-02.webp\"\/><\/p>\n<p><img decoding=\"async\" src=\"\/wp-content\/uploads\/factory-03.webp\"\/><\/p>\n<h3>Entrep\u00f4t de stockage des moules<\/h3>\n<p><img decoding=\"async\" src=\"\/wp-content\/uploads\/factory-04.webp\"\/><\/p>\n<h3>43 lignes d'extrusion d'aluminium (500-5500 tonnes)<\/h3>\n<p><img decoding=\"async\" src=\"\/wp-content\/uploads\/factory-05.webp\"\/><\/p>\n<p><img decoding=\"async\" src=\"\/wp-content\/uploads\/factory-06.webp\"\/><\/p>\n<p><img decoding=\"async\" src=\"\/wp-content\/uploads\/factory-07.webp\"\/><\/p>\n<h3>Atelier de peinture en poudre<\/h3>\n<p><img decoding=\"async\" src=\"\/wp-content\/uploads\/factory-09.webp\"\/><\/p>\n<h3>Atelier d'anodisation<\/h3>\n<p><img decoding=\"async\" src=\"\/wp-content\/uploads\/factory-10.webp\"\/><\/p>\n<h3>Atelier sur le traitement en profondeur<\/h3>\n<p><img decoding=\"async\" src=\"\/wp-content\/uploads\/factory-11.webp\"\/><\/p>\n<h3>Atelier d'usinage de pr\u00e9cision CNC<\/h3>\n<p><img decoding=\"async\" src=\"\/wp-content\/uploads\/factory-11.5.webp\"\/><\/p>\n<h3>Entrep\u00f4t de produits finis et d'exportation<\/h3>\n<p><img decoding=\"async\" src=\"\/wp-content\/uploads\/factory-12.webp\"\/><\/p>\n<p><img decoding=\"async\" src=\"\/wp-content\/uploads\/factory-13.webp\"\/><\/p>\n<p><img decoding=\"async\" src=\"\/wp-content\/uploads\/factory-14.webp\"\/><\/p>\n<h2>FAQ<\/h2>\n<p><p><b>1) Qu'est-ce qu'une ossature aluminium rainur\u00e9e ?<\/b><\/p>\n<p>Il s'agit d'un syst\u00e8me en aluminium extrud\u00e9 avec des fentes int\u00e9gr\u00e9es qui permettent un assemblage modulaire pour les cadres, les structures et les syst\u00e8mes industriels.<br \/>\n<\/p><br \/>\n<br \/>\n<p><b>2) Quels sont les avantages de l'utilisation d'un cadre en aluminium \u00e0 rainures ?<\/b><\/p>\n<p>Il offre solidit\u00e9, r\u00e9sistance \u00e0 la corrosion, flexibilit\u00e9 modulaire et facilit\u00e9 d'installation sans soudure.<br \/>\n<\/p><br \/>\n<br \/>\n<p><b>3. les cadres en aluminium \u00e0 fente peuvent-ils \u00eatre r\u00e9utilis\u00e9s ?<\/b><\/p>\n<p>Oui, la conception modulaire permet le d\u00e9montage et la reconfiguration pour des projets futurs ou des changements d'agencement.<br \/>\n<\/p><br \/>\n<br \/>\n<p><b>4) Quelles sont les applications des cadres en aluminium \u00e0 rainures ?<\/b><\/p>\n<p>Il est couramment utilis\u00e9 dans les syst\u00e8mes d'automatisation, les postes de travail, les protections de machines, les salles blanches et les unit\u00e9s d'affichage.<br \/>\n<\/p><br \/>\n<br \/>\n<p><b>5. les profil\u00e9s pour rainures en T sont-ils compatibles avec les fixations standard ?<\/b><\/p>\n<p>Oui, la plupart des rainures en T acceptent des \u00e9crous, des boulons et des connecteurs standard pour un assemblage s\u00fbr et polyvalent.<br \/>\n<\/p><br \/>\n<br \/>\n<p><b>6. l'ossature en aluminium est-elle meilleure que l'ossature en acier pour les syst\u00e8mes modulaires ?<\/b><\/p>\n<p>Oui, l'aluminium est plus l\u00e9ger, plus facile \u00e0 usiner, r\u00e9sistant \u00e0 la corrosion et permet des changements rapides sans outils sp\u00e9ciaux.<br \/>\n<\/p><br \/>\n<br \/>\n<p><b>7. puis-je commander des longueurs et des finitions personnalis\u00e9es ?<\/b><\/p>\n<p>Oui, les profil\u00e9s peuvent \u00eatre personnalis\u00e9s en termes de longueur, de finition (anodisation, rev\u00eatement par poudre) et m\u00eame usin\u00e9s selon vos sp\u00e9cifications.<br \/>\n<\/p><br \/>\n<br \/>\n<p><b>8. En quoi l'encadrement \u00e0 fentes simplifie-t-il l'installation ?<\/b><\/p>\n<p>Les rainures en T permettent des connexions rapides et faciles \u00e0 utiliser, \u00e9liminant le besoin de percer ou de souder, ce qui permet d'\u00e9conomiser du temps et de la main-d'\u0153uvre.<br \/>\n<\/p><br \/><\/p>","protected":false},"featured_media":7015,"template":"","categories":[67],"class_list":["post-7016","product","type-product","status-publish","has-post-thumbnail","hentry","category-architectural-aluminium-profile"],"meta_box":{"hilight_text_group":{"product_hilight_text":"<li>Modular design enables flexible assembly and reconfiguration<\/li>\r\r\n<li>High-strength aluminum ensures durability and lightweight performance<\/li>\r\r\n<li>T-slots support various accessories and fasteners for easy customization<\/li>\r\r\n<li>Corrosion-resistant finish suitable for industrial and clean environments<\/li>\r\r\n<li>No welding required\u00e2\u20ac\u201dideal for rapid prototyping and structural framing<\/li>\r\r\n<li>Compatible with automation systems, enclosures, and workstations<\/li>\r\r\n<li>Available in multiple sizes and profiles for diverse applications<\/li>","product_chanpin_blog":"<ul>\r\r\n<li><a href=\"https:\/\/sinoextrud.com\/t-slot-v-slot-differences\/\" target=\"_blank\">t slot vs v slot<\/a><\/li>\r\r\n<li><a href=\"https:\/\/sinoextrud.com\/what-is-4040-aluminium-extrud\/\" target=\"_blank\">4040 aluminium extrusion<\/a><\/li>\r\r\n<li><a href=\"https:\/\/sinoextrud.com\/what-is-4040-aluminium-extrud\/\" target=\"_blank\">aluminum extrusions for industrial racks<\/a><\/li>\r\r\n<li><a href=\"https:\/\/sinoextrud.com\/powder-coating-aluminium-process\/\" target=\"_blank\">powder coating aluminium<\/a><\/li>\r\r\n<li><a href=\"https:\/\/sinoextrud.com\/what-is-an-aluminium-strip-ceiling\/\" target=\"_blank\">aluminium strip ceiling<\/a><\/li>\r\r\n<li><a href=\"https:\/\/sinoextrud.com\/what-is-a-heat-sink\/\" target=\"_blank\">what is a heat sink<\/a><\/li>\r\r\n<\/ul>","product_chanpin_chanpin":"<li><a href=\"https:\/\/sinoextrud.com\/product\/aluminium-frame-extrusion-profile-picture-frame-profile-for-interior-decoration\/\" target=\"_blank\">Aluminium Frame Extrusion Profile Picture Frame Profile For Interior Decoration<\/a><\/li>\r\n<li><a href=\"https:\/\/sinoextrud.com\/product\/aluminum-shutter\/\" target=\"_blank\">Aluminum Shutter<\/a><\/li>\r\n<li><a href=\"https:\/\/sinoextrud.com\/product\/aluminium-t-profil\/\" target=\"_blank\">Aluminium T Profil<\/a><\/li>\r\n<li><a href=\"https:\/\/sinoextrud.com\/product\/slotted-aluminum-profile-export-to-maylsia\/\" target=\"_blank\">Slotted Aluminum Profile Export To Maylsia<\/a><\/li>\r\n<li><a href=\"https:\/\/sinoextrud.com\/product\/slotted-aluminum-framing\/\" target=\"_blank\">Slotted Aluminum Framing<\/a><\/li>\r\n<li><a href=\"https:\/\/sinoextrud.com\/product\/furniture-aluminium-profiles\/\" target=\"_blank\">Furniture Aluminium Profiles<\/a><\/li>\r\n<li><a href=\"https:\/\/sinoextrud.com\/product\/extruded-aluminum-channel-shapes-customized\/\" target=\"_blank\">Extruded Aluminum Channel Shapes Customized<\/a><\/li>\r\n<li><a href=\"https:\/\/sinoextrud.com\/product\/interlocking-aluminium-profiles\/\" target=\"_blank\">Interlocking Aluminium Profiles<\/a><\/li>\r\n<li><a href=\"https:\/\/sinoextrud.com\/product\/shining-electrophresis-and-crystal-electrophresis-aluminium-profiles\/\" target=\"_blank\">Shining Electrophresis and Crystal electrophresis aluminium profiles<\/a><\/li>\r\n<li><a href=\"https:\/\/sinoextrud.com\/product\/60x60-aluminium-extrusion\/\" target=\"_blank\">60\u00c3\u201460 Aluminium Extrusion<\/a><\/li>\r\n<li><a href=\"https:\/\/sinoextrud.com\/product\/aluminum-ceiling-system\/\" target=\"_blank\">Aluminum Ceiling System<\/a><\/li>"},"feature_list":[]},"_links":{"self":[{"href":"https:\/\/sinoextrud.com\/fr\/wp-json\/wp\/v2\/product\/7016","targetHints":{"allow":["GET"]}}],"collection":[{"href":"https:\/\/sinoextrud.com\/fr\/wp-json\/wp\/v2\/product"}],"about":[{"href":"https:\/\/sinoextrud.com\/fr\/wp-json\/wp\/v2\/types\/product"}],"wp:featuredmedia":[{"embeddable":true,"href":"https:\/\/sinoextrud.com\/fr\/wp-json\/wp\/v2\/media\/7015"}],"wp:attachment":[{"href":"https:\/\/sinoextrud.com\/fr\/wp-json\/wp\/v2\/media?parent=7016"}],"wp:term":[{"taxonomy":"category","embeddable":true,"href":"https:\/\/sinoextrud.com\/fr\/wp-json\/wp\/v2\/categories?post=7016"}],"curies":[{"name":"wp","href":"https:\/\/api.w.org\/{rel}","templated":true}]}}