{"id":7012,"date":"2025-06-05T02:35:53","date_gmt":"2025-06-05T02:35:53","guid":{"rendered":"https:\/\/sinoextrud.com\/product\/aluminium-t-profil\/"},"modified":"2025-06-24T06:12:05","modified_gmt":"2025-06-24T06:12:05","slug":"aluminium-t-profil","status":"publish","type":"product","link":"https:\/\/sinoextrud.com\/fr\/product\/aluminium-t-profil\/","title":{"rendered":"Aluminium T Profil"},"content":{"rendered":"<h2>D\u00e9tails des produits<\/h2>\n<table class=\"custom-table\">\n<tr>\n<td class=\"label\">Mod\u00e8le NO :<\/td>\n<td> T6063\uff0c<\/td>\n<\/tr>\n<tr>\n<td class=\"label\">Surface :<\/td>\n<td> Anodisation argent mat\uff0c<\/td>\n<\/tr>\n<tr>\n<td class=\"label\">Forme :<\/td>\n<td> aluminium t profil\uff0c<\/td>\n<\/tr>\n<tr>\n<td class=\"label\">Paquet de transport :<\/td>\n<td> papier imperm\u00e9able \u00e0 l'eau\/Clients\u2032requirement\uff0c<\/td>\n<\/tr>\n<tr>\n<td class=\"label\">Origine :<\/td>\n<td> Foshan, Guangdong, Chine\uff0c<\/td>\n<\/tr>\n<tr>\n<td class=\"label\">Taille :<\/td>\n<td> 80*55mm\uff0c<\/td>\n<\/tr>\n<tr>\n<td class=\"label\">Type :<\/td>\n<td> Type droit\uff0c<\/td>\n<\/tr>\n<tr>\n<td class=\"label\">Marque d\u00e9pos\u00e9e :<\/td>\n<td> Sinoextrud\uff0c<\/td>\n<\/tr>\n<tr>\n<td class=\"label\">Sp\u00e9cification :<\/td>\n<td> CE\/ISO 9001\uff0c<\/td>\n<\/tr>\n<tr>\n<td class=\"label\">Code HS :<\/td>\n<td> 76042100\uff0c<\/td>\n<\/tr>\n<\/table>\n<h2>Notre base de production<\/h2>\n<h3>Panorama de l'usine<\/h3>\n<p><img decoding=\"async\" src=\"\/wp-content\/uploads\/factory-01.webp\"\/><\/p>\n<h3>Atelier de fabrication de barres d'aluminium<\/h3>\n<p><img decoding=\"async\" src=\"\/wp-content\/uploads\/factory-02.webp\"\/><\/p>\n<p><img decoding=\"async\" src=\"\/wp-content\/uploads\/factory-03.webp\"\/><\/p>\n<h3>Entrep\u00f4t de stockage des moules<\/h3>\n<p><img decoding=\"async\" src=\"\/wp-content\/uploads\/factory-04.webp\"\/><\/p>\n<h3>43 lignes d'extrusion d'aluminium (500-5500 tonnes)<\/h3>\n<p><img decoding=\"async\" src=\"\/wp-content\/uploads\/factory-05.webp\"\/><\/p>\n<p><img decoding=\"async\" src=\"\/wp-content\/uploads\/factory-06.webp\"\/><\/p>\n<p><img decoding=\"async\" src=\"\/wp-content\/uploads\/factory-07.webp\"\/><\/p>\n<h3>Atelier de peinture en poudre<\/h3>\n<p><img decoding=\"async\" src=\"\/wp-content\/uploads\/factory-09.webp\"\/><\/p>\n<h3>Atelier d'anodisation<\/h3>\n<p><img decoding=\"async\" src=\"\/wp-content\/uploads\/factory-10.webp\"\/><\/p>\n<h3>Atelier sur le traitement en profondeur<\/h3>\n<p><img decoding=\"async\" src=\"\/wp-content\/uploads\/factory-11.webp\"\/><\/p>\n<h3>Atelier d'usinage de pr\u00e9cision CNC<\/h3>\n<p><img decoding=\"async\" src=\"\/wp-content\/uploads\/factory-11.5.webp\"\/><\/p>\n<h3>Entrep\u00f4t de produits finis et d'exportation<\/h3>\n<p><img decoding=\"async\" src=\"\/wp-content\/uploads\/factory-12.webp\"\/><\/p>\n<p><img decoding=\"async\" src=\"\/wp-content\/uploads\/factory-13.webp\"\/><\/p>\n<p><img decoding=\"async\" src=\"\/wp-content\/uploads\/factory-14.webp\"\/><\/p>\n<h2>FAQ<\/h2>\n<p><p><b>1) Qu'est-ce qu'un profil en T d'aluminium ?<\/b><\/p>\n<p>Un profil\u00e9 en T en aluminium est une extrusion d'aluminium en forme de T utilis\u00e9e pour l'assemblage, la protection des bords et le soutien structurel dans diverses applications.<br \/>\n<\/p><br \/>\n<br \/>\n<p><b>2. pourquoi utiliser l'aluminium T Profil dans la construction ?<\/b><\/p>\n<p>L'aluminium T Profil offre une grande solidit\u00e9, une grande l\u00e9g\u00e8ret\u00e9 et une grande r\u00e9sistance \u00e0 la corrosion, ce qui le rend adapt\u00e9 \u00e0 l'encadrement et \u00e0 la finition des bords.<br \/>\n<\/p><br \/>\n<br \/>\n<p><b>3. l'Aluminium T Profil est-il r\u00e9sistant \u00e0 la corrosion ?<\/b><\/p>\n<p>Oui, l'aluminium pr\u00e9sente une r\u00e9sistance naturelle \u00e0 la corrosion, ce qui rend les profil\u00e9s T adapt\u00e9s aux environnements int\u00e9rieurs et ext\u00e9rieurs.<br \/>\n<\/p><br \/>\n<br \/>\n<p><b>4. Quelles sont les applications typiques d'Aluminium T Profil ?<\/b><\/p>\n<p>Ils sont utilis\u00e9s dans les cloisons, les cadres de fen\u00eatres et de portes, les meubles, les structures d'exposition et les joints architecturaux.<br \/>\n<\/p><br \/>\n<br \/>\n<p><b>5) Les profil\u00e9s en T en aluminium peuvent-ils \u00eatre personnalis\u00e9s ?<\/b><\/p>\n<p>Absolument, il peut \u00eatre produit en diff\u00e9rentes tailles, longueurs et finitions de surface telles que l'anodisation ou le rev\u00eatement par poudre.<br \/>\n<\/p><br \/>\n<br \/>\n<p><b>6. l'Aluminium T Profil est-il facile \u00e0 installer ?<\/b><\/p>\n<p>Oui, il est l\u00e9ger et facile \u00e0 couper, \u00e0 percer et \u00e0 fixer dans divers cadres, ce qui r\u00e9duit le temps d'installation.<br \/>\n<\/p><br \/>\n<br \/>\n<p><b>7. l'aluminium est-il un mat\u00e9riau \u00e9cologique pour les profil\u00e9s en T ?<\/b><\/p>\n<p>Oui, l'aluminium est enti\u00e8rement recyclable et favorise une fabrication durable et respectueuse de l'environnement.<br \/>\n<\/p><br \/>\n<br \/>\n<p><b>8. l'Aluminium T Profil offre-t-il une finition d\u00e9corative ?<\/b><\/p>\n<p>En effet, ses lignes \u00e9pur\u00e9es et ses finitions optionnelles polies ou color\u00e9es offrent des avantages \u00e0 la fois structurels et esth\u00e9tiques.<br \/>\n<\/p><br \/><\/p>","protected":false},"featured_media":7011,"template":"","categories":[67],"class_list":["post-7012","product","type-product","status-publish","has-post-thumbnail","hentry","category-architectural-aluminium-profile"],"meta_box":{"hilight_text_group":{"product_hilight_text":"<li>High-strength aluminum provides reliable structural support<\/li>\r\r\n<li>T-shaped design ideal for joining and edge finishing applications<\/li>\r\r\n<li>Corrosion-resistant surface ensures long-lasting performance<\/li>\r\r\n<li>Lightweight profile allows for easy handling and installation<\/li>\r\r\n<li>Available in multiple sizes and finishes to suit various projects<\/li>\r\r\n<li>Clean and modern appearance enhances product aesthetics<\/li>\r\r\n<li>Suitable for both industrial and decorative applications<\/li>","product_chanpin_blog":"<ul>\r\r\n<li><a href=\"https:\/\/sinoextrud.com\/t-slot-v-slot-differences\/\" target=\"_blank\">t slot vs v slot<\/a><\/li>\r\r\n<li><a href=\"https:\/\/sinoextrud.com\/what-is-4040-aluminium-extrud\/\" target=\"_blank\">4040 aluminium extrusion<\/a><\/li>\r\r\n<li><a href=\"https:\/\/sinoextrud.com\/what-is-4040-aluminium-extrud\/\" target=\"_blank\">aluminum extrusions for industrial racks<\/a><\/li>\r\r\n<li><a href=\"https:\/\/sinoextrud.com\/powder-coating-aluminium-process\/\" target=\"_blank\">powder coating aluminium<\/a><\/li>\r\r\n<li><a href=\"https:\/\/sinoextrud.com\/what-is-an-aluminium-strip-ceiling\/\" target=\"_blank\">aluminium strip ceiling<\/a><\/li>\r\r\n<li><a href=\"https:\/\/sinoextrud.com\/what-is-a-heat-sink\/\" target=\"_blank\">what is a heat sink<\/a><\/li>\r\r\n<\/ul>","product_chanpin_chanpin":"<li><a href=\"https:\/\/sinoextrud.com\/product\/aluminium-shower-extrusions\/\" target=\"_blank\">Aluminium Shower Extrusions<\/a><\/li>\r\n<li><a href=\"https:\/\/sinoextrud.com\/product\/aluminium-profile-material\/\" target=\"_blank\">Aluminium Profile Material<\/a><\/li>\r\n<li><a href=\"https:\/\/sinoextrud.com\/product\/aluminium-frame-extrusion-profile-picture-frame-profile-for-interior-decoration\/\" target=\"_blank\">Aluminium Frame Extrusion Profile Picture Frame Profile For Interior Decoration<\/a><\/li>\r\n<li><a href=\"https:\/\/sinoextrud.com\/product\/aluminum-shutter\/\" target=\"_blank\">Aluminum Shutter<\/a><\/li>\r\n<li><a href=\"https:\/\/sinoextrud.com\/product\/aluminium-t-profil\/\" target=\"_blank\">Aluminium T Profil<\/a><\/li>\r\n<li><a href=\"https:\/\/sinoextrud.com\/product\/slotted-aluminum-profile-export-to-maylsia\/\" target=\"_blank\">Slotted Aluminum Profile Export To Maylsia<\/a><\/li>\r\n<li><a href=\"https:\/\/sinoextrud.com\/product\/slotted-aluminum-framing\/\" target=\"_blank\">Slotted Aluminum Framing<\/a><\/li>\r\n<li><a href=\"https:\/\/sinoextrud.com\/product\/furniture-aluminium-profiles\/\" target=\"_blank\">Furniture Aluminium Profiles<\/a><\/li>\r\n<li><a href=\"https:\/\/sinoextrud.com\/product\/extruded-aluminum-channel-shapes-customized\/\" target=\"_blank\">Extruded Aluminum Channel Shapes Customized<\/a><\/li>\r\n<li><a href=\"https:\/\/sinoextrud.com\/product\/800-800mm-clip-in-ceiling-system\/\" target=\"_blank\">800x800mm Clip-in Ceiling System<\/a><\/li>\r\n<li><a href=\"https:\/\/sinoextrud.com\/product\/aluminium-alloy-material-frame\/\" target=\"_blank\">Aluminium Alloy Material Frame<\/a><\/li>"},"feature_list":[]},"_links":{"self":[{"href":"https:\/\/sinoextrud.com\/fr\/wp-json\/wp\/v2\/product\/7012","targetHints":{"allow":["GET"]}}],"collection":[{"href":"https:\/\/sinoextrud.com\/fr\/wp-json\/wp\/v2\/product"}],"about":[{"href":"https:\/\/sinoextrud.com\/fr\/wp-json\/wp\/v2\/types\/product"}],"wp:featuredmedia":[{"embeddable":true,"href":"https:\/\/sinoextrud.com\/fr\/wp-json\/wp\/v2\/media\/7011"}],"wp:attachment":[{"href":"https:\/\/sinoextrud.com\/fr\/wp-json\/wp\/v2\/media?parent=7012"}],"wp:term":[{"taxonomy":"category","embeddable":true,"href":"https:\/\/sinoextrud.com\/fr\/wp-json\/wp\/v2\/categories?post=7012"}],"curies":[{"name":"wp","href":"https:\/\/api.w.org\/{rel}","templated":true}]}}