{"id":7001,"date":"2025-06-05T01:58:57","date_gmt":"2025-06-05T01:58:57","guid":{"rendered":"https:\/\/sinoextrud.com\/product\/aluminum-trailer-door-frame-extrusions\/"},"modified":"2025-06-24T06:12:04","modified_gmt":"2025-06-24T06:12:04","slug":"extrusions-de-cadre-de-porte-de-remorque-en-aluminium","status":"publish","type":"product","link":"https:\/\/sinoextrud.com\/fr\/product\/aluminum-trailer-door-frame-extrusions\/","title":{"rendered":"Extrusions de cadre de porte de remorque en aluminium"},"content":{"rendered":"<h2>D\u00e9tails des produits<\/h2>\n<table class=\"custom-table\">\n<tr>\n<td class=\"label\">Nom du produit :<\/td>\n<td> Extrusions de cadre de porte de remorque en aluminium\uff0c<\/td>\n<\/tr>\n<tr>\n<td class=\"label\">Mat\u00e9riau :<\/td>\n<td> 6063-T5\uff0c<\/td>\n<\/tr>\n<tr>\n<td class=\"label\">Longueur :<\/td>\n<td> 1-9M, sur mesure\uff0c<\/td>\n<\/tr>\n<tr>\n<td class=\"label\">Fini :<\/td>\n<td> Grain de bois, personnalis\u00e9\uff0c<\/td>\n<\/tr>\n<tr>\n<td class=\"label\">MOQ :<\/td>\n<td> 200KGs\/ Article<br \/>\nProduit conforme au dessin CAO du client<br \/>\nUtilisation pour l'encadrement des portes\uff0c<\/td>\n<\/tr>\n<\/table>\n<h2>Notre base de production<\/h2>\n<h3>Panorama de l'usine<\/h3>\n<p><img decoding=\"async\" src=\"\/wp-content\/uploads\/factory-01.webp\"\/><\/p>\n<h3>Atelier de fabrication de barres d'aluminium<\/h3>\n<p><img decoding=\"async\" src=\"\/wp-content\/uploads\/factory-02.webp\"\/><\/p>\n<p><img decoding=\"async\" src=\"\/wp-content\/uploads\/factory-03.webp\"\/><\/p>\n<h3>Entrep\u00f4t de stockage des moules<\/h3>\n<p><img decoding=\"async\" src=\"\/wp-content\/uploads\/factory-04.webp\"\/><\/p>\n<h3>43 lignes d'extrusion d'aluminium (500-5500 tonnes)<\/h3>\n<p><img decoding=\"async\" src=\"\/wp-content\/uploads\/factory-05.webp\"\/><\/p>\n<p><img decoding=\"async\" src=\"\/wp-content\/uploads\/factory-06.webp\"\/><\/p>\n<p><img decoding=\"async\" src=\"\/wp-content\/uploads\/factory-07.webp\"\/><\/p>\n<h3>Atelier de peinture en poudre<\/h3>\n<p><img decoding=\"async\" src=\"\/wp-content\/uploads\/factory-09.webp\"\/><\/p>\n<h3>Atelier d'anodisation<\/h3>\n<p><img decoding=\"async\" src=\"\/wp-content\/uploads\/factory-10.webp\"\/><\/p>\n<h3>Atelier sur le traitement en profondeur<\/h3>\n<p><img decoding=\"async\" src=\"\/wp-content\/uploads\/factory-11.webp\"\/><\/p>\n<h3>Atelier d'usinage de pr\u00e9cision CNC<\/h3>\n<p><img decoding=\"async\" src=\"\/wp-content\/uploads\/factory-11.5.webp\"\/><\/p>\n<h3>Entrep\u00f4t de produits finis et d'exportation<\/h3>\n<p><img decoding=\"async\" src=\"\/wp-content\/uploads\/factory-12.webp\"\/><\/p>\n<p><img decoding=\"async\" src=\"\/wp-content\/uploads\/factory-13.webp\"\/><\/p>\n<p><img decoding=\"async\" src=\"\/wp-content\/uploads\/factory-14.webp\"\/><\/p>\n<h2>FAQ<\/h2>\n<p><p><b>1) Qu'est-ce qu'une extrusion de cadre de porte de remorque en aluminium ?<\/b><\/p>\n<p>Les extrusions de cadres de portes de remorques en aluminium sont des profils en aluminium sur mesure con\u00e7us pour former des cadres de portes de remorques solides, l\u00e9gers et r\u00e9sistants \u00e0 la corrosion.<br \/>\n<\/p><br \/>\n<br \/>\n<p><b>2) Quels sont les principaux avantages de l'utilisation d'extrusions de cadre de porte de remorque en aluminium ?<\/b><\/p>\n<p>Ils sont durables, l\u00e9gers, r\u00e9sistants \u00e0 la corrosion et faciles \u00e0 installer, ce qui est id\u00e9al pour les remorques commerciales.<br \/>\n<\/p><br \/>\n<br \/>\n<p><b>3. Ces extrusions sont-elles adapt\u00e9es aux environnements ext\u00e9rieurs difficiles ?<\/b><\/p>\n<p>Oui, l'aluminium est r\u00e9sistant \u00e0 la corrosion et con\u00e7u pour supporter les conditions routi\u00e8res, l'exposition aux intemp\u00e9ries et une utilisation fr\u00e9quente.<br \/>\n<\/p><br \/>\n<br \/>\n<p><b>4) Les extrusions de cadre de porte de remorque en aluminium peuvent-elles \u00eatre personnalis\u00e9es ?<\/b><\/p>\n<p>Oui, nous proposons des tailles, des profils, des finitions et des usinages sur mesure pour r\u00e9pondre \u00e0 des conceptions de remorques sp\u00e9cifiques et aux exigences des fabricants.<br \/>\n<\/p><br \/>\n<br \/>\n<p><b>5. comment ces extrusions affectent-elles les performances de la remorque ?<\/b><\/p>\n<p>Leur conception l\u00e9g\u00e8re permet de r\u00e9duire le poids total de la remorque, ce qui am\u00e9liore le rendement \u00e9nerg\u00e9tique et la capacit\u00e9 de charge.<br \/>\n<\/p><br \/>\n<br \/>\n<p><b>6. les extrusions de cadre de porte de remorque en aluminium sont-elles faciles \u00e0 installer ?<\/b><\/p>\n<p>Oui, ils sont extrud\u00e9s avec pr\u00e9cision pour obtenir des dimensions constantes, ce qui permet un assemblage rapide avec un minimum de travail.<br \/>\n<\/p><br \/>\n<br \/>\n<p><b>7. ces extrusions r\u00e9sistent-elles aux vibrations et aux mouvements ?<\/b><\/p>\n<p>Oui, ils sont con\u00e7us pour assurer l'int\u00e9grit\u00e9 structurelle en cas de mouvement constant et de vibration de la route.<br \/>\n<\/p><br \/>\n<br \/>\n<p><b>8. o\u00f9 les extrusions de cadre de porte de remorque en aluminium sont-elles couramment utilis\u00e9es ?<\/b><\/p>\n<p>Ils sont largement utilis\u00e9s dans les remorques utilitaires, les transporteurs de marchandises, les v\u00e9hicules de loisirs et les v\u00e9hicules de transport commercial pour encadrer les portes arri\u00e8re et lat\u00e9rales.<br \/>\n<\/p><br \/><\/p>","protected":false},"featured_media":7000,"template":"","categories":[67],"class_list":["post-7001","product","type-product","status-publish","has-post-thumbnail","hentry","category-architectural-aluminium-profile"],"meta_box":{"hilight_text_group":{"product_hilight_text":"<li>High-strength aluminum ensures a rigid and durable door frame<\/li>\r\r\n<li>Lightweight material reduces trailer weight and improves fuel efficiency<\/li>\r\r\n<li>Corrosion-resistant surface ideal for outdoor and road conditions<\/li>\r\r\n<li>Custom profiles and finishes available for different trailer designs<\/li>\r\r\n<li>Precision-extruded for a perfect fit and easy installation<\/li>\r\r\n<li>Designed to withstand vibration and heavy use in transport environments<\/li>\r\r\n<li>Low maintenance and long service life for commercial trailers<\/li>","product_chanpin_blog":"<ul>\r\r\n<li><a href=\"https:\/\/sinoextrud.com\/t-slot-v-slot-differences\/\" target=\"_blank\">t slot vs v slot<\/a><\/li>\r\r\n<li><a href=\"https:\/\/sinoextrud.com\/what-is-4040-aluminium-extrud\/\" target=\"_blank\">4040 aluminium extrusion<\/a><\/li>\r\r\n<li><a href=\"https:\/\/sinoextrud.com\/what-is-4040-aluminium-extrud\/\" target=\"_blank\">aluminum extrusions for industrial racks<\/a><\/li>\r\r\n<li><a href=\"https:\/\/sinoextrud.com\/powder-coating-aluminium-process\/\" target=\"_blank\">powder coating aluminium<\/a><\/li>\r\r\n<li><a href=\"https:\/\/sinoextrud.com\/what-is-an-aluminium-strip-ceiling\/\" target=\"_blank\">aluminium strip ceiling<\/a><\/li>\r\r\n<li><a href=\"https:\/\/sinoextrud.com\/what-is-a-heat-sink\/\" target=\"_blank\">what is a heat sink<\/a><\/li>\r\r\n<\/ul>","product_chanpin_chanpin":"<li><a href=\"https:\/\/sinoextrud.com\/product\/aluminum-extrusions-for-wall-panels-u-shape\/\" target=\"_blank\">Aluminum Extrusions For Wall Panels U Shape<\/a><\/li>\r\n<li><a href=\"https:\/\/sinoextrud.com\/product\/polished-sliver-aluminium-profile-like-mirror\/\" target=\"_blank\">Polished Sliver Aluminium Profile Like Mirror<\/a><\/li>\r\n<li><a href=\"https:\/\/sinoextrud.com\/product\/modular-aluminium-frame\/\" target=\"_blank\">Modular Aluminium Frame<\/a><\/li>\r\n<li><a href=\"https:\/\/sinoextrud.com\/product\/machined-aluminium-profiles-for-windows-and-doors\/\" target=\"_blank\">Machined Aluminium Profiles For Windows And Doors<\/a><\/li>\r\n<li><a href=\"https:\/\/sinoextrud.com\/product\/aluminum-trailer-door-frame-extrusions\/\" target=\"_blank\">Aluminum Trailer Door Frame Extrusions<\/a><\/li>\r\n<li><a href=\"https:\/\/sinoextrud.com\/product\/aluminium-shower-extrusions\/\" target=\"_blank\">Aluminium Shower Extrusions<\/a><\/li>\r\n<li><a href=\"https:\/\/sinoextrud.com\/product\/aluminium-profile-material\/\" target=\"_blank\">Aluminium Profile Material<\/a><\/li>\r\n<li><a href=\"https:\/\/sinoextrud.com\/product\/aluminium-frame-extrusion-profile-picture-frame-profile-for-interior-decoration\/\" target=\"_blank\">Aluminium Frame Extrusion Profile Picture Frame Profile For Interior Decoration<\/a><\/li>\r\n<li><a href=\"https:\/\/sinoextrud.com\/product\/aluminum-shutter\/\" target=\"_blank\">Aluminum Shutter<\/a><\/li>\r\n<li><a href=\"https:\/\/sinoextrud.com\/product\/aluminum-extrusion-framing\/\" target=\"_blank\">Aluminum Extrusion Framing<\/a><\/li>\r\n<li><a href=\"https:\/\/sinoextrud.com\/product\/aluminium-extrusion-profile-with-pvdf-coating\/\" target=\"_blank\">Aluminium Extrusion Profile With PVDF Coating<\/a><\/li>"},"feature_list":[]},"_links":{"self":[{"href":"https:\/\/sinoextrud.com\/fr\/wp-json\/wp\/v2\/product\/7001","targetHints":{"allow":["GET"]}}],"collection":[{"href":"https:\/\/sinoextrud.com\/fr\/wp-json\/wp\/v2\/product"}],"about":[{"href":"https:\/\/sinoextrud.com\/fr\/wp-json\/wp\/v2\/types\/product"}],"wp:featuredmedia":[{"embeddable":true,"href":"https:\/\/sinoextrud.com\/fr\/wp-json\/wp\/v2\/media\/7000"}],"wp:attachment":[{"href":"https:\/\/sinoextrud.com\/fr\/wp-json\/wp\/v2\/media?parent=7001"}],"wp:term":[{"taxonomy":"category","embeddable":true,"href":"https:\/\/sinoextrud.com\/fr\/wp-json\/wp\/v2\/categories?post=7001"}],"curies":[{"name":"wp","href":"https:\/\/api.w.org\/{rel}","templated":true}]}}