{"id":6999,"date":"2025-06-05T01:57:47","date_gmt":"2025-06-05T01:57:47","guid":{"rendered":"https:\/\/sinoextrud.com\/product\/machined-aluminium-profiles-for-windows-and-doors\/"},"modified":"2025-06-24T06:12:04","modified_gmt":"2025-06-24T06:12:04","slug":"profiles-en-aluminium-usines-pour-fenetres-et-portes","status":"publish","type":"product","link":"https:\/\/sinoextrud.com\/fr\/product\/machined-aluminium-profiles-for-windows-and-doors\/","title":{"rendered":"Profil\u00e9s en aluminium usin\u00e9s pour fen\u00eatres et portes"},"content":{"rendered":"<h2>D\u00e9tails des produits<\/h2>\n<table class=\"custom-table\">\n<tr>\n<td class=\"label\">1. Nom du produit :<\/td>\n<td> Profil\u00e9s en aluminium usin\u00e9s pour fen\u00eatres et portes\uff0c<\/td>\n<\/tr>\n<tr>\n<td class=\"label\">2. Mat\u00e9riau :<\/td>\n<td> Alliage d'aluminium 6063-T5\uff0c<\/td>\n<\/tr>\n<tr>\n<td class=\"label\">3. Traitement de surface :<\/td>\n<td> Norme internationale Anodis\u00e9, sabl\u00e9, rouge\uff0c<\/td>\n<\/tr>\n<tr>\n<td class=\"label\">4. Norme ex\u00e9cutive :<\/td>\n<td> GB5237-2008\uff0c<\/td>\n<\/tr>\n<tr>\n<td class=\"label\">5. Certificats :<\/td>\n<td> ISO9001\uff0c<\/td>\n<\/tr>\n<tr>\n<td class=\"label\">6. Mod\u00e8le :<\/td>\n<td> Conception selon le dessin du client et prise en charge des frais de moule par le client\uff0c<\/td>\n<\/tr>\n<\/table>\n<h2>Notre base de production<\/h2>\n<h3>Panorama de l'usine<\/h3>\n<p><img decoding=\"async\" src=\"\/wp-content\/uploads\/factory-01.webp\"\/><\/p>\n<h3>Atelier de fabrication de barres d'aluminium<\/h3>\n<p><img decoding=\"async\" src=\"\/wp-content\/uploads\/factory-02.webp\"\/><\/p>\n<p><img decoding=\"async\" src=\"\/wp-content\/uploads\/factory-03.webp\"\/><\/p>\n<h3>Entrep\u00f4t de stockage des moules<\/h3>\n<p><img decoding=\"async\" src=\"\/wp-content\/uploads\/factory-04.webp\"\/><\/p>\n<h3>43 lignes d'extrusion d'aluminium (500-5500 tonnes)<\/h3>\n<p><img decoding=\"async\" src=\"\/wp-content\/uploads\/factory-05.webp\"\/><\/p>\n<p><img decoding=\"async\" src=\"\/wp-content\/uploads\/factory-06.webp\"\/><\/p>\n<p><img decoding=\"async\" src=\"\/wp-content\/uploads\/factory-07.webp\"\/><\/p>\n<h3>Atelier de peinture en poudre<\/h3>\n<p><img decoding=\"async\" src=\"\/wp-content\/uploads\/factory-09.webp\"\/><\/p>\n<h3>Atelier d'anodisation<\/h3>\n<p><img decoding=\"async\" src=\"\/wp-content\/uploads\/factory-10.webp\"\/><\/p>\n<h3>Atelier sur le traitement en profondeur<\/h3>\n<p><img decoding=\"async\" src=\"\/wp-content\/uploads\/factory-11.webp\"\/><\/p>\n<h3>Atelier d'usinage de pr\u00e9cision CNC<\/h3>\n<p><img decoding=\"async\" src=\"\/wp-content\/uploads\/factory-11.5.webp\"\/><\/p>\n<h3>Entrep\u00f4t de produits finis et d'exportation<\/h3>\n<p><img decoding=\"async\" src=\"\/wp-content\/uploads\/factory-12.webp\"\/><\/p>\n<p><img decoding=\"async\" src=\"\/wp-content\/uploads\/factory-13.webp\"\/><\/p>\n<p><img decoding=\"async\" src=\"\/wp-content\/uploads\/factory-14.webp\"\/><\/p>\n<h2>FAQ<\/h2>\n<p><p><b>1) Qu'est-ce qu'un profil\u00e9 en aluminium usin\u00e9 pour fen\u00eatres et portes ?<\/b><\/p>\n<p>Il s'agit d'extrusions d'aluminium usin\u00e9es avec pr\u00e9cision pour une int\u00e9gration parfaite dans les cadres de fen\u00eatres et de portes, ce qui garantit la pr\u00e9cision et la performance.<br \/>\n<\/p><br \/>\n<br \/>\n<p><b>2. Pourquoi utiliser des profil\u00e9s en aluminium usin\u00e9s dans les fen\u00eatres et les portes ?<\/b><\/p>\n<p>Ils sont robustes, r\u00e9sistants \u00e0 la corrosion et parfaitement ajust\u00e9s, ce qui am\u00e9liore la durabilit\u00e9 et l'efficacit\u00e9 \u00e9nerg\u00e9tique des projets de construction.<br \/>\n<\/p><br \/>\n<br \/>\n<p><b>3. Ces profil\u00e9s sont-ils r\u00e9sistants aux intemp\u00e9ries ?<\/b><\/p>\n<p>Oui, les surfaces anodis\u00e9es ou rev\u00eatues de poudre prot\u00e8gent contre la corrosion, les rayons UV et l'humidit\u00e9, ce qui est id\u00e9al pour les applications ext\u00e9rieures.<br \/>\n<\/p><br \/>\n<br \/>\n<p><b>4) Puis-je demander un usinage sur mesure pour des fen\u00eatres de conception sp\u00e9ciale ?<\/b><\/p>\n<p>Oui, nous proposons l'usinage CNC pour r\u00e9pondre \u00e0 des exigences de conception uniques, y compris des fentes, des trous et des encoches pour les connecteurs.<br \/>\n<\/p><br \/>\n<br \/>\n<p><b>5. quels sont les types de finitions disponibles ?<\/b><\/p>\n<p>Les finitions courantes comprennent l'anodisation, le rev\u00eatement par poudre, le brossage et le grain de bois pour r\u00e9pondre aux diff\u00e9rents besoins esth\u00e9tiques.<br \/>\n<\/p><br \/>\n<br \/>\n<p><b>6. Ces profil\u00e9s conviennent-ils aux syst\u00e8mes de rupture de pont thermique ?<\/b><\/p>\n<p>Oui, nos profils usin\u00e9s peuvent s'int\u00e9grer aux technologies de rupture thermique pour am\u00e9liorer l'isolation des portes et des fen\u00eatres.<br \/>\n<\/p><br \/>\n<br \/>\n<p><b>7. l'installation est-elle facile avec les profils usin\u00e9s ?<\/b><\/p>\n<p>Oui, les profil\u00e9s sont pr\u00e9-usin\u00e9s pour un assemblage rapide, ce qui r\u00e9duit le temps d'installation et garantit un alignement pr\u00e9cis.<br \/>\n<\/p><br \/>\n<br \/>\n<p><b>8) Quelles sont les industries qui utilisent les profil\u00e9s en aluminium usin\u00e9s ?<\/b><\/p>\n<p>Ils sont largement utilis\u00e9s dans la construction, le d\u00e9veloppement immobilier, les logements pr\u00e9fabriqu\u00e9s et les r\u00e9novations architecturales.<br \/>\n<\/p><br \/><\/p>","protected":false},"featured_media":6998,"template":"","categories":[67],"class_list":["post-6999","product","type-product","status-publish","has-post-thumbnail","hentry","category-architectural-aluminium-profile"],"meta_box":{"hilight_text_group":{"product_hilight_text":"<li>Precision-machined aluminum profiles ensure accurate fit for windows and doors<\/li>\r\r\n<li>High strength-to-weight ratio improves structural integrity without adding bulk<\/li>\r\r\n<li>Corrosion-resistant finish suitable for all weather conditions<\/li>\r\r\n<li>Customizable shapes and cutouts for various architectural designs<\/li>\r\r\n<li>Ready-to-install profiles reduce labor time on-site<\/li>\r\r\n<li>Enhanced thermal and acoustic insulation performance<\/li>\r\r\n<li>Ideal for both residential and commercial construction projects<\/li>","product_chanpin_blog":"<ul>\r\r\n<li><a href=\"https:\/\/sinoextrud.com\/t-slot-v-slot-differences\/\" target=\"_blank\">t slot vs v slot<\/a><\/li>\r\r\n<li><a href=\"https:\/\/sinoextrud.com\/what-is-4040-aluminium-extrud\/\" target=\"_blank\">4040 aluminium extrusion<\/a><\/li>\r\r\n<li><a href=\"https:\/\/sinoextrud.com\/what-is-4040-aluminium-extrud\/\" target=\"_blank\">aluminum extrusions for industrial racks<\/a><\/li>\r\r\n<li><a href=\"https:\/\/sinoextrud.com\/powder-coating-aluminium-process\/\" target=\"_blank\">powder coating aluminium<\/a><\/li>\r\r\n<li><a href=\"https:\/\/sinoextrud.com\/what-is-an-aluminium-strip-ceiling\/\" target=\"_blank\">aluminium strip ceiling<\/a><\/li>\r\r\n<li><a href=\"https:\/\/sinoextrud.com\/what-is-a-heat-sink\/\" target=\"_blank\">what is a heat sink<\/a><\/li>\r\r\n<\/ul>","product_chanpin_chanpin":"<li><a href=\"https:\/\/sinoextrud.com\/product\/anodized-aluminum-profile-kitchen-cabinet-frame\/\" target=\"_blank\">Anodized Aluminum Profile Kitchen Cabinet Frame<\/a><\/li>\r\n<li><a href=\"https:\/\/sinoextrud.com\/product\/aluminum-extrusions-for-wall-panels-u-shape\/\" target=\"_blank\">Aluminum Extrusions For Wall Panels U Shape<\/a><\/li>\r\n<li><a href=\"https:\/\/sinoextrud.com\/product\/polished-sliver-aluminium-profile-like-mirror\/\" target=\"_blank\">Polished Sliver Aluminium Profile Like Mirror<\/a><\/li>\r\n<li><a href=\"https:\/\/sinoextrud.com\/product\/modular-aluminium-frame\/\" target=\"_blank\">Modular Aluminium Frame<\/a><\/li>\r\n<li><a href=\"https:\/\/sinoextrud.com\/product\/machined-aluminium-profiles-for-windows-and-doors\/\" target=\"_blank\">Machined Aluminium Profiles For Windows And Doors<\/a><\/li>\r\n<li><a href=\"https:\/\/sinoextrud.com\/product\/aluminum-trailer-door-frame-extrusions\/\" target=\"_blank\">Aluminum Trailer Door Frame Extrusions<\/a><\/li>\r\n<li><a href=\"https:\/\/sinoextrud.com\/product\/aluminium-shower-extrusions\/\" target=\"_blank\">Aluminium Shower Extrusions<\/a><\/li>\r\n<li><a href=\"https:\/\/sinoextrud.com\/product\/aluminium-profile-material\/\" target=\"_blank\">Aluminium Profile Material<\/a><\/li>\r\n<li><a href=\"https:\/\/sinoextrud.com\/product\/aluminium-frame-extrusion-profile-picture-frame-profile-for-interior-decoration\/\" target=\"_blank\">Aluminium Frame Extrusion Profile Picture Frame Profile For Interior Decoration<\/a><\/li>\r\n<li><a href=\"https:\/\/sinoextrud.com\/product\/wardrobe-cabinet-sliding-aluminum-profile\/\" target=\"_blank\">Wardrobe Cabinet Sliding Aluminum Profile<\/a><\/li>\r\n<li><a href=\"https:\/\/sinoextrud.com\/product\/20-year-warranty-6061-6063-aluminum-wood-grain-look-aluminum-extruded-square-rectangular-tube\/\" target=\"_blank\">20-Year Warranty 6061 6063 Aluminum Wood Grain Look Aluminum Extruded Square Rectangular Tube<\/a><\/li>"},"feature_list":[]},"_links":{"self":[{"href":"https:\/\/sinoextrud.com\/fr\/wp-json\/wp\/v2\/product\/6999","targetHints":{"allow":["GET"]}}],"collection":[{"href":"https:\/\/sinoextrud.com\/fr\/wp-json\/wp\/v2\/product"}],"about":[{"href":"https:\/\/sinoextrud.com\/fr\/wp-json\/wp\/v2\/types\/product"}],"wp:featuredmedia":[{"embeddable":true,"href":"https:\/\/sinoextrud.com\/fr\/wp-json\/wp\/v2\/media\/6998"}],"wp:attachment":[{"href":"https:\/\/sinoextrud.com\/fr\/wp-json\/wp\/v2\/media?parent=6999"}],"wp:term":[{"taxonomy":"category","embeddable":true,"href":"https:\/\/sinoextrud.com\/fr\/wp-json\/wp\/v2\/categories?post=6999"}],"curies":[{"name":"wp","href":"https:\/\/api.w.org\/{rel}","templated":true}]}}