{"id":6989,"date":"2025-06-05T01:33:47","date_gmt":"2025-06-05T01:33:47","guid":{"rendered":"https:\/\/sinoextrud.com\/product\/aluminium-oxide\/"},"modified":"2025-06-24T06:12:02","modified_gmt":"2025-06-24T06:12:02","slug":"oxyde-daluminium","status":"publish","type":"product","link":"https:\/\/sinoextrud.com\/fr\/product\/aluminium-oxide\/","title":{"rendered":"Oxyde d'aluminium"},"content":{"rendered":"<h2>D\u00e9tails des produits<\/h2>\n<table class=\"custom-table\">\n<tr>\n<td class=\"label\">Type :<\/td>\n<td> Oxyde d'aluminium\uff0c<\/td>\n<\/tr>\n<tr>\n<td class=\"label\">Grade :<\/td>\n<td> S\u00e9rie 6000\uff0c<\/td>\n<\/tr>\n<tr>\n<td class=\"label\">Temp\u00e9rer :<\/td>\n<td> T3-T8\uff0c<\/td>\n<\/tr>\n<tr>\n<td class=\"label\">Alliage :<\/td>\n<td> Est en alliage\uff0c<\/td>\n<\/tr>\n<tr>\n<td class=\"label\">Longueur :<\/td>\n<td> 1-9 m\u00e8tres ou sur mesure\uff0c<\/td>\n<\/tr>\n<tr>\n<td class=\"label\">Certification :<\/td>\n<td> ISO9001, TUV, SGS\uff0c<\/td>\n<\/tr>\n<tr>\n<td class=\"label\">Paquet de transport :<\/td>\n<td> Film protecteur en plastique et papier artisanal imperm\u00e9able\uff0c<\/td>\n<\/tr>\n<tr>\n<td class=\"label\">D\u00e9veloppement des moules :<\/td>\n<td> 8-15 jours\uff0c<\/td>\n<\/tr>\n<tr>\n<td class=\"label\">Temps de production en masse :<\/td>\n<td> 25-30 jours apr\u00e8s confirmation de l'\u00e9chantillon par l'acheteur\uff0c<\/td>\n<\/tr>\n<tr>\n<td class=\"label\">Contr\u00f4le de la qualit\u00e9 :<\/td>\n<td> 100% Inspection avant exp\u00e9dition\uff0c<\/td>\n<\/tr>\n<\/table>\n<h2>Notre base de production<\/h2>\n<h3>Panorama de l'usine<\/h3>\n<p><img decoding=\"async\" src=\"\/wp-content\/uploads\/factory-01.webp\"\/><\/p>\n<h3>Atelier de fabrication de barres d'aluminium<\/h3>\n<p><img decoding=\"async\" src=\"\/wp-content\/uploads\/factory-02.webp\"\/><\/p>\n<\/p>\n<p><img decoding=\"async\" src=\"\/wp-content\/uploads\/factory-03.webp\"\/><\/p>\n<h3>Entrep\u00f4t de stockage des moules<\/h3>\n<p><img decoding=\"async\" src=\"\/wp-content\/uploads\/factory-04.webp\"\/><\/p>\n<h3>43 lignes d'extrusion d'aluminium (500-5500 tonnes)<\/h3>\n<p><img decoding=\"async\" src=\"\/wp-content\/uploads\/factory-05.webp\"\/><\/p>\n<p><img decoding=\"async\" src=\"\/wp-content\/uploads\/factory-06.webp\"\/><\/p>\n<p><img decoding=\"async\" src=\"\/wp-content\/uploads\/factory-07.webp\"\/><\/p>\n<h3>Atelier de peinture en poudre<\/h3>\n<p><img decoding=\"async\" src=\"\/wp-content\/uploads\/factory-09.webp\"\/><\/p>\n<h3>Atelier d'anodisation<\/h3>\n<p><img decoding=\"async\" src=\"\/wp-content\/uploads\/factory-10.webp\"\/><\/p>\n<h3>Atelier sur le traitement en profondeur<\/h3>\n<p><img decoding=\"async\" src=\"\/wp-content\/uploads\/factory-11.webp\"\/><\/p>\n<h3>Atelier d'usinage de pr\u00e9cision CNC<\/h3>\n<p><img decoding=\"async\" src=\"\/wp-content\/uploads\/factory-11.5.webp\"\/><\/p>\n<h3>Entrep\u00f4t de produits finis et d'exportation<\/h3>\n<p><img decoding=\"async\" src=\"\/wp-content\/uploads\/factory-12.webp\"\/><\/p>\n<p><img decoding=\"async\" src=\"\/wp-content\/uploads\/factory-13.webp\"\/><\/p>\n<p><img decoding=\"async\" src=\"\/wp-content\/uploads\/factory-14.webp\"\/><\/p>\n<h2>FAQ<\/h2>\n<p><b>1) Qu'est-ce que l'oxyde d'aluminium ?<\/b><\/p>\n<p>L'oxyde d'aluminium est un compos\u00e9 chimique d'aluminium et d'oxyg\u00e8ne, largement utilis\u00e9 comme abrasif, dans les c\u00e9ramiques et les rev\u00eatements industriels.\n<\/p>\n<p><\/p>\n<p><b>2. pourquoi l'oxyde d'aluminium est-il utilis\u00e9 dans les produits abrasifs ?<\/b><\/p>\n<p>Il pr\u00e9sente une duret\u00e9 et une r\u00e9sistance \u00e9lev\u00e9es, ce qui le rend id\u00e9al pour les op\u00e9rations de meulage, de pon\u00e7age et de d\u00e9coupage.\n<\/p>\n<p><\/p>\n<p><b>3. l'oxyde d'aluminium est-il chimiquement stable ?<\/b><\/p>\n<p>Oui, il offre une excellente stabilit\u00e9 chimique et thermique, adapt\u00e9e aux environnements r\u00e9actifs et \u00e0 haute temp\u00e9rature.\n<\/p>\n<p><\/p>\n<p><b>4. Quelles sont les industries qui utilisent couramment l'oxyde d'aluminium ?<\/b><\/p>\n<p>Les industries telles que la m\u00e9tallurgie, la c\u00e9ramique, l'\u00e9lectronique et l'a\u00e9rospatiale utilisent l'oxyde d'aluminium pour sa durabilit\u00e9 et ses performances.\n<\/p>\n<p><\/p>\n<p><b>5. l'oxyde d'aluminium peut-il \u00eatre utilis\u00e9 en toute s\u00e9curit\u00e9 ?<\/b><\/p>\n<p>Oui, il est non toxique et inerte, ce qui le rend s\u00fbr pour les applications industrielles et commerciales s'il est manipul\u00e9 correctement.\n<\/p>\n<p><\/p>\n<p><b>6. l'oxyde d'aluminium peut-il \u00eatre utilis\u00e9 pour le polissage ?<\/b><\/p>\n<p>Dans l'absolu, il est couramment utilis\u00e9 dans les poudres fines et les compos\u00e9s pour le polissage du verre, des m\u00e9taux et des pierres pr\u00e9cieuses.\n<\/p>\n<p><\/p>\n<p><b>7. existe-t-il diff\u00e9rentes qualit\u00e9s d'oxyde d'aluminium ?<\/b><\/p>\n<p>Oui, il est disponible dans une gamme de puret\u00e9s et de tailles de particules pour r\u00e9pondre aux besoins d'applications sp\u00e9cifiques.\n<\/p>\n<p><\/p>\n<p><b>8. l'oxyde d'aluminium est-il respectueux de l'environnement ?<\/b><\/p>\n<p>Oui, il est d'origine naturelle, recyclable et non dangereux, ce qui en fait un mat\u00e9riau industriel durable.\n<\/p>\n<p><\/p>","protected":false},"featured_media":6988,"template":"","categories":[67],"class_list":["post-6989","product","type-product","status-publish","has-post-thumbnail","hentry","category-architectural-aluminium-profile"],"meta_box":{"hilight_text_group":{"product_hilight_text":"<li>High hardness and strength ideal for abrasive and cutting applications<\/li>\r\r\n<li>Excellent thermal and chemical stability for industrial processing<\/li>\r\r\n<li>Used in coatings, ceramics, and polishing compounds<\/li>\r\r\n<li>Available in multiple grades for specific industrial uses<\/li>\r\r\n<li>Non-toxic and environmentally friendly material<\/li>\r\r\n<li>Consistent particle size for precision applications<\/li>\r\r\n<li>Highly durable and wear-resistant for long service life<\/li>","product_chanpin_blog":"<ul>\r\r\n<li><a href=\"https:\/\/sinoextrud.com\/t-slot-v-slot-differences\/\" target=\"_blank\">t slot vs v slot<\/a><\/li>\r\r\n<li><a href=\"https:\/\/sinoextrud.com\/what-is-4040-aluminium-extrud\/\" target=\"_blank\">4040 aluminium extrusion<\/a><\/li>\r\r\n<li><a href=\"https:\/\/sinoextrud.com\/what-is-4040-aluminium-extrud\/\" target=\"_blank\">aluminum extrusions for industrial racks<\/a><\/li>\r\r\n<li><a href=\"https:\/\/sinoextrud.com\/powder-coating-aluminium-process\/\" target=\"_blank\">powder coating aluminium<\/a><\/li>\r\r\n<li><a href=\"https:\/\/sinoextrud.com\/what-is-an-aluminium-strip-ceiling\/\" target=\"_blank\">aluminium strip ceiling<\/a><\/li>\r\r\n<li><a href=\"https:\/\/sinoextrud.com\/what-is-a-heat-sink\/\" target=\"_blank\">what is a heat sink<\/a><\/li>\r\r\n<\/ul>","product_chanpin_chanpin":"<li><a href=\"https:\/\/sinoextrud.com\/product\/aluminum-door-jamb-extrusions\/\" target=\"_blank\">Aluminum Door Jamb Extrusions<\/a><\/li>\r\n<li><a href=\"https:\/\/sinoextrud.com\/product\/aluminum-rail-profile\/\" target=\"_blank\">Aluminum Rail Profile<\/a><\/li>\r\n<li><a href=\"https:\/\/sinoextrud.com\/product\/fluorocarbon-coated-heavy-duty-exposed-aluminium-frame-glazed-building-curtain-wall-aluminium-profile\/\" target=\"_blank\">Fluorocarbon coated heavy duty exposed aluminium frame glazed building curtain wall aluminium profile<\/a><\/li>\r\n<li><a href=\"https:\/\/sinoextrud.com\/product\/extruded-aluminum-channel-stock\/\" target=\"_blank\">Extruded Aluminum Channel Stock<\/a><\/li>\r\n<li><a href=\"https:\/\/sinoextrud.com\/product\/aluminium-oxide\/\" target=\"_blank\">Aluminium Oxide<\/a><\/li>\r\n<li><a href=\"https:\/\/sinoextrud.com\/product\/anodized-aluminum-profile-kitchen-cabinet-frame\/\" target=\"_blank\">Anodized Aluminum Profile Kitchen Cabinet Frame<\/a><\/li>\r\n<li><a href=\"https:\/\/sinoextrud.com\/product\/aluminum-extrusions-for-wall-panels-u-shape\/\" target=\"_blank\">Aluminum Extrusions For Wall Panels U Shape<\/a><\/li>\r\n<li><a href=\"https:\/\/sinoextrud.com\/product\/polished-sliver-aluminium-profile-like-mirror\/\" target=\"_blank\">Polished Sliver Aluminium Profile Like Mirror<\/a><\/li>\r\n<li><a href=\"https:\/\/sinoextrud.com\/product\/modular-aluminium-frame\/\" target=\"_blank\">Modular Aluminium Frame<\/a><\/li>\r\n<li><a href=\"https:\/\/sinoextrud.com\/product\/aluminum-wall-washer-aluminum-heat-sink-profiles-wit\/\" target=\"_blank\">Aluminum Wall Washer Aluminum Heat Sink Profiles Wit<\/a><\/li>\r\n<li><a href=\"https:\/\/sinoextrud.com\/product\/aluminium-shelf-extrusion\/\" target=\"_blank\">Aluminium Shelf Extrusion<\/a><\/li>"},"feature_list":[]},"_links":{"self":[{"href":"https:\/\/sinoextrud.com\/fr\/wp-json\/wp\/v2\/product\/6989","targetHints":{"allow":["GET"]}}],"collection":[{"href":"https:\/\/sinoextrud.com\/fr\/wp-json\/wp\/v2\/product"}],"about":[{"href":"https:\/\/sinoextrud.com\/fr\/wp-json\/wp\/v2\/types\/product"}],"wp:featuredmedia":[{"embeddable":true,"href":"https:\/\/sinoextrud.com\/fr\/wp-json\/wp\/v2\/media\/6988"}],"wp:attachment":[{"href":"https:\/\/sinoextrud.com\/fr\/wp-json\/wp\/v2\/media?parent=6989"}],"wp:term":[{"taxonomy":"category","embeddable":true,"href":"https:\/\/sinoextrud.com\/fr\/wp-json\/wp\/v2\/categories?post=6989"}],"curies":[{"name":"wp","href":"https:\/\/api.w.org\/{rel}","templated":true}]}}