{"id":6949,"date":"2025-06-04T10:32:26","date_gmt":"2025-06-04T10:32:26","guid":{"rendered":"https:\/\/sinoextrud.com\/product\/extruded-aluminum-channel-stock\/"},"modified":"2025-06-24T06:12:02","modified_gmt":"2025-06-24T06:12:02","slug":"profiles-en-aluminium-extrude-2","status":"publish","type":"product","link":"https:\/\/sinoextrud.com\/fr\/product\/extruded-aluminum-channel-stock\/","title":{"rendered":"Profil\u00e9s en aluminium extrud\u00e9"},"content":{"rendered":"<h2>D\u00e9tails des produits<\/h2>\n<table class=\"custom-table\">\n<tr>\n<td class=\"label\">Mod\u00e8le NO :<\/td>\n<td>Profil\u00e9s en aluminium extrud\u00e9\uff0c<\/td>\n<\/tr>\n<tr>\n<td class=\"label\">Application :<\/td>\n<td>salle de douche en aluminium\uff0c<\/td>\n<\/tr>\n<tr>\n<td class=\"label\">Grade :<\/td>\n<td>S\u00e9rie 6000\uff0c<\/td>\n<\/tr>\n<tr>\n<td class=\"label\">Technique :<\/td>\n<td>Profil\u00e9s d'aluminium extrud\u00e9s et traitement CNC\uff0c<\/td>\n<\/tr>\n<tr>\n<td class=\"label\">Temp\u00e9rer :<\/td>\n<td>T3 - T8\uff0c<\/td>\n<\/tr>\n<tr>\n<td class=\"label\">Origine :<\/td>\n<td>Guangdong\uff0c<\/td>\n<\/tr>\n<tr>\n<td class=\"label\">Forme :<\/td>\n<td>u channel\uff0c<\/td>\n<\/tr>\n<tr>\n<td class=\"label\">Traitement de surface :<\/td>\n<td>Polissage A\uff0c<\/td>\n<\/tr>\n<tr>\n<td class=\"label\">Alliage :<\/td>\n<td>6463-t5\uff0c<\/td>\n<\/tr>\n<tr>\n<td class=\"label\">Longueur :<\/td>\n<td>1m \u00e0 9m\uff0c<\/td>\n<\/tr>\n<tr>\n<td class=\"label\">Couleurs :<\/td>\n<td>Sliver\uff0c<\/td>\n<\/tr>\n<tr>\n<td class=\"label\">Code HS :<\/td>\n<td>76042990\uff0c<\/td>\n<\/tr>\n<\/table>\n<h2>Notre base de production<\/h2>\n<h3>Panorama de l'usine<\/h3>\n<p><img decoding=\"async\" src=\"\/wp-content\/uploads\/factory-01.webp\"\/><\/p>\n<h3>Atelier de fabrication de barres d'aluminium<\/h3>\n<p><img decoding=\"async\" src=\"\/wp-content\/uploads\/factory-02.webp\"\/><\/p>\n<\/p>\n<p><img decoding=\"async\" src=\"\/wp-content\/uploads\/factory-03.webp\"\/><\/p>\n<h3>Entrep\u00f4t de stockage des moules<\/h3>\n<p><img decoding=\"async\" src=\"\/wp-content\/uploads\/factory-04.webp\"\/><\/p>\n<h3>43 lignes d'extrusion d'aluminium (500-5500 tonnes)<\/h3>\n<p><img decoding=\"async\" src=\"\/wp-content\/uploads\/factory-05.webp\"\/><\/p>\n<p><img decoding=\"async\" src=\"\/wp-content\/uploads\/factory-06.webp\"\/><\/p>\n<p><img decoding=\"async\" src=\"\/wp-content\/uploads\/factory-07.webp\"\/><\/p>\n<h3>Atelier de peinture en poudre<\/h3>\n<p><img decoding=\"async\" src=\"\/wp-content\/uploads\/factory-09.webp\"\/><\/p>\n<h3>Atelier d'anodisation<\/h3>\n<p><img decoding=\"async\" src=\"\/wp-content\/uploads\/factory-10.webp\"\/><\/p>\n<h3>Atelier sur le traitement en profondeur<\/h3>\n<p><img decoding=\"async\" src=\"\/wp-content\/uploads\/factory-11.webp\"\/><\/p>\n<h3>Atelier d'usinage de pr\u00e9cision CNC<\/h3>\n<p><img decoding=\"async\" src=\"\/wp-content\/uploads\/factory-11.5.webp\"\/><\/p>\n<h3>Entrep\u00f4t de produits finis et d'exportation<\/h3>\n<p><img decoding=\"async\" src=\"\/wp-content\/uploads\/factory-12.webp\"\/><\/p>\n<p><img decoding=\"async\" src=\"\/wp-content\/uploads\/factory-13.webp\"\/><\/p>\n<p><img decoding=\"async\" src=\"\/wp-content\/uploads\/factory-14.webp\"\/><\/p>\n<h2>FAQ<\/h2>\n<p><b>1) Qu'est-ce qu'un profil\u00e9 en aluminium extrud\u00e9 ? <\/b><\/p>\n<p> Les profil\u00e9s extrud\u00e9s en aluminium sont des composants structurels form\u00e9s en poussant de l'aluminium \u00e0 travers une fili\u00e8re pour cr\u00e9er des profil\u00e9s avec des sections transversales sp\u00e9cifiques, couramment utilis\u00e9s dans la construction et la fabrication.\n<\/p>\n<p><\/p>\n<p><b>2) Quels sont les avantages des profil\u00e9s en aluminium extrud\u00e9 ? <\/b><\/p>\n<p> Les avantages sont notamment la l\u00e9g\u00e8ret\u00e9, la r\u00e9sistance \u00e0 la corrosion, la conductivit\u00e9 thermique et \u00e9lectrique, les propri\u00e9t\u00e9s non magn\u00e9tiques et la recyclabilit\u00e9, ce qui les rend polyvalents pour diverses applications.\n<\/p>\n<p><\/p>\n<p><b>3. Dans quelles industries les profil\u00e9s en aluminium extrud\u00e9 sont-ils couramment utilis\u00e9s ? <\/b><\/p>\n<p> Ils sont largement utilis\u00e9s dans les secteurs de la construction, de l'automobile, de l'a\u00e9rospatiale, de l'\u00e9lectronique et de la marine en raison de leur r\u00e9sistance, de leur durabilit\u00e9 et de leur polyvalence.\n<\/p>\n<p><\/p>\n<p><b>4. Les profil\u00e9s en aluminium extrud\u00e9 peuvent-ils \u00eatre personnalis\u00e9s ? <\/b><\/p>\n<p> Oui, ils peuvent \u00eatre personnalis\u00e9s en termes de taille, de forme, d'alliage et de finition, y compris des options telles que l'anodisation et le rev\u00eatement par poudre pour r\u00e9pondre aux exigences sp\u00e9cifiques d'un projet.\n<\/p>\n<p><\/p>\n<p><b>5) Comment les profil\u00e9s en aluminium extrud\u00e9 se comparent-ils aux profil\u00e9s en acier ? <\/b><\/p>\n<p> Les canaux en aluminium sont plus l\u00e9gers et plus r\u00e9sistants \u00e0 la corrosion que l'acier, ce qui les rend pr\u00e9f\u00e9rables pour les applications o\u00f9 le poids et la durabilit\u00e9 sont des facteurs critiques.\n<\/p>\n<p><\/p>\n<p><b>6. les profil\u00e9s en aluminium extrud\u00e9 conviennent-ils \u00e0 une utilisation en ext\u00e9rieur ? <\/b><\/p>\n<p> En effet, leur r\u00e9sistance \u00e0 la corrosion et aux \u00e9l\u00e9ments environnementaux les rend id\u00e9aux pour les applications ext\u00e9rieures telles que les charpentes et les supports structurels.\n<\/p>\n<p><\/p>\n<p><b>7) Quelles sont les dimensions standard disponibles pour les profil\u00e9s en aluminium extrud\u00e9 ? <\/b><\/p>\n<p> Les dimensions standard varient, mais les dimensions courantes comprennent des largeurs allant de 1\/4 de pouce \u00e0 plusieurs pouces, avec des longueurs allant g\u00e9n\u00e9ralement jusqu'\u00e0 12 pieds, selon le fabricant.\n<\/p>\n<p><\/p>\n<p><b>8.Comment le processus d'extrusion affecte-t-il les propri\u00e9t\u00e9s des profil\u00e9s en aluminium ? <\/b><\/p>\n<p> Le processus d'extrusion aligne la structure des grains, ce qui renforce la r\u00e9sistance et permet de concevoir des sections transversales complexes, am\u00e9liorant ainsi les propri\u00e9t\u00e9s m\u00e9caniques des canaux en aluminium.<\/p>\n<p><\/p>","protected":false},"featured_media":6948,"template":"","categories":[67],"class_list":["post-6949","product","type-product","status-publish","has-post-thumbnail","hentry","category-architectural-aluminium-profile"],"meta_box":{"hilight_text_group":{"product_hilight_text":"<li>Lightweight yet strong, extruded aluminum channels offer an excellent strength-to-weight ratio, making them ideal for structural applications.<\/li>\r\r\n<li>Superior corrosion resistance ensures longevity, even in harsh environments, reducing maintenance costs.<\/li>\r\r\n<li>High thermal and electrical conductivity makes them suitable for heat sinks and electrical enclosures.<\/li>\r\r\n<li>Non-magnetic and non-sparking properties make them safe for use in sensitive electronic and explosive environments.<\/li>\r\r\n<li>Available in various shapes and sizes, including U, C, and Z channels, to meet diverse design requirements.<\/li>\r\r\n<li>Customizable through anodizing, powder coating, and painting for enhanced aesthetics and protection.<\/li>\r\r\n<li>100% recyclable, supporting sustainable and eco-friendly construction practices.<\/li>","product_chanpin_blog":"<ul>\r\r\n<li><a href=\"https:\/\/sinoextrud.com\/t-slot-v-slot-differences\/\" target=\"_blank\">t slot vs v slot<\/a><\/li>\r\r\n<li><a href=\"https:\/\/sinoextrud.com\/what-is-4040-aluminium-extrud\/\" target=\"_blank\">4040 aluminium extrusion<\/a><\/li>\r\r\n<li><a href=\"https:\/\/sinoextrud.com\/what-is-4040-aluminium-extrud\/\" target=\"_blank\">aluminum extrusions for industrial racks<\/a><\/li>\r\r\n<li><a href=\"https:\/\/sinoextrud.com\/powder-coating-aluminium-process\/\" target=\"_blank\">powder coating aluminium<\/a><\/li>\r\r\n<li><a href=\"https:\/\/sinoextrud.com\/what-is-an-aluminium-strip-ceiling\/\" target=\"_blank\">aluminium strip ceiling<\/a><\/li>\r\r\n<li><a href=\"https:\/\/sinoextrud.com\/what-is-a-heat-sink\/\" target=\"_blank\">what is a heat sink<\/a><\/li>\r\r\n<\/ul>","product_chanpin_chanpin":"<li><a href=\"https:\/\/sinoextrud.com\/product\/aluminum-extrusion-polished-square-tupe\/\" target=\"_blank\">Aluminum Extrusion Polished Square Tupe<\/a><\/li>\r\n<li><a href=\"https:\/\/sinoextrud.com\/product\/aluminum-door-jamb-extrusions\/\" target=\"_blank\">Aluminum Door Jamb Extrusions<\/a><\/li>\r\n<li><a href=\"https:\/\/sinoextrud.com\/product\/aluminum-rail-profile\/\" target=\"_blank\">Aluminum Rail Profile<\/a><\/li>\r\n<li><a href=\"https:\/\/sinoextrud.com\/product\/fluorocarbon-coated-heavy-duty-exposed-aluminium-frame-glazed-building-curtain-wall-aluminium-profile\/\" target=\"_blank\">Fluorocarbon coated heavy duty exposed aluminium frame glazed building curtain wall aluminium profile<\/a><\/li>\r\n<li><a href=\"https:\/\/sinoextrud.com\/product\/extruded-aluminum-channel-stock\/\" target=\"_blank\">Extruded Aluminum Channel Stock<\/a><\/li>\r\n<li><a href=\"https:\/\/sinoextrud.com\/product\/aluminium-oxide\/\" target=\"_blank\">Aluminium Oxide<\/a><\/li>\r\n<li><a href=\"https:\/\/sinoextrud.com\/product\/anodized-aluminum-profile-kitchen-cabinet-frame\/\" target=\"_blank\">Anodized Aluminum Profile Kitchen Cabinet Frame<\/a><\/li>\r\n<li><a href=\"https:\/\/sinoextrud.com\/product\/aluminum-extrusions-for-wall-panels-u-shape\/\" target=\"_blank\">Aluminum Extrusions For Wall Panels U Shape<\/a><\/li>\r\n<li><a href=\"https:\/\/sinoextrud.com\/product\/polished-sliver-aluminium-profile-like-mirror\/\" target=\"_blank\">Polished Sliver Aluminium Profile Like Mirror<\/a><\/li>\r\n<li><a href=\"https:\/\/sinoextrud.com\/product\/construction-aluminum-profile\/\" target=\"_blank\">Construction Aluminum Profile<\/a><\/li>\r\n<li><a href=\"https:\/\/sinoextrud.com\/product\/aluminium-round-tube-aluminium-profile-with-series-3003-3001\/\" target=\"_blank\">Aluminium Round Tube Aluminium Profile With Series 3003 3001<\/a><\/li>"},"feature_list":[]},"_links":{"self":[{"href":"https:\/\/sinoextrud.com\/fr\/wp-json\/wp\/v2\/product\/6949","targetHints":{"allow":["GET"]}}],"collection":[{"href":"https:\/\/sinoextrud.com\/fr\/wp-json\/wp\/v2\/product"}],"about":[{"href":"https:\/\/sinoextrud.com\/fr\/wp-json\/wp\/v2\/types\/product"}],"wp:featuredmedia":[{"embeddable":true,"href":"https:\/\/sinoextrud.com\/fr\/wp-json\/wp\/v2\/media\/6948"}],"wp:attachment":[{"href":"https:\/\/sinoextrud.com\/fr\/wp-json\/wp\/v2\/media?parent=6949"}],"wp:term":[{"taxonomy":"category","embeddable":true,"href":"https:\/\/sinoextrud.com\/fr\/wp-json\/wp\/v2\/categories?post=6949"}],"curies":[{"name":"wp","href":"https:\/\/api.w.org\/{rel}","templated":true}]}}