{"id":6942,"date":"2025-06-04T03:17:59","date_gmt":"2025-06-04T03:17:59","guid":{"rendered":"https:\/\/sinoextrud.com\/product\/fluorocarbon-coated-heavy-duty-exposed-aluminium-frame-glazed-building-curtain-wall-aluminium-profile\/"},"modified":"2025-06-24T06:12:02","modified_gmt":"2025-06-24T06:12:02","slug":"profile-en-aluminium-revetu-de-fluorocarbone-pour-usage-intensif-pour-batiment-vitre-mur-rideau-en-aluminium","status":"publish","type":"product","link":"https:\/\/sinoextrud.com\/fr\/product\/fluorocarbon-coated-heavy-duty-exposed-aluminium-frame-glazed-building-curtain-wall-aluminium-profile\/","title":{"rendered":"Profil\u00e9 en aluminium rev\u00eatu de fluorocarbone, pour usage intensif, destin\u00e9 \u00e0 la construction de b\u00e2timents vitr\u00e9s et de murs-rideaux."},"content":{"rendered":"<h2>D\u00e9tails des produits<\/h2>\n<table class=\"custom-table\">\n<tr>\n<td class=\"label\">Nom<\/td>\n<td>Profil\u00e9 en aluminium rev\u00eatu de fluorocarbone pour usage intensif, cadre en aluminium apparent, b\u00e2timent vitr\u00e9, mur-rideau en aluminium\uff0c<\/td>\n<\/tr>\n<\/table>\n<h2>Notre base de production<\/h2>\n<h3>Panorama de l'usine<\/h3>\n<p><img decoding=\"async\" src=\"\/wp-content\/uploads\/factory-01.webp\"\/><\/p>\n<h3>Atelier de fabrication de barres d'aluminium<\/h3>\n<p><img decoding=\"async\" src=\"\/wp-content\/uploads\/factory-02.webp\"\/><\/p>\n<p><img decoding=\"async\" src=\"\/wp-content\/uploads\/factory-03.webp\"\/><\/p>\n<h3>Entrep\u00f4t de stockage des moules<\/h3>\n<p><img decoding=\"async\" src=\"\/wp-content\/uploads\/factory-04.webp\"\/><\/p>\n<h3>43 lignes d'extrusion d'aluminium (500-5500 tonnes)<\/h3>\n<p><img decoding=\"async\" src=\"\/wp-content\/uploads\/factory-05.webp\"\/><\/p>\n<p><img decoding=\"async\" src=\"\/wp-content\/uploads\/factory-06.webp\"\/><\/p>\n<p><img decoding=\"async\" src=\"\/wp-content\/uploads\/factory-07.webp\"\/><\/p>\n<h3>Atelier de peinture en poudre<\/h3>\n<p><img decoding=\"async\" src=\"\/wp-content\/uploads\/factory-09.webp\"\/><\/p>\n<h3>Atelier d'anodisation<\/h3>\n<p><img decoding=\"async\" src=\"\/wp-content\/uploads\/factory-10.webp\"\/><\/p>\n<h3>Atelier sur le traitement en profondeur<\/h3>\n<p><img decoding=\"async\" src=\"\/wp-content\/uploads\/factory-11.webp\"\/><\/p>\n<h3>Atelier d'usinage de pr\u00e9cision CNC<\/h3>\n<p><img decoding=\"async\" src=\"\/wp-content\/uploads\/factory-11.5.webp\"\/><\/p>\n<h3>Entrep\u00f4t de produits finis et d'exportation<\/h3>\n<p><img decoding=\"async\" src=\"\/wp-content\/uploads\/factory-12.webp\"\/><\/p>\n<p><img decoding=\"async\" src=\"\/wp-content\/uploads\/factory-13.webp\"\/><\/p>\n<p><img decoding=\"async\" src=\"\/wp-content\/uploads\/factory-14.webp\"\/><\/p>\n<h2>FAQ<\/h2>\n<p><p><b>1) Qu'est-ce qu'un profil\u00e9 de mur-rideau en aluminium rev\u00eatu de fluorocarbone ? <\/b><\/p>\n<p> Un profil\u00e9 de mur-rideau en aluminium rev\u00eatu de fluorocarbone est un \u00e9l\u00e9ment de fa\u00e7ade de b\u00e2timent trait\u00e9 avec un rev\u00eatement r\u00e9sistant aux intemp\u00e9ries pour le prot\u00e9ger des rayons UV, de la corrosion et des dommages environnementaux.<br \/>\n<\/p><br \/>\n<br \/>\n<p><b>2) Pourquoi choisir un cadre en aluminium r\u00e9sistant pour les murs-rideaux ? <\/b><\/p>\n<p> Les cadres en aluminium tr\u00e8s r\u00e9sistants offrent une solidit\u00e9 et une stabilit\u00e9 sup\u00e9rieures, ce qui les rend id\u00e9aux pour soutenir les grandes surfaces vitr\u00e9es dans les b\u00e2timents hauts et commerciaux.<br \/>\n<\/p><br \/>\n<br \/>\n<p><b>3) Quels sont les avantages d'un mur-rideau \u00e0 ossature aluminium apparente ? <\/b><\/p>\n<p> Un cadre en aluminium apparent offre une esth\u00e9tique \u00e9l\u00e9gante et moderne et simplifie l'acc\u00e8s \u00e0 la structure pour l'entretien et l'installation.<br \/>\n<\/p><br \/>\n<br \/>\n<p><b>4. Comment le rev\u00eatement au fluorocarbone am\u00e9liore-t-il les profils des murs-rideaux en aluminium ? <\/b><\/p>\n<p> Le rev\u00eatement en fluorocarbone am\u00e9liore la long\u00e9vit\u00e9 du profil\u00e9 en aluminium en r\u00e9sistant \u00e0 la d\u00e9coloration, au farinage et \u00e0 la corrosion, m\u00eame dans des environnements difficiles.<br \/>\n<\/p><br \/>\n<br \/>\n<p><b>5. Ce profil\u00e9 en aluminium peut-il \u00eatre utilis\u00e9 avec des vitrages \u00e0 haut rendement \u00e9nerg\u00e9tique ? <\/b><\/p>\n<p> Oui, il prend en charge les unit\u00e9s \u00e0 double et triple vitrage, ce qui am\u00e9liore consid\u00e9rablement l'isolation thermique et l'efficacit\u00e9 \u00e9nerg\u00e9tique du b\u00e2timent.<br \/>\n<\/p><br \/>\n<br \/>\n<p><b>6) Qu'est-ce que la technologie de la rupture thermique dans les syst\u00e8mes de murs-rideaux ? <\/b><\/p>\n<p> La technologie de la rupture thermique implique une barri\u00e8re non m\u00e9tallique \u00e0 l'int\u00e9rieur du profil\u00e9 d'aluminium qui r\u00e9duit le transfert de chaleur, am\u00e9liorant ainsi le contr\u00f4le du climat int\u00e9rieur.<br \/>\n<\/p><br \/>\n<br \/>\n<p><b>7. l'aluminium rev\u00eatu de fluorocarbone est-il \u00e9cologique ? <\/b><\/p>\n<p> Oui, l'aluminium est enti\u00e8rement recyclable et les rev\u00eatements en fluorocarbone r\u00e9duisent la n\u00e9cessit\u00e9 de le repeindre ou de le remplacer, ce qui en fait un choix durable pour la construction moderne.<br \/>\n<\/p><br \/>\n<br \/>\n<p><b>8. les murs-rideaux rev\u00eatus de fluorocarbone conviennent-ils aux b\u00e2timents de grande hauteur ? <\/b><\/p>\n<p> Absolument, leur solidit\u00e9 structurelle, leur r\u00e9sistance aux intemp\u00e9ries et leur faible entretien les rendent id\u00e9ales pour les applications commerciales et de grande hauteur.<br \/>\n<\/p><br \/><\/p>","protected":false},"featured_media":6941,"template":"","categories":[67],"class_list":["post-6942","product","type-product","status-publish","has-post-thumbnail","hentry","category-architectural-aluminium-profile"],"meta_box":{"hilight_text_group":{"product_hilight_text":"<li>High-performance fluorocarbon coating offers superior UV, corrosion, and weather resistance.<\/li>\r\r\n<li>Heavy-duty aluminum frame ensures structural durability for high-rise and commercial facades.<\/li>\r\r\n<li>Exposed frame design enhances visual appeal and eases installation and maintenance.<\/li>\r\r\n<li>Compatible with double and triple-glazed glass units for enhanced insulation and energy efficiency.<\/li>\r\r\n<li>Integrated thermal break design improves thermal performance and reduces energy loss.<\/li>\r\r\n<li>Modular system enables flexible configuration and quick on-site assembly.<\/li>\r\r\n<li>Eco-friendly, recyclable aluminum material supports sustainable construction practices.<\/li>","product_chanpin_blog":"<ul>\r\r\n<li><a href=\"https:\/\/sinoextrud.com\/t-slot-v-slot-differences\/\" target=\"_blank\">t slot vs v slot<\/a><\/li>\r\r\n<li><a href=\"https:\/\/sinoextrud.com\/what-is-4040-aluminium-extrud\/\" target=\"_blank\">4040 aluminium extrusion<\/a><\/li>\r\r\n<li><a href=\"https:\/\/sinoextrud.com\/what-is-4040-aluminium-extrud\/\" target=\"_blank\">aluminum extrusions for industrial racks<\/a><\/li>\r\r\n<li><a href=\"https:\/\/sinoextrud.com\/powder-coating-aluminium-process\/\" target=\"_blank\">powder coating aluminium<\/a><\/li>\r\r\n<li><a href=\"https:\/\/sinoextrud.com\/what-is-an-aluminium-strip-ceiling\/\" target=\"_blank\">aluminium strip ceiling<\/a><\/li>\r\r\n<li><a href=\"https:\/\/sinoextrud.com\/what-is-a-heat-sink\/\" target=\"_blank\">what is a heat sink<\/a><\/li>\r\r\n<\/ul>","product_chanpin_chanpin":"<li><a href=\"https:\/\/sinoextrud.com\/product\/aluminium-extrusion-profiles-for-the-windows\/\" target=\"_blank\">Aluminium Extrusion Profiles For The Windows<\/a><\/li>\r\n<li><a href=\"https:\/\/sinoextrud.com\/product\/aluminum-extrusion-polished-square-tupe\/\" target=\"_blank\">Aluminum Extrusion Polished Square Tupe<\/a><\/li>\r\n<li><a href=\"https:\/\/sinoextrud.com\/product\/aluminum-door-jamb-extrusions\/\" target=\"_blank\">Aluminum Door Jamb Extrusions<\/a><\/li>\r\n<li><a href=\"https:\/\/sinoextrud.com\/product\/aluminum-rail-profile\/\" target=\"_blank\">Aluminum Rail Profile<\/a><\/li>\r\n<li><a href=\"https:\/\/sinoextrud.com\/product\/fluorocarbon-coated-heavy-duty-exposed-aluminium-frame-glazed-building-curtain-wall-aluminium-profile\/\" target=\"_blank\">Fluorocarbon coated heavy duty exposed aluminium frame glazed building curtain wall aluminium profile<\/a><\/li>\r\n<li><a href=\"https:\/\/sinoextrud.com\/product\/extruded-aluminum-channel-stock\/\" target=\"_blank\">Extruded Aluminum Channel Stock<\/a><\/li>\r\n<li><a href=\"https:\/\/sinoextrud.com\/product\/aluminium-oxide\/\" target=\"_blank\">Aluminium Oxide<\/a><\/li>\r\n<li><a href=\"https:\/\/sinoextrud.com\/product\/anodized-aluminum-profile-kitchen-cabinet-frame\/\" target=\"_blank\">Anodized Aluminum Profile Kitchen Cabinet Frame<\/a><\/li>\r\n<li><a href=\"https:\/\/sinoextrud.com\/product\/aluminum-extrusions-for-wall-panels-u-shape\/\" target=\"_blank\">Aluminum Extrusions For Wall Panels U Shape<\/a><\/li>\r\n<li><a href=\"https:\/\/sinoextrud.com\/product\/aluminium-sliding-door-matt-black\/\" target=\"_blank\">Aluminium Sliding Door Matt Black<\/a><\/li>\r\n<li><a href=\"https:\/\/sinoextrud.com\/product\/aluminium-fabrication\/\" target=\"_blank\">Aluminium Fabrication<\/a><\/li>"},"feature_list":[]},"_links":{"self":[{"href":"https:\/\/sinoextrud.com\/fr\/wp-json\/wp\/v2\/product\/6942","targetHints":{"allow":["GET"]}}],"collection":[{"href":"https:\/\/sinoextrud.com\/fr\/wp-json\/wp\/v2\/product"}],"about":[{"href":"https:\/\/sinoextrud.com\/fr\/wp-json\/wp\/v2\/types\/product"}],"wp:featuredmedia":[{"embeddable":true,"href":"https:\/\/sinoextrud.com\/fr\/wp-json\/wp\/v2\/media\/6941"}],"wp:attachment":[{"href":"https:\/\/sinoextrud.com\/fr\/wp-json\/wp\/v2\/media?parent=6942"}],"wp:term":[{"taxonomy":"category","embeddable":true,"href":"https:\/\/sinoextrud.com\/fr\/wp-json\/wp\/v2\/categories?post=6942"}],"curies":[{"name":"wp","href":"https:\/\/api.w.org\/{rel}","templated":true}]}}