{"id":6938,"date":"2025-06-04T03:12:11","date_gmt":"2025-06-04T03:12:11","guid":{"rendered":"https:\/\/sinoextrud.com\/product\/aluminum-door-jamb-extrusions\/"},"modified":"2025-06-24T06:12:01","modified_gmt":"2025-06-24T06:12:01","slug":"extrusions-de-montants-de-porte-en-aluminium","status":"publish","type":"product","link":"https:\/\/sinoextrud.com\/fr\/product\/aluminum-door-jamb-extrusions\/","title":{"rendered":"Extrusions de montants de porte en aluminium"},"content":{"rendered":"<h2>D\u00e9tails des produits<\/h2>\n<table class=\"custom-table\">\n<tr>\n<td class=\"label\">Mod\u00e8le NO :<\/td>\n<td>808-1 montants de porte en aluminium\uff0c<\/td>\n<\/tr>\n<tr>\n<td class=\"label\">Temp\u00e9rer :<\/td>\n<td>T3 - T8\uff0c<\/td>\n<\/tr>\n<tr>\n<td class=\"label\">Traitement de surface :<\/td>\n<td>anodis\u00e9, rev\u00eatement par poudre, \u00e9lectrophor\u00e8se, etc.<\/td>\n<\/tr>\n<tr>\n<td class=\"label\">Alliage :<\/td>\n<td>Alliage\uff0c<\/td>\n<\/tr>\n<tr>\n<td class=\"label\">Type :<\/td>\n<td>Fen\u00eatres \u00e0 battants des s\u00e9ries 50 et 70, portes coulissantes de la s\u00e9rie 90, portes battantes de la s\u00e9rie HL70, etc.<\/td>\n<\/tr>\n<tr>\n<td class=\"label\">Technique :<\/td>\n<td>Extrusion et rev\u00eatement\uff0c<\/td>\n<\/tr>\n<tr>\n<td class=\"label\">Marque d\u00e9pos\u00e9e :<\/td>\n<td>OEM\uff0c<\/td>\n<\/tr>\n<tr>\n<td class=\"label\">Origine :<\/td>\n<td>Guangdong Chine\uff0c<\/td>\n<\/tr>\n<tr>\n<td class=\"label\">Forme :<\/td>\n<td>comme sur le dessin\uff0c<\/td>\n<\/tr>\n<tr>\n<td class=\"label\">Certification :<\/td>\n<td>EN, ASTM, GB\/T\uff0c<\/td>\n<\/tr>\n<tr>\n<td class=\"label\">Taille :<\/td>\n<td>Customzied.\uff0c<\/td>\n<\/tr>\n<tr>\n<td class=\"label\">Code HS :<\/td>\n<td>7604299000\uff0c<\/td>\n<\/tr>\n<tr>\n<td class=\"label\">\u00c9paisseur de la paroi :<\/td>\n<td>1,4 mm \uff0c<\/td>\n<\/tr>\n<\/table>\n<h2>Notre base de production<\/h2>\n<h3>Panorama de l'usine<\/h3>\n<p><img decoding=\"async\" src=\"\/wp-content\/uploads\/factory-01.webp\"\/><\/p>\n<h3>Atelier de fabrication de barres d'aluminium<\/h3>\n<p><img decoding=\"async\" src=\"\/wp-content\/uploads\/factory-02.webp\"\/><\/p>\n<p><img decoding=\"async\" src=\"\/wp-content\/uploads\/factory-03.webp\"\/><\/p>\n<h3>Entrep\u00f4t de stockage des moules<\/h3>\n<p><img decoding=\"async\" src=\"\/wp-content\/uploads\/factory-04.webp\"\/><\/p>\n<h3>43 lignes d'extrusion d'aluminium (500-5500 tonnes)<\/h3>\n<p><img decoding=\"async\" src=\"\/wp-content\/uploads\/factory-05.webp\"\/><\/p>\n<p><img decoding=\"async\" src=\"\/wp-content\/uploads\/factory-06.webp\"\/><\/p>\n<p><img decoding=\"async\" src=\"\/wp-content\/uploads\/factory-07.webp\"\/><\/p>\n<h3>Atelier de peinture en poudre<\/h3>\n<p><img decoding=\"async\" src=\"\/wp-content\/uploads\/factory-09.webp\"\/><\/p>\n<h3>Atelier d'anodisation<\/h3>\n<p><img decoding=\"async\" src=\"\/wp-content\/uploads\/factory-10.webp\"\/><\/p>\n<h3>Atelier sur le traitement en profondeur<\/h3>\n<p><img decoding=\"async\" src=\"\/wp-content\/uploads\/factory-11.webp\"\/><\/p>\n<h3>Atelier d'usinage de pr\u00e9cision CNC<\/h3>\n<p><img decoding=\"async\" src=\"\/wp-content\/uploads\/factory-11.5.webp\"\/><\/p>\n<h3>Entrep\u00f4t de produits finis et d'exportation<\/h3>\n<p><img decoding=\"async\" src=\"\/wp-content\/uploads\/factory-12.webp\"\/><\/p>\n<p><img decoding=\"async\" src=\"\/wp-content\/uploads\/factory-13.webp\"\/><\/p>\n<p><img decoding=\"async\" src=\"\/wp-content\/uploads\/factory-14.webp\"\/><\/p>\n<h2>FAQ<\/h2>\n<p><p><b>1) Qu'est-ce qu'une extrusion de montant de porte en aluminium ?<\/b><\/p>\n<p>Les extrusions de montants de porte en aluminium sont des profil\u00e9s en aluminium sp\u00e9cialement con\u00e7us pour construire des cadres de porte, offrant r\u00e9sistance, durabilit\u00e9 et attrait esth\u00e9tique.<br \/>\n<\/p><br \/>\n<br \/>\n<p><b>2. pourquoi choisir l'aluminium pour l'extrusion des montants de porte ?<\/b><\/p>\n<p>L'aluminium offre un rapport poids\/r\u00e9sistance \u00e9lev\u00e9, une r\u00e9sistance \u00e0 la corrosion et une grande souplesse de conception, ce qui en fait un mat\u00e9riau id\u00e9al pour les cadres de porte durables et \u00e9l\u00e9gants.<br \/>\n<\/p><br \/>\n<br \/>\n<p><b>3) Quels sont les alliages d'aluminium couramment utilis\u00e9s pour l'extrusion des montants de porte ?<\/b><\/p>\n<p>Les alliages les plus courants sont le 6061-T6 pour sa grande solidit\u00e9 et sa r\u00e9sistance \u00e0 la corrosion, et le 6063-T5 pour son excellent \u00e9tat de surface et sa facilit\u00e9 de mise en forme.<br \/>\n<\/p><br \/>\n<br \/>\n<p><b>4) Quelles sont les finitions de surface disponibles pour les montants de porte extrud\u00e9s en aluminium ?<\/b><\/p>\n<p>Les finitions disponibles comprennent l'anodisation, le rev\u00eatement par poudre et la finition en usine, offrant une gamme de couleurs et de textures qui s'harmonisent avec les diff\u00e9rentes conceptions architecturales.<br \/>\n<\/p><br \/>\n<br \/>\n<p><b>5. les extrusions de montants de porte en aluminium peuvent-elles \u00eatre personnalis\u00e9es ?<\/b><\/p>\n<p>Oui, les fabricants proposent une personnalisation en termes de taille, de forme et de finition pour r\u00e9pondre aux exigences sp\u00e9cifiques du projet et aux pr\u00e9f\u00e9rences en mati\u00e8re de design.<br \/>\n<\/p><br \/>\n<br \/>\n<p><b>6. ces extrusions conviennent-elles aux applications r\u00e9sidentielles et commerciales ?<\/b><\/p>\n<p>Absolument, les montants de porte en aluminium sont id\u00e9aux pour une large gamme d'environnements, y compris les maisons, les bureaux, les h\u00f4tels et les espaces de vente au d\u00e9tail.<br \/>\n<\/p><br \/>\n<br \/>\n<p><b>7) L'aluminium est-il un mat\u00e9riau \u00e9cologique pour les montants de porte ?<\/b><\/p>\n<p>Oui, l'aluminium est enti\u00e8rement recyclable sans perte de propri\u00e9t\u00e9s, ce qui en fait un choix durable pour les projets de construction respectueux de l'environnement.<br \/>\n<\/p><br \/><\/p>","protected":false},"featured_media":6937,"template":"","categories":[67],"class_list":["post-6938","product","type-product","status-publish","has-post-thumbnail","hentry","category-architectural-aluminium-profile"],"meta_box":{"hilight_text_group":{"product_hilight_text":"<li>Manufactured from high-strength aluminum alloys such as 6061-T6 and 6063-T5, offering excellent durability and corrosion resistance.<\/li>\r\r\n<li>Designed specifically for door jamb applications, providing precise dimensions and tight tolerances for seamless integration.<\/li>\r\r\n<li>Available in various finishes including anodized, powder-coated, and mill finish to match diverse architectural styles.<\/li>\r\r\n<li>Lightweight construction facilitates easy handling and installation, reducing labor costs.<\/li>\r\r\n<li>Excellent thermal conductivity and compatibility with thermal break systems enhance energy efficiency.<\/li>\r\r\n<li>Customizable profiles to meet specific design requirements and project specifications.<\/li>\r\r\n<li>Environmentally friendly and fully recyclable, supporting sustainable construction practices.<\/li>","product_chanpin_blog":"<ul>\r\r\n<li><a href=\"https:\/\/sinoextrud.com\/t-slot-v-slot-differences\/\" target=\"_blank\">t slot vs v slot<\/a><\/li>\r\r\n<li><a href=\"https:\/\/sinoextrud.com\/what-is-4040-aluminium-extrud\/\" target=\"_blank\">4040 aluminium extrusion<\/a><\/li>\r\r\n<li><a href=\"https:\/\/sinoextrud.com\/what-is-4040-aluminium-extrud\/\" target=\"_blank\">aluminum extrusions for industrial racks<\/a><\/li>\r\r\n<li><a href=\"https:\/\/sinoextrud.com\/powder-coating-aluminium-process\/\" target=\"_blank\">powder coating aluminium<\/a><\/li>\r\r\n<li><a href=\"https:\/\/sinoextrud.com\/what-is-an-aluminium-strip-ceiling\/\" target=\"_blank\">aluminium strip ceiling<\/a><\/li>\r\r\n<li><a href=\"https:\/\/sinoextrud.com\/what-is-a-heat-sink\/\" target=\"_blank\">what is a heat sink<\/a><\/li>\r\r\n<\/ul>","product_chanpin_chanpin":"<li><a href=\"https:\/\/sinoextrud.com\/product\/aluminum-edge-trim-for-plywood\/\" target=\"_blank\">Aluminum Edge Trim For Plywood<\/a><\/li>\r\n<li><a href=\"https:\/\/sinoextrud.com\/product\/rectangular-aluminum-extrusions\/\" target=\"_blank\">Rectangular Aluminum Extrusions<\/a><\/li>\r\n<li><a href=\"https:\/\/sinoextrud.com\/product\/aluminium-extrusion-profiles-for-the-windows\/\" target=\"_blank\">Aluminium Extrusion Profiles For The Windows<\/a><\/li>\r\n<li><a href=\"https:\/\/sinoextrud.com\/product\/aluminum-extrusion-polished-square-tupe\/\" target=\"_blank\">Aluminum Extrusion Polished Square Tupe<\/a><\/li>\r\n<li><a href=\"https:\/\/sinoextrud.com\/product\/aluminum-door-jamb-extrusions\/\" target=\"_blank\">Aluminum Door Jamb Extrusions<\/a><\/li>\r\n<li><a href=\"https:\/\/sinoextrud.com\/product\/aluminum-rail-profile\/\" target=\"_blank\">Aluminum Rail Profile<\/a><\/li>\r\n<li><a href=\"https:\/\/sinoextrud.com\/product\/fluorocarbon-coated-heavy-duty-exposed-aluminium-frame-glazed-building-curtain-wall-aluminium-profile\/\" target=\"_blank\">Fluorocarbon coated heavy duty exposed aluminium frame glazed building curtain wall aluminium profile<\/a><\/li>\r\n<li><a href=\"https:\/\/sinoextrud.com\/product\/extruded-aluminum-channel-stock\/\" target=\"_blank\">Extruded Aluminum Channel Stock<\/a><\/li>\r\n<li><a href=\"https:\/\/sinoextrud.com\/product\/aluminium-oxide\/\" target=\"_blank\">Aluminium Oxide<\/a><\/li>\r\n<li><a href=\"https:\/\/sinoextrud.com\/product\/6061-6063-6082-street-lamp-column-aluminum-profile\/\" target=\"_blank\">6061 6063 6082 Street Lamp Column Aluminum Profile<\/a><\/li>\r\n<li><a href=\"https:\/\/sinoextrud.com\/product\/factory-offer-6061-aluminum-railing-profiles\/\" target=\"_blank\">Factory Offer 6061 Aluminum Railing Profiles<\/a><\/li>"},"feature_list":[]},"_links":{"self":[{"href":"https:\/\/sinoextrud.com\/fr\/wp-json\/wp\/v2\/product\/6938","targetHints":{"allow":["GET"]}}],"collection":[{"href":"https:\/\/sinoextrud.com\/fr\/wp-json\/wp\/v2\/product"}],"about":[{"href":"https:\/\/sinoextrud.com\/fr\/wp-json\/wp\/v2\/types\/product"}],"wp:featuredmedia":[{"embeddable":true,"href":"https:\/\/sinoextrud.com\/fr\/wp-json\/wp\/v2\/media\/6937"}],"wp:attachment":[{"href":"https:\/\/sinoextrud.com\/fr\/wp-json\/wp\/v2\/media?parent=6938"}],"wp:term":[{"taxonomy":"category","embeddable":true,"href":"https:\/\/sinoextrud.com\/fr\/wp-json\/wp\/v2\/categories?post=6938"}],"curies":[{"name":"wp","href":"https:\/\/api.w.org\/{rel}","templated":true}]}}