{"id":6928,"date":"2025-06-04T02:25:18","date_gmt":"2025-06-04T02:25:18","guid":{"rendered":"https:\/\/sinoextrud.com\/product\/aluminum-edge-trim-for-plywood\/"},"modified":"2025-06-24T06:12:00","modified_gmt":"2025-06-24T06:12:00","slug":"bordures-en-aluminium-pour-le-contreplaque","status":"publish","type":"product","link":"https:\/\/sinoextrud.com\/fr\/product\/aluminum-edge-trim-for-plywood\/","title":{"rendered":"Bordure en aluminium pour contreplaqu\u00e9"},"content":{"rendered":"<h2>D\u00e9tails des produits<\/h2>\n<table class=\"custom-table\">\n<tr>\n<td class=\"label\">Nom du produit<\/td>\n<td>Bordure en aluminium pour contreplaqu\u00e9\uff0c<\/td>\n<\/tr>\n<tr>\n<td class=\"label\">Ingr\u00e9dient<\/td>\n<td>6063 ou 6061\uff0c<\/td>\n<\/tr>\n<tr>\n<td class=\"label\">Forme<\/td>\n<td>Sur mesure\uff0c<\/td>\n<\/tr>\n<tr>\n<td class=\"label\">Taille<\/td>\n<td>Sur mesure\uff0c<\/td>\n<\/tr>\n<tr>\n<td class=\"label\">Application typique<\/td>\n<td>Meubles, cadres en verre\uff0c<\/td>\n<\/tr>\n<tr>\n<td class=\"label\">Marque d\u00e9pos\u00e9e<\/td>\n<td>Sinoextrud ou OEM\uff0c<\/td>\n<\/tr>\n<tr>\n<td class=\"label\">Taille<\/td>\n<td>Sur mesure\uff0c<\/td>\n<\/tr>\n<tr>\n<td class=\"label\">Processus en profondeur<\/td>\n<td>Fraisage, poin\u00e7onnage, per\u00e7age, taraudage et pliage CNC\uff0c<\/td>\n<\/tr>\n<tr>\n<td class=\"label\">Traitement de surface<\/td>\n<td>Grain de bois, anodis\u00e9, rev\u00eatement par poudre, \u00e9lectrophor\u00e8se, PVDF, etc.<\/td>\n<\/tr>\n<tr>\n<td class=\"label\">Certifications<\/td>\n<td>ISO9001,ISO4001,CQM,SGS,CE,BV,SONCAP\/GB,ISO,JIS,AS,NZS,QUALICOAT\uff0c<\/td>\n<\/tr>\n<tr>\n<td class=\"label\">Longueur standard<\/td>\n<td>1-9M\uff0c<\/td>\n<\/tr>\n<tr>\n<td class=\"label\">Lieu d'origine<\/td>\n<td>Guangdong,Chine\uff0c<\/td>\n<\/tr>\n<\/table>\n<h2>Notre base de production<\/h2>\n<h3>Panorama de l'usine<\/h3>\n<p><img decoding=\"async\" src=\"\/wp-content\/uploads\/factory-01.webp\"\/><\/p>\n<h3>Atelier de fabrication de barres d'aluminium<\/h3>\n<p><img decoding=\"async\" src=\"\/wp-content\/uploads\/factory-02.webp\"\/><\/p>\n<p><img decoding=\"async\" src=\"\/wp-content\/uploads\/factory-03.webp\"\/><\/p>\n<h3>Entrep\u00f4t de stockage des moules<\/h3>\n<p><img decoding=\"async\" src=\"\/wp-content\/uploads\/factory-04.webp\"\/><\/p>\n<h3>43 lignes d'extrusion d'aluminium (500-5500 tonnes)<\/h3>\n<p><img decoding=\"async\" src=\"\/wp-content\/uploads\/factory-05.webp\"\/><\/p>\n<p><img decoding=\"async\" src=\"\/wp-content\/uploads\/factory-06.webp\"\/><\/p>\n<p><img decoding=\"async\" src=\"\/wp-content\/uploads\/factory-07.webp\"\/><\/p>\n<h3>Atelier de peinture en poudre<\/h3>\n<p><img decoding=\"async\" src=\"\/wp-content\/uploads\/factory-09.webp\"\/><\/p>\n<h3>Atelier d'anodisation<\/h3>\n<p><img decoding=\"async\" src=\"\/wp-content\/uploads\/factory-10.webp\"\/><\/p>\n<h3>Atelier sur le traitement en profondeur<\/h3>\n<p><img decoding=\"async\" src=\"\/wp-content\/uploads\/factory-11.webp\"\/><\/p>\n<h3>Atelier d'usinage de pr\u00e9cision CNC<\/h3>\n<p><img decoding=\"async\" src=\"\/wp-content\/uploads\/factory-11.5.webp\"\/><\/p>\n<h3>Entrep\u00f4t de produits finis et d'exportation<\/h3>\n<p><img decoding=\"async\" src=\"\/wp-content\/uploads\/factory-12.webp\"\/><\/p>\n<p><img decoding=\"async\" src=\"\/wp-content\/uploads\/factory-13.webp\"\/><\/p>\n<p><img decoding=\"async\" src=\"\/wp-content\/uploads\/factory-14.webp\"\/><\/p>\n<h2>FAQ<\/h2>\n<p><p><b>1. \u00e0 quoi servent les bordures en aluminium pour le contreplaqu\u00e9 ?<\/b><\/p>\n<p>Les bordures en aluminium pour contreplaqu\u00e9 sont utilis\u00e9es pour prot\u00e9ger et am\u00e9liorer les bords des panneaux de contreplaqu\u00e9, offrant \u00e0 la fois une durabilit\u00e9 et un aspect fini.<br \/>\n<\/p><br \/>\n<br \/>\n<p><b>2. la garniture en aluminium est-elle compatible avec toutes les \u00e9paisseurs de contreplaqu\u00e9 ?<\/b><\/p>\n<p>Les bordures en aluminium pour contreplaqu\u00e9 sont disponibles en diff\u00e9rentes tailles pour s'adapter aux \u00e9paisseurs de contreplaqu\u00e9 standard, garantissant ainsi un ajustement parfait.<br \/>\n<\/p><br \/>\n<br \/>\n<p><b>3. les bordures en aluminium pour le contreplaqu\u00e9 peuvent-elles \u00eatre utilis\u00e9es \u00e0 l'ext\u00e9rieur ?<\/b><\/p>\n<p>Oui, la construction en aluminium est r\u00e9sistante \u00e0 la corrosion, ce qui la rend id\u00e9ale pour les applications int\u00e9rieures et ext\u00e9rieures.<br \/>\n<\/p><br \/>\n<br \/>\n<p><b>4. comment installer les bordures en aluminium pour le contreplaqu\u00e9 ?<\/b><\/p>\n<p>Les bordures en aluminium pour contreplaqu\u00e9 sont faciles \u00e0 couper et \u00e0 installer \u00e0 l'aide d'outils courants, ce qui demande peu de temps et d'efforts.<br \/>\n<\/p><br \/>\n<br \/>\n<p><b>5. la garniture de rive en aluminium am\u00e9liore-t-elle la r\u00e9sistance du contreplaqu\u00e9 ?<\/b><\/p>\n<p>Oui, il permet de renforcer les bords des panneaux de contreplaqu\u00e9, en ajoutant une int\u00e9grit\u00e9 structurelle et une r\u00e9sistance aux dommages caus\u00e9s par les bords.<br \/>\n<\/p><br \/>\n<br \/>\n<p><b>6. Quelles sont les finitions disponibles pour les bordures en aluminium pour contreplaqu\u00e9 ?<\/b><\/p>\n<p>Les bordures en aluminium pour le contreplaqu\u00e9 sont disponibles dans une vari\u00e9t\u00e9 de finitions, y compris des options anodis\u00e9es, bross\u00e9es et rev\u00eatues de poudre pour une plus grande souplesse de conception.<br \/>\n<\/p><br \/>\n<br \/>\n<p><b>7. les bordures en aluminium pour contreplaqu\u00e9 sont-elles r\u00e9sistantes \u00e0 l'humidit\u00e9 ?<\/b><\/p>\n<p>Oui, le mat\u00e9riau aluminium offre une excellente r\u00e9sistance \u00e0 l'humidit\u00e9, ce qui le rend adapt\u00e9 aux environnements tr\u00e8s humides.<\/p>\n<p><\/p><br \/><\/p>","protected":false},"featured_media":6927,"template":"","categories":[67],"class_list":["post-6928","product","type-product","status-publish","has-post-thumbnail","hentry","category-architectural-aluminium-profile"],"meta_box":{"hilight_text_group":{"product_hilight_text":"<li>Durable aluminum construction ensures long-lasting edge protection<\/li>\r\r\n<li>Designed specifically to fit standard plywood thicknesses<\/li>\r\r\n<li>Provides a clean, professional finish to exposed plywood edges<\/li>\r\r\n<li>Resistant to corrosion, moisture, and impact damage<\/li>\r\r\n<li>Easy to cut and install for efficient project completion<\/li>\r\r\n<li>Enhances structural integrity and aesthetic appeal of plywood panels<\/li>\r\r\n<li>Available in various finishes to match design requirements<\/li>","product_chanpin_blog":"<ul>\r\r\n<li><a href=\"https:\/\/sinoextrud.com\/t-slot-v-slot-differences\/\" target=\"_blank\">t slot vs v slot<\/a><\/li>\r\r\n<li><a href=\"https:\/\/sinoextrud.com\/what-is-4040-aluminium-extrud\/\" target=\"_blank\">4040 aluminium extrusion<\/a><\/li>\r\r\n<li><a href=\"https:\/\/sinoextrud.com\/what-is-4040-aluminium-extrud\/\" target=\"_blank\">aluminum extrusions for industrial racks<\/a><\/li>\r\r\n<li><a href=\"https:\/\/sinoextrud.com\/powder-coating-aluminium-process\/\" target=\"_blank\">powder coating aluminium<\/a><\/li>\r\r\n<li><a href=\"https:\/\/sinoextrud.com\/what-is-an-aluminium-strip-ceiling\/\" target=\"_blank\">aluminium strip ceiling<\/a><\/li>\r\r\n<li><a href=\"https:\/\/sinoextrud.com\/what-is-a-heat-sink\/\" target=\"_blank\">what is a heat sink<\/a><\/li>\r\r\n<\/ul>","product_chanpin_chanpin":"<li><a href=\"https:\/\/sinoextrud.com\/product\/custom-precision-cnc-machining-for-aluminum-parts\/\" target=\"_blank\">Custom Precision CNC Machining for Aluminum Parts<\/a><\/li>\r\n<li><a href=\"https:\/\/sinoextrud.com\/product\/anodized-extruded-c-section-aluminium-profile\/\" target=\"_blank\">Anodized Extruded C Section Aluminium Profile<\/a><\/li>\r\n<li><a href=\"https:\/\/sinoextrud.com\/product\/matte-champagne-floor-and-stair-step-parquet-tile-carpet-trim-transition-aluminium-profile\/\" target=\"_blank\">Matte champagne floor and stair step parquet tile carpet trim transition aluminium profile<\/a><\/li>\r\n<li><a href=\"https:\/\/sinoextrud.com\/product\/wall-surface-edging-protection-skirtboard-baseboard-kicking-line-aluminium-profile\/\" target=\"_blank\">Wall surface edging protection Skirtboard Baseboard Kicking line aluminium profile<\/a><\/li>\r\n<li><a href=\"https:\/\/sinoextrud.com\/product\/aluminum-edge-trim-for-plywood\/\" target=\"_blank\">Aluminum Edge Trim For Plywood<\/a><\/li>\r\n<li><a href=\"https:\/\/sinoextrud.com\/product\/rectangular-aluminum-extrusions\/\" target=\"_blank\">Rectangular Aluminum Extrusions<\/a><\/li>\r\n<li><a href=\"https:\/\/sinoextrud.com\/product\/aluminium-extrusion-profiles-for-the-windows\/\" target=\"_blank\">Aluminium Extrusion Profiles For The Windows<\/a><\/li>\r\n<li><a href=\"https:\/\/sinoextrud.com\/product\/aluminum-extrusion-polished-square-tupe\/\" target=\"_blank\">Aluminum Extrusion Polished Square Tupe<\/a><\/li>\r\n<li><a href=\"https:\/\/sinoextrud.com\/product\/aluminum-door-jamb-extrusions\/\" target=\"_blank\">Aluminum Door Jamb Extrusions<\/a><\/li>\r\n<li><a href=\"https:\/\/sinoextrud.com\/product\/h-section-aluminium-extrusion\/\" target=\"_blank\">H Section Aluminium Extrusion<\/a><\/li>\r\n<li><a href=\"https:\/\/sinoextrud.com\/product\/aluminium-sliding-door-with-french-style-bi-folding-glass-wall-door-energy-saving-heat-insulation\/\" target=\"_blank\">Aluminium Sliding Door With French Style Bi-folding Glass Wall Door Energy Saving Heat Insulation<\/a><\/li>"},"feature_list":[]},"_links":{"self":[{"href":"https:\/\/sinoextrud.com\/fr\/wp-json\/wp\/v2\/product\/6928","targetHints":{"allow":["GET"]}}],"collection":[{"href":"https:\/\/sinoextrud.com\/fr\/wp-json\/wp\/v2\/product"}],"about":[{"href":"https:\/\/sinoextrud.com\/fr\/wp-json\/wp\/v2\/types\/product"}],"wp:featuredmedia":[{"embeddable":true,"href":"https:\/\/sinoextrud.com\/fr\/wp-json\/wp\/v2\/media\/6927"}],"wp:attachment":[{"href":"https:\/\/sinoextrud.com\/fr\/wp-json\/wp\/v2\/media?parent=6928"}],"wp:term":[{"taxonomy":"category","embeddable":true,"href":"https:\/\/sinoextrud.com\/fr\/wp-json\/wp\/v2\/categories?post=6928"}],"curies":[{"name":"wp","href":"https:\/\/api.w.org\/{rel}","templated":true}]}}