{"id":6922,"date":"2025-06-04T02:18:18","date_gmt":"2025-06-04T02:18:18","guid":{"rendered":"https:\/\/sinoextrud.com\/product\/anodized-extruded-c-section-aluminium-profile\/"},"modified":"2025-06-24T06:11:59","modified_gmt":"2025-06-24T06:11:59","slug":"profile-daluminium-extrude-anodise-en-c","status":"publish","type":"product","link":"https:\/\/sinoextrud.com\/fr\/product\/anodized-extruded-c-section-aluminium-profile\/","title":{"rendered":"Profil\u00e9 d'aluminium extrud\u00e9 anodis\u00e9 en C"},"content":{"rendered":"<h2>D\u00e9tails des produits<\/h2>\n<table class=\"custom-table\">\n<tr>\n<td class=\"label\">Grade :<\/td>\n<td>6063 -t5\uff0c<\/td>\n<\/tr>\n<tr>\n<td class=\"label\">Technique :<\/td>\n<td>Profil\u00e9 d'aluminium extrud\u00e9 anodis\u00e9 en C\uff0c<\/td>\n<\/tr>\n<tr>\n<td class=\"label\">Temp\u00e9rer :<\/td>\n<td>T3 - T8\uff0c<\/td>\n<\/tr>\n<tr>\n<td class=\"label\">Services d'usinage :<\/td>\n<td>Per\u00e7age, taraudage, rivetage, assemblage, etc\uff0c<\/td>\n<\/tr>\n<tr>\n<td class=\"label\">Marque d\u00e9pos\u00e9e :<\/td>\n<td>Sinoextrud Sinoextrud \uff0c<\/td>\n<\/tr>\n<tr>\n<td class=\"label\">Type :<\/td>\n<td>Profil\u00e9 extrud\u00e9 en aluminium de section C\uff0c<\/td>\n<\/tr>\n<tr>\n<td class=\"label\">Forme :<\/td>\n<td>Fabriqu\u00e9 selon le design du client\uff0c<\/td>\n<\/tr>\n<tr>\n<td class=\"label\">Traitement de surface :<\/td>\n<td>Finition frais\u00e9e Anodis\u00e9e Bross\u00e9e\uff0c<\/td>\n<\/tr>\n<tr>\n<td class=\"label\">Longueur :<\/td>\n<td>1m \u00e0 9m par longueur\uff0c<\/td>\n<\/tr>\n<tr>\n<td class=\"label\">Couleurs :<\/td>\n<td>Argent Noir\uff0c<\/td>\n<\/tr>\n<tr>\n<td class=\"label\">Code HS :<\/td>\n<td>76042990\uff0c<\/td>\n<\/tr>\n<\/table>\n<h2>Notre base de production<\/h2>\n<h3>Panorama de l'usine<\/h3>\n<p><img decoding=\"async\" src=\"\/wp-content\/uploads\/factory-01.webp\"\/><\/p>\n<h3>Atelier de fabrication de barres d'aluminium<\/h3>\n<p><img decoding=\"async\" src=\"\/wp-content\/uploads\/factory-02.webp\"\/><\/p>\n<p><img decoding=\"async\" src=\"\/wp-content\/uploads\/factory-03.webp\"\/><\/p>\n<h3>Entrep\u00f4t de stockage des moules<\/h3>\n<p><img decoding=\"async\" src=\"\/wp-content\/uploads\/factory-04.webp\"\/><\/p>\n<h3>43 lignes d'extrusion d'aluminium (500-5500 tonnes)<\/h3>\n<p><img decoding=\"async\" src=\"\/wp-content\/uploads\/factory-05.webp\"\/><\/p>\n<p><img decoding=\"async\" src=\"\/wp-content\/uploads\/factory-06.webp\"\/><\/p>\n<p><img decoding=\"async\" src=\"\/wp-content\/uploads\/factory-07.webp\"\/><\/p>\n<h3>Atelier de peinture en poudre<\/h3>\n<p><img decoding=\"async\" src=\"\/wp-content\/uploads\/factory-09.webp\"\/><\/p>\n<h3>Atelier d'anodisation<\/h3>\n<p><img decoding=\"async\" src=\"\/wp-content\/uploads\/factory-10.webp\"\/><\/p>\n<h3>Atelier sur le traitement en profondeur<\/h3>\n<p><img decoding=\"async\" src=\"\/wp-content\/uploads\/factory-11.webp\"\/><\/p>\n<h3>Atelier d'usinage de pr\u00e9cision CNC<\/h3>\n<p><img decoding=\"async\" src=\"\/wp-content\/uploads\/factory-11.5.webp\"\/><\/p>\n<h3>Entrep\u00f4t de produits finis et d'exportation<\/h3>\n<p><img decoding=\"async\" src=\"\/wp-content\/uploads\/factory-12.webp\"\/><\/p>\n<p><img decoding=\"async\" src=\"\/wp-content\/uploads\/factory-13.webp\"\/><\/p>\n<p><img decoding=\"async\" src=\"\/wp-content\/uploads\/factory-14.webp\"\/><\/p>\n<h2>FAQ<\/h2>\n<p><p><b>1) Qu'est-ce qu'un profil\u00e9 en aluminium extrud\u00e9 anodis\u00e9 de section C ?<\/b><\/p>\n<p>Un profil\u00e9 d'aluminium extrud\u00e9 anodis\u00e9 en forme de C est un profil\u00e9 d'aluminium en forme de C qui a subi une anodisation, am\u00e9liorant sa r\u00e9sistance \u00e0 la corrosion et la durabilit\u00e9 de sa surface pour diverses applications structurelles et d\u00e9coratives.<br \/>\n<\/p><br \/>\n<br \/>\n<p><b>2. pourquoi choisir l'aluminium anodis\u00e9 pour les profil\u00e9s en C ?<\/b><\/p>\n<p>L'anodisation augmente l'\u00e9paisseur de la couche d'oxyde naturel sur l'aluminium, ce qui am\u00e9liore la r\u00e9sistance \u00e0 la corrosion, la duret\u00e9 de la surface et la capacit\u00e9 d'accepter diff\u00e9rentes finitions color\u00e9es, ce qui en fait un produit id\u00e9al \u00e0 la fois pour des raisons fonctionnelles et esth\u00e9tiques.<br \/>\n<\/p><br \/>\n<br \/>\n<p><b>3. Quelles sont les applications courantes des profil\u00e9s extrud\u00e9s anodis\u00e9s en aluminium de section C ?<\/b><\/p>\n<p>Ces profil\u00e9s sont couramment utilis\u00e9s dans les charpentes de construction, les garnitures architecturales, les bordures de protection, les cadres de fen\u00eatres et de portes, ainsi que dans diverses applications industrielles n\u00e9cessitant des composants l\u00e9gers et durables.<br \/>\n<\/p><br \/>\n<br \/>\n<p><b>4. les dimensions et les finitions de ces profil\u00e9s peuvent-elles \u00eatre personnalis\u00e9es ?<\/b><\/p>\n<p>Oui, les fabricants proposent une personnalisation en termes de taille, de forme et de finition anodis\u00e9e afin de r\u00e9pondre aux exigences sp\u00e9cifiques du projet et aux pr\u00e9f\u00e9rences en mati\u00e8re de design.<br \/>\n<\/p><br \/>\n<br \/>\n<p><b>5. Ces profil\u00e9s conviennent-ils pour des applications ext\u00e9rieures ?<\/b><\/p>\n<p>En outre, la couche anodis\u00e9e offre une protection accrue contre les \u00e9l\u00e9ments environnementaux, ce qui rend ces profil\u00e9s id\u00e9aux pour les structures et les installations ext\u00e9rieures.<br \/>\n<\/p><br \/>\n<br \/>\n<p><b>6. Quelle est l'influence du type d'alliage sur les performances de ces profil\u00e9s ?<\/b><\/p>\n<p>L'alliage d'aluminium 6063-T5 offre une excellente extrudabilit\u00e9, une r\u00e9sistance \u00e0 la corrosion et un excellent \u00e9tat de surface, ce qui en fait un choix privil\u00e9gi\u00e9 pour les profil\u00e9s extrud\u00e9s anodis\u00e9s utilis\u00e9s dans les applications architecturales et structurelles.<br \/>\n<\/p><br \/>\n<br \/>\n<p><b>7. l'aluminium est-il un mat\u00e9riau \u00e9cologique pour les profil\u00e9s de construction ?<\/b><\/p>\n<p>Oui, l'aluminium est enti\u00e8rement recyclable sans perte de propri\u00e9t\u00e9s, ce qui en fait un choix durable pour les projets de construction respectueux de l'environnement.<br \/>\n<\/p><br \/><\/p>","protected":false},"featured_media":6921,"template":"","categories":[67],"class_list":["post-6922","product","type-product","status-publish","has-post-thumbnail","hentry","category-architectural-aluminium-profile"],"meta_box":{"hilight_text_group":{"product_hilight_text":"<li>Precision-extruded C-shaped profiles made from 6063-T5 aluminum alloy, offering excellent strength-to-weight ratio.<\/li>\r\r\n<li>Anodized finish enhances corrosion resistance, surface hardness, and aesthetic appeal, suitable for both indoor and outdoor applications.<\/li>\r\r\n<li>Available in various anodized colors including clear, bronze, black, and gold to match diverse design requirements.<\/li>\r\r\n<li>Customizable dimensions and lengths to fit specific architectural and industrial applications.<\/li>\r\r\n<li>Lightweight and easy to fabricate, allowing for efficient installation and reduced labor costs.<\/li>\r\r\n<li>Low-maintenance surfaces resist wear, fading, and weathering, ensuring long-term performance.<\/li>\r\r\n<li>Environmentally friendly and fully recyclable, supporting sustainable construction practices.<\/li>","product_chanpin_blog":"<ul>\r\r\n<li><a href=\"https:\/\/sinoextrud.com\/t-slot-v-slot-differences\/\" target=\"_blank\">t slot vs v slot<\/a><\/li>\r\r\n<li><a href=\"https:\/\/sinoextrud.com\/what-is-4040-aluminium-extrud\/\" target=\"_blank\">4040 aluminium extrusion<\/a><\/li>\r\r\n<li><a href=\"https:\/\/sinoextrud.com\/what-is-4040-aluminium-extrud\/\" target=\"_blank\">aluminum extrusions for industrial racks<\/a><\/li>\r\r\n<li><a href=\"https:\/\/sinoextrud.com\/powder-coating-aluminium-process\/\" target=\"_blank\">powder coating aluminium<\/a><\/li>\r\r\n<li><a href=\"https:\/\/sinoextrud.com\/what-is-an-aluminium-strip-ceiling\/\" target=\"_blank\">aluminium strip ceiling<\/a><\/li>\r\r\n<li><a href=\"https:\/\/sinoextrud.com\/what-is-a-heat-sink\/\" target=\"_blank\">what is a heat sink<\/a><\/li>\r\r\n<\/ul>","product_chanpin_chanpin":"<li><a href=\"https:\/\/sinoextrud.com\/product\/aluminum-cnc-machined-part-custom-aluminum-machining\/\" target=\"_blank\">Aluminum CNC Machined Part Custom Aluminum Machining<\/a><\/li>\r\n<li><a href=\"https:\/\/sinoextrud.com\/product\/aluminum-t-bar-extrusion\/\" target=\"_blank\">Aluminum T Bar Extrusion<\/a><\/li>\r\n<li><a href=\"https:\/\/sinoextrud.com\/product\/aluminium-profile-for-fold-rack-aluminum-alloy-clothes-drying-rack-and-aluminium-frame-clotheshorse\/\" target=\"_blank\">Aluminium profile for Fold rack Aluminum alloy Clothes drying rack and aluminium frame Clotheshorse<\/a><\/li>\r\n<li><a href=\"https:\/\/sinoextrud.com\/product\/custom-precision-cnc-machining-for-aluminum-parts\/\" target=\"_blank\">Custom Precision CNC Machining for Aluminum Parts<\/a><\/li>\r\n<li><a href=\"https:\/\/sinoextrud.com\/product\/anodized-extruded-c-section-aluminium-profile\/\" target=\"_blank\">Anodized Extruded C Section Aluminium Profile<\/a><\/li>\r\n<li><a href=\"https:\/\/sinoextrud.com\/product\/matte-champagne-floor-and-stair-step-parquet-tile-carpet-trim-transition-aluminium-profile\/\" target=\"_blank\">Matte champagne floor and stair step parquet tile carpet trim transition aluminium profile<\/a><\/li>\r\n<li><a href=\"https:\/\/sinoextrud.com\/product\/wall-surface-edging-protection-skirtboard-baseboard-kicking-line-aluminium-profile\/\" target=\"_blank\">Wall surface edging protection Skirtboard Baseboard Kicking line aluminium profile<\/a><\/li>\r\n<li><a href=\"https:\/\/sinoextrud.com\/product\/aluminum-edge-trim-for-plywood\/\" target=\"_blank\">Aluminum Edge Trim For Plywood<\/a><\/li>\r\n<li><a href=\"https:\/\/sinoextrud.com\/product\/rectangular-aluminum-extrusions\/\" target=\"_blank\">Rectangular Aluminum Extrusions<\/a><\/li>\r\n<li><a href=\"https:\/\/sinoextrud.com\/product\/aluminium-curtain-guide-rail\/\" target=\"_blank\">Aluminium Curtain Guide Rail<\/a><\/li>\r\n<li><a href=\"https:\/\/sinoextrud.com\/product\/aluminum-extrusion-electroplated-shower-room-aluminum-profile\/\" target=\"_blank\">Aluminum Extrusion Electroplated Shower Room Aluminum Profile<\/a><\/li>"},"feature_list":[]},"_links":{"self":[{"href":"https:\/\/sinoextrud.com\/fr\/wp-json\/wp\/v2\/product\/6922","targetHints":{"allow":["GET"]}}],"collection":[{"href":"https:\/\/sinoextrud.com\/fr\/wp-json\/wp\/v2\/product"}],"about":[{"href":"https:\/\/sinoextrud.com\/fr\/wp-json\/wp\/v2\/types\/product"}],"wp:featuredmedia":[{"embeddable":true,"href":"https:\/\/sinoextrud.com\/fr\/wp-json\/wp\/v2\/media\/6921"}],"wp:attachment":[{"href":"https:\/\/sinoextrud.com\/fr\/wp-json\/wp\/v2\/media?parent=6922"}],"wp:term":[{"taxonomy":"category","embeddable":true,"href":"https:\/\/sinoextrud.com\/fr\/wp-json\/wp\/v2\/categories?post=6922"}],"curies":[{"name":"wp","href":"https:\/\/api.w.org\/{rel}","templated":true}]}}