{"id":6914,"date":"2025-06-04T02:09:48","date_gmt":"2025-06-04T02:09:48","guid":{"rendered":"https:\/\/sinoextrud.com\/product\/aluminum-cnc-machined-part-custom-aluminum-machining\/"},"modified":"2025-06-24T06:11:58","modified_gmt":"2025-06-24T06:11:58","slug":"pieces-en-aluminium-usinees-en-cnc-pieces-en-aluminium-usinees-sur-mesure","status":"publish","type":"product","link":"https:\/\/sinoextrud.com\/fr\/product\/aluminum-cnc-machined-part-custom-aluminum-machining\/","title":{"rendered":"Pi\u00e8ces usin\u00e9es CNC en aluminium Usinage d'aluminium sur mesure"},"content":{"rendered":"<h2>D\u00e9tails des produits<\/h2>\n<table class=\"custom-table\">\n<tr>\n<td class=\"label\">Standard :<\/td>\n<td> DIN, GB, JIS\uff0c<\/td>\n<\/tr>\n<tr>\n<td class=\"label\">Article :<\/td>\n<td> Pi\u00e8ces en aluminium usin\u00e9es CNC\uff0c<\/td>\n<\/tr>\n<tr>\n<td class=\"label\">Logiciel :<\/td>\n<td> PRO\/E, Auto CAD, Solid Work, Ug, CAD, Cam\uff0c<\/td>\n<\/tr>\n<tr>\n<td class=\"label\">Syst\u00e8me de contr\u00f4le de qualit\u00e9 :<\/td>\n<td> 100% Inspection avant exp\u00e9dition\uff0c<\/td>\n<\/tr>\n<tr>\n<td class=\"label\">Type d'entreprise :<\/td>\n<td> Fabricant de CNC sur mesure en aluminium\uff0c<\/td>\n<\/tr>\n<tr>\n<td class=\"label\">Sp\u00e9cification :<\/td>\n<td> D\u00e9pend de la quantit\u00e9 de la commande\uff0c<\/td>\n<\/tr>\n<tr>\n<td class=\"label\">Code HS :<\/td>\n<td> 8503009090\uff0c<\/td>\n<\/tr>\n<tr>\n<td class=\"label\">Certification :<\/td>\n<td> SGS, ISO9001\uff0c<\/td>\n<\/tr>\n<tr>\n<td class=\"label\">Sur mesure :<\/td>\n<td> Personnalis\u00e9\uff0c<\/td>\n<\/tr>\n<tr>\n<td class=\"label\">Application :<\/td>\n<td> Machines de recyclage des m\u00e9taux, machines de coupe des m\u00e9taux, machines \u00e0 redresser les m\u00e9taux, machines \u00e0 filer les m\u00e9taux, pi\u00e8ces de machines de traitement des m\u00e9taux, machines d'\u00e9tirage des m\u00e9taux, machines de rev\u00eatement des m\u00e9taux, machines de coul\u00e9e des m\u00e9taux\uff0c<\/td>\n<\/tr>\n<tr>\n<td class=\"label\">Type :<\/td>\n<td> Usinage CNC de l'aluminium\uff0c<\/td>\n<\/tr>\n<tr>\n<td class=\"label\">March\u00e9 d'exportation :<\/td>\n<td> Global\uff0c<\/td>\n<\/tr>\n<tr>\n<td class=\"label\">Paquet de transport :<\/td>\n<td> selon les exigences du client\uff0c<\/td>\n<\/tr>\n<tr>\n<td class=\"label\">Origine :<\/td>\n<td> Foshan, Chine \uff0c<\/td>\n<\/tr>\n<\/table>\n<h2>Notre base de production<\/h2>\n<h3>Panorama de l'usine<\/h3>\n<p><img decoding=\"async\" src=\"\/wp-content\/uploads\/factory-01.webp\"\/><\/p>\n<h3>Atelier de fabrication de barres d'aluminium<\/h3>\n<p><img decoding=\"async\" src=\"\/wp-content\/uploads\/factory-02.webp\"\/><\/p>\n<p><img decoding=\"async\" src=\"\/wp-content\/uploads\/factory-03.webp\"\/><\/p>\n<h3>Entrep\u00f4t de stockage des moules<\/h3>\n<p><img decoding=\"async\" src=\"\/wp-content\/uploads\/factory-04.webp\"\/><\/p>\n<h3>43 lignes d'extrusion d'aluminium (500-5500 tonnes)<\/h3>\n<p><img decoding=\"async\" src=\"\/wp-content\/uploads\/factory-05.webp\"\/><\/p>\n<p><img decoding=\"async\" src=\"\/wp-content\/uploads\/factory-06.webp\"\/><\/p>\n<p><img decoding=\"async\" src=\"\/wp-content\/uploads\/factory-07.webp\"\/><\/p>\n<h3>Atelier de peinture en poudre<\/h3>\n<p><img decoding=\"async\" src=\"\/wp-content\/uploads\/factory-09.webp\"\/><\/p>\n<h3>Atelier d'anodisation<\/h3>\n<p><img decoding=\"async\" src=\"\/wp-content\/uploads\/factory-10.webp\"\/><\/p>\n<h3>Atelier sur le traitement en profondeur<\/h3>\n<p><img decoding=\"async\" src=\"\/wp-content\/uploads\/factory-11.webp\"\/><\/p>\n<h3>Atelier d'usinage de pr\u00e9cision CNC<\/h3>\n<p><img decoding=\"async\" src=\"\/wp-content\/uploads\/factory-11.5.webp\"\/><\/p>\n<h3>Entrep\u00f4t de produits finis et d'exportation<\/h3>\n<p><img decoding=\"async\" src=\"\/wp-content\/uploads\/factory-12.webp\"\/><\/p>\n<p><img decoding=\"async\" src=\"\/wp-content\/uploads\/factory-13.webp\"\/><\/p>\n<p><img decoding=\"async\" src=\"\/wp-content\/uploads\/factory-14.webp\"\/><\/p>\n<h2>FAQ<\/h2>\n<p><p><b>1) Quels sont les avantages de l'usinage CNC pour les pi\u00e8ces en aluminium personnalis\u00e9es ?<\/b><\/p>\n<p>L'usinage CNC offre une grande pr\u00e9cision, une grande r\u00e9p\u00e9tabilit\u00e9 et la possibilit\u00e9 de produire des g\u00e9om\u00e9tries complexes, ce qui en fait la solution id\u00e9ale pour les pi\u00e8ces en aluminium personnalis\u00e9es dans diverses industries.<br \/>\n<\/p><br \/>\n<br \/>\n<p><b>2) Quels sont les alliages d'aluminium couramment utilis\u00e9s dans l'usinage CNC ?<\/b><\/p>\n<p>Les alliages d'aluminium les plus couramment utilis\u00e9s sont le 6061 pour les applications g\u00e9n\u00e9rales, le 7075 pour les exigences de haute r\u00e9sistance et le 2024 pour les composants a\u00e9rospatiaux.<br \/>\n<\/p><br \/>\n<br \/>\n<p><b>3. puis-je obtenir un prototype unique fabriqu\u00e9 par usinage CNC de l'aluminium ?<\/b><\/p>\n<p>Oui, l'usinage CNC convient aussi bien \u00e0 la production de prototypes individuels qu'\u00e0 celle de grandes s\u00e9ries, ce qui offre une grande souplesse dans les quantit\u00e9s command\u00e9es.<br \/>\n<\/p><br \/>\n<br \/>\n<p><b>4) Quelles sont les finitions de surface disponibles pour les pi\u00e8ces en aluminium usin\u00e9es par CNC ?<\/b><\/p>\n<p>Les finitions disponibles comprennent l'anodisation pour la r\u00e9sistance \u00e0 la corrosion, le rev\u00eatement par poudre pour une durabilit\u00e9 accrue et le microbillage pour une texture mate uniforme.<br \/>\n<\/p><br \/>\n<br \/>\n<p><b>5. dans quel d\u00e9lai puis-je recevoir mes pi\u00e8ces CNC en aluminium personnalis\u00e9es ?<\/b><\/p>\n<p>Les d\u00e9lais d'ex\u00e9cution varient, mais de nombreux services proposent une production rapide, avec des pi\u00e8ces livr\u00e9es en seulement 3 \u00e0 5 jours ouvrables, en fonction de la complexit\u00e9 et de la quantit\u00e9.<br \/>\n<\/p><br \/>\n<br \/>\n<p><b>6. les pi\u00e8ces en aluminium usin\u00e9es par CNC conviennent-elles aux applications ext\u00e9rieures ?<\/b><\/p>\n<p>Oui, avec des traitements de surface appropri\u00e9s tels que l'anodisation ou le rev\u00eatement en poudre, les pi\u00e8ces en aluminium peuvent r\u00e9sister aux environnements ext\u00e9rieurs et \u00e0 la corrosion.<br \/>\n<\/p><br \/>\n<br \/>\n<p><b>7. l'aluminium est-il un choix durable pour les pi\u00e8ces usin\u00e9es par CNC ?<\/b><\/p>\n<p>Absolument, l'aluminium est enti\u00e8rement recyclable sans perte de propri\u00e9t\u00e9s, ce qui en fait une option respectueuse de l'environnement pour diverses applications.<br \/>\n<\/p><br \/><\/p>","protected":false},"featured_media":6912,"template":"","categories":[67],"class_list":["post-6914","product","type-product","status-publish","has-post-thumbnail","hentry","category-architectural-aluminium-profile"],"meta_box":{"hilight_text_group":{"product_hilight_text":"<li>High-precision CNC machining ensures tight tolerances and consistent quality for complex aluminum parts.<\/li>\r\r\n<li>Suitable for both prototyping and mass production, accommodating quantities from single units to large-scale orders.<\/li>\r\r\n<li>Wide range of aluminum alloys available, including 6061, 7075, and 2024, to meet diverse mechanical and thermal requirements.<\/li>\r\r\n<li>Various surface finishing options such as anodizing, powder coating, and bead blasting enhance durability and aesthetics.<\/li>\r\r\n<li>Fast turnaround times with instant online quoting and efficient production processes reduce time-to-market.<\/li>\r\r\n<li>ISO-certified manufacturing processes guarantee high-quality standards and compliance with industry regulations.<\/li>\r\r\n<li>Environmentally friendly material choice, with aluminum being fully recyclable and supporting sustainable manufacturing practices.<\/li>","product_chanpin_blog":"<ul>\r\r\n<li><a href=\"https:\/\/sinoextrud.com\/t-slot-v-slot-differences\/\" target=\"_blank\">t slot vs v slot<\/a><\/li>\r\r\n<li><a href=\"https:\/\/sinoextrud.com\/what-is-4040-aluminium-extrud\/\" target=\"_blank\">4040 aluminium extrusion<\/a><\/li>\r\r\n<li><a href=\"https:\/\/sinoextrud.com\/what-is-4040-aluminium-extrud\/\" target=\"_blank\">aluminum extrusions for industrial racks<\/a><\/li>\r\r\n<li><a href=\"https:\/\/sinoextrud.com\/powder-coating-aluminium-process\/\" target=\"_blank\">powder coating aluminium<\/a><\/li>\r\r\n<li><a href=\"https:\/\/sinoextrud.com\/what-is-an-aluminium-strip-ceiling\/\" target=\"_blank\">aluminium strip ceiling<\/a><\/li>\r\r\n<li><a href=\"https:\/\/sinoextrud.com\/what-is-a-heat-sink\/\" target=\"_blank\">what is a heat sink<\/a><\/li>\r\r\n<\/ul>","product_chanpin_chanpin":"<li><a href=\"https:\/\/sinoextrud.com\/product\/h-shaped-aluminum-extrusion\/\" target=\"_blank\">H Shaped Aluminum Extrusion<\/a><\/li>\r\n<li><a href=\"https:\/\/sinoextrud.com\/product\/6063-6061aluminum-extrusions-for-door-frames\/\" target=\"_blank\">6063 6061Aluminum Extrusions For Door Frames<\/a><\/li>\r\n<li><a href=\"https:\/\/sinoextrud.com\/product\/aluminium-window-trim-profiles\/\" target=\"_blank\">Aluminium Window Trim Profiles<\/a><\/li>\r\n<li><a href=\"https:\/\/sinoextrud.com\/product\/aluminium-window-and-door-profiles\/\" target=\"_blank\">Aluminium Window And Door Profiles<\/a><\/li>\r\n<li><a href=\"https:\/\/sinoextrud.com\/product\/aluminum-cnc-machined-part-custom-aluminum-machining\/\" target=\"_blank\">Aluminum CNC Machined Part Custom Aluminum Machining<\/a><\/li>\r\n<li><a href=\"https:\/\/sinoextrud.com\/product\/aluminum-t-bar-extrusion\/\" target=\"_blank\">Aluminum T Bar Extrusion<\/a><\/li>\r\n<li><a href=\"https:\/\/sinoextrud.com\/product\/aluminium-profile-for-fold-rack-aluminum-alloy-clothes-drying-rack-and-aluminium-frame-clotheshorse\/\" target=\"_blank\">Aluminium profile for Fold rack Aluminum alloy Clothes drying rack and aluminium frame Clotheshorse<\/a><\/li>\r\n<li><a href=\"https:\/\/sinoextrud.com\/product\/custom-precision-cnc-machining-for-aluminum-parts\/\" target=\"_blank\">Custom Precision CNC Machining for Aluminum Parts<\/a><\/li>\r\n<li><a href=\"https:\/\/sinoextrud.com\/product\/anodized-extruded-c-section-aluminium-profile\/\" target=\"_blank\">Anodized Extruded C Section Aluminium Profile<\/a><\/li>\r\n<li><a href=\"https:\/\/sinoextrud.com\/product\/6063t6-aluminium-profile-corner\/\" target=\"_blank\">6063T6 Aluminium Profile Corner<\/a><\/li>\r\n<li><a href=\"https:\/\/sinoextrud.com\/product\/bright-anodized-aluminum-profile\/\" target=\"_blank\">Bright Anodized Aluminum Profile<\/a><\/li>"},"feature_list":[]},"_links":{"self":[{"href":"https:\/\/sinoextrud.com\/fr\/wp-json\/wp\/v2\/product\/6914","targetHints":{"allow":["GET"]}}],"collection":[{"href":"https:\/\/sinoextrud.com\/fr\/wp-json\/wp\/v2\/product"}],"about":[{"href":"https:\/\/sinoextrud.com\/fr\/wp-json\/wp\/v2\/types\/product"}],"wp:featuredmedia":[{"embeddable":true,"href":"https:\/\/sinoextrud.com\/fr\/wp-json\/wp\/v2\/media\/6912"}],"wp:attachment":[{"href":"https:\/\/sinoextrud.com\/fr\/wp-json\/wp\/v2\/media?parent=6914"}],"wp:term":[{"taxonomy":"category","embeddable":true,"href":"https:\/\/sinoextrud.com\/fr\/wp-json\/wp\/v2\/categories?post=6914"}],"curies":[{"name":"wp","href":"https:\/\/api.w.org\/{rel}","templated":true}]}}