{"id":6903,"date":"2025-06-04T01:48:38","date_gmt":"2025-06-04T01:48:38","guid":{"rendered":"https:\/\/sinoextrud.com\/product\/aluminum-z-extrusion\/"},"modified":"2025-06-24T06:11:56","modified_gmt":"2025-06-24T06:11:56","slug":"extrusion-aluminium-z","status":"publish","type":"product","link":"https:\/\/sinoextrud.com\/fr\/product\/aluminum-z-extrusion\/","title":{"rendered":"Extrusion d'aluminium en Z"},"content":{"rendered":"<h2>D\u00e9tails des produits<\/h2>\n<table class=\"custom-table\">\n<tr>\n<td class=\"label\">Nom :<\/td>\n<td>Extrusion d'aluminium en Z\uff0c<\/td>\n<\/tr>\n<tr>\n<td class=\"label\">Marque :<\/td>\n<td>Sinoextrud\/Sinoextrud\uff0c<\/td>\n<\/tr>\n<tr>\n<td class=\"label\">Mat\u00e9riau :<\/td>\n<td>S\u00e9rie 6000\uff0c<\/td>\n<\/tr>\n<tr>\n<td class=\"label\">Temp\u00e9rer :<\/td>\n<td>T5-T8\uff0c<\/td>\n<\/tr>\n<tr>\n<td class=\"label\">Longueur :<\/td>\n<td>30-6000 mm ou personnalisation\uff0c<\/td>\n<\/tr>\n<tr>\n<td class=\"label\">Traitement de surface :<\/td>\n<td>Anodis\u00e9 poli\uff0c<\/td>\n<\/tr>\n<tr>\n<td class=\"label\">Utilisation :<\/td>\n<td>Industrie de la construction\uff0c<\/td>\n<\/tr>\n<tr>\n<td class=\"label\">Certification :<\/td>\n<td>ISO9001:2008;ISO14001:2004;SGS\uff0c<\/td>\n<\/tr>\n<tr>\n<td class=\"label\">Fabrication :<\/td>\n<td>D\u00e9coupage, fraisage, per\u00e7age, poin\u00e7onnage, etc.<\/td>\n<\/tr>\n<tr>\n<td class=\"label\">De :<\/td>\n<td>Foshan, Guangdong, Chine\uff0c<\/td>\n<\/tr>\n<\/table>\n<h2>Notre base de production<\/h2>\n<h3>Panorama de l'usine<\/h3>\n<p><img decoding=\"async\" src=\"\/wp-content\/uploads\/factory-01.webp\"\/><\/p>\n<h3>Atelier de fabrication de barres d'aluminium<\/h3>\n<p><img decoding=\"async\" src=\"\/wp-content\/uploads\/factory-02.webp\"\/><\/p>\n<p><img decoding=\"async\" src=\"\/wp-content\/uploads\/factory-03.webp\"\/><\/p>\n<h3>Entrep\u00f4t de stockage des moules<\/h3>\n<p><img decoding=\"async\" src=\"\/wp-content\/uploads\/factory-04.webp\"\/><\/p>\n<h3>43 lignes d'extrusion d'aluminium (500-5500 tonnes)<\/h3>\n<p><img decoding=\"async\" src=\"\/wp-content\/uploads\/factory-05.webp\"\/><\/p>\n<p><img decoding=\"async\" src=\"\/wp-content\/uploads\/factory-06.webp\"\/><\/p>\n<p><img decoding=\"async\" src=\"\/wp-content\/uploads\/factory-07.webp\"\/><\/p>\n<h3>Atelier de peinture en poudre<\/h3>\n<p><img decoding=\"async\" src=\"\/wp-content\/uploads\/factory-09.webp\"\/><\/p>\n<h3>Atelier d'anodisation<\/h3>\n<p><img decoding=\"async\" src=\"\/wp-content\/uploads\/factory-10.webp\"\/><\/p>\n<h3>Atelier sur le traitement en profondeur<\/h3>\n<p><img decoding=\"async\" src=\"\/wp-content\/uploads\/factory-11.webp\"\/><\/p>\n<h3>Atelier d'usinage de pr\u00e9cision CNC<\/h3>\n<p><img decoding=\"async\" src=\"\/wp-content\/uploads\/factory-11.5.webp\"\/><\/p>\n<h3>Entrep\u00f4t de produits finis et d'exportation<\/h3>\n<p><img decoding=\"async\" src=\"\/wp-content\/uploads\/factory-12.webp\"\/><\/p>\n<p><img decoding=\"async\" src=\"\/wp-content\/uploads\/factory-13.webp\"\/><\/p>\n<p><img decoding=\"async\" src=\"\/wp-content\/uploads\/factory-14.webp\"\/><\/p>\n<h2>FAQ<\/h2>\n<p><p><b>1) Qu'est-ce qu'une extrusion Z en aluminium ?<\/b><\/p>\n<p>Une extrusion en Z en aluminium est un profil\u00e9 avec une section transversale en forme de Z, couramment utilis\u00e9 dans la construction et les applications industrielles pour le soutien structurel et la charpente.<br \/>\n<\/p><br \/>\n<br \/>\n<p><b>2. pourquoi choisir l'aluminium pour les profil\u00e9s en Z ?<\/b><\/p>\n<p>L'aluminium offre un rapport r\u00e9sistance\/poids \u00e9lev\u00e9, une r\u00e9sistance \u00e0 la corrosion et une grande facilit\u00e9 de fabrication, ce qui en fait un mat\u00e9riau id\u00e9al pour les profil\u00e9s en Z dans diverses applications.<br \/>\n<\/p><br \/>\n<br \/>\n<p><b>3. quelles sont les applications courantes des extrusions d'aluminium Z ?<\/b><\/p>\n<p>Ils sont largement utilis\u00e9s dans les charpentes de construction, les garnitures architecturales, les bordures de protection, les ch\u00e2ssis de v\u00e9hicules, les syst\u00e8mes de rayonnage et les installations de magasins.<br \/>\n<\/p><br \/>\n<br \/>\n<p><b>4. les dimensions des extrusions en aluminium Z peuvent-elles \u00eatre personnalis\u00e9es ?<\/b><\/p>\n<p>Oui, les fabricants offrent la possibilit\u00e9 de personnaliser la taille, l'\u00e9paisseur et la finition pour r\u00e9pondre aux exigences sp\u00e9cifiques d'un projet.<br \/>\n<\/p><br \/>\n<br \/>\n<p><b>5. Comment le type d'alliage affecte-t-il les performances des extrusions d'aluminium Z ?<\/b><\/p>\n<p>Les alliages tels que le 6061 offrent une plus grande r\u00e9sistance, tandis que le 6063 offre une meilleure finition de surface et une meilleure r\u00e9sistance \u00e0 la corrosion, ce qui permet de faire un choix en fonction des besoins de l'application.<br \/>\n<\/p><br \/>\n<br \/>\n<p><b>6. Ces profil\u00e9s conviennent-ils pour des applications ext\u00e9rieures ?<\/b><\/p>\n<p>De plus, la r\u00e9sistance \u00e0 la corrosion de l'aluminium rend les profil\u00e9s en Z id\u00e9aux pour les structures et installations ext\u00e9rieures.<br \/>\n<\/p><br \/>\n<br \/>\n<p><b>7. l'aluminium est-il respectueux de l'environnement ?<\/b><\/p>\n<p>Oui, l'aluminium est enti\u00e8rement recyclable sans perte de propri\u00e9t\u00e9s, ce qui en fait un choix durable pour diverses applications.<br \/>\n<\/p><br \/><\/p>","protected":false},"featured_media":6902,"template":"","categories":[67],"class_list":["post-6903","product","type-product","status-publish","has-post-thumbnail","hentry","category-architectural-aluminium-profile"],"meta_box":{"hilight_text_group":{"product_hilight_text":"<li>Distinct Z-shaped cross-section provides structural integrity and stability for various applications.<\/li>\r\r\n<li>Lightweight yet strong, offering an excellent strength-to-weight ratio ideal for construction and industrial uses.<\/li>\r\r\n<li>Corrosion-resistant properties make it suitable for both indoor and outdoor environments.<\/li>\r\r\n<li>Customizable dimensions and finishes to meet specific architectural and mechanical requirements.<\/li>\r\r\n<li>Versatile applications including framing, bracing, edge protection, and decorative trims.<\/li>\r\r\n<li>Low-maintenance surface that resists wear, reducing long-term upkeep costs.<\/li>\r\r\n<li>Environmentally friendly and fully recyclable, supporting sustainable construction practices.<\/li>","product_chanpin_blog":"<ul>\r\r\n<li><a href=\"https:\/\/sinoextrud.com\/t-slot-v-slot-differences\/\" target=\"_blank\">t slot vs v slot<\/a><\/li>\r\r\n<li><a href=\"https:\/\/sinoextrud.com\/what-is-4040-aluminium-extrud\/\" target=\"_blank\">4040 aluminium extrusion<\/a><\/li>\r\r\n<li><a href=\"https:\/\/sinoextrud.com\/what-is-4040-aluminium-extrud\/\" target=\"_blank\">aluminum extrusions for industrial racks<\/a><\/li>\r\r\n<li><a href=\"https:\/\/sinoextrud.com\/powder-coating-aluminium-process\/\" target=\"_blank\">powder coating aluminium<\/a><\/li>\r\r\n<li><a href=\"https:\/\/sinoextrud.com\/what-is-an-aluminium-strip-ceiling\/\" target=\"_blank\">aluminium strip ceiling<\/a><\/li>\r\r\n<li><a href=\"https:\/\/sinoextrud.com\/what-is-a-heat-sink\/\" target=\"_blank\">what is a heat sink<\/a><\/li>\r\r\n<\/ul>","product_chanpin_chanpin":"<li><a href=\"https:\/\/sinoextrud.com\/product\/commercial-glass-aluminium-railing-systems\/\" target=\"_blank\">Commercial Glass Aluminium Railing Systems<\/a><\/li>\r\n<li><a href=\"https:\/\/sinoextrud.com\/product\/custom-made-modern-wood-grain-color-kitchen-cabinet-aluminium-extrusion-profile\/\" target=\"_blank\">Custom made modern wood grain color kitchen cabinet aluminium extrusion profile<\/a><\/li>\r\n<li><a href=\"https:\/\/sinoextrud.com\/product\/anodized-extruded-u-shaped-aluminium-profile\/\" target=\"_blank\">Anodized Extruded U Shaped Aluminium Profile<\/a><\/li>\r\n<li><a href=\"https:\/\/sinoextrud.com\/product\/aluminium-c-channel-profiles\/\" target=\"_blank\">Aluminium C Channel Profiles<\/a><\/li>\r\n<li><a href=\"https:\/\/sinoextrud.com\/product\/aluminum-z-extrusion\/\" target=\"_blank\">Aluminum Z Extrusion<\/a><\/li>\r\n<li><a href=\"https:\/\/sinoextrud.com\/product\/h-shaped-aluminum-extrusion\/\" target=\"_blank\">H Shaped Aluminum Extrusion<\/a><\/li>\r\n<li><a href=\"https:\/\/sinoextrud.com\/product\/6063-6061aluminum-extrusions-for-door-frames\/\" target=\"_blank\">6063 6061Aluminum Extrusions For Door Frames<\/a><\/li>\r\n<li><a href=\"https:\/\/sinoextrud.com\/product\/aluminium-window-trim-profiles\/\" target=\"_blank\">Aluminium Window Trim Profiles<\/a><\/li>\r\n<li><a href=\"https:\/\/sinoextrud.com\/product\/aluminium-window-and-door-profiles\/\" target=\"_blank\">Aluminium Window And Door Profiles<\/a><\/li>\r\n<li><a href=\"https:\/\/sinoextrud.com\/product\/anodise-aluminum-curtain-wall-profile-with-custom-shape-alloy-6063\/\" target=\"_blank\">Anodise Aluminum Curtain Wall Profile With Custom Shape Alloy 6063<\/a><\/li>\r\n<li><a href=\"https:\/\/sinoextrud.com\/product\/aluminum-heat-sink-extrusion-profiles\/\" target=\"_blank\">Aluminum Heat Sink Extrusion Profiles<\/a><\/li>"},"feature_list":[]},"_links":{"self":[{"href":"https:\/\/sinoextrud.com\/fr\/wp-json\/wp\/v2\/product\/6903","targetHints":{"allow":["GET"]}}],"collection":[{"href":"https:\/\/sinoextrud.com\/fr\/wp-json\/wp\/v2\/product"}],"about":[{"href":"https:\/\/sinoextrud.com\/fr\/wp-json\/wp\/v2\/types\/product"}],"wp:featuredmedia":[{"embeddable":true,"href":"https:\/\/sinoextrud.com\/fr\/wp-json\/wp\/v2\/media\/6902"}],"wp:attachment":[{"href":"https:\/\/sinoextrud.com\/fr\/wp-json\/wp\/v2\/media?parent=6903"}],"wp:term":[{"taxonomy":"category","embeddable":true,"href":"https:\/\/sinoextrud.com\/fr\/wp-json\/wp\/v2\/categories?post=6903"}],"curies":[{"name":"wp","href":"https:\/\/api.w.org\/{rel}","templated":true}]}}