{"id":6897,"date":"2025-06-04T01:42:17","date_gmt":"2025-06-04T01:42:17","guid":{"rendered":"https:\/\/sinoextrud.com\/product\/custom-made-modern-wood-grain-color-kitchen-cabinet-aluminium-extrusion-profile\/"},"modified":"2025-06-24T06:11:56","modified_gmt":"2025-06-24T06:11:56","slug":"profile-dextrusion-en-aluminium-pour-armoire-de-cuisine-moderne-sur-mesure-en-couleur-de-grain-de-bois","status":"publish","type":"product","link":"https:\/\/sinoextrud.com\/fr\/product\/custom-made-modern-wood-grain-color-kitchen-cabinet-aluminium-extrusion-profile\/","title":{"rendered":"Profil\u00e9 d'extrusion en aluminium pour armoire de cuisine moderne sur mesure, couleur grain de bois"},"content":{"rendered":"<h2>D\u00e9tails des produits<\/h2>\n<table class=\"custom-table\">\n<tr>\n<td class=\"label\">Nom<\/td>\n<td>Profil\u00e9 d'extrusion en aluminium pour armoire de cuisine moderne en grain de bois\uff0c sur mesure<\/td>\n<\/tr>\n<\/table>\n<h2>Notre base de production<\/h2>\n<h3>Panorama de l'usine<\/h3>\n<p><img decoding=\"async\" src=\"\/wp-content\/uploads\/factory-01.webp\"\/><\/p>\n<h3>Atelier de fabrication de barres d'aluminium<\/h3>\n<p><img decoding=\"async\" src=\"\/wp-content\/uploads\/factory-02.webp\"\/><\/p>\n<p><img decoding=\"async\" src=\"\/wp-content\/uploads\/factory-03.webp\"\/><\/p>\n<h3>Entrep\u00f4t de stockage des moules<\/h3>\n<p><img decoding=\"async\" src=\"\/wp-content\/uploads\/factory-04.webp\"\/><\/p>\n<h3>43 lignes d'extrusion d'aluminium (500-5500 tonnes)<\/h3>\n<p><img decoding=\"async\" src=\"\/wp-content\/uploads\/factory-05.webp\"\/><\/p>\n<p><img decoding=\"async\" src=\"\/wp-content\/uploads\/factory-06.webp\"\/><\/p>\n<p><img decoding=\"async\" src=\"\/wp-content\/uploads\/factory-07.webp\"\/><\/p>\n<h3>Atelier de peinture en poudre<\/h3>\n<p><img decoding=\"async\" src=\"\/wp-content\/uploads\/factory-09.webp\"\/><\/p>\n<h3>Atelier d'anodisation<\/h3>\n<p><img decoding=\"async\" src=\"\/wp-content\/uploads\/factory-10.webp\"\/><\/p>\n<h3>Atelier sur le traitement en profondeur<\/h3>\n<p><img decoding=\"async\" src=\"\/wp-content\/uploads\/factory-11.webp\"\/><\/p>\n<h3>Atelier d'usinage de pr\u00e9cision CNC<\/h3>\n<p><img decoding=\"async\" src=\"\/wp-content\/uploads\/factory-11.5.webp\"\/><\/p>\n<h3>Entrep\u00f4t de produits finis et d'exportation<\/h3>\n<p><img decoding=\"async\" src=\"\/wp-content\/uploads\/factory-12.webp\"\/><\/p>\n<p><img decoding=\"async\" src=\"\/wp-content\/uploads\/factory-13.webp\"\/><\/p>\n<p><img decoding=\"async\" src=\"\/wp-content\/uploads\/factory-14.webp\"\/><\/p>\n<h2>FAQ<\/h2>\n<p><p><b>1) Qu'est-ce qu'un profil\u00e9 d'extrusion en aluminium sur mesure pour armoires de cuisine modernes en grain de bois ?<\/b><\/p>\n<p>Il s'agit de profil\u00e9s en aluminium con\u00e7us pour les armoires de cuisine, avec des finitions en grain de bois pour combiner l'attrait esth\u00e9tique du bois avec les propri\u00e9t\u00e9s de durabilit\u00e9 et de l\u00e9g\u00e8ret\u00e9 de l'aluminium.<br \/>\n<\/p><br \/>\n<br \/>\n<p><b>2. pourquoi choisir les profil\u00e9s d'extrusion en aluminium pour les armoires de cuisine ?<\/b><\/p>\n<p>Les profil\u00e9s d'extrusion en aluminium offrent solidit\u00e9, r\u00e9sistance \u00e0 la corrosion et souplesse de conception, ce qui les rend id\u00e9aux pour les armoires de cuisine modernes qui requi\u00e8rent \u00e0 la fois fonctionnalit\u00e9 et style.<br \/>\n<\/p><br \/>\n<br \/>\n<p><b>3. Comment la finition grain de bois est-elle appliqu\u00e9e aux profil\u00e9s d'aluminium ?<\/b><\/p>\n<p>L'effet \"grain de bois\" est g\u00e9n\u00e9ralement obtenu par un rev\u00eatement en poudre suivi d'un processus de transfert thermique, ce qui donne un aspect bois\u00e9 durable et r\u00e9aliste \u00e0 la surface de l'aluminium.<br \/>\n<\/p><br \/>\n<br \/>\n<p><b>4. ces profil\u00e9s en aluminium peuvent-ils \u00eatre personnalis\u00e9s pour des cuisines sp\u00e9cifiques ?<\/b><\/p>\n<p>Oui, les profil\u00e9s peuvent \u00eatre adapt\u00e9s en termes de forme, de taille et de finition pour r\u00e9pondre aux exigences individuelles de conception des cuisines, garantissant ainsi un ajustement parfait et un aspect coh\u00e9rent.<br \/>\n<\/p><br \/>\n<br \/>\n<p><b>5. les profil\u00e9s d'extrusion en aluminium \u00e0 grain de bois sont-ils respectueux de l'environnement ?<\/b><\/p>\n<p>Oui, l'aluminium est un mat\u00e9riau recyclable et les processus de fabrication de ces profil\u00e9s sont con\u00e7us pour \u00eatre respectueux de l'environnement et soutenir les pratiques de construction durable.<br \/>\n<\/p><br \/>\n<br \/>\n<p><b>6. quel est l'entretien n\u00e9cessaire pour les profil\u00e9s d'armoires de cuisine en aluminium \u00e0 grain de bois ?<\/b><\/p>\n<p>Ces profil\u00e9s n\u00e9cessitent peu d'entretien ; un nettoyage r\u00e9gulier \u00e0 l'eau et au savon doux suffit \u00e0 leur conserver leur aspect neuf, car ils sont r\u00e9sistants \u00e0 l'humidit\u00e9 et aux taches.<br \/>\n<\/p><br \/>\n<br \/>\n<p><b>7. ces profils sont-ils conformes aux normes de qualit\u00e9 internationales ?<\/b><\/p>\n<p>Oui, les fabricants r\u00e9put\u00e9s veillent \u00e0 ce que leurs profil\u00e9s d'extrusion en aluminium soient conformes aux normes internationales telles que les certifications CE et ISO, garantissant ainsi la qualit\u00e9 et la s\u00e9curit\u00e9.<br \/>\n<\/p><br \/><\/p>","protected":false},"featured_media":6896,"template":"","categories":[67],"class_list":["post-6897","product","type-product","status-publish","has-post-thumbnail","hentry","category-architectural-aluminium-profile"],"meta_box":{"hilight_text_group":{"product_hilight_text":"<li>Realistic wood grain finishes achieved through advanced powder coating and thermal transfer techniques.<\/li>\r\r\n<li>Constructed from 6063 T5 aluminum alloy, offering lightweight strength and corrosion resistance.<\/li>\r\r\n<li>Customizable profiles tailored to specific kitchen cabinet dimensions and design requirements.<\/li>\r\r\n<li>Low-maintenance surfaces resistant to moisture, warping, and fading, ensuring long-term durability.<\/li>\r\r\n<li>Eco-friendly and recyclable materials supporting sustainable building practices.<\/li>\r\r\n<li>Available in various finishes, including anodized, powder-coated, and wood grain, to match diverse interior styles.<\/li>\r\r\n<li>Precision CNC machining allows for intricate designs and seamless integration into modern kitchen layouts.<\/li>","product_chanpin_blog":"<ul>\r\r\n<li><a href=\"https:\/\/sinoextrud.com\/t-slot-v-slot-differences\/\" target=\"_blank\">t slot vs v slot<\/a><\/li>\r\r\n<li><a href=\"https:\/\/sinoextrud.com\/what-is-4040-aluminium-extrud\/\" target=\"_blank\">4040 aluminium extrusion<\/a><\/li>\r\r\n<li><a href=\"https:\/\/sinoextrud.com\/what-is-4040-aluminium-extrud\/\" target=\"_blank\">aluminum extrusions for industrial racks<\/a><\/li>\r\r\n<li><a href=\"https:\/\/sinoextrud.com\/powder-coating-aluminium-process\/\" target=\"_blank\">powder coating aluminium<\/a><\/li>\r\r\n<li><a href=\"https:\/\/sinoextrud.com\/what-is-an-aluminium-strip-ceiling\/\" target=\"_blank\">aluminium strip ceiling<\/a><\/li>\r\r\n<li><a href=\"https:\/\/sinoextrud.com\/what-is-a-heat-sink\/\" target=\"_blank\">what is a heat sink<\/a><\/li>\r\r\n<\/ul>","product_chanpin_chanpin":"<li><a href=\"https:\/\/sinoextrud.com\/product\/h-channel-aluminum-extrusion\/\" target=\"_blank\">H Channel Aluminum Extrusion<\/a><\/li>\r\n<li><a href=\"https:\/\/sinoextrud.com\/product\/cnc-anodized-6063-curved-aluminum-extrusions\/\" target=\"_blank\">CNC Anodized 6063 Curved Aluminum Extrusions<\/a><\/li>\r\n<li><a href=\"https:\/\/sinoextrud.com\/product\/6063-multiple-size-extruded-aluminium-t-slot\/\" target=\"_blank\">6063 Multiple Size Extruded Aluminium T Slot<\/a><\/li>\r\n<li><a href=\"https:\/\/sinoextrud.com\/product\/commercial-glass-aluminium-railing-systems\/\" target=\"_blank\">Commercial Glass Aluminium Railing Systems<\/a><\/li>\r\n<li><a href=\"https:\/\/sinoextrud.com\/product\/custom-made-modern-wood-grain-color-kitchen-cabinet-aluminium-extrusion-profile\/\" target=\"_blank\">Custom made modern wood grain color kitchen cabinet aluminium extrusion profile<\/a><\/li>\r\n<li><a href=\"https:\/\/sinoextrud.com\/product\/anodized-extruded-u-shaped-aluminium-profile\/\" target=\"_blank\">Anodized Extruded U Shaped Aluminium Profile<\/a><\/li>\r\n<li><a href=\"https:\/\/sinoextrud.com\/product\/aluminium-c-channel-profiles\/\" target=\"_blank\">Aluminium C Channel Profiles<\/a><\/li>\r\n<li><a href=\"https:\/\/sinoextrud.com\/product\/aluminum-z-extrusion\/\" target=\"_blank\">Aluminum Z Extrusion<\/a><\/li>\r\n<li><a href=\"https:\/\/sinoextrud.com\/product\/h-shaped-aluminum-extrusion\/\" target=\"_blank\">H Shaped Aluminum Extrusion<\/a><\/li>\r\n<li><a href=\"https:\/\/sinoextrud.com\/product\/solar-aluminium-profile-2\/\" target=\"_blank\">Solar Aluminium Profile<\/a><\/li>\r\n<li><a href=\"https:\/\/sinoextrud.com\/product\/extruded-aluminum-heatsink-enclosure\/\" target=\"_blank\">Extruded Aluminum Heatsink Enclosure<\/a><\/li>"},"feature_list":[]},"_links":{"self":[{"href":"https:\/\/sinoextrud.com\/fr\/wp-json\/wp\/v2\/product\/6897","targetHints":{"allow":["GET"]}}],"collection":[{"href":"https:\/\/sinoextrud.com\/fr\/wp-json\/wp\/v2\/product"}],"about":[{"href":"https:\/\/sinoextrud.com\/fr\/wp-json\/wp\/v2\/types\/product"}],"wp:featuredmedia":[{"embeddable":true,"href":"https:\/\/sinoextrud.com\/fr\/wp-json\/wp\/v2\/media\/6896"}],"wp:attachment":[{"href":"https:\/\/sinoextrud.com\/fr\/wp-json\/wp\/v2\/media?parent=6897"}],"wp:term":[{"taxonomy":"category","embeddable":true,"href":"https:\/\/sinoextrud.com\/fr\/wp-json\/wp\/v2\/categories?post=6897"}],"curies":[{"name":"wp","href":"https:\/\/api.w.org\/{rel}","templated":true}]}}