{"id":6895,"date":"2025-06-04T01:40:03","date_gmt":"2025-06-04T01:40:03","guid":{"rendered":"https:\/\/sinoextrud.com\/product\/commercial-glass-aluminium-railing-systems\/"},"modified":"2025-06-24T06:11:55","modified_gmt":"2025-06-24T06:11:55","slug":"systemes-de-garde-corps-commerciaux-en-verre-et-en-aluminium","status":"publish","type":"product","link":"https:\/\/sinoextrud.com\/fr\/product\/commercial-glass-aluminium-railing-systems\/","title":{"rendered":"Syst\u00e8mes de garde-corps commerciaux en verre et en aluminium"},"content":{"rendered":"<h2>D\u00e9tails des produits<\/h2>\n<table class=\"custom-table\">\n<tr>\n<td class=\"label\">Mod\u00e8le<\/td>\n<td>Syst\u00e8mes de garde-corps commerciaux en verre et en aluminium\uff0c<\/td>\n<\/tr>\n<tr>\n<td class=\"label\">Mat\u00e9riau<\/td>\n<td>Alliage d'aluminium 6063 6061\uff0c<\/td>\n<\/tr>\n<tr>\n<td class=\"label\">Fini<\/td>\n<td>Gain en bois anodis\u00e9 miroir ,Brosse\uff0c<\/td>\n<\/tr>\n<tr>\n<td class=\"label\">Taille<\/td>\n<td>Personnalis\u00e9\uff0c<\/td>\n<\/tr>\n<tr>\n<td class=\"label\">Application<\/td>\n<td>Cl\u00f4ture en verre, main courante d'escalier ou garde-corps en verre\uff0c<\/td>\n<\/tr>\n<tr>\n<td class=\"label\">\u00c9paisseur du verre<\/td>\n<td>personnalis\u00e9\uff0c<\/td>\n<\/tr>\n<tr>\n<td class=\"label\">MOQ<\/td>\n<td>200KGS\uff0c<\/td>\n<\/tr>\n<tr>\n<td class=\"label\">\u00c9chantillon<\/td>\n<td>Disponible\uff0c<\/td>\n<\/tr>\n<tr>\n<td class=\"label\">Capacit\u00e9 de production<\/td>\n<td>500000pcs\/par mois\uff0c<\/td>\n<\/tr>\n<tr>\n<td class=\"label\">D\u00e9lai d'ex\u00e9cution<\/td>\n<td>25-35 jours \u00e0 compter de la r\u00e9ception du paiement\uff0c<\/td>\n<\/tr>\n<tr>\n<td class=\"label\">Port d'embarquement<\/td>\n<td>FOSHAN, GUANGZHOU, SHENZHEN\uff0c<\/td>\n<\/tr>\n<tr>\n<td class=\"label\">Dur\u00e9e du prix<\/td>\n<td>EXW.FOB \/ CIF etc.\uff0c<\/td>\n<\/tr>\n<tr>\n<td class=\"label\">D\u00e9lai de paiement<\/td>\n<td>T\/T, L\/C\uff0c<\/td>\n<\/tr>\n<tr>\n<td class=\"label\">Remarque<\/td>\n<td>Les OEM sont accept\u00e9s\uff0c<\/td>\n<\/tr>\n<\/table>\n<h2>Notre base de production<\/h2>\n<h3>Panorama de l'usine<\/h3>\n<p><img decoding=\"async\" src=\"\/wp-content\/uploads\/factory-01.webp\"\/><\/p>\n<h3>Atelier de fabrication de barres d'aluminium<\/h3>\n<p><img decoding=\"async\" src=\"\/wp-content\/uploads\/factory-02.webp\"\/><\/p>\n<p><img decoding=\"async\" src=\"\/wp-content\/uploads\/factory-03.webp\"\/><\/p>\n<h3>Entrep\u00f4t de stockage des moules<\/h3>\n<p><img decoding=\"async\" src=\"\/wp-content\/uploads\/factory-04.webp\"\/><\/p>\n<h3>43 lignes d'extrusion d'aluminium (500-5500 tonnes)<\/h3>\n<p><img decoding=\"async\" src=\"\/wp-content\/uploads\/factory-05.webp\"\/><\/p>\n<p><img decoding=\"async\" src=\"\/wp-content\/uploads\/factory-06.webp\"\/><\/p>\n<p><img decoding=\"async\" src=\"\/wp-content\/uploads\/factory-07.webp\"\/><\/p>\n<h3>Atelier de peinture en poudre<\/h3>\n<p><img decoding=\"async\" src=\"\/wp-content\/uploads\/factory-09.webp\"\/><\/p>\n<h3>Atelier d'anodisation<\/h3>\n<p><img decoding=\"async\" src=\"\/wp-content\/uploads\/factory-10.webp\"\/><\/p>\n<h3>Atelier sur le traitement en profondeur<\/h3>\n<p><img decoding=\"async\" src=\"\/wp-content\/uploads\/factory-11.webp\"\/><\/p>\n<h3>Atelier d'usinage de pr\u00e9cision CNC<\/h3>\n<p><img decoding=\"async\" src=\"\/wp-content\/uploads\/factory-11.5.webp\"\/><\/p>\n<h3>Entrep\u00f4t de produits finis et d'exportation<\/h3>\n<p><img decoding=\"async\" src=\"\/wp-content\/uploads\/factory-12.webp\"\/><\/p>\n<p><img decoding=\"async\" src=\"\/wp-content\/uploads\/factory-13.webp\"\/><\/p>\n<p><img decoding=\"async\" src=\"\/wp-content\/uploads\/factory-14.webp\"\/><\/p>\n<h2>FAQ<\/h2>\n<p><p><b>1) Qu'est-ce qu'un syst\u00e8me de garde-corps commercial en verre et en aluminium ?<\/b><\/p>\n<p>Les syst\u00e8mes de garde-corps commerciaux en verre et en aluminium sont des barri\u00e8res architecturales combinant des panneaux de verre tremp\u00e9 ou feuillet\u00e9 avec des cadres en aluminium, offrant s\u00e9curit\u00e9, durabilit\u00e9 et esth\u00e9tique moderne pour les espaces commerciaux.<br \/>\n<\/p><br \/>\n<br \/>\n<p><b>2) Pourquoi choisir le verre et l'aluminium pour les garde-corps commerciaux ?<\/b><\/p>\n<p>Le verre apporte transparence et modernit\u00e9, tandis que l'aluminium offre solidit\u00e9 et r\u00e9sistance \u00e0 la corrosion. Cette combinaison est id\u00e9ale pour des garde-corps commerciaux durables et \u00e9l\u00e9gants.<br \/>\n<\/p><br \/>\n<br \/>\n<p><b>3. ces syst\u00e8mes de garde-corps sont-ils s\u00fbrs pour un usage commercial ?<\/b><\/p>\n<p>Oui, ils utilisent du verre tremp\u00e9 ou feuillet\u00e9 et des cadres en aluminium robustes, conformes aux normes de s\u00e9curit\u00e9 internationales et aux codes du b\u00e2timent pour les applications commerciales.<br \/>\n<\/p><br \/>\n<br \/>\n<p><b>4. la conception peut-elle \u00eatre personnalis\u00e9e pour r\u00e9pondre aux besoins sp\u00e9cifiques du projet ?<\/b><\/p>\n<p>Absolument, ces syst\u00e8mes offrent diverses options de personnalisation, y compris des types de verre, des finitions et des styles de montage pour s'adapter aux diff\u00e9rentes conceptions architecturales.<br \/>\n<\/p><br \/>\n<br \/>\n<p><b>5) Quel est l'entretien n\u00e9cessaire pour ces syst\u00e8mes de garde-corps ?<\/b><\/p>\n<p>L'entretien est minime : un nettoyage r\u00e9gulier avec de l'eau et du savon doux permet de garder le verre transparent et les cadres en aluminium en bon \u00e9tat.<br \/>\n<\/p><br \/>\n<br \/>\n<p><b>6. o\u00f9 les syst\u00e8mes de garde-corps commerciaux en verre et en aluminium peuvent-ils \u00eatre install\u00e9s ?<\/b><\/p>\n<p>Ils sont polyvalents et peuvent \u00eatre install\u00e9s dans divers environnements commerciaux tels que les bureaux, les h\u00f4tels, les centres commerciaux et les b\u00e2timents publics, tant \u00e0 l'int\u00e9rieur qu'\u00e0 l'ext\u00e9rieur.<br \/>\n<\/p><br \/>\n<br \/>\n<p><b>7. Comment ces syst\u00e8mes sont-ils conformes aux codes de la construction ?<\/b><\/p>\n<p>Ils sont con\u00e7us pour satisfaire ou d\u00e9passer les normes internationales de construction, garantissant ainsi la s\u00e9curit\u00e9 et la conformit\u00e9 des installations commerciales.<br \/>\n<\/p><br \/><\/p>","protected":false},"featured_media":6894,"template":"","categories":[67],"class_list":["post-6895","product","type-product","status-publish","has-post-thumbnail","hentry","category-architectural-aluminium-profile"],"meta_box":{"hilight_text_group":{"product_hilight_text":"<li>Unobstructed visibility enhances architectural aesthetics and maximizes natural light flow.<\/li>\r\r\n<li>Tempered or laminated glass panels provide superior safety and durability.<\/li>\r\r\n<li>Aluminum frames offer corrosion resistance and long-term structural integrity.<\/li>\r\r\n<li>Low-maintenance materials reduce upkeep costs and time.<\/li>\r\r\n<li>Customizable designs with various finishes and glass options to match project requirements.<\/li>\r\r\n<li>Suitable for both indoor and outdoor commercial applications, including balconies and staircases.<\/li>\r\r\n<li>Compliance with international building codes ensures safety and reliability.<\/li>","product_chanpin_blog":"<ul>\r\r\n<li><a href=\"https:\/\/sinoextrud.com\/t-slot-v-slot-differences\/\" target=\"_blank\">t slot vs v slot<\/a><\/li>\r\r\n<li><a href=\"https:\/\/sinoextrud.com\/what-is-4040-aluminium-extrud\/\" target=\"_blank\">4040 aluminium extrusion<\/a><\/li>\r\r\n<li><a href=\"https:\/\/sinoextrud.com\/what-is-4040-aluminium-extrud\/\" target=\"_blank\">aluminum extrusions for industrial racks<\/a><\/li>\r\r\n<li><a href=\"https:\/\/sinoextrud.com\/powder-coating-aluminium-process\/\" target=\"_blank\">powder coating aluminium<\/a><\/li>\r\r\n<li><a href=\"https:\/\/sinoextrud.com\/what-is-an-aluminium-strip-ceiling\/\" target=\"_blank\">aluminium strip ceiling<\/a><\/li>\r\r\n<li><a href=\"https:\/\/sinoextrud.com\/what-is-a-heat-sink\/\" target=\"_blank\">what is a heat sink<\/a><\/li>\r\r\n<\/ul>","product_chanpin_chanpin":"<li><a href=\"https:\/\/sinoextrud.com\/product\/aluminum-extrusion-aluminium-profile-for-surface-oxidized-pipe\/\" target=\"_blank\">Aluminum Extrusion Aluminium Profile for Surface Oxidized Pipe<\/a><\/li>\r\n<li><a href=\"https:\/\/sinoextrud.com\/product\/h-channel-aluminum-extrusion\/\" target=\"_blank\">H Channel Aluminum Extrusion<\/a><\/li>\r\n<li><a href=\"https:\/\/sinoextrud.com\/product\/cnc-anodized-6063-curved-aluminum-extrusions\/\" target=\"_blank\">CNC Anodized 6063 Curved Aluminum Extrusions<\/a><\/li>\r\n<li><a href=\"https:\/\/sinoextrud.com\/product\/6063-multiple-size-extruded-aluminium-t-slot\/\" target=\"_blank\">6063 Multiple Size Extruded Aluminium T Slot<\/a><\/li>\r\n<li><a href=\"https:\/\/sinoextrud.com\/product\/commercial-glass-aluminium-railing-systems\/\" target=\"_blank\">Commercial Glass Aluminium Railing Systems<\/a><\/li>\r\n<li><a href=\"https:\/\/sinoextrud.com\/product\/custom-made-modern-wood-grain-color-kitchen-cabinet-aluminium-extrusion-profile\/\" target=\"_blank\">Custom made modern wood grain color kitchen cabinet aluminium extrusion profile<\/a><\/li>\r\n<li><a href=\"https:\/\/sinoextrud.com\/product\/anodized-extruded-u-shaped-aluminium-profile\/\" target=\"_blank\">Anodized Extruded U Shaped Aluminium Profile<\/a><\/li>\r\n<li><a href=\"https:\/\/sinoextrud.com\/product\/aluminium-c-channel-profiles\/\" target=\"_blank\">Aluminium C Channel Profiles<\/a><\/li>\r\n<li><a href=\"https:\/\/sinoextrud.com\/product\/aluminum-z-extrusion\/\" target=\"_blank\">Aluminum Z Extrusion<\/a><\/li>\r\n<li><a href=\"https:\/\/sinoextrud.com\/product\/y-section-aluminium-extrusion\/\" target=\"_blank\">Y Section Aluminium Extrusion<\/a><\/li>\r\n<li><a href=\"https:\/\/sinoextrud.com\/product\/bullet-shaped-baffle-ceiling-system\/\" target=\"_blank\">Bullet-shaped Baffle Ceiling System<\/a><\/li>"},"feature_list":[]},"_links":{"self":[{"href":"https:\/\/sinoextrud.com\/fr\/wp-json\/wp\/v2\/product\/6895","targetHints":{"allow":["GET"]}}],"collection":[{"href":"https:\/\/sinoextrud.com\/fr\/wp-json\/wp\/v2\/product"}],"about":[{"href":"https:\/\/sinoextrud.com\/fr\/wp-json\/wp\/v2\/types\/product"}],"wp:featuredmedia":[{"embeddable":true,"href":"https:\/\/sinoextrud.com\/fr\/wp-json\/wp\/v2\/media\/6894"}],"wp:attachment":[{"href":"https:\/\/sinoextrud.com\/fr\/wp-json\/wp\/v2\/media?parent=6895"}],"wp:term":[{"taxonomy":"category","embeddable":true,"href":"https:\/\/sinoextrud.com\/fr\/wp-json\/wp\/v2\/categories?post=6895"}],"curies":[{"name":"wp","href":"https:\/\/api.w.org\/{rel}","templated":true}]}}