{"id":6891,"date":"2025-06-04T01:33:04","date_gmt":"2025-06-04T01:33:04","guid":{"rendered":"https:\/\/sinoextrud.com\/product\/cnc-anodized-6063-curved-aluminum-extrusions\/"},"modified":"2025-06-24T06:11:55","modified_gmt":"2025-06-24T06:11:55","slug":"extrusions-daluminium-6063-courbees-anodisees-cnc","status":"publish","type":"product","link":"https:\/\/sinoextrud.com\/fr\/product\/cnc-anodized-6063-curved-aluminum-extrusions\/","title":{"rendered":"Extrusions d'aluminium incurv\u00e9es 6063 anodis\u00e9es CNC"},"content":{"rendered":"<h2>D\u00e9tails des produits<\/h2>\n<table class=\"custom-table\">\n<tr>\n<td class=\"label\">Grade :<\/td>\n<td>6063 -t5\uff0c<\/td>\n<\/tr>\n<tr>\n<td class=\"label\">Technique :<\/td>\n<td>Extrusions d'aluminium incurv\u00e9es 6063 anodis\u00e9es CNC\uff0c<\/td>\n<\/tr>\n<tr>\n<td class=\"label\">Temp\u00e9rer :<\/td>\n<td>T3 - T8\uff0c<\/td>\n<\/tr>\n<tr>\n<td class=\"label\">Services d'usinage :<\/td>\n<td>Per\u00e7age, taraudage, rivetage, assemblage, etc\uff0c<\/td>\n<\/tr>\n<tr>\n<td class=\"label\">Marque d\u00e9pos\u00e9e :<\/td>\n<td>Sinoextrud Sinoextrud \uff0c<\/td>\n<\/tr>\n<tr>\n<td class=\"label\">Type :<\/td>\n<td>Extrusions d'aluminium incurv\u00e9es 6063 anodis\u00e9es CNC\uff0c<\/td>\n<\/tr>\n<tr>\n<td class=\"label\">Forme :<\/td>\n<td>Fabriqu\u00e9 selon le design du client\uff0c<\/td>\n<\/tr>\n<tr>\n<td class=\"label\">Traitement de surface :<\/td>\n<td>Finition frais\u00e9e Anodis\u00e9e Bross\u00e9e\uff0c<\/td>\n<\/tr>\n<tr>\n<td class=\"label\">Longueur :<\/td>\n<td>1m \u00e0 9m par longueur\uff0c<\/td>\n<\/tr>\n<tr>\n<td class=\"label\">Couleurs :<\/td>\n<td>Argent Noir\uff0c<\/td>\n<\/tr>\n<tr>\n<td class=\"label\">Code HS :<\/td>\n<td>76042990\uff0c<\/td>\n<\/tr>\n<\/table>\n<h2>Notre base de production<\/h2>\n<h3>Panorama de l'usine<\/h3>\n<p><img decoding=\"async\" src=\"\/wp-content\/uploads\/factory-01.webp\"\/><\/p>\n<h3>Atelier de fabrication de barres d'aluminium<\/h3>\n<p><img decoding=\"async\" src=\"\/wp-content\/uploads\/factory-02.webp\"\/><\/p>\n<\/p>\n<p><img decoding=\"async\" src=\"\/wp-content\/uploads\/factory-03.webp\"\/><\/p>\n<h3>Entrep\u00f4t de stockage des moules<\/h3>\n<p><img decoding=\"async\" src=\"\/wp-content\/uploads\/factory-04.webp\"\/><\/p>\n<h3>43 lignes d'extrusion d'aluminium (500-5500 tonnes)<\/h3>\n<p><img decoding=\"async\" src=\"\/wp-content\/uploads\/factory-05.webp\"\/><\/p>\n<p><img decoding=\"async\" src=\"\/wp-content\/uploads\/factory-06.webp\"\/><\/p>\n<p><img decoding=\"async\" src=\"\/wp-content\/uploads\/factory-07.webp\"\/><\/p>\n<h3>Atelier de peinture en poudre<\/h3>\n<p><img decoding=\"async\" src=\"\/wp-content\/uploads\/factory-09.webp\"\/><\/p>\n<h3>Atelier d'anodisation<\/h3>\n<p><img decoding=\"async\" src=\"\/wp-content\/uploads\/factory-10.webp\"\/><\/p>\n<h3>Atelier sur le traitement en profondeur<\/h3>\n<p><img decoding=\"async\" src=\"\/wp-content\/uploads\/factory-11.webp\"\/><\/p>\n<h3>Atelier d'usinage de pr\u00e9cision CNC<\/h3>\n<p><img decoding=\"async\" src=\"\/wp-content\/uploads\/factory-11.5.webp\"\/><\/p>\n<h3>Entrep\u00f4t de produits finis et d'exportation<\/h3>\n<p><img decoding=\"async\" src=\"\/wp-content\/uploads\/factory-12.webp\"\/><\/p>\n<p><img decoding=\"async\" src=\"\/wp-content\/uploads\/factory-13.webp\"\/><\/p>\n<p><img decoding=\"async\" src=\"\/wp-content\/uploads\/factory-14.webp\"\/><\/p>\n<h2>FAQ<\/h2>\n<p><b>1) Qu'est-ce qu'une extrusion courbe en aluminium 6063 anodis\u00e9 CNC ?<\/b><\/p>\n<p>Il s'agit de profil\u00e9s en aluminium form\u00e9s avec pr\u00e9cision \u00e0 partir d'un alliage 6063, usin\u00e9s CNC pour obtenir des formes courbes et anodis\u00e9s pour une meilleure r\u00e9sistance \u00e0 la corrosion et un meilleur attrait visuel.\n<\/p>\n<p><\/p>\n<p><b>2) Pourquoi l'aluminium 6063 est-il utilis\u00e9 pour les extrusions courbes ?<\/b><\/p>\n<p>L'aluminium 6063 offre une excellente extrudabilit\u00e9, id\u00e9ale pour cr\u00e9er des formes d\u00e9taill\u00e9es et courbes avec une qualit\u00e9 de surface et une r\u00e9sistance \u00e9lev\u00e9es.\n<\/p>\n<p><\/p>\n<p><b>3. Comment l'anodisation am\u00e9liore-t-elle les extrusions d'aluminium ?<\/b><\/p>\n<p>L'anodisation forme une couche d'oxyde protectrice sur la surface de l'aluminium, ce qui accro\u00eet la r\u00e9sistance \u00e0 la corrosion et \u00e0 l'usure et am\u00e9liore l'aspect g\u00e9n\u00e9ral.\n<\/p>\n<p><\/p>\n<p><b>4) O\u00f9 sont utilis\u00e9es les extrusions d'aluminium 6063 courb\u00e9es anodis\u00e9es CNC ?<\/b><\/p>\n<p>Il est couramment utilis\u00e9 pour les fa\u00e7ades architecturales, la d\u00e9coration int\u00e9rieure, les garnitures automobiles, les composants marins et les structures industrielles personnalis\u00e9es.\n<\/p>\n<p><\/p>\n<p><b>5. les extrusions courbes en aluminium 6063 anodis\u00e9 CNC peuvent-elles \u00eatre fabriqu\u00e9es selon des mod\u00e8les sp\u00e9cifiques ?<\/b><\/p>\n<p>Oui, ils peuvent \u00eatre enti\u00e8rement personnalis\u00e9s en termes de forme, de taille, de rayon de courbure et de finition anodis\u00e9e pour r\u00e9pondre aux sp\u00e9cifications d'un projet unique.\n<\/p>\n<p><\/p>\n<p><b>6. les profil\u00e9s aluminium cintr\u00e9s sont-ils respectueux de l'environnement ?<\/b><\/p>\n<p>Oui, fabriqu\u00e9es \u00e0 partir d'aluminium recyclable et produites selon des proc\u00e9d\u00e9s durables, elles constituent un choix respectueux de l'environnement.\n<\/p>\n<p><\/p>\n<p><b>7) Quelles sont les finitions disponibles pour les extrusions d'aluminium 6063 courb\u00e9es anodis\u00e9es CNC ?<\/b><\/p>\n<p>Diff\u00e9rentes couleurs et finitions anodis\u00e9es sont disponibles, y compris des options mates, bross\u00e9es et brillantes pour r\u00e9pondre aux exigences esth\u00e9tiques.\n<\/p>\n<p><\/p>","protected":false},"featured_media":6890,"template":"","categories":[67],"class_list":["post-6891","product","type-product","status-publish","has-post-thumbnail","hentry","category-architectural-aluminium-profile"],"meta_box":{"hilight_text_group":{"product_hilight_text":"<li>Excellent corrosion resistance for long-lasting performance in harsh environments.<\/li>\r\r\n<li>6063 alloy ensures high-quality extrusion with smooth, curved profiles.<\/li>\r\r\n<li>Advanced CNC machining guarantees precision and consistent dimensions.<\/li>\r\r\n<li>Decorative anodized finish improves durability and aesthetic appeal.<\/li>\r\r\n<li>Lightweight structure reduces transportation and installation costs.<\/li>\r\r\n<li>Customizable designs tailored for architectural and industrial applications.<\/li>\r\r\n<li>Fully recyclable material supports eco-friendly and sustainable production.<\/li>","product_chanpin_blog":"<ul>\r\r\n<li><a href=\"https:\/\/sinoextrud.com\/t-slot-v-slot-differences\/\" target=\"_blank\">t slot vs v slot<\/a><\/li>\r\r\n<li><a href=\"https:\/\/sinoextrud.com\/what-is-4040-aluminium-extrud\/\" target=\"_blank\">4040 aluminium extrusion<\/a><\/li>\r\r\n<li><a href=\"https:\/\/sinoextrud.com\/what-is-4040-aluminium-extrud\/\" target=\"_blank\">aluminum extrusions for industrial racks<\/a><\/li>\r\r\n<li><a href=\"https:\/\/sinoextrud.com\/powder-coating-aluminium-process\/\" target=\"_blank\">powder coating aluminium<\/a><\/li>\r\r\n<li><a href=\"https:\/\/sinoextrud.com\/what-is-an-aluminium-strip-ceiling\/\" target=\"_blank\">aluminium strip ceiling<\/a><\/li>\r\r\n<li><a href=\"https:\/\/sinoextrud.com\/what-is-a-heat-sink\/\" target=\"_blank\">what is a heat sink<\/a><\/li>\r\r\n<\/ul>","product_chanpin_chanpin":"<li><a href=\"https:\/\/sinoextrud.com\/product\/6063-cnc-machining-aluminum-extrusion-hinge\/\" target=\"_blank\">6063 CNC Machining Aluminum Extrusion Hinge<\/a><\/li>\r\n<li><a href=\"https:\/\/sinoextrud.com\/product\/aluminium-track-extrusions\/\" target=\"_blank\">Aluminium Track Extrusions<\/a><\/li>\r\n<li><a href=\"https:\/\/sinoextrud.com\/product\/aluminum-extrusion-aluminium-profile-for-surface-oxidized-pipe\/\" target=\"_blank\">Aluminum Extrusion Aluminium Profile for Surface Oxidized Pipe<\/a><\/li>\r\n<li><a href=\"https:\/\/sinoextrud.com\/product\/h-channel-aluminum-extrusion\/\" target=\"_blank\">H Channel Aluminum Extrusion<\/a><\/li>\r\n<li><a href=\"https:\/\/sinoextrud.com\/product\/cnc-anodized-6063-curved-aluminum-extrusions\/\" target=\"_blank\">CNC Anodized 6063 Curved Aluminum Extrusions<\/a><\/li>\r\n<li><a href=\"https:\/\/sinoextrud.com\/product\/6063-multiple-size-extruded-aluminium-t-slot\/\" target=\"_blank\">6063 Multiple Size Extruded Aluminium T Slot<\/a><\/li>\r\n<li><a href=\"https:\/\/sinoextrud.com\/product\/commercial-glass-aluminium-railing-systems\/\" target=\"_blank\">Commercial Glass Aluminium Railing Systems<\/a><\/li>\r\n<li><a href=\"https:\/\/sinoextrud.com\/product\/custom-made-modern-wood-grain-color-kitchen-cabinet-aluminium-extrusion-profile\/\" target=\"_blank\">Custom made modern wood grain color kitchen cabinet aluminium extrusion profile<\/a><\/li>\r\n<li><a href=\"https:\/\/sinoextrud.com\/product\/anodized-extruded-u-shaped-aluminium-profile\/\" target=\"_blank\">Anodized Extruded U Shaped Aluminium Profile<\/a><\/li>\r\n<li><a href=\"https:\/\/sinoextrud.com\/product\/extruded-aluminum-profiles-prices-competitive-99-pure-aluminum-ingot-curtain-wall-aluminum-profile-extrusion-manufacturers\/\" target=\"_blank\">Extruded aluminum profiles prices competitive 99% pure aluminum ingot curtain wall aluminum profile extrusion manufacturers<\/a><\/li>\r\n<li><a href=\"https:\/\/sinoextrud.com\/product\/aluminium-extrusion-sections\/\" target=\"_blank\">Aluminium Extrusion Sections<\/a><\/li>"},"feature_list":[]},"_links":{"self":[{"href":"https:\/\/sinoextrud.com\/fr\/wp-json\/wp\/v2\/product\/6891","targetHints":{"allow":["GET"]}}],"collection":[{"href":"https:\/\/sinoextrud.com\/fr\/wp-json\/wp\/v2\/product"}],"about":[{"href":"https:\/\/sinoextrud.com\/fr\/wp-json\/wp\/v2\/types\/product"}],"wp:featuredmedia":[{"embeddable":true,"href":"https:\/\/sinoextrud.com\/fr\/wp-json\/wp\/v2\/media\/6890"}],"wp:attachment":[{"href":"https:\/\/sinoextrud.com\/fr\/wp-json\/wp\/v2\/media?parent=6891"}],"wp:term":[{"taxonomy":"category","embeddable":true,"href":"https:\/\/sinoextrud.com\/fr\/wp-json\/wp\/v2\/categories?post=6891"}],"curies":[{"name":"wp","href":"https:\/\/api.w.org\/{rel}","templated":true}]}}