{"id":6874,"date":"2025-06-03T03:09:55","date_gmt":"2025-06-03T03:09:55","guid":{"rendered":"https:\/\/sinoextrud.com\/product\/aluminum-extrusion-aluminium-profile-for-surface-oxidized-pipe\/"},"modified":"2025-06-24T06:11:54","modified_gmt":"2025-06-24T06:11:54","slug":"profile-daluminium-extrude-profile-daluminium-pour-tube-oxyde-en-surface","status":"publish","type":"product","link":"https:\/\/sinoextrud.com\/fr\/product\/aluminum-extrusion-aluminium-profile-for-surface-oxidized-pipe\/","title":{"rendered":"Profil\u00e9 d'aluminium extrud\u00e9 pour tube oxyd\u00e9 en surface"},"content":{"rendered":"<h2>D\u00e9tails des produits<\/h2>\n<table class=\"custom-table\">\n<tr>\n<td class=\"label\">Type :<\/td>\n<td> Transport Profil\u00e9s en aluminium, Produits industriels\uff0c<\/td>\n<\/tr>\n<tr>\n<td class=\"label\">Article :<\/td>\n<td> Tube en aluminium anodis\u00e9 et tube en aluminium anodis\u00e9\uff0c<\/td>\n<\/tr>\n<tr>\n<td class=\"label\">Grade :<\/td>\n<td> S\u00e9rie 6000\uff0c<\/td>\n<\/tr>\n<tr>\n<td class=\"label\">Alliage :<\/td>\n<td> Alliage\uff0c<\/td>\n<\/tr>\n<tr>\n<td class=\"label\">Ingr\u00e9dient d'alliage :<\/td>\n<td> 6063\uff0c<\/td>\n<\/tr>\n<tr>\n<td class=\"label\">Aluminium poli Profil :<\/td>\n<td> Polissage m\u00e9canique\uff0c<\/td>\n<\/tr>\n<tr>\n<td class=\"label\">Ligne de traitement :<\/td>\n<td> Extrusion, traitement de surface\uff0c<\/td>\n<\/tr>\n<tr>\n<td class=\"label\">Paquet de transport :<\/td>\n<td> Tissus non tiss\u00e9s, cartons\uff0c<\/td>\n<\/tr>\n<tr>\n<td class=\"label\">Type :<\/td>\n<td> Tubes en aluminium anodis\u00e9 noir\uff0c<\/td>\n<\/tr>\n<tr>\n<td class=\"label\">Code HS :<\/td>\n<td> 7604299000\uff0c<\/td>\n<\/tr>\n<tr>\n<td class=\"label\">Temp\u00e9rer :<\/td>\n<td> T3-T8\uff0c<\/td>\n<\/tr>\n<tr>\n<td class=\"label\">Finition de la surface :<\/td>\n<td> Oxydation anodique\uff0c<\/td>\n<\/tr>\n<tr>\n<td class=\"label\">Certification :<\/td>\n<td> ISO, GB\/T3190-2008, GB\/T6892-2006, GB\/T14846-2008\uff0c<\/td>\n<\/tr>\n<tr>\n<td class=\"label\">D\u00e9lai de livraison :<\/td>\n<td> 20-25 jours de travail\uff0c<\/td>\n<\/tr>\n<tr>\n<td class=\"label\">Origine :<\/td>\n<td> Foshan, Chine\uff0c<\/td>\n<\/tr>\n<\/table>\n<h2>Notre base de production<\/h2>\n<h3>Panorama de l'usine<\/h3>\n<p><img decoding=\"async\" src=\"\/wp-content\/uploads\/factory-01.webp\"\/><\/p>\n<h3>Atelier de fabrication de barres d'aluminium<\/h3>\n<p><img decoding=\"async\" src=\"\/wp-content\/uploads\/factory-02.webp\"\/><\/p>\n<p><img decoding=\"async\" src=\"\/wp-content\/uploads\/factory-03.webp\"\/><\/p>\n<h3>Entrep\u00f4t de stockage des moules<\/h3>\n<p><img decoding=\"async\" src=\"\/wp-content\/uploads\/factory-04.webp\"\/><\/p>\n<h3>43 lignes d'extrusion d'aluminium (500-5500 tonnes)<\/h3>\n<p><img decoding=\"async\" src=\"\/wp-content\/uploads\/factory-05.webp\"\/><\/p>\n<p><img decoding=\"async\" src=\"\/wp-content\/uploads\/factory-06.webp\"\/><\/p>\n<p><img decoding=\"async\" src=\"\/wp-content\/uploads\/factory-07.webp\"\/><\/p>\n<h3>Atelier de peinture en poudre<\/h3>\n<p><img decoding=\"async\" src=\"\/wp-content\/uploads\/factory-09.webp\"\/><\/p>\n<h3>Atelier d'anodisation<\/h3>\n<p><img decoding=\"async\" src=\"\/wp-content\/uploads\/factory-10.webp\"\/><\/p>\n<h3>Atelier sur le traitement en profondeur<\/h3>\n<p><img decoding=\"async\" src=\"\/wp-content\/uploads\/factory-11.webp\"\/><\/p>\n<h3>Atelier d'usinage de pr\u00e9cision CNC<\/h3>\n<p><img decoding=\"async\" src=\"\/wp-content\/uploads\/factory-11.5.webp\"\/><\/p>\n<h3>Entrep\u00f4t de produits finis et d'exportation<\/h3>\n<p><img decoding=\"async\" src=\"\/wp-content\/uploads\/factory-12.webp\"\/><\/p>\n<p><img decoding=\"async\" src=\"\/wp-content\/uploads\/factory-13.webp\"\/><\/p>\n<p><img decoding=\"async\" src=\"\/wp-content\/uploads\/factory-14.webp\"\/><\/p>\n<h2>FAQ<\/h2>\n<p><p><b>1) Qu'est-ce qu'un profil\u00e9 d'extrusion en aluminium pour les tuyaux oxyd\u00e9s en surface ? <\/b><\/p>\n<p> Il s'agit d'un tube ou d'un tuyau en aluminium produit par extrusion et trait\u00e9 par oxydation de surface (anodisation) pour am\u00e9liorer la durabilit\u00e9, l'esth\u00e9tique et la r\u00e9sistance \u00e0 la corrosion.<br \/>\n<\/p><br \/>\n<br \/>\n<p><b>2. pourquoi choisir des tuyaux en aluminium anodis\u00e9 ? <\/b><\/p>\n<p> L'anodisation augmente la r\u00e9sistance \u00e0 la corrosion, fournit une finition d\u00e9corative, am\u00e9liore la duret\u00e9 de la surface et la r\u00e9sistance \u00e0 l'usure et aux UV.<br \/>\n<\/p><br \/>\n<br \/>\n<p><b>3) Quels sont les alliages couramment utilis\u00e9s pour les tuyaux en aluminium oxyd\u00e9 ? <\/b><\/p>\n<p> Les alliages 6063 et 6061 sont les plus fr\u00e9quemment utilis\u00e9s en raison de leur grande facilit\u00e9 d'extrusion, de leur r\u00e9sistance et de leur excellente r\u00e9action \u00e0 l'anodisation.<br \/>\n<\/p><br \/>\n<br \/>\n<p><b>4. quels sont les types de formes de tuyaux disponibles ? <\/b><\/p>\n<p> Les tubes peuvent \u00eatre produits en sections rondes, carr\u00e9es, ovales, triangulaires ou sur mesure, en fonction des exigences de l'application.<br \/>\n<\/p><br \/>\n<br \/>\n<p><b>5) Quelles sont les finitions possibles apr\u00e8s l'oxydation ? <\/b><\/p>\n<p> Les finitions anodis\u00e9es comprennent des options de couleurs claires, noires, bronze, champagne, or et personnalis\u00e9es, ainsi que des textures bross\u00e9es ou polies.<br \/>\n<\/p><br \/>\n<br \/>\n<p><b>6. ces tuyaux conviennent-ils pour un usage structurel ou d\u00e9coratif ? <\/b><\/p>\n<p> Oui, ils sont id\u00e9aux pour les applications structurelles (par exemple, cadres, supports) et d\u00e9coratives (par exemple, meubles, rampes, garnitures).<br \/>\n<\/p><br \/>\n<br \/>\n<p><b>7. puis-je commander des tubes en aluminium oxyd\u00e9 sur mesure ? <\/b><\/p>\n<p> Dans l'absolu, les fabricants proposent des services OEM complets, y compris la personnalisation des dimensions, de l'\u00e9paisseur des parois, de la couleur et de l'usinage final.<br \/>\n<\/p><br \/>\n<br \/>\n<p><b>8) O\u00f9 puis-je me procurer des tuyaux d'aluminium oxyd\u00e9s en surface en vrac ? <\/b><\/p>\n<p> Les meilleures usines chinoises fournissent des commandes en gros avec une extrusion et une anodisation de haute qualit\u00e9, des prix comp\u00e9titifs et des services d'exportation globaux.<br \/>\n<\/p><br \/><\/p>","protected":false},"featured_media":6873,"template":"","categories":[67],"class_list":["post-6874","product","type-product","status-publish","has-post-thumbnail","hentry","category-architectural-aluminium-profile"],"meta_box":{"hilight_text_group":{"product_hilight_text":"<li>High-quality aluminum extrusion profiles designed for surface oxidized pipe applications<\/li>\r\r\n<li>Made from 6063 or 6061 alloy offering excellent strength, corrosion resistance, and smooth extrusion capability<\/li>\r\r\n<li>Surface oxidation (anodizing) enhances wear resistance, electrical insulation, and decorative appearance<\/li>\r\r\n<li>Available in round, square, and custom pipe cross-sections with various anodized finishes<\/li>\r\r\n<li>OEM customization available for dimensions, wall thickness, length, and surface color<\/li>","product_chanpin_blog":"<ul>\r\r\n<li><a href=\"https:\/\/sinoextrud.com\/t-slot-v-slot-differences\/\" target=\"_blank\">t slot vs v slot<\/a><\/li>\r\r\n<li><a href=\"https:\/\/sinoextrud.com\/what-is-4040-aluminium-extrud\/\" target=\"_blank\">4040 aluminium extrusion<\/a><\/li>\r\r\n<li><a href=\"https:\/\/sinoextrud.com\/what-is-4040-aluminium-extrud\/\" target=\"_blank\">aluminum extrusions for industrial racks<\/a><\/li>\r\r\n<li><a href=\"https:\/\/sinoextrud.com\/powder-coating-aluminium-process\/\" target=\"_blank\">powder coating aluminium<\/a><\/li>\r\r\n<li><a href=\"https:\/\/sinoextrud.com\/what-is-an-aluminium-strip-ceiling\/\" target=\"_blank\">aluminium strip ceiling<\/a><\/li>\r\r\n<li><a href=\"https:\/\/sinoextrud.com\/what-is-a-heat-sink\/\" target=\"_blank\">what is a heat sink<\/a><\/li>\r\r\n<\/ul>","product_chanpin_chanpin":"<li><a href=\"https:\/\/sinoextrud.com\/product\/aluminium-frame-extrusion-profile-picture-frame-profile-for-interior-decoration-supplied-by-china-manufacturer\/\" target=\"_blank\">Aluminium Frame Extrusion Profile Picture Frame Profile for Interior Decoration Supplied By China Manufacturer<\/a><\/li>\r\n<li><a href=\"https:\/\/sinoextrud.com\/product\/aluminum-window-frame-extrusions\/\" target=\"_blank\">Aluminum Window Frame Extrusions<\/a><\/li>\r\n<li><a href=\"https:\/\/sinoextrud.com\/product\/6063-cnc-machining-aluminum-extrusion-hinge\/\" target=\"_blank\">6063 CNC Machining Aluminum Extrusion Hinge<\/a><\/li>\r\n<li><a href=\"https:\/\/sinoextrud.com\/product\/aluminium-track-extrusions\/\" target=\"_blank\">Aluminium Track Extrusions<\/a><\/li>\r\n<li><a href=\"https:\/\/sinoextrud.com\/product\/aluminum-extrusion-aluminium-profile-for-surface-oxidized-pipe\/\" target=\"_blank\">Aluminum Extrusion Aluminium Profile for Surface Oxidized Pipe<\/a><\/li>\r\n<li><a href=\"https:\/\/sinoextrud.com\/product\/h-channel-aluminum-extrusion\/\" target=\"_blank\">H Channel Aluminum Extrusion<\/a><\/li>\r\n<li><a href=\"https:\/\/sinoextrud.com\/product\/cnc-anodized-6063-curved-aluminum-extrusions\/\" target=\"_blank\">CNC Anodized 6063 Curved Aluminum Extrusions<\/a><\/li>\r\n<li><a href=\"https:\/\/sinoextrud.com\/product\/6063-multiple-size-extruded-aluminium-t-slot\/\" target=\"_blank\">6063 Multiple Size Extruded Aluminium T Slot<\/a><\/li>\r\n<li><a href=\"https:\/\/sinoextrud.com\/product\/commercial-glass-aluminium-railing-systems\/\" target=\"_blank\">Commercial Glass Aluminium Railing Systems<\/a><\/li>\r\n<li><a href=\"https:\/\/sinoextrud.com\/product\/aluminum-extrusion-polished-square-tupe\/\" target=\"_blank\">Aluminum Extrusion Polished Square Tupe<\/a><\/li>\r\n<li><a href=\"https:\/\/sinoextrud.com\/product\/design-of-anodized-aluminum-handrail-price\/\" target=\"_blank\">design of anodized aluminum handrail price<\/a><\/li>"},"feature_list":[]},"_links":{"self":[{"href":"https:\/\/sinoextrud.com\/fr\/wp-json\/wp\/v2\/product\/6874","targetHints":{"allow":["GET"]}}],"collection":[{"href":"https:\/\/sinoextrud.com\/fr\/wp-json\/wp\/v2\/product"}],"about":[{"href":"https:\/\/sinoextrud.com\/fr\/wp-json\/wp\/v2\/types\/product"}],"wp:featuredmedia":[{"embeddable":true,"href":"https:\/\/sinoextrud.com\/fr\/wp-json\/wp\/v2\/media\/6873"}],"wp:attachment":[{"href":"https:\/\/sinoextrud.com\/fr\/wp-json\/wp\/v2\/media?parent=6874"}],"wp:term":[{"taxonomy":"category","embeddable":true,"href":"https:\/\/sinoextrud.com\/fr\/wp-json\/wp\/v2\/categories?post=6874"}],"curies":[{"name":"wp","href":"https:\/\/api.w.org\/{rel}","templated":true}]}}