{"id":6870,"date":"2025-06-03T03:04:14","date_gmt":"2025-06-03T03:04:14","guid":{"rendered":"https:\/\/sinoextrud.com\/product\/6063-cnc-machining-aluminum-extrusion-hinge\/"},"modified":"2025-06-24T06:11:53","modified_gmt":"2025-06-24T06:11:53","slug":"charniere-en-aluminium-extrude-6063-usinee-en-cnc","status":"publish","type":"product","link":"https:\/\/sinoextrud.com\/fr\/product\/6063-cnc-machining-aluminum-extrusion-hinge\/","title":{"rendered":"Charni\u00e8re en aluminium extrud\u00e9 6063 \u00e0 usinage CNC"},"content":{"rendered":"<h2>D\u00e9tails des produits<\/h2>\n<table class=\"custom-table\">\n<tr>\n<td class=\"label\">Grade :<\/td>\n<td>6063 -t5\uff0c<\/td>\n<\/tr>\n<tr>\n<td class=\"label\">Technique :<\/td>\n<td>6063 CNC Machining Aluminum Extrusion Hinge\uff0c<\/td>\n<\/tr>\n<tr>\n<td class=\"label\">Temp\u00e9rer :<\/td>\n<td>T3 - T8\uff0c<\/td>\n<\/tr>\n<tr>\n<td class=\"label\">Services d'usinage :<\/td>\n<td>Per\u00e7age, taraudage, rivetage, assemblage, etc\uff0c<\/td>\n<\/tr>\n<tr>\n<td class=\"label\">Marque d\u00e9pos\u00e9e :<\/td>\n<td>Sinoextrud Sinoextrud\uff0c<\/td>\n<\/tr>\n<tr>\n<td class=\"label\">Type :<\/td>\n<td>6063 CNC Machining Aluminum Extrusion Hinge\uff0c<\/td>\n<\/tr>\n<tr>\n<td class=\"label\">Forme :<\/td>\n<td>Fabriqu\u00e9 selon le design du client\uff0c<\/td>\n<\/tr>\n<tr>\n<td class=\"label\">Traitement de surface :<\/td>\n<td>Finition frais\u00e9e Anodis\u00e9e Bross\u00e9e\uff0c<\/td>\n<\/tr>\n<tr>\n<td class=\"label\">Longueur :<\/td>\n<td>1m \u00e0 9m par longueur\uff0c<\/td>\n<\/tr>\n<tr>\n<td class=\"label\">Couleurs :<\/td>\n<td>Argent Noir\uff0c<\/td>\n<\/tr>\n<tr>\n<td class=\"label\">Code HS :<\/td>\n<td>76042990\uff0c<\/td>\n<\/tr>\n<\/table>\n<h2>Notre base de production<\/h2>\n<h3>Panorama de l'usine<\/h3>\n<p><img decoding=\"async\" src=\"\/wp-content\/uploads\/factory-01.webp\"\/><\/p>\n<h3>Atelier de fabrication de barres d'aluminium<\/h3>\n<p><img decoding=\"async\" src=\"\/wp-content\/uploads\/factory-02.webp\"\/><\/p>\n<\/p>\n<p><img decoding=\"async\" src=\"\/wp-content\/uploads\/factory-03.webp\"\/><\/p>\n<h3>Entrep\u00f4t de stockage des moules<\/h3>\n<p><img decoding=\"async\" src=\"\/wp-content\/uploads\/factory-04.webp\"\/><\/p>\n<h3>43 lignes d'extrusion d'aluminium (500-5500 tonnes)<\/h3>\n<p><img decoding=\"async\" src=\"\/wp-content\/uploads\/factory-05.webp\"\/><\/p>\n<p><img decoding=\"async\" src=\"\/wp-content\/uploads\/factory-06.webp\"\/><\/p>\n<p><img decoding=\"async\" src=\"\/wp-content\/uploads\/factory-07.webp\"\/><\/p>\n<h3>Atelier de peinture en poudre<\/h3>\n<p><img decoding=\"async\" src=\"\/wp-content\/uploads\/factory-09.webp\"\/><\/p>\n<h3>Atelier d'anodisation<\/h3>\n<p><img decoding=\"async\" src=\"\/wp-content\/uploads\/factory-10.webp\"\/><\/p>\n<h3>Atelier sur le traitement en profondeur<\/h3>\n<p><img decoding=\"async\" src=\"\/wp-content\/uploads\/factory-11.webp\"\/><\/p>\n<h3>Atelier d'usinage de pr\u00e9cision CNC<\/h3>\n<p><img decoding=\"async\" src=\"\/wp-content\/uploads\/factory-11.5.webp\"\/><\/p>\n<h3>Entrep\u00f4t de produits finis et d'exportation<\/h3>\n<p><img decoding=\"async\" src=\"\/wp-content\/uploads\/factory-12.webp\"\/><\/p>\n<p><img decoding=\"async\" src=\"\/wp-content\/uploads\/factory-13.webp\"\/><\/p>\n<p><img decoding=\"async\" src=\"\/wp-content\/uploads\/factory-14.webp\"\/><\/p>\n<h2>FAQ<\/h2>\n<p><b>1) Qu'est-ce qu'une charni\u00e8re en aluminium extrud\u00e9 6063 CNC ? <\/b><\/p>\n<p> Il s'agit d'un composant de charni\u00e8re usin\u00e9 avec pr\u00e9cision \u00e0 partir d'une extrusion d'aluminium 6063, utilis\u00e9 dans des assemblages structurels ou d\u00e9coratifs n\u00e9cessitant un mouvement fluide et une grande r\u00e9sistance.\n<\/p>\n<p><\/p>\n<p><b>2. pourquoi utiliser l'alliage 6063 pour les charni\u00e8res en aluminium ? <\/b><\/p>\n<p> L'acier 6063 offre une excellente r\u00e9sistance \u00e0 la corrosion, un bon \u00e9tat de surface et une r\u00e9sistance suffisante pour les charni\u00e8res l\u00e9g\u00e8res \u00e0 moyennes dans les environnements architecturaux et industriels.\n<\/p>\n<p><\/p>\n<p><b>3) Quelles sont les applications typiques des charni\u00e8res en aluminium usin\u00e9es CNC ? <\/b><\/p>\n<p> Ces charni\u00e8res sont utilis\u00e9es dans les fen\u00eatres, les armoires, les bo\u00eetiers \u00e9lectriques, les couvercles de machines, les portes d'acc\u00e8s et les panneaux de s\u00e9paration.\n<\/p>\n<p><\/p>\n<p><b>4. les charni\u00e8res en aluminium extrud\u00e9 peuvent-elles \u00eatre personnalis\u00e9es ? <\/b><\/p>\n<p> Oui, les fabricants OEM offrent la possibilit\u00e9 de personnaliser les dimensions, les sch\u00e9mas de per\u00e7age, les angles de rotation et les types de montage pour r\u00e9pondre \u00e0 diverses applications.\n<\/p>\n<p><\/p>\n<p><b>5) Quelles sont les finitions de surface disponibles pour ces charni\u00e8res ? <\/b><\/p>\n<p> Les finitions comprennent l'anodisation (transparente, noire, bronze), le rev\u00eatement par poudre, le brossage et le polissage pour am\u00e9liorer l'aspect et la protection de la surface.\n<\/p>\n<p><\/p>\n<p><b>6. ces charni\u00e8res peuvent-elles \u00eatre utilis\u00e9es \u00e0 l'ext\u00e9rieur ? <\/b><\/p>\n<p> Oui, avec des finitions anodis\u00e9es ou thermolaqu\u00e9es, ils offrent une excellente r\u00e9sistance \u00e0 l'exposition aux UV, \u00e0 l'humidit\u00e9 et \u00e0 la corrosion.\n<\/p>\n<p><\/p>\n<p><b>7. Comment les charni\u00e8res en aluminium sont-elles install\u00e9es ? <\/b><\/p>\n<p> Ils peuvent \u00eatre mont\u00e9s avec des vis, des boulons ou des syst\u00e8mes de fixation int\u00e9gr\u00e9s en fonction de la conception et de l'application.\n<\/p>\n<p><\/p>\n<p><b>8. puis-je commander des charni\u00e8res CNC en aluminium en vrac en Chine ? <\/b><\/p>\n<p> Absolument, les meilleures usines chinoises fournissent des charni\u00e8res en aluminium CNC de pr\u00e9cision \u00e0 des prix comp\u00e9titifs, avec un support OEM et une livraison globale.\n<\/p>\n<p><\/p>","protected":false},"featured_media":6869,"template":"","categories":[67],"class_list":["post-6870","product","type-product","status-publish","has-post-thumbnail","hentry","category-architectural-aluminium-profile"],"meta_box":{"hilight_text_group":{"product_hilight_text":"<li>6063 aluminum alloy CNC-machined extrusion hinges designed for precise mechanical and architectural applications<\/li>\r\r\n<li>High strength-to-weight ratio and corrosion resistance suitable for indoor and outdoor use<\/li>\r\r\n<li>Machined to tight tolerances for smooth rotation and reliable alignment in doors, panels, and enclosures<\/li>\r\r\n<li>Available in anodized, powder-coated, or brushed finishes for durability and aesthetics<\/li>\r\r\n<li>Custom sizes and hinge configurations offered with OEM manufacturing support from experienced Chinese factories<\/li>","product_chanpin_blog":"<ul>\r\r\n<li><a href=\"https:\/\/sinoextrud.com\/t-slot-v-slot-differences\/\" target=\"_blank\">t slot vs v slot<\/a><\/li>\r\r\n<li><a href=\"https:\/\/sinoextrud.com\/what-is-4040-aluminium-extrud\/\" target=\"_blank\">4040 aluminium extrusion<\/a><\/li>\r\r\n<li><a href=\"https:\/\/sinoextrud.com\/what-is-4040-aluminium-extrud\/\" target=\"_blank\">aluminum extrusions for industrial racks<\/a><\/li>\r\r\n<li><a href=\"https:\/\/sinoextrud.com\/powder-coating-aluminium-process\/\" target=\"_blank\">powder coating aluminium<\/a><\/li>\r\r\n<li><a href=\"https:\/\/sinoextrud.com\/what-is-an-aluminium-strip-ceiling\/\" target=\"_blank\">aluminium strip ceiling<\/a><\/li>\r\r\n<li><a href=\"https:\/\/sinoextrud.com\/what-is-a-heat-sink\/\" target=\"_blank\">what is a heat sink<\/a><\/li>\r\r\n<\/ul>","product_chanpin_chanpin":"<li><a href=\"https:\/\/sinoextrud.com\/product\/anodized-aluminium-industrial-profile-aluminum-extrusion\/\" target=\"_blank\">Anodized Aluminium Industrial Profile & Aluminum Extrusion<\/a><\/li>\r\n<li><a href=\"https:\/\/sinoextrud.com\/product\/anodized-aluminium-industrial-profile-aluminum-extrusion-2\/\" target=\"_blank\">Anodized Aluminium Industrial Profile  Aluminum Extrusion<\/a><\/li>\r\n<li><a href=\"https:\/\/sinoextrud.com\/product\/aluminium-frame-extrusion-profile-picture-frame-profile-for-interior-decoration-supplied-by-china-manufacturer\/\" target=\"_blank\">Aluminium Frame Extrusion Profile Picture Frame Profile for Interior Decoration Supplied By China Manufacturer<\/a><\/li>\r\n<li><a href=\"https:\/\/sinoextrud.com\/product\/aluminum-window-frame-extrusions\/\" target=\"_blank\">Aluminum Window Frame Extrusions<\/a><\/li>\r\n<li><a href=\"https:\/\/sinoextrud.com\/product\/6063-cnc-machining-aluminum-extrusion-hinge\/\" target=\"_blank\">6063 CNC Machining Aluminum Extrusion Hinge<\/a><\/li>\r\n<li><a href=\"https:\/\/sinoextrud.com\/product\/aluminium-track-extrusions\/\" target=\"_blank\">Aluminium Track Extrusions<\/a><\/li>\r\n<li><a href=\"https:\/\/sinoextrud.com\/product\/aluminum-extrusion-aluminium-profile-for-surface-oxidized-pipe\/\" target=\"_blank\">Aluminum Extrusion Aluminium Profile for Surface Oxidized Pipe<\/a><\/li>\r\n<li><a href=\"https:\/\/sinoextrud.com\/product\/h-channel-aluminum-extrusion\/\" target=\"_blank\">H Channel Aluminum Extrusion<\/a><\/li>\r\n<li><a href=\"https:\/\/sinoextrud.com\/product\/cnc-anodized-6063-curved-aluminum-extrusions\/\" target=\"_blank\">CNC Anodized 6063 Curved Aluminum Extrusions<\/a><\/li>\r\n<li><a href=\"https:\/\/sinoextrud.com\/product\/aluminum-panel-outlet-socket\/\" target=\"_blank\">Aluminum Panel Outlet Socket<\/a><\/li>\r\n<li><a href=\"https:\/\/sinoextrud.com\/product\/aluminium-profile-bending\/\" target=\"_blank\">Aluminium Profile Bending<\/a><\/li>"},"feature_list":[]},"_links":{"self":[{"href":"https:\/\/sinoextrud.com\/fr\/wp-json\/wp\/v2\/product\/6870","targetHints":{"allow":["GET"]}}],"collection":[{"href":"https:\/\/sinoextrud.com\/fr\/wp-json\/wp\/v2\/product"}],"about":[{"href":"https:\/\/sinoextrud.com\/fr\/wp-json\/wp\/v2\/types\/product"}],"wp:featuredmedia":[{"embeddable":true,"href":"https:\/\/sinoextrud.com\/fr\/wp-json\/wp\/v2\/media\/6869"}],"wp:attachment":[{"href":"https:\/\/sinoextrud.com\/fr\/wp-json\/wp\/v2\/media?parent=6870"}],"wp:term":[{"taxonomy":"category","embeddable":true,"href":"https:\/\/sinoextrud.com\/fr\/wp-json\/wp\/v2\/categories?post=6870"}],"curies":[{"name":"wp","href":"https:\/\/api.w.org\/{rel}","templated":true}]}}