{"id":6858,"date":"2025-06-03T02:38:16","date_gmt":"2025-06-03T02:38:16","guid":{"rendered":"https:\/\/sinoextrud.com\/product\/industrial-customized-6063-t5-alloy-aluminium-extrusion-profile\/"},"modified":"2025-06-24T06:11:51","modified_gmt":"2025-06-24T06:11:51","slug":"profile-dextrusion-en-alliage-daluminium-6063-t5-personnalise-pour-lindustrie","status":"publish","type":"product","link":"https:\/\/sinoextrud.com\/fr\/product\/industrial-customized-6063-t5-alloy-aluminium-extrusion-profile\/","title":{"rendered":"Profil\u00e9 d'extrusion industriel en alliage d'aluminium 6063-T5 sur mesure"},"content":{"rendered":"<h2>D\u00e9tails des produits<\/h2>\n<table class=\"custom-table\">\n<tr>\n<td class=\"label\">Forme :<\/td>\n<td> selon les besoins<\/td>\n<\/tr>\n<tr>\n<td class=\"label\">Article :<\/td>\n<td>Profil\u00e9s industriels en aluminium<\/td>\n<\/tr>\n<tr>\n<td class=\"label\">Temp\u00e9rer :<\/td>\n<td> T5\/T6<\/td>\n<\/tr>\n<tr>\n<td class=\"label\">Alliage :<\/td>\n<td> Alliage<\/td>\n<\/tr>\n<tr>\n<td class=\"label\">Ingr\u00e9dient d'alliage :<\/td>\n<td> 6063<\/td>\n<\/tr>\n<tr>\n<td class=\"label\">Legnth :<\/td>\n<td> 3~6 m\u00e8tres ou selon les besoins<\/td>\n<\/tr>\n<tr>\n<td class=\"label\">Taille :<\/td>\n<td> Sur mesure<\/td>\n<\/tr>\n<tr>\n<td class=\"label\">Aluminium poli Profil :<\/td>\n<td> Polissage m\u00e9canique<\/td>\n<\/tr>\n<tr>\n<td class=\"label\">Temps de production :<\/td>\n<td> 20 \u00e0 25 jours<\/td>\n<\/tr>\n<tr>\n<td class=\"label\">Moule d'extrusion Temps :<\/td>\n<td> 10 \u00e0 18 jours<\/td>\n<\/tr>\n<tr>\n<td class=\"label\">Service suppl\u00e9mentaire :<\/td>\n<td> OEM<\/td>\n<\/tr>\n<tr>\n<td class=\"label\">Paquet de transport :<\/td>\n<td> Emballage standard pour l'exportation<\/td>\n<\/tr>\n<tr>\n<td class=\"label\">Sp\u00e9cification :<\/td>\n<td> GBT6892-2000<\/td>\n<\/tr>\n<tr>\n<td class=\"label\">Grade :<\/td>\n<td> 6063, 6005, 6061, 6082<\/td>\n<\/tr>\n<tr>\n<td class=\"label\">Certification :<\/td>\n<td> CE, ISO, TUV<\/td>\n<\/tr>\n<tr>\n<td class=\"label\">Traitement :<\/td>\n<td> Processus d'extrusion d'aluminium de qualit\u00e9<\/td>\n<\/tr>\n<tr>\n<td class=\"label\">Port Fob :<\/td>\n<td> Shenzhen, Foshan, Guangzhou<\/td>\n<\/tr>\n<tr>\n<td class=\"label\">Origine :<\/td>\n<td> Foshan, Chine<\/td>\n<\/tr>\n<\/table>\n<h2>Notre base de production<\/h2>\n<h3>Panorama de l'usine<\/h3>\n<p><img decoding=\"async\" src=\"\/wp-content\/uploads\/factory-01.webp\"\/><\/p>\n<h3>Atelier de fabrication de barres d'aluminium<\/h3>\n<p><img decoding=\"async\" src=\"\/wp-content\/uploads\/factory-02.webp\"\/><\/p>\n<p><img decoding=\"async\" src=\"\/wp-content\/uploads\/factory-03.webp\"\/><\/p>\n<h3>Entrep\u00f4t de stockage des moules<\/h3>\n<p><img decoding=\"async\" src=\"\/wp-content\/uploads\/factory-04.webp\"\/><\/p>\n<h3>43 lignes d'extrusion d'aluminium (500 \u00e0 5500 tonnes)<\/h3>\n<p><img decoding=\"async\" src=\"\/wp-content\/uploads\/factory-05.webp\"\/><\/p>\n<p><img decoding=\"async\" src=\"\/wp-content\/uploads\/factory-06.webp\"\/><\/p>\n<p><img decoding=\"async\" src=\"\/wp-content\/uploads\/factory-07.webp\"\/><\/p>\n<h3>Atelier de peinture en poudre<\/h3>\n<p><img decoding=\"async\" src=\"\/wp-content\/uploads\/factory-09.webp\"\/><\/p>\n<h3>Atelier d'anodisation<\/h3>\n<p><img decoding=\"async\" src=\"\/wp-content\/uploads\/factory-10.webp\"\/><\/p>\n<h3>Atelier sur le traitement en profondeur<\/h3>\n<p><img decoding=\"async\" src=\"\/wp-content\/uploads\/factory-11.webp\"\/><\/p>\n<h3>Atelier d'usinage de pr\u00e9cision CNC<\/h3>\n<p><img decoding=\"async\" src=\"\/wp-content\/uploads\/factory-11.5.webp\"\/><\/p>\n<h3>Entrep\u00f4t de produits finis et d'exportation<\/h3>\n<p><img decoding=\"async\" src=\"\/wp-content\/uploads\/factory-12.webp\"\/><\/p>\n<p><img decoding=\"async\" src=\"\/wp-content\/uploads\/factory-13.webp\"\/><\/p>\n<p><img decoding=\"async\" src=\"\/wp-content\/uploads\/factory-14.webp\"\/><\/p>\n<h2>FAQ<\/h2>\n<p><p><b>1) Qu'est-ce qu'un profil\u00e9 industriel en aluminium extrud\u00e9 sur mesure ? <\/b><\/p>\n<p> Il s'agit d'un profil\u00e9 d'aluminium sur mesure con\u00e7u pour des applications industrielles sp\u00e9cifiques telles que les machines, la construction et les syst\u00e8mes d'automatisation.<br \/>\n<\/p><br \/>\n<br \/>\n<p><b>2. pourquoi utiliser l'alliage 6063-T5 pour les profil\u00e9s industriels en aluminium ? <\/b><\/p>\n<p> Le 6063-T5 offre une bonne r\u00e9sistance m\u00e9canique, une excellente r\u00e9sistance \u00e0 la corrosion et une finition de haute qualit\u00e9, ce qui le rend id\u00e9al pour les extrusions n\u00e9cessitant pr\u00e9cision et durabilit\u00e9.<br \/>\n<\/p><br \/>\n<br \/>\n<p><b>3. les profils d'extrusion peuvent-ils \u00eatre personnalis\u00e9s ? <\/b><\/p>\n<p> Oui, les fabricants proposent des services OEM complets, notamment des formes, des longueurs, des \u00e9paisseurs de paroi et des usinages sur mesure pour r\u00e9pondre aux besoins sp\u00e9cifiques des projets.<br \/>\n<\/p><br \/>\n<br \/>\n<p><b>4. quels sont les types de finitions disponibles ? <\/b><\/p>\n<p> Les finitions comprennent l'anodisation, le rev\u00eatement par poudre, le brossage, le sablage et la finition en usine pour am\u00e9liorer l'aspect et la r\u00e9sistance \u00e0 l'environnement.<br \/>\n<\/p><br \/>\n<br \/>\n<p><b>5. Quelles sont les industries qui utilisent les profil\u00e9s en aluminium personnalis\u00e9s ? <\/b><\/p>\n<p> Ces profil\u00e9s sont largement utilis\u00e9s dans la construction, l'automatisation, l'\u00e9lectronique, les syst\u00e8mes de chauffage, de ventilation et de climatisation, les transports et la fabrication industrielle.<br \/>\n<\/p><br \/>\n<br \/>\n<p><b>6. Ces profils sont-ils compatibles avec les syst\u00e8mes d'assemblage modulaires ? <\/b><\/p>\n<p> Oui, de nombreux profil\u00e9s industriels en aluminium sont con\u00e7us pour \u00eatre compatibles avec les rainures en T ou d'autres syst\u00e8mes d'encadrement modulaires.<br \/>\n<\/p><br \/>\n<br \/>\n<p><b>7. Quelles sont les tol\u00e9rances possibles pour les extrusions personnalis\u00e9es ? <\/b><\/p>\n<p> L'extrusion de haute pr\u00e9cision permet d'obtenir des tol\u00e9rances serr\u00e9es adapt\u00e9es aux applications industrielles et techniques exigeantes.<br \/>\n<\/p><br \/>\n<br \/>\n<p><b>8) O\u00f9 puis-je commander des profils en aluminium 6063-T5 personnalis\u00e9s en vrac ? <\/b><\/p>\n<p> Des fabricants chinois de premier plan proposent des prix comp\u00e9titifs, une assurance qualit\u00e9 et une production OEM en grande quantit\u00e9 pour des clients industriels internationaux.<br \/>\n<\/p><br \/><\/p>","protected":false},"featured_media":6857,"template":"","categories":[67],"class_list":["post-6858","product","type-product","status-publish","has-post-thumbnail","hentry","category-architectural-aluminium-profile"],"meta_box":{"hilight_text_group":{"product_hilight_text":"<li>Industrial-grade customized aluminum extrusion profiles made from 6063-T5 alloy<\/li>\r\r\n<li>Tailored designs and dimensions for machine frames, automation systems, enclosures, and construction use<\/li>\r\r\n<li>Excellent corrosion resistance and surface finish with medium strength suitable for complex extrusions<\/li>\r\r\n<li>Available in anodized, powder-coated, or mill finish for various functional and aesthetic requirements<\/li>\r\r\n<li>OEM manufacturing with tight tolerances and high consistency for industrial and engineering applications<\/li>","product_chanpin_blog":"<ul>\r\r\n<li><a href=\"https:\/\/sinoextrud.com\/t-slot-v-slot-differences\/\" target=\"_blank\">t slot vs v slot<\/a><\/li>\r\r\n<li><a href=\"https:\/\/sinoextrud.com\/what-is-4040-aluminium-extrud\/\" target=\"_blank\">4040 aluminium extrusion<\/a><\/li>\r\r\n<li><a href=\"https:\/\/sinoextrud.com\/what-is-4040-aluminium-extrud\/\" target=\"_blank\">aluminum extrusions for industrial racks<\/a><\/li>\r\r\n<li><a href=\"https:\/\/sinoextrud.com\/powder-coating-aluminium-process\/\" target=\"_blank\">powder coating aluminium<\/a><\/li>\r\r\n<li><a href=\"https:\/\/sinoextrud.com\/what-is-an-aluminium-strip-ceiling\/\" target=\"_blank\">aluminium strip ceiling<\/a><\/li>\r\r\n<li><a href=\"https:\/\/sinoextrud.com\/what-is-a-heat-sink\/\" target=\"_blank\">what is a heat sink<\/a><\/li>\r\r\n<\/ul>","product_chanpin_chanpin":"<li><a href=\"https:\/\/sinoextrud.com\/product\/aluminium-profile-for-glass-roof\/\" target=\"_blank\">Aluminium Profile For Glass Roof<\/a><\/li>\r\n<li><a href=\"https:\/\/sinoextrud.com\/product\/aluminium-z-section-extrusions\/\" target=\"_blank\">Aluminium Z Section Extrusions<\/a><\/li>\r\n<li><a href=\"https:\/\/sinoextrud.com\/product\/6063-t5-aluminum-extruded-profiles\/\" target=\"_blank\">6063 T5 Aluminum Extruded Profiles<\/a><\/li>\r\n<li><a href=\"https:\/\/sinoextrud.com\/product\/aluminum-sunshading-profile\/\" target=\"_blank\">Aluminum Sunshading Profile<\/a><\/li>\r\n<li><a href=\"https:\/\/sinoextrud.com\/product\/industrial-customized-6063-t5-alloy-aluminium-extrusion-profile\/\" target=\"_blank\">Industrial Customized 6063-T5 Alloy Aluminium Extrusion Profile<\/a><\/li>\r\n<li><a href=\"https:\/\/sinoextrud.com\/product\/aluminium-round-tube-extrusion-profile-with-anodized-powder-coating-surface-treatment-oem-customized-extruded-aluminium-tube-profile\/\" target=\"_blank\">Aluminium Round Tube Extrusion Profile With Anodized Powder Coating Surface Treatment OEM Customized  Extruded Aluminium Tube Profile<\/a><\/li>\r\n<li><a href=\"https:\/\/sinoextrud.com\/product\/anodized-aluminium-industrial-profile-aluminum-extrusion\/\" target=\"_blank\">Anodized Aluminium Industrial Profile & Aluminum Extrusion<\/a><\/li>\r\n<li><a href=\"https:\/\/sinoextrud.com\/product\/anodized-aluminium-industrial-profile-aluminum-extrusion-2\/\" target=\"_blank\">Anodized Aluminium Industrial Profile  Aluminum Extrusion<\/a><\/li>\r\n<li><a href=\"https:\/\/sinoextrud.com\/product\/aluminium-frame-extrusion-profile-picture-frame-profile-for-interior-decoration-supplied-by-china-manufacturer\/\" target=\"_blank\">Aluminium Frame Extrusion Profile Picture Frame Profile for Interior Decoration Supplied By China Manufacturer<\/a><\/li>\r\n<li><a href=\"https:\/\/sinoextrud.com\/product\/structural-aluminium-extrusions\/\" target=\"_blank\">Structural Aluminium Extrusions<\/a><\/li>\r\n<li><a href=\"https:\/\/sinoextrud.com\/product\/large-aluminum-extrusion\/\" target=\"_blank\">Large Aluminum Extrusion<\/a><\/li>"},"feature_list":[]},"_links":{"self":[{"href":"https:\/\/sinoextrud.com\/fr\/wp-json\/wp\/v2\/product\/6858","targetHints":{"allow":["GET"]}}],"collection":[{"href":"https:\/\/sinoextrud.com\/fr\/wp-json\/wp\/v2\/product"}],"about":[{"href":"https:\/\/sinoextrud.com\/fr\/wp-json\/wp\/v2\/types\/product"}],"wp:featuredmedia":[{"embeddable":true,"href":"https:\/\/sinoextrud.com\/fr\/wp-json\/wp\/v2\/media\/6857"}],"wp:attachment":[{"href":"https:\/\/sinoextrud.com\/fr\/wp-json\/wp\/v2\/media?parent=6858"}],"wp:term":[{"taxonomy":"category","embeddable":true,"href":"https:\/\/sinoextrud.com\/fr\/wp-json\/wp\/v2\/categories?post=6858"}],"curies":[{"name":"wp","href":"https:\/\/api.w.org\/{rel}","templated":true}]}}