{"id":6853,"date":"2025-06-03T02:29:10","date_gmt":"2025-06-03T02:29:10","guid":{"rendered":"https:\/\/sinoextrud.com\/product\/6063-t5-aluminum-extruded-profiles\/"},"modified":"2025-06-24T06:11:51","modified_gmt":"2025-06-24T06:11:51","slug":"profiles-extrudes-en-aluminium-6063-t5","status":"publish","type":"product","link":"https:\/\/sinoextrud.com\/fr\/product\/6063-t5-aluminum-extruded-profiles\/","title":{"rendered":"Profil\u00e9s extrud\u00e9s en aluminium 6063 T5"},"content":{"rendered":"<h2>D\u00e9tails des produits<\/h2>\n<table class=\"custom-table\">\n<tr>\n<td class=\"label\">Mod\u00e8le NO :<\/td>\n<td>Profil\u00e9s extrud\u00e9s en aluminium 6063 t5<\/td>\n<\/tr>\n<tr>\n<td class=\"label\">Forme :<\/td>\n<td>Profil\u00e9 en H, sur mesure<\/td>\n<\/tr>\n<tr>\n<td class=\"label\">Temp\u00e9rer :<\/td>\n<td>T3-T8<\/td>\n<\/tr>\n<tr>\n<td class=\"label\">Alliage :<\/td>\n<td>Alliage<\/td>\n<\/tr>\n<tr>\n<td class=\"label\">Ingr\u00e9dient d'alliage :<\/td>\n<td>6063-T5, 6061-T6, 6463-T5, 7075-T6, 6082<\/td>\n<\/tr>\n<tr>\n<td class=\"label\">Aluminium poli Profil :<\/td>\n<td>Polissage m\u00e9canique<\/td>\n<\/tr>\n<tr>\n<td class=\"label\">Port :<\/td>\n<td>Shenzhen, Guangzhou, Foshan<\/td>\n<\/tr>\n<tr>\n<td class=\"label\">Couleurs :<\/td>\n<td>argent liquide<\/td>\n<\/tr>\n<tr>\n<td class=\"label\">MOQ :<\/td>\n<td>200KG pour chaque article<\/td>\n<\/tr>\n<tr>\n<td class=\"label\">Paquet de transport :<\/td>\n<td>Film plastique ou sac en poly\u00e9thyl\u00e8ne, papier de bricolage imperm\u00e9able<\/td>\n<\/tr>\n<tr>\n<td class=\"label\">Origine :<\/td>\n<td>Foshan, Chine<\/td>\n<\/tr>\n<tr>\n<td class=\"label\">Type :<\/td>\n<td>Profil\u00e9 d'aluminium de d\u00e9coration<\/td>\n<\/tr>\n<tr>\n<td class=\"label\">Finition de la surface :<\/td>\n<td>Profil bross\u00e9<\/td>\n<\/tr>\n<tr>\n<td class=\"label\">Certification :<\/td>\n<td>CE, ISO, RoHS, TUV<\/td>\n<\/tr>\n<tr>\n<td class=\"label\">D\u00e9lai de livraison :<\/td>\n<td>20 jours apr\u00e8s la r\u00e9ception du d\u00e9p\u00f4t<\/td>\n<\/tr>\n<tr>\n<td class=\"label\">D\u00e9lai de paiement :<\/td>\n<td>T\/T, 30% Acompte et paiement du solde<\/td>\n<\/tr>\n<tr>\n<td class=\"label\">Garantie :<\/td>\n<td>La couleur de surface peut \u00eatre maintenue pendant 10 \u00e0 20 ans <\/td>\n<\/tr>\n<tr>\n<td class=\"label\">Sp\u00e9cification :<\/td>\n<td>12*25mm<\/td>\n<\/tr>\n<tr>\n<td class=\"label\">Code HS :<\/td>\n<td>76042100<\/td>\n<\/tr>\n<\/table>\n<h2>Notre base de production<\/h2>\n<h3>Panorama de l'usine<\/h3>\n<p><img decoding=\"async\" src=\"\/wp-content\/uploads\/factory-01.webp\"\/><\/p>\n<h3>Atelier de fabrication de barres d'aluminium<\/h3>\n<p><img decoding=\"async\" src=\"\/wp-content\/uploads\/factory-02.webp\"\/><\/p>\n<\/p>\n<p><img decoding=\"async\" src=\"\/wp-content\/uploads\/factory-03.webp\"\/><\/p>\n<h3>Entrep\u00f4t de stockage des moules<\/h3>\n<p><img decoding=\"async\" src=\"\/wp-content\/uploads\/factory-04.webp\"\/><\/p>\n<h3>43 lignes d'extrusion d'aluminium (500 \u00e0 5500 tonnes)<\/h3>\n<p><img decoding=\"async\" src=\"\/wp-content\/uploads\/factory-05.webp\"\/><\/p>\n<p><img decoding=\"async\" src=\"\/wp-content\/uploads\/factory-06.webp\"\/><\/p>\n<p><img decoding=\"async\" src=\"\/wp-content\/uploads\/factory-07.webp\"\/><\/p>\n<h3>Atelier de peinture en poudre<\/h3>\n<p><img decoding=\"async\" src=\"\/wp-content\/uploads\/factory-09.webp\"\/><\/p>\n<h3>Atelier d'anodisation<\/h3>\n<p><img decoding=\"async\" src=\"\/wp-content\/uploads\/factory-10.webp\"\/><\/p>\n<h3>Atelier sur le traitement en profondeur<\/h3>\n<p><img decoding=\"async\" src=\"\/wp-content\/uploads\/factory-11.webp\"\/><\/p>\n<h3>Atelier d'usinage de pr\u00e9cision CNC<\/h3>\n<p><img decoding=\"async\" src=\"\/wp-content\/uploads\/factory-11.5.webp\"\/><\/p>\n<h3>Entrep\u00f4t de produits finis et d'exportation<\/h3>\n<p><img decoding=\"async\" src=\"\/wp-content\/uploads\/factory-12.webp\"\/><\/p>\n<p><img decoding=\"async\" src=\"\/wp-content\/uploads\/factory-13.webp\"\/><\/p>\n<p><img decoding=\"async\" src=\"\/wp-content\/uploads\/factory-14.webp\"\/><\/p>\n<h2>FAQ<\/h2>\n<p><b>1) Qu'est-ce qu'un profil\u00e9 extrud\u00e9 en aluminium 6063 T5 ? <\/b><\/p>\n<p> Il s'agit de profil\u00e9s en aluminium fabriqu\u00e9s \u00e0 partir d'un alliage 6063 et d'une trempe T5, offrant un \u00e9quilibre entre la formabilit\u00e9, la r\u00e9sistance et la qualit\u00e9 de la surface pour la construction g\u00e9n\u00e9rale et l'utilisation industrielle.\n<\/p>\n<p><\/p>\n<p><b>2) Qu'est-ce qui fait de 6063 T5 un choix populaire ? <\/b><\/p>\n<p> Le 6063 T5 offre une finition de surface lisse, une r\u00e9sistance m\u00e9canique mod\u00e9r\u00e9e, une r\u00e9sistance \u00e0 la corrosion et une excellente extrudabilit\u00e9, id\u00e9ale pour les applications d\u00e9coratives et structurelles.\n<\/p>\n<p><\/p>\n<p><b>3. Quelles sont les applications des profil\u00e9s en aluminium 6063 T5 ? <\/b><\/p>\n<p> Les utilisations les plus courantes sont les cadres de fen\u00eatres et de portes, les murs-rideaux, les cadres de meubles, les cloisons, les mains courantes et les syst\u00e8mes de montage de panneaux solaires.\n<\/p>\n<p><\/p>\n<p><b>4) Quelles sont les finitions disponibles pour les profil\u00e9s 6063 T5 ? <\/b><\/p>\n<p> Les options comprennent l'anodisation, le rev\u00eatement par poudre, le grain de bois, le brossage, le sablage et la finition en usine \u00e0 des fins fonctionnelles ou esth\u00e9tiques.\n<\/p>\n<p><\/p>\n<p><b>5. les profil\u00e9s 6063 T5 conviennent-ils \u00e0 une utilisation en ext\u00e9rieur ? <\/b><\/p>\n<p> Oui, ils sont r\u00e9sistants \u00e0 la corrosion et aux intemp\u00e9ries lorsqu'ils sont correctement rev\u00eatus, ce qui les rend parfaits pour les syst\u00e8mes architecturaux ext\u00e9rieurs.\n<\/p>\n<p><\/p>\n<p><b>6. ces profils peuvent-ils \u00eatre personnalis\u00e9s pour des projets sp\u00e9cifiques ? <\/b><\/p>\n<p> Absolument, les fabricants OEM proposent des formes, des \u00e9paisseurs de paroi, des longueurs et des caract\u00e9ristiques pr\u00e9-usin\u00e9es personnalis\u00e9es en fonction des besoins du projet.\n<\/p>\n<p><\/p>\n<p><b>7.Quelles sont les normes auxquelles r\u00e9pondent les profil\u00e9s 6063 T5 ? <\/b><\/p>\n<p> Ils sont g\u00e9n\u00e9ralement conformes aux normes internationales telles que ASTM B221, EN755 ou GB5237 pour les profil\u00e9s en aluminium.\n<\/p>\n<p><\/p>\n<p><b>8) O\u00f9 puis-je me procurer des profil\u00e9s d'aluminium 6063 T5 en vrac ? <\/b><\/p>\n<p> Les principales usines chinoises offrent des prix comp\u00e9titifs et une fabrication OEM \u00e0 grande \u00e9chelle pour les profil\u00e9s 6063 T5 avec un support d'exp\u00e9dition mondial.\n<\/p>\n<p><\/p>","protected":false},"featured_media":6852,"template":"","categories":[67],"class_list":["post-6853","product","type-product","status-publish","has-post-thumbnail","hentry","category-architectural-aluminium-profile"],"meta_box":{"hilight_text_group":{"product_hilight_text":"<li>High-quality 6063 T5 aluminum extruded profiles designed for architectural, industrial, and commercial use<\/li>\r\r\n<li>Excellent corrosion resistance, surface finish, and moderate strength suitable for diverse applications<\/li>\r\r\n<li>Ideal for window frames, door frames, curtain walls, furniture, and solar panel structures<\/li>\r\r\n<li>Available in custom shapes, sizes, and finishes including anodized, powder-coated, and brushed<\/li>\r\r\n<li>Manufactured with precision extrusion techniques for consistent quality and tight tolerances<\/li>","product_chanpin_blog":"<ul>\r\r\n<li><a href=\"https:\/\/sinoextrud.com\/t-slot-v-slot-differences\/\" target=\"_blank\">t slot vs v slot<\/a><\/li>\r\r\n<li><a href=\"https:\/\/sinoextrud.com\/what-is-4040-aluminium-extrud\/\" target=\"_blank\">4040 aluminium extrusion<\/a><\/li>\r\r\n<li><a href=\"https:\/\/sinoextrud.com\/what-is-4040-aluminium-extrud\/\" target=\"_blank\">aluminum extrusions for industrial racks<\/a><\/li>\r\r\n<li><a href=\"https:\/\/sinoextrud.com\/powder-coating-aluminium-process\/\" target=\"_blank\">powder coating aluminium<\/a><\/li>\r\r\n<li><a href=\"https:\/\/sinoextrud.com\/what-is-an-aluminium-strip-ceiling\/\" target=\"_blank\">aluminium strip ceiling<\/a><\/li>\r\r\n<li><a href=\"https:\/\/sinoextrud.com\/what-is-a-heat-sink\/\" target=\"_blank\">what is a heat sink<\/a><\/li>\r\r\n<\/ul>","product_chanpin_chanpin":"<li><a href=\"https:\/\/sinoextrud.com\/product\/aluminium-sliding-door-matt-grey\/\" target=\"_blank\">Aluminium Sliding Door Matt Grey<\/a><\/li>\r\n<li><a href=\"https:\/\/sinoextrud.com\/product\/oem-aluminium-extrusion-profile-for-furniture-knobs-door-pull-handle\/\" target=\"_blank\">OEM Aluminium Extrusion Profile For Furniture Knobs Door Pull Handle<\/a><\/li>\r\n<li><a href=\"https:\/\/sinoextrud.com\/product\/aluminium-profile-for-glass-roof\/\" target=\"_blank\">Aluminium Profile For Glass Roof<\/a><\/li>\r\n<li><a href=\"https:\/\/sinoextrud.com\/product\/aluminium-z-section-extrusions\/\" target=\"_blank\">Aluminium Z Section Extrusions<\/a><\/li>\r\n<li><a href=\"https:\/\/sinoextrud.com\/product\/6063-t5-aluminum-extruded-profiles\/\" target=\"_blank\">6063 T5 Aluminum Extruded Profiles<\/a><\/li>\r\n<li><a href=\"https:\/\/sinoextrud.com\/product\/aluminum-sunshading-profile\/\" target=\"_blank\">Aluminum Sunshading Profile<\/a><\/li>\r\n<li><a href=\"https:\/\/sinoextrud.com\/product\/industrial-customized-6063-t5-alloy-aluminium-extrusion-profile\/\" target=\"_blank\">Industrial Customized 6063-T5 Alloy Aluminium Extrusion Profile<\/a><\/li>\r\n<li><a href=\"https:\/\/sinoextrud.com\/product\/aluminium-round-tube-extrusion-profile-with-anodized-powder-coating-surface-treatment-oem-customized-extruded-aluminium-tube-profile\/\" target=\"_blank\">Aluminium Round Tube Extrusion Profile With Anodized Powder Coating Surface Treatment OEM Customized  Extruded Aluminium Tube Profile<\/a><\/li>\r\n<li><a href=\"https:\/\/sinoextrud.com\/product\/anodized-aluminium-industrial-profile-aluminum-extrusion\/\" target=\"_blank\">Anodized Aluminium Industrial Profile & Aluminum Extrusion<\/a><\/li>\r\n<li><a href=\"https:\/\/sinoextrud.com\/product\/80-x-80-aluminum-extrusion\/\" target=\"_blank\">80 X 80 Aluminum Extrusion<\/a><\/li>\r\n<li><a href=\"https:\/\/sinoextrud.com\/product\/anodized-brushed-black-extruded-frame-profile\/\" target=\"_blank\">Anodized Brushed Black Extruded Frame Profile<\/a><\/li>"},"feature_list":[]},"_links":{"self":[{"href":"https:\/\/sinoextrud.com\/fr\/wp-json\/wp\/v2\/product\/6853","targetHints":{"allow":["GET"]}}],"collection":[{"href":"https:\/\/sinoextrud.com\/fr\/wp-json\/wp\/v2\/product"}],"about":[{"href":"https:\/\/sinoextrud.com\/fr\/wp-json\/wp\/v2\/types\/product"}],"wp:featuredmedia":[{"embeddable":true,"href":"https:\/\/sinoextrud.com\/fr\/wp-json\/wp\/v2\/media\/6852"}],"wp:attachment":[{"href":"https:\/\/sinoextrud.com\/fr\/wp-json\/wp\/v2\/media?parent=6853"}],"wp:term":[{"taxonomy":"category","embeddable":true,"href":"https:\/\/sinoextrud.com\/fr\/wp-json\/wp\/v2\/categories?post=6853"}],"curies":[{"name":"wp","href":"https:\/\/api.w.org\/{rel}","templated":true}]}}