{"id":6851,"date":"2025-06-03T02:26:53","date_gmt":"2025-06-03T02:26:53","guid":{"rendered":"https:\/\/sinoextrud.com\/product\/aluminium-z-section-extrusions\/"},"modified":"2025-06-24T06:11:50","modified_gmt":"2025-06-24T06:11:50","slug":"profiles-en-aluminium-en-z","status":"publish","type":"product","link":"https:\/\/sinoextrud.com\/fr\/product\/aluminium-z-section-extrusions\/","title":{"rendered":"Extrusions de profil\u00e9s en Z en aluminium"},"content":{"rendered":"<h2>D\u00e9tails des produits<\/h2>\n<table class=\"custom-table\">\n<tr>\n<td class=\"label\">Forme :<\/td>\n<td>profil\u00e9s en aluminium en Z<\/td>\n<\/tr>\n<tr>\n<td class=\"label\">Profil\u00e9s en aluminium pour portes et fen\u00eatres :<\/td>\n<td>30mm*15mm<\/td>\n<\/tr>\n<tr>\n<td class=\"label\">Finition de la surface :<\/td>\n<td>Oxydation anodique<\/td>\n<\/tr>\n<tr>\n<td class=\"label\">Certification :<\/td>\n<td>CE, ISO<\/td>\n<\/tr>\n<tr>\n<td class=\"label\">Sp\u00e9cification :<\/td>\n<td>30mm *15mm, SGS<\/td>\n<\/tr>\n<tr>\n<td class=\"label\">Origine :<\/td>\n<td>Chine<\/td>\n<\/tr>\n<tr>\n<td class=\"label\">Type :<\/td>\n<td>Profil\u00e9s en aluminium pour portes et fen\u00eatres, d\u00e9coration<\/td>\n<\/tr>\n<tr>\n<td class=\"label\">Temp\u00e9rer :<\/td>\n<td>T3-T8<\/td>\n<\/tr>\n<tr>\n<td class=\"label\">Alliage :<\/td>\n<td>Alliage<\/td>\n<\/tr>\n<tr>\n<td class=\"label\">Ingr\u00e9dient d'alliage :<\/td>\n<td>6063<\/td>\n<\/tr>\n<tr>\n<td class=\"label\">Aluminium poli Profil :<\/td>\n<td>Polissage chimique<\/td>\n<\/tr>\n<tr>\n<td class=\"label\">Marque d\u00e9pos\u00e9e :<\/td>\n<td>Sinoextrud<\/td>\n<\/tr>\n<tr>\n<td class=\"label\">Code HS :<\/td>\n<td>76042900<\/td>\n<\/tr>\n<\/table>\n<h2>Notre base de production<\/h2>\n<h3>Panorama de l'usine<\/h3>\n<p><img decoding=\"async\" src=\"\/wp-content\/uploads\/factory-01.webp\"\/><\/p>\n<h3>Atelier de fabrication de barres d'aluminium<\/h3>\n<p><img decoding=\"async\" src=\"\/wp-content\/uploads\/factory-02.webp\"\/><\/p>\n<p><img decoding=\"async\" src=\"\/wp-content\/uploads\/factory-03.webp\"\/><\/p>\n<h3>Entrep\u00f4t de stockage des moules<\/h3>\n<p><img decoding=\"async\" src=\"\/wp-content\/uploads\/factory-04.webp\"\/><\/p>\n<h3>43 lignes d'extrusion d'aluminium (500 \u00e0 5500 tonnes)<\/h3>\n<p><img decoding=\"async\" src=\"\/wp-content\/uploads\/factory-05.webp\"\/><\/p>\n<p><img decoding=\"async\" src=\"\/wp-content\/uploads\/factory-06.webp\"\/><\/p>\n<p><img decoding=\"async\" src=\"\/wp-content\/uploads\/factory-07.webp\"\/><\/p>\n<h3>Atelier de peinture en poudre<\/h3>\n<p><img decoding=\"async\" src=\"\/wp-content\/uploads\/factory-09.webp\"\/><\/p>\n<h3>Atelier d'anodisation<\/h3>\n<p><img decoding=\"async\" src=\"\/wp-content\/uploads\/factory-10.webp\"\/><\/p>\n<h3>Atelier sur le traitement en profondeur<\/h3>\n<p><img decoding=\"async\" src=\"\/wp-content\/uploads\/factory-11.webp\"\/><\/p>\n<h3>Atelier d'usinage de pr\u00e9cision CNC<\/h3>\n<p><img decoding=\"async\" src=\"\/wp-content\/uploads\/factory-11.5.webp\"\/><\/p>\n<h3>Entrep\u00f4t de produits finis et d'exportation<\/h3>\n<p><img decoding=\"async\" src=\"\/wp-content\/uploads\/factory-12.webp\"\/><\/p>\n<p><img decoding=\"async\" src=\"\/wp-content\/uploads\/factory-13.webp\"\/><\/p>\n<p><img decoding=\"async\" src=\"\/wp-content\/uploads\/factory-14.webp\"\/><\/p>\n<h2>FAQ<\/h2>\n<p><p><b>1) Qu'est-ce qu'un profil\u00e9 en Z en aluminium ? <\/b><\/p>\n<p> Il s'agit d'un profil\u00e9 en aluminium extrud\u00e9 avec une section transversale en forme de Z, utilis\u00e9 pour le contreventement structurel, les bordures et le soutien dans diverses applications de construction et de fabrication.<br \/>\n<\/p><br \/>\n<br \/>\n<p><b>2) Quels sont les alliages couramment utilis\u00e9s pour les extrusions de profil\u00e9s en Z ? <\/b><\/p>\n<p> Les alliages d'aluminium 6061 et 6063 sont les plus couramment utilis\u00e9s en raison de leurs excellentes propri\u00e9t\u00e9s m\u00e9caniques et de leur r\u00e9sistance \u00e0 la corrosion.<br \/>\n<\/p><br \/>\n<br \/>\n<p><b>3.O\u00f9 sont g\u00e9n\u00e9ralement utilis\u00e9s les profil\u00e9s d'aluminium \u00e0 section en Z ? <\/b><\/p>\n<p> Ces profil\u00e9s sont utilis\u00e9s dans les syst\u00e8mes de toiture, les supports de panneaux muraux, les assemblages de charpente, les structures de panneaux solaires et les secteurs du transport.<br \/>\n<\/p><br \/>\n<br \/>\n<p><b>4. les profil\u00e9s en Z en aluminium peuvent-ils \u00eatre personnalis\u00e9s ? <\/b><\/p>\n<p> Oui, les fabricants offrent des possibilit\u00e9s de personnalisation OEM, notamment en ce qui concerne les dimensions des pieds, l'\u00e9paisseur du mat\u00e9riau, les angles et les trous pr\u00e9perfor\u00e9s.<br \/>\n<\/p><br \/>\n<br \/>\n<p><b>5. quelles sont les finitions de surface disponibles ? <\/b><\/p>\n<p> Les finitions standard comprennent la finition en usine, l'anodisation, le rev\u00eatement par poudre et le rev\u00eatement PVDF pour une durabilit\u00e9 et une esth\u00e9tique accrues.<br \/>\n<\/p><br \/>\n<br \/>\n<p><b>6. les profil\u00e9s en Z sont-ils r\u00e9sistants aux intemp\u00e9ries ? <\/b><\/p>\n<p> Oui, lorsqu'ils sont fabriqu\u00e9s \u00e0 partir d'un alliage 6061\/6063 et qu'ils sont bien finis, ils offrent une excellente r\u00e9sistance aux intemp\u00e9ries, \u00e0 l'exposition aux UV et \u00e0 l'humidit\u00e9.<br \/>\n<\/p><br \/>\n<br \/>\n<p><b>7. ces profil\u00e9s sont-ils \u00e0 la fois l\u00e9gers et r\u00e9sistants ? <\/b><\/p>\n<p> Absolument, les sections en Z en aluminium offrent un rapport r\u00e9sistance\/poids \u00e9lev\u00e9, ce qui les rend faciles \u00e0 installer et \u00e0 manipuler tout en maintenant l'int\u00e9grit\u00e9 structurelle.<br \/>\n<\/p><br \/>\n<br \/>\n<p><b>8. Puis-je acheter des profil\u00e9s Z en aluminium en vrac ? <\/b><\/p>\n<p> Oui, de nombreux fabricants chinois fournissent des profil\u00e9s Z de haute qualit\u00e9 \u00e0 des prix d'usine comp\u00e9titifs avec un soutien total \u00e0 l'exportation.<br \/>\n<\/p><br \/><\/p>","protected":false},"featured_media":6850,"template":"","categories":[67],"class_list":["post-6851","product","type-product","status-publish","has-post-thumbnail","hentry","category-architectural-aluminium-profile"],"meta_box":{"hilight_text_group":{"product_hilight_text":"<li>Precision-engineered aluminium Z section extrusions for structural and framing applications<\/li>\r\r\n<li>Manufactured from durable 6061 or 6063 alloy for strength, corrosion resistance, and lightweight performance<\/li>\r\r\n<li>Ideal for use in roofing systems, cladding supports, bracing components, and framing structures<\/li>\r\r\n<li>Available in mill finish, anodized, powder-coated, or custom surface treatments<\/li>\r\r\n<li>OEM customization for leg lengths, angles, thicknesses, and hole patterns<\/li>","product_chanpin_blog":"<ul>\r\r\n<li><a href=\"https:\/\/sinoextrud.com\/t-slot-v-slot-differences\/\" target=\"_blank\">t slot vs v slot<\/a><\/li>\r\r\n<li><a href=\"https:\/\/sinoextrud.com\/what-is-4040-aluminium-extrud\/\" target=\"_blank\">4040 aluminium extrusion<\/a><\/li>\r\r\n<li><a href=\"https:\/\/sinoextrud.com\/what-is-4040-aluminium-extrud\/\" target=\"_blank\">aluminum extrusions for industrial racks<\/a><\/li>\r\r\n<li><a href=\"https:\/\/sinoextrud.com\/powder-coating-aluminium-process\/\" target=\"_blank\">powder coating aluminium<\/a><\/li>\r\r\n<li><a href=\"https:\/\/sinoextrud.com\/what-is-an-aluminium-strip-ceiling\/\" target=\"_blank\">aluminium strip ceiling<\/a><\/li>\r\r\n<li><a href=\"https:\/\/sinoextrud.com\/what-is-a-heat-sink\/\" target=\"_blank\">what is a heat sink<\/a><\/li>\r\r\n<\/ul>","product_chanpin_chanpin":"<li><a href=\"https:\/\/sinoextrud.com\/product\/aluminium-sliding-door-brushed-grey\/\" target=\"_blank\">Aluminium Sliding Door Brushed Grey<\/a><\/li>\r\n<li><a href=\"https:\/\/sinoextrud.com\/product\/aluminium-sliding-door-matt-grey\/\" target=\"_blank\">Aluminium Sliding Door Matt Grey<\/a><\/li>\r\n<li><a href=\"https:\/\/sinoextrud.com\/product\/oem-aluminium-extrusion-profile-for-furniture-knobs-door-pull-handle\/\" target=\"_blank\">OEM Aluminium Extrusion Profile For Furniture Knobs Door Pull Handle<\/a><\/li>\r\n<li><a href=\"https:\/\/sinoextrud.com\/product\/aluminium-profile-for-glass-roof\/\" target=\"_blank\">Aluminium Profile For Glass Roof<\/a><\/li>\r\n<li><a href=\"https:\/\/sinoextrud.com\/product\/aluminium-z-section-extrusions\/\" target=\"_blank\">Aluminium Z Section Extrusions<\/a><\/li>\r\n<li><a href=\"https:\/\/sinoextrud.com\/product\/6063-t5-aluminum-extruded-profiles\/\" target=\"_blank\">6063 T5 Aluminum Extruded Profiles<\/a><\/li>\r\n<li><a href=\"https:\/\/sinoextrud.com\/product\/aluminum-sunshading-profile\/\" target=\"_blank\">Aluminum Sunshading Profile<\/a><\/li>\r\n<li><a href=\"https:\/\/sinoextrud.com\/product\/industrial-customized-6063-t5-alloy-aluminium-extrusion-profile\/\" target=\"_blank\">Industrial Customized 6063-T5 Alloy Aluminium Extrusion Profile<\/a><\/li>\r\n<li><a href=\"https:\/\/sinoextrud.com\/product\/aluminium-round-tube-extrusion-profile-with-anodized-powder-coating-surface-treatment-oem-customized-extruded-aluminium-tube-profile\/\" target=\"_blank\">Aluminium Round Tube Extrusion Profile With Anodized Powder Coating Surface Treatment OEM Customized  Extruded Aluminium Tube Profile<\/a><\/li>\r\n<li><a href=\"https:\/\/sinoextrud.com\/product\/wood-grain-allow-box-aluminium-section\/\" target=\"_blank\">Wood Grain Allow Box aluminium Section<\/a><\/li>\r\n<li><a href=\"https:\/\/sinoextrud.com\/product\/extruded-aluminum-case\/\" target=\"_blank\">Extruded Aluminum Case<\/a><\/li>"},"feature_list":[]},"_links":{"self":[{"href":"https:\/\/sinoextrud.com\/fr\/wp-json\/wp\/v2\/product\/6851","targetHints":{"allow":["GET"]}}],"collection":[{"href":"https:\/\/sinoextrud.com\/fr\/wp-json\/wp\/v2\/product"}],"about":[{"href":"https:\/\/sinoextrud.com\/fr\/wp-json\/wp\/v2\/types\/product"}],"wp:featuredmedia":[{"embeddable":true,"href":"https:\/\/sinoextrud.com\/fr\/wp-json\/wp\/v2\/media\/6850"}],"wp:attachment":[{"href":"https:\/\/sinoextrud.com\/fr\/wp-json\/wp\/v2\/media?parent=6851"}],"wp:term":[{"taxonomy":"category","embeddable":true,"href":"https:\/\/sinoextrud.com\/fr\/wp-json\/wp\/v2\/categories?post=6851"}],"curies":[{"name":"wp","href":"https:\/\/api.w.org\/{rel}","templated":true}]}}