{"id":6845,"date":"2025-06-03T02:13:27","date_gmt":"2025-06-03T02:13:27","guid":{"rendered":"https:\/\/sinoextrud.com\/product\/aluminium-sliding-door-matt-grey\/"},"modified":"2025-06-24T06:11:49","modified_gmt":"2025-06-24T06:11:49","slug":"porte-coulissante-en-aluminium-gris-mat","status":"publish","type":"product","link":"https:\/\/sinoextrud.com\/fr\/product\/aluminium-sliding-door-matt-grey\/","title":{"rendered":"Porte coulissante en aluminium gris mat"},"content":{"rendered":"<h2>D\u00e9tails des produits<\/h2>\n<table class=\"custom-table\">\n<tr>\n<td class=\"label\">Porte coulissante en aluminium gris mat<\/td>\n<td>Mat\u00e9riau :alliage d'aluminium<br \/>\nTraitement de surface : rev\u00eatement en poudre \u00e0 grain de bois, \u00e9lectrophor\u00e8se, anodisation, sablage, etc.<br \/>\nCouleur : gris \/champagne, \/bille de bois\/ blanc \/vert \/noir et sur mesure<br \/>\n\u00c9paisseur : 1,0 mm\/1,2 mm\/1,4 mm\/2,0 mm<\/td>\n<\/tr>\n<tr>\n<td class=\"label\">Verre<\/td>\n<td>Mat\u00e9riau : verre tremp\u00e9, verre flottant, verre isolant, verre r\u00e9fl\u00e9chissant<br \/>\nCouleur : transparent \/ gris \/ vert \/ givr\u00e9<br \/>\n\u00c9paisseur : verre isolant 5+9A+5 6+12A+6<br \/>\nSimple :3mm \u00e0 12mm<br \/>\nTriple : 5+6A+5+6A+5<\/td>\n<\/tr>\n<tr>\n<td class=\"label\">Scellement<\/td>\n<td>caoutchouc EPDM<\/td>\n<\/tr>\n<tr>\n<td class=\"label\">Mat\u00e9riel<\/td>\n<td>1) Hope, la c\u00e9l\u00e8bre marque chinoise Kinlong<br \/>\n2) Marque de renomm\u00e9e internationale<br \/>\n3)sur mesure<\/td>\n<\/tr>\n<tr>\n<td class=\"label\">Paquet<\/td>\n<td>1) film, papier kraft<br \/>\n2) caisse en bois<br \/>\n3)sur mesure<\/td>\n<\/tr>\n<\/table>\n<h2>Notre base de production<\/h2>\n<h3>Panorama de l'usine<\/h3>\n<p><img decoding=\"async\" src=\"\/wp-content\/uploads\/factory-01.webp\"\/><\/p>\n<h3>Atelier de fabrication de barres d'aluminium<\/h3>\n<p><img decoding=\"async\" src=\"\/wp-content\/uploads\/factory-02.webp\"\/><\/p>\n<p><img decoding=\"async\" src=\"\/wp-content\/uploads\/factory-03.webp\"\/><\/p>\n<h3>Entrep\u00f4t de stockage des moules<\/h3>\n<p><img decoding=\"async\" src=\"\/wp-content\/uploads\/factory-04.webp\"\/><\/p>\n<h3>43 lignes d'extrusion d'aluminium (500 \u00e0 5500 tonnes)<\/h3>\n<p><img decoding=\"async\" src=\"\/wp-content\/uploads\/factory-05.webp\"\/><\/p>\n<p><img decoding=\"async\" src=\"\/wp-content\/uploads\/factory-06.webp\"\/><\/p>\n<p><img decoding=\"async\" src=\"\/wp-content\/uploads\/factory-07.webp\"\/><\/p>\n<h3>Atelier de peinture en poudre<\/h3>\n<p><img decoding=\"async\" src=\"\/wp-content\/uploads\/factory-09.webp\"\/><\/p>\n<h3>Atelier d'anodisation<\/h3>\n<p><img decoding=\"async\" src=\"\/wp-content\/uploads\/factory-10.webp\"\/><\/p>\n<h3>Atelier sur le traitement en profondeur<\/h3>\n<p><img decoding=\"async\" src=\"\/wp-content\/uploads\/factory-11.webp\"\/><\/p>\n<h3>Atelier d'usinage de pr\u00e9cision CNC<\/h3>\n<p><img decoding=\"async\" src=\"\/wp-content\/uploads\/factory-11.5.webp\"\/><\/p>\n<h3>Entrep\u00f4t de produits finis et d'exportation<\/h3>\n<p><img decoding=\"async\" src=\"\/wp-content\/uploads\/factory-12.webp\"\/><\/p>\n<p><img decoding=\"async\" src=\"\/wp-content\/uploads\/factory-13.webp\"\/><\/p>\n<p><img decoding=\"async\" src=\"\/wp-content\/uploads\/factory-14.webp\"\/><\/p>\n<h2>FAQ<\/h2>\n<p><p><b>1) Qu'est-ce qu'un profil\u00e9 de porte coulissante en aluminium gris mat ? <\/b><\/p>\n<p> Il s'agit d'une extrusion d'aluminium avec une finition de surface grise non brillante, utilis\u00e9e dans les syst\u00e8mes de portes coulissantes modernes pour les applications r\u00e9sidentielles et commerciales.<br \/>\n<\/p><br \/>\n<br \/>\n<p><b>2) Quels sont les avantages d'une finition mate sur les portes coulissantes en aluminium ? <\/b><\/p>\n<p> Les finitions mates offrent un aspect doux et \u00e9l\u00e9gant tout en masquant les empreintes digitales et en r\u00e9sistant aux rayures, ce qui les rend adapt\u00e9es aux surfaces \u00e0 fort contact.<br \/>\n<\/p><br \/>\n<br \/>\n<p><b>3) Quel est l'alliage utilis\u00e9 pour ces profils de portes coulissantes ? <\/b><\/p>\n<p> Les profil\u00e9s sont g\u00e9n\u00e9ralement fabriqu\u00e9s en aluminium 6063-T5, connu pour sa solidit\u00e9, sa r\u00e9sistance \u00e0 la corrosion et sa finition de surface de haute qualit\u00e9.<br \/>\n<\/p><br \/>\n<br \/>\n<p><b>4. comment obtient-on la couleur gris mat ? <\/b><\/p>\n<p> La finition est g\u00e9n\u00e9ralement appliqu\u00e9e au moyen d'un rev\u00eatement en poudre ou d'une anodisation, qui offrent tous deux une texture mate durable et r\u00e9sistante \u00e0 la d\u00e9coloration.<br \/>\n<\/p><br \/>\n<br \/>\n<p><b>5. Ces profil\u00e9s conviennent-ils pour les portes coulissantes ext\u00e9rieures ? <\/b><\/p>\n<p> Oui, la finition mate est r\u00e9sistante aux UV et aux intemp\u00e9ries, ce qui les rend id\u00e9ales pour les terrasses, les balcons et autres installations ext\u00e9rieures.<br \/>\n<\/p><br \/>\n<br \/>\n<p><b>6. est-il possible d'obtenir des dimensions et des profils personnalis\u00e9s ? <\/b><\/p>\n<p> Dans l'absolu, les fabricants proposent des services OEM pour adapter la taille, l'\u00e9paisseur et la section transversale du profil\u00e9 aux besoins sp\u00e9cifiques d'un projet.<br \/>\n<\/p><br \/>\n<br \/>\n<p><b>7.Quels types de portes peuvent \u00eatre \u00e9quip\u00e9s de profil\u00e9s en aluminium gris mat ? <\/b><\/p>\n<p> Ces profil\u00e9s sont couramment utilis\u00e9s dans les s\u00e9parations de pi\u00e8ces int\u00e9rieures, les penderies, les portes de balcon et les syst\u00e8mes de portes coulissantes commerciales.<br \/>\n<\/p><br \/>\n<br \/>\n<p><b>8) O\u00f9 puis-je acheter en gros des profils de portes coulissantes en aluminium gris mat ? <\/b><\/p>\n<p> Des fabricants chinois r\u00e9put\u00e9s fournissent des profil\u00e9s gris mat personnalis\u00e9s \u00e0 des prix d'usine avec des capacit\u00e9s d'exportation pour des clients internationaux.<br \/>\n<\/p><br \/><\/p>","protected":false},"featured_media":6844,"template":"","categories":[67],"class_list":["post-6845","product","type-product","status-publish","has-post-thumbnail","hentry","category-architectural-aluminium-profile"],"meta_box":{"hilight_text_group":{"product_hilight_text":"<li>Matt grey aluminium sliding door profiles designed for a sleek and modern architectural look<\/li>\r\r\n<li>Made from premium 6063-T5 aluminum alloy for excellent strength, corrosion resistance, and smooth surface finish<\/li>\r\r\n<li>Matt powder-coated or anodized finish resists fingerprints, fading, and scratches<\/li>\r\r\n<li>Ideal for wardrobes, patio doors, room dividers, and office sliding systems<\/li>\r\r\n<li>OEM customization available for sizes, thickness, hardware compatibility, and design<\/li>","product_chanpin_blog":"<ul>\r\r\n<li><a href=\"https:\/\/sinoextrud.com\/t-slot-v-slot-differences\/\" target=\"_blank\">t slot vs v slot<\/a><\/li>\r\r\n<li><a href=\"https:\/\/sinoextrud.com\/what-is-4040-aluminium-extrud\/\" target=\"_blank\">4040 aluminium extrusion<\/a><\/li>\r\r\n<li><a href=\"https:\/\/sinoextrud.com\/what-is-4040-aluminium-extrud\/\" target=\"_blank\">aluminum extrusions for industrial racks<\/a><\/li>\r\r\n<li><a href=\"https:\/\/sinoextrud.com\/powder-coating-aluminium-process\/\" target=\"_blank\">powder coating aluminium<\/a><\/li>\r\r\n<li><a href=\"https:\/\/sinoextrud.com\/what-is-an-aluminium-strip-ceiling\/\" target=\"_blank\">aluminium strip ceiling<\/a><\/li>\r\r\n<li><a href=\"https:\/\/sinoextrud.com\/what-is-a-heat-sink\/\" target=\"_blank\">what is a heat sink<\/a><\/li>\r\r\n<\/ul>","product_chanpin_chanpin":"<li><a href=\"https:\/\/sinoextrud.com\/product\/aluminium-sliding-door-champagne-colour\/\" target=\"_blank\">Aluminium Sliding Door Champagne colour<\/a><\/li>\r\n<li><a href=\"https:\/\/sinoextrud.com\/product\/aluminium-sliding-door-electrophoresis-golden\/\" target=\"_blank\">Aluminium Sliding Door Electrophoresis Golden<\/a><\/li>\r\n<li><a href=\"https:\/\/sinoextrud.com\/product\/extruded-aluminium-profile-tube-pipe-with-oval-trigle-square-round-shape-manufacturer-price\/\" target=\"_blank\">Extruded Aluminium Profile Tube Pipe With Oval Trigle Square Round Shape Manufacturer Price<\/a><\/li>\r\n<li><a href=\"https:\/\/sinoextrud.com\/product\/aluminium-sliding-door-brushed-grey\/\" target=\"_blank\">Aluminium Sliding Door Brushed Grey<\/a><\/li>\r\n<li><a href=\"https:\/\/sinoextrud.com\/product\/aluminium-sliding-door-matt-grey\/\" target=\"_blank\">Aluminium Sliding Door Matt Grey<\/a><\/li>\r\n<li><a href=\"https:\/\/sinoextrud.com\/product\/oem-aluminium-extrusion-profile-for-furniture-knobs-door-pull-handle\/\" target=\"_blank\">OEM Aluminium Extrusion Profile For Furniture Knobs Door Pull Handle<\/a><\/li>\r\n<li><a href=\"https:\/\/sinoextrud.com\/product\/aluminium-profile-for-glass-roof\/\" target=\"_blank\">Aluminium Profile For Glass Roof<\/a><\/li>\r\n<li><a href=\"https:\/\/sinoextrud.com\/product\/aluminium-z-section-extrusions\/\" target=\"_blank\">Aluminium Z Section Extrusions<\/a><\/li>\r\n<li><a href=\"https:\/\/sinoextrud.com\/product\/6063-t5-aluminum-extruded-profiles\/\" target=\"_blank\">6063 T5 Aluminum Extruded Profiles<\/a><\/li>\r\n<li><a href=\"https:\/\/sinoextrud.com\/product\/12-to-20-mm-glass-aluminum-glass-railing-price-per-foot\/\" target=\"_blank\">12 To 20 MM Glass Aluminum Glass Railing Price Per Foot<\/a><\/li>\r\n<li><a href=\"https:\/\/sinoextrud.com\/product\/aluminum-extrusion-profiles-products\/\" target=\"_blank\">Aluminum Extrusion Profiles Products<\/a><\/li>"},"feature_list":[]},"_links":{"self":[{"href":"https:\/\/sinoextrud.com\/fr\/wp-json\/wp\/v2\/product\/6845","targetHints":{"allow":["GET"]}}],"collection":[{"href":"https:\/\/sinoextrud.com\/fr\/wp-json\/wp\/v2\/product"}],"about":[{"href":"https:\/\/sinoextrud.com\/fr\/wp-json\/wp\/v2\/types\/product"}],"wp:featuredmedia":[{"embeddable":true,"href":"https:\/\/sinoextrud.com\/fr\/wp-json\/wp\/v2\/media\/6844"}],"wp:attachment":[{"href":"https:\/\/sinoextrud.com\/fr\/wp-json\/wp\/v2\/media?parent=6845"}],"wp:term":[{"taxonomy":"category","embeddable":true,"href":"https:\/\/sinoextrud.com\/fr\/wp-json\/wp\/v2\/categories?post=6845"}],"curies":[{"name":"wp","href":"https:\/\/api.w.org\/{rel}","templated":true}]}}