{"id":6837,"date":"2025-06-03T01:32:36","date_gmt":"2025-06-03T01:32:36","guid":{"rendered":"https:\/\/sinoextrud.com\/product\/aluminium-sliding-door-champagne-colour\/"},"modified":"2025-06-24T06:11:47","modified_gmt":"2025-06-24T06:11:47","slug":"porte-coulissante-en-aluminium-couleur-champagne","status":"publish","type":"product","link":"https:\/\/sinoextrud.com\/fr\/product\/aluminium-sliding-door-champagne-colour\/","title":{"rendered":"Porte coulissante en aluminium couleur champagne"},"content":{"rendered":"<h2>D\u00e9tails des produits<\/h2>\n<table class=\"custom-table\">\n<tr>\n<td class=\"label\">Alliage :<\/td>\n<td>Lingots 6063-T5 \/6061-T6<\/td>\n<\/tr>\n<tr>\n<td class=\"label\">Standard :<\/td>\n<td>profil\u00e9s en aluminium de moyenne et haute qualit\u00e9<\/td>\n<\/tr>\n<tr>\n<td class=\"label\">Garantie :<\/td>\n<td>certificat du client, comme BV, Soncap, qualification ISO<\/td>\n<\/tr>\n<tr>\n<td class=\"label\">MOQ :<\/td>\n<td>200KG pour chaque profil\u00e9 en aluminium<\/td>\n<\/tr>\n<tr>\n<td class=\"label\">Longueur d'exportation :<\/td>\n<td>5.8m pour 20ft, 5.9m \/6.0m pour 40'GP<\/td>\n<\/tr>\n<\/table>\n<h2>Notre base de production<\/h2>\n<h3>Panorama de l'usine<\/h3>\n<p><img decoding=\"async\" src=\"\/wp-content\/uploads\/factory-01.webp\"\/><\/p>\n<h3>Atelier de fabrication de barres d'aluminium<\/h3>\n<p><img decoding=\"async\" src=\"\/wp-content\/uploads\/factory-02.webp\"\/><\/p>\n<p><img decoding=\"async\" src=\"\/wp-content\/uploads\/factory-03.webp\"\/><\/p>\n<h3>Entrep\u00f4t de stockage des moules<\/h3>\n<p><img decoding=\"async\" src=\"\/wp-content\/uploads\/factory-04.webp\"\/><\/p>\n<h3>43 lignes d'extrusion d'aluminium (500 \u00e0 5500 tonnes)<\/h3>\n<p><img decoding=\"async\" src=\"\/wp-content\/uploads\/factory-05.webp\"\/><\/p>\n<p><img decoding=\"async\" src=\"\/wp-content\/uploads\/factory-06.webp\"\/><\/p>\n<p><img decoding=\"async\" src=\"\/wp-content\/uploads\/factory-07.webp\"\/><\/p>\n<h3>Atelier de peinture en poudre<\/h3>\n<p><img decoding=\"async\" src=\"\/wp-content\/uploads\/factory-09.webp\"\/><\/p>\n<h3>Atelier d'anodisation<\/h3>\n<p><img decoding=\"async\" src=\"\/wp-content\/uploads\/factory-10.webp\"\/><\/p>\n<h3>Atelier sur le traitement en profondeur<\/h3>\n<p><img decoding=\"async\" src=\"\/wp-content\/uploads\/factory-11.webp\"\/><\/p>\n<h3>Atelier d'usinage de pr\u00e9cision CNC<\/h3>\n<p><img decoding=\"async\" src=\"\/wp-content\/uploads\/factory-11.5.webp\"\/><\/p>\n<h3>Entrep\u00f4t de produits finis et d'exportation<\/h3>\n<p><img decoding=\"async\" src=\"\/wp-content\/uploads\/factory-12.webp\"\/><\/p>\n<p><img decoding=\"async\" src=\"\/wp-content\/uploads\/factory-13.webp\"\/><\/p>\n<p><img decoding=\"async\" src=\"\/wp-content\/uploads\/factory-14.webp\"\/><\/p>\n<h2>FAQ<\/h2>\n<p><p><b>1) Qu'est-ce qu'un profil\u00e9 de porte coulissante en aluminium de couleur champagne ? <\/b><\/p>\n<p> Il s'agit d'une extrusion d'aluminium avec une surface de couleur champagne, utilis\u00e9e pour construire des cadres de portes coulissantes modernes et luxueux.<br \/>\n<\/p><br \/>\n<br \/>\n<p><b>2. comment la couleur champagne est-elle appliqu\u00e9e sur la surface de l'aluminium ? <\/b><\/p>\n<p> La finition est obtenue par anodisation ou \u00e9lectrophor\u00e8se, ce qui garantit une couleur uniforme, une durabilit\u00e9 et une r\u00e9sistance \u00e0 la d\u00e9coloration ou \u00e0 la corrosion.<br \/>\n<\/p><br \/>\n<br \/>\n<p><b>3) Pourquoi choisir le champagne plut\u00f4t que d'autres finitions ? <\/b><\/p>\n<p> Le champagne offre un aspect m\u00e9tallique chaud et haut de gamme qui s'harmonise avec les int\u00e9rieurs classiques et contemporains.<br \/>\n<\/p><br \/>\n<br \/>\n<p><b>4) Quel est l'alliage utilis\u00e9 pour les profil\u00e9s des portes coulissantes champagne ? <\/b><\/p>\n<p> L'aluminium 6063-T5 est couramment utilis\u00e9 en raison de ses excellentes capacit\u00e9s d'extrusion, de la qualit\u00e9 esth\u00e9tique de sa surface et de son int\u00e9grit\u00e9 structurelle.<br \/>\n<\/p><br \/>\n<br \/>\n<p><b>5. la finition champagne convient-elle aux installations ext\u00e9rieures ? <\/b><\/p>\n<p> Oui, les finitions champagne anodis\u00e9es et trait\u00e9es par \u00e9lectrophor\u00e8se offrent une r\u00e9sistance aux UV et une protection contre les intemp\u00e9ries pour un usage ext\u00e9rieur.<br \/>\n<\/p><br \/>\n<br \/>\n<p><b>6) Puis-je personnaliser la taille et le design du profil\u00e9 ? <\/b><\/p>\n<p> Dans l'absolu, les fabricants proposent des options OEM pour les sections transversales des profil\u00e9s, les \u00e9paisseurs et l'int\u00e9gration avec des m\u00e9canismes coulissants ou des panneaux de verre.<br \/>\n<\/p><br \/>\n<br \/>\n<p><b>7) O\u00f9 les profil\u00e9s de portes coulissantes en aluminium champagne sont-ils couramment utilis\u00e9s ? <\/b><\/p>\n<p> Ils sont utilis\u00e9s dans les armoires haut de gamme, les portes-fen\u00eatres, les entr\u00e9es commerciales de luxe et les cloisons architecturales int\u00e9rieures.<br \/>\n<\/p><br \/>\n<br \/>\n<p><b>8. les profil\u00e9s en aluminium champagne sont-ils disponibles en vrac en Chine ? <\/b><\/p>\n<p> Oui, les meilleures usines chinoises proposent des profils de portes coulissantes anodis\u00e9es champagne \u00e0 des prix directs d'usine, avec une personnalisation compl\u00e8te et une assistance \u00e0 l'exportation.<br \/>\n<\/p><br \/><\/p>","protected":false},"featured_media":6836,"template":"","categories":[67],"class_list":["post-6837","product","type-product","status-publish","has-post-thumbnail","hentry","category-architectural-aluminium-profile"],"meta_box":{"hilight_text_group":{"product_hilight_text":"<li>Elegant champagne colour aluminium sliding door profiles for high-end interior and exterior applications<\/li>\r\r\n<li>Made from 6063-T5 alloy for optimal strength, corrosion resistance, and smooth surface finish<\/li>\r\r\n<li>Champagne finish applied via anodizing or electrophoresis for long-lasting, fade-resistant color<\/li>\r\r\n<li>Ideal for luxury wardrobes, balcony enclosures, room dividers, and commercial door systems<\/li>\r\r\n<li>OEM customization available for shape, size, wall thickness, and accessory compatibility<\/li>","product_chanpin_blog":"<ul>\r\r\n<li><a href=\"https:\/\/sinoextrud.com\/t-slot-v-slot-differences\/\" target=\"_blank\">t slot vs v slot<\/a><\/li>\r\r\n<li><a href=\"https:\/\/sinoextrud.com\/what-is-4040-aluminium-extrud\/\" target=\"_blank\">4040 aluminium extrusion<\/a><\/li>\r\r\n<li><a href=\"https:\/\/sinoextrud.com\/what-is-4040-aluminium-extrud\/\" target=\"_blank\">aluminum extrusions for industrial racks<\/a><\/li>\r\r\n<li><a href=\"https:\/\/sinoextrud.com\/powder-coating-aluminium-process\/\" target=\"_blank\">powder coating aluminium<\/a><\/li>\r\r\n<li><a href=\"https:\/\/sinoextrud.com\/what-is-an-aluminium-strip-ceiling\/\" target=\"_blank\">aluminium strip ceiling<\/a><\/li>\r\r\n<li><a href=\"https:\/\/sinoextrud.com\/what-is-a-heat-sink\/\" target=\"_blank\">what is a heat sink<\/a><\/li>\r\r\n<\/ul>","product_chanpin_chanpin":"<li><a href=\"https:\/\/sinoextrud.com\/product\/aluminium-sliding-door-matt-bronze\/\" target=\"_blank\">Aluminium Sliding Door Matt Bronze<\/a><\/li>\r\n<li><a href=\"https:\/\/sinoextrud.com\/product\/aluminium-extrusion-connectors\/\" target=\"_blank\">Aluminium Extrusion Connectors<\/a><\/li>\r\n<li><a href=\"https:\/\/sinoextrud.com\/product\/6000-series-alloy-extruded-aluminium-profile-for-industrial-solar-panel-frame-structure\/\" target=\"_blank\">6000 Series Alloy Extruded Aluminium Profile For Industrial Solar Panel Frame Structure<\/a><\/li>\r\n<li><a href=\"https:\/\/sinoextrud.com\/product\/aluminium-sliding-door-matt-black\/\" target=\"_blank\">Aluminium Sliding Door Matt Black<\/a><\/li>\r\n<li><a href=\"https:\/\/sinoextrud.com\/product\/aluminium-sliding-door-champagne-colour\/\" target=\"_blank\">Aluminium Sliding Door Champagne colour<\/a><\/li>\r\n<li><a href=\"https:\/\/sinoextrud.com\/product\/aluminium-sliding-door-electrophoresis-golden\/\" target=\"_blank\">Aluminium Sliding Door Electrophoresis Golden<\/a><\/li>\r\n<li><a href=\"https:\/\/sinoextrud.com\/product\/extruded-aluminium-profile-tube-pipe-with-oval-trigle-square-round-shape-manufacturer-price\/\" target=\"_blank\">Extruded Aluminium Profile Tube Pipe With Oval Trigle Square Round Shape Manufacturer Price<\/a><\/li>\r\n<li><a href=\"https:\/\/sinoextrud.com\/product\/aluminium-sliding-door-brushed-grey\/\" target=\"_blank\">Aluminium Sliding Door Brushed Grey<\/a><\/li>\r\n<li><a href=\"https:\/\/sinoextrud.com\/product\/aluminium-sliding-door-matt-grey\/\" target=\"_blank\">Aluminium Sliding Door Matt Grey<\/a><\/li>\r\n<li><a href=\"https:\/\/sinoextrud.com\/product\/80-x-80-aluminium-extrusion\/\" target=\"_blank\">80 X 80 Aluminium Extrusion<\/a><\/li>\r\n<li><a href=\"https:\/\/sinoextrud.com\/product\/aluminium-industrial-profile\/\" target=\"_blank\">Aluminium Industrial Profile<\/a><\/li>"},"feature_list":[]},"_links":{"self":[{"href":"https:\/\/sinoextrud.com\/fr\/wp-json\/wp\/v2\/product\/6837","targetHints":{"allow":["GET"]}}],"collection":[{"href":"https:\/\/sinoextrud.com\/fr\/wp-json\/wp\/v2\/product"}],"about":[{"href":"https:\/\/sinoextrud.com\/fr\/wp-json\/wp\/v2\/types\/product"}],"wp:featuredmedia":[{"embeddable":true,"href":"https:\/\/sinoextrud.com\/fr\/wp-json\/wp\/v2\/media\/6836"}],"wp:attachment":[{"href":"https:\/\/sinoextrud.com\/fr\/wp-json\/wp\/v2\/media?parent=6837"}],"wp:term":[{"taxonomy":"category","embeddable":true,"href":"https:\/\/sinoextrud.com\/fr\/wp-json\/wp\/v2\/categories?post=6837"}],"curies":[{"name":"wp","href":"https:\/\/api.w.org\/{rel}","templated":true}]}}