{"id":6825,"date":"2025-06-02T13:21:45","date_gmt":"2025-06-02T13:21:45","guid":{"rendered":"https:\/\/sinoextrud.com\/product\/aluminium-sliding-door-matt-bronze\/"},"modified":"2025-06-24T06:11:46","modified_gmt":"2025-06-24T06:11:46","slug":"porte-coulissante-en-aluminium-bronze-mat","status":"publish","type":"product","link":"https:\/\/sinoextrud.com\/fr\/product\/aluminium-sliding-door-matt-bronze\/","title":{"rendered":"Porte coulissante en aluminium bronze mat"},"content":{"rendered":"<h2>D\u00e9tails des produits<\/h2>\n<table class=\"custom-table\">\n<tr>\n<td class=\"label\">Objet<\/td>\n<td>Porte coulissante en aluminium bronze mat<\/td>\n<\/tr>\n<tr>\n<td class=\"label\">Mat\u00e9riau<\/td>\n<td>S\u00e9rie 6000, comme 6063, 6061.<\/td>\n<\/tr>\n<tr>\n<td class=\"label\">Temp\u00e9rer<\/td>\n<td>T4, T5, T6.<\/td>\n<\/tr>\n<tr>\n<td class=\"label\">\u00c9paisseur<\/td>\n<td>\u00c9paisseur g\u00e9n\u00e9rale des profils : 0,8 - 5,0 mm ;<br \/>Epaisseur de la protection anodis\u00e9e : 8 - 25 um ;<br \/>Epaisseur de la couleur du rev\u00eatement en poudre : 40 - 120 um.<\/td>\n<\/tr>\n<tr>\n<td class=\"label\">Longueur<\/td>\n<td>3m ou 6m par pi\u00e8ce. Demande personnalis\u00e9e disponible<\/td>\n<\/tr>\n<tr>\n<td class=\"label\">Forme<\/td>\n<td>carr\u00e9, plat, rond, creux, ovale, triangle, profil\u00e9s en U, profil\u00e9s en L, profil\u00e9s en T, profil\u00e9s en H, disponibles sur mesure<\/td>\n<\/tr>\n<tr>\n<td class=\"label\">Traitement de surface<\/td>\n<td>moulin, anodis\u00e9, rev\u00eatement par poudre, \u00e9lectrophor\u00e8se, grain de bois, bois d'\u0153uvre, peinture PVDF, polissage, bross\u00e9<\/td>\n<\/tr>\n<tr>\n<td class=\"label\">Couleur<\/td>\n<td>M\u00e9tal argent\u00e9, champagne, noir, blanc, miroir, demande personnalis\u00e9e disponible<\/td>\n<\/tr>\n<tr>\n<td class=\"label\">Application<\/td>\n<td>fen\u00eatres et portes, murs-rideaux, murs en verre, meubles, plafonds, cuisines, bandes LED, transport ferroviaire, v\u00e9hicules, maisons motoris\u00e9es, machines, tentes, solaire. Profil industriel, profil d\u00e9coratif,<\/td>\n<\/tr>\n<tr>\n<td class=\"label\">Processus en profondeur<\/td>\n<td>CNC, per\u00e7age, fraisage, d\u00e9coupage, soudage, pliage, assemblage<\/td>\n<\/tr>\n<tr>\n<td class=\"label\">MOQ<\/td>\n<td>200KG pour chaque article<\/td>\n<\/tr>\n<tr>\n<td class=\"label\">Nom de la marque<\/td>\n<td>Sinoextrud (Sinoextrud\/Sinoextrud ALUMINIUM)<\/td>\n<\/tr>\n<\/table>\n<h2>Notre base de production<\/h2>\n<h3>Panorama de l'usine<\/h3>\n<p><img decoding=\"async\" src=\"\/wp-content\/uploads\/factory-01.webp\"\/><\/p>\n<h3>Atelier de fabrication de barres d'aluminium<\/h3>\n<p><img decoding=\"async\" src=\"\/wp-content\/uploads\/factory-02.webp\"\/><\/p>\n<\/p>\n<p><img decoding=\"async\" src=\"\/wp-content\/uploads\/factory-03.webp\"\/><\/p>\n<h3>Entrep\u00f4t de stockage des moules<\/h3>\n<p><img decoding=\"async\" src=\"\/wp-content\/uploads\/factory-04.webp\"\/><\/p>\n<h3>43 lignes d'extrusion d'aluminium (500-5500 tonnes)<\/h3>\n<p><img decoding=\"async\" src=\"\/wp-content\/uploads\/factory-05.webp\"\/><\/p>\n<p><img decoding=\"async\" src=\"\/wp-content\/uploads\/factory-06.webp\"\/><\/p>\n<p><img decoding=\"async\" src=\"\/wp-content\/uploads\/factory-07.webp\"\/><\/p>\n<h3>Atelier de peinture en poudre<\/h3>\n<p><img decoding=\"async\" src=\"\/wp-content\/uploads\/factory-09.webp\"\/><\/p>\n<h3>Atelier d'anodisation<\/h3>\n<p><img decoding=\"async\" src=\"\/wp-content\/uploads\/factory-10.webp\"\/><\/p>\n<h3>Atelier sur le traitement en profondeur<\/h3>\n<p><img decoding=\"async\" src=\"\/wp-content\/uploads\/factory-11.webp\"\/><\/p>\n<h3>Atelier d'usinage de pr\u00e9cision CNC<\/h3>\n<p><img decoding=\"async\" src=\"\/wp-content\/uploads\/factory-11.5.webp\"\/><\/p>\n<h3>Entrep\u00f4t de produits finis et d'exportation<\/h3>\n<p><img decoding=\"async\" src=\"\/wp-content\/uploads\/factory-12.webp\"\/><\/p>\n<p><img decoding=\"async\" src=\"\/wp-content\/uploads\/factory-13.webp\"\/><\/p>\n<p><img decoding=\"async\" src=\"\/wp-content\/uploads\/factory-14.webp\"\/><\/p>\n<h2>FAQ<\/h2>\n<p><b>1) Qu'est-ce qu'un profil\u00e9 de porte coulissante en aluminium en finition bronze mat ? <\/b><\/p>\n<p> Il s'agit d'un cadre en aluminium extrud\u00e9 avec une surface en bronze mat, con\u00e7u pour des installations de portes coulissantes durables et \u00e9l\u00e9gantes.\n<\/p>\n<p><\/p>\n<p><b>2) Pourquoi choisir une finition bronze mat pour les portes coulissantes ? <\/b><\/p>\n<p> Le bronze mat offre un aspect subtil et haut de gamme qui r\u00e9siste \u00e0 l'\u00e9blouissement, aux traces de doigts et \u00e0 l'usure - parfait pour les int\u00e9rieurs et les ext\u00e9rieurs haut de gamme.\n<\/p>\n<p><\/p>\n<p><b>3) Quel est l'alliage utilis\u00e9 pour ces profil\u00e9s en aluminium ? <\/b><\/p>\n<p> L'alliage d'aluminium 6063-T5 est g\u00e9n\u00e9ralement utilis\u00e9 pour ses excellentes propri\u00e9t\u00e9s d'extrusion, sa r\u00e9sistance \u00e0 la corrosion et la qualit\u00e9 esth\u00e9tique de sa surface.\n<\/p>\n<p><\/p>\n<p><b>4) Est-il possible d'obtenir des dimensions et des formes personnalis\u00e9es pour les profil\u00e9s en aluminium bronze mat ? <\/b><\/p>\n<p> Oui, les fabricants proposent une personnalisation OEM comprenant la forme du profil, l'\u00e9paisseur de la paroi, la longueur et la teinte du bronze pour r\u00e9pondre aux besoins de votre projet.\n<\/p>\n<p><\/p>\n<p><b>5. la finition bronze mat r\u00e9siste-t-elle aux intemp\u00e9ries ? <\/b><\/p>\n<p> Absolument, la finition anodis\u00e9e ou thermolaqu\u00e9e en bronze mat est tr\u00e8s r\u00e9sistante \u00e0 l'exposition aux UV, \u00e0 l'oxydation et \u00e0 l'humidit\u00e9.\n<\/p>\n<p><\/p>\n<p><b>6. quels types de portes coulissantes utilisent ces profil\u00e9s ? <\/b><\/p>\n<p> Ils sont couramment utilis\u00e9s pour les portes de balcon, les cloisons int\u00e9rieures, les penderies et les entr\u00e9es commerciales n\u00e9cessitant un aspect raffin\u00e9 et moderne.\n<\/p>\n<p><\/p>\n<p><b>7. ces profils de portes coulissantes en aluminium sont-ils faciles \u00e0 installer ? <\/b><\/p>\n<p> Oui, ils sont l\u00e9gers et compatibles avec la quincaillerie standard des portes coulissantes, ce qui garantit une installation facile et s\u00fbre.\n<\/p>\n<p><\/p>\n<p><b>8) O\u00f9 puis-je me procurer des profil\u00e9s de portes coulissantes en aluminium bronze mat en vrac ? <\/b><\/p>\n<p> Les fabricants chinois de confiance offrent une production en grande quantit\u00e9, des prix comp\u00e9titifs et une assistance OEM compl\u00e8te pour les syst\u00e8mes de portes en bronze mat.\n<\/p>\n<p><\/p>","protected":false},"featured_media":6824,"template":"","categories":[67],"class_list":["post-6825","product","type-product","status-publish","has-post-thumbnail","hentry","category-architectural-aluminium-profile"],"meta_box":{"hilight_text_group":{"product_hilight_text":"<li>Matte bronze aluminium sliding door profiles for a sophisticated, understated architectural finish<\/li>\r\r\n<li>Crafted from high-quality 6063-T5 alloy for strength, durability, and corrosion resistance<\/li>\r\r\n<li>Matte anodized bronze finish resists fingerprints and wear, ideal for frequent-use areas<\/li>\r\r\n<li>Customizable dimensions and designs to accommodate residential, commercial, or wardrobe applications<\/li>\r\r\n<li>Suitable for both interior and exterior sliding door systems with smooth operation and modern aesthetics<\/li>","product_chanpin_blog":"<ul>\r\r\n<li><a href=\"https:\/\/sinoextrud.com\/t-slot-v-slot-differences\/\" target=\"_blank\">t slot vs v slot<\/a><\/li>\r\r\n<li><a href=\"https:\/\/sinoextrud.com\/what-is-4040-aluminium-extrud\/\" target=\"_blank\">4040 aluminium extrusion<\/a><\/li>\r\r\n<li><a href=\"https:\/\/sinoextrud.com\/what-is-4040-aluminium-extrud\/\" target=\"_blank\">aluminum extrusions for industrial racks<\/a><\/li>\r\r\n<li><a href=\"https:\/\/sinoextrud.com\/powder-coating-aluminium-process\/\" target=\"_blank\">powder coating aluminium<\/a><\/li>\r\r\n<li><a href=\"https:\/\/sinoextrud.com\/what-is-an-aluminium-strip-ceiling\/\" target=\"_blank\">aluminium strip ceiling<\/a><\/li>\r\r\n<li><a href=\"https:\/\/sinoextrud.com\/what-is-a-heat-sink\/\" target=\"_blank\">what is a heat sink<\/a><\/li>\r\r\n<\/ul>","product_chanpin_chanpin":"<li><a href=\"https:\/\/sinoextrud.com\/product\/6000-series-extrusion-of-aluminum-alloy-profile-for-furniture\/\" target=\"_blank\">6000 Series Extrusion Of Aluminum Alloy Profile for Furniture<\/a><\/li>\r\n<li><a href=\"https:\/\/sinoextrud.com\/product\/sliding-door-aluminium-profile-bronze-colour\/\" target=\"_blank\">Sliding Door Aluminium Profile Bronze Colour<\/a><\/li>\r\n<li><a href=\"https:\/\/sinoextrud.com\/product\/heavy-duty-aluminium-sliding-door-golden\/\" target=\"_blank\">Heavy Duty Aluminium Sliding Door Golden<\/a><\/li>\r\n<li><a href=\"https:\/\/sinoextrud.com\/product\/aluminium-sliding-door-brushed-silver\/\" target=\"_blank\">Aluminium Sliding Door Brushed Silver<\/a><\/li>\r\n<li><a href=\"https:\/\/sinoextrud.com\/product\/aluminium-sliding-door-matt-bronze\/\" target=\"_blank\">Aluminium Sliding Door Matt Bronze<\/a><\/li>\r\n<li><a href=\"https:\/\/sinoextrud.com\/product\/aluminium-extrusion-connectors\/\" target=\"_blank\">Aluminium Extrusion Connectors<\/a><\/li>\r\n<li><a href=\"https:\/\/sinoextrud.com\/product\/6000-series-alloy-extruded-aluminium-profile-for-industrial-solar-panel-frame-structure\/\" target=\"_blank\">6000 Series Alloy Extruded Aluminium Profile For Industrial Solar Panel Frame Structure<\/a><\/li>\r\n<li><a href=\"https:\/\/sinoextrud.com\/product\/aluminium-sliding-door-matt-black\/\" target=\"_blank\">Aluminium Sliding Door Matt Black<\/a><\/li>\r\n<li><a href=\"https:\/\/sinoextrud.com\/product\/aluminium-sliding-door-champagne-colour\/\" target=\"_blank\">Aluminium Sliding Door Champagne colour<\/a><\/li>\r\n<li><a href=\"https:\/\/sinoextrud.com\/product\/aluminum-profile-windows-extrusion-companies-in-china\/\" target=\"_blank\">aluminum profile windows extrusion companies in china<\/a><\/li>\r\n<li><a href=\"https:\/\/sinoextrud.com\/product\/6083-aluminum-profile-aluminum-plate-profile-customization-marine-corrosion-resistant-aluminum-alloy-plate\/\" target=\"_blank\">6083 Aluminum Profile Aluminum Plate Profile Customization Marine Corrosion-resistant Aluminum Alloy Plate<\/a><\/li>"},"feature_list":[]},"_links":{"self":[{"href":"https:\/\/sinoextrud.com\/fr\/wp-json\/wp\/v2\/product\/6825","targetHints":{"allow":["GET"]}}],"collection":[{"href":"https:\/\/sinoextrud.com\/fr\/wp-json\/wp\/v2\/product"}],"about":[{"href":"https:\/\/sinoextrud.com\/fr\/wp-json\/wp\/v2\/types\/product"}],"wp:featuredmedia":[{"embeddable":true,"href":"https:\/\/sinoextrud.com\/fr\/wp-json\/wp\/v2\/media\/6824"}],"wp:attachment":[{"href":"https:\/\/sinoextrud.com\/fr\/wp-json\/wp\/v2\/media?parent=6825"}],"wp:term":[{"taxonomy":"category","embeddable":true,"href":"https:\/\/sinoextrud.com\/fr\/wp-json\/wp\/v2\/categories?post=6825"}],"curies":[{"name":"wp","href":"https:\/\/api.w.org\/{rel}","templated":true}]}}