{"id":6803,"date":"2025-06-02T12:45:58","date_gmt":"2025-06-02T12:45:58","guid":{"rendered":"https:\/\/sinoextrud.com\/product\/aluminum-thermal-break-profile-for-window-and-door\/"},"modified":"2025-06-24T06:11:43","modified_gmt":"2025-06-24T06:11:43","slug":"profil-de-rupture-thermique-en-aluminium-pour-fenetres-et-portes","status":"publish","type":"product","link":"https:\/\/sinoextrud.com\/fr\/product\/aluminum-thermal-break-profile-for-window-and-door\/","title":{"rendered":"Profil\u00e9 de rupture thermique en aluminium pour fen\u00eatres et portes"},"content":{"rendered":"<h2>D\u00e9tails des produits<\/h2>\n<table class=\"custom-table\">\n<tr>\n<td class=\"label\">Type :<\/td>\n<td> Profil\u00e9 de rupture thermique en aluminium pour fen\u00eatres et portes<\/td>\n<\/tr>\n<tr>\n<td class=\"label\">Temp\u00e9rer :<\/td>\n<td>T3-T8<\/td>\n<\/tr>\n<tr>\n<td class=\"label\">Profil\u00e9s en aluminium pour portes et fen\u00eatres :<\/td>\n<td>S\u00e9rie 80<\/td>\n<\/tr>\n<tr>\n<td class=\"label\">Alliage :<\/td>\n<td>Alliage<\/td>\n<\/tr>\n<tr>\n<td class=\"label\">Finition de la surface :<\/td>\n<td>Pulv\u00e9risation de poudre, transfert de grain de bois<\/td>\n<\/tr>\n<tr>\n<td class=\"label\">Ingr\u00e9dient d'alliage :<\/td>\n<td>6063<\/td>\n<\/tr>\n<tr>\n<td class=\"label\">Certification :<\/td>\n<td>ISO<\/td>\n<\/tr>\n<tr>\n<td class=\"label\">Aluminium poli Profil :<\/td>\n<td>Polissage m\u00e9canique<\/td>\n<\/tr>\n<tr>\n<td class=\"label\">Marque d\u00e9pos\u00e9e :<\/td>\n<td>Sinoextrud(Sinoextrud)\/ OEM<\/td>\n<\/tr>\n<tr>\n<td class=\"label\">Sp\u00e9cification :<\/td>\n<td>ISO9001, ISO14001<\/td>\n<\/tr>\n<tr>\n<td class=\"label\">Origine :<\/td>\n<td>Foshan, Chine<\/td>\n<\/tr>\n<tr>\n<td class=\"label\">Code HS :<\/td>\n<td>7604210000<\/td>\n<\/tr>\n<\/table>\n<h2>Notre base de production<\/h2>\n<h3>Panorama de l'usine<\/h3>\n<p><img decoding=\"async\" src=\"\/wp-content\/uploads\/factory-01.webp\"\/><\/p>\n<h3>Atelier de fabrication de barres d'aluminium<\/h3>\n<p><img decoding=\"async\" src=\"\/wp-content\/uploads\/factory-02.webp\"\/><\/p>\n<p><img decoding=\"async\" src=\"\/wp-content\/uploads\/factory-03.webp\"\/><\/p>\n<h3>Entrep\u00f4t de stockage des moules<\/h3>\n<p><img decoding=\"async\" src=\"\/wp-content\/uploads\/factory-04.webp\"\/><\/p>\n<h3>43 lignes d'extrusion d'aluminium (500 \u00e0 5500 tonnes)<\/h3>\n<p><img decoding=\"async\" src=\"\/wp-content\/uploads\/factory-05.webp\"\/><\/p>\n<p><img decoding=\"async\" src=\"\/wp-content\/uploads\/factory-06.webp\"\/><\/p>\n<p><img decoding=\"async\" src=\"\/wp-content\/uploads\/factory-07.webp\"\/><\/p>\n<h3>Atelier de peinture en poudre<\/h3>\n<p><img decoding=\"async\" src=\"\/wp-content\/uploads\/factory-09.webp\"\/><\/p>\n<h3>Atelier d'anodisation<\/h3>\n<p><img decoding=\"async\" src=\"\/wp-content\/uploads\/factory-10.webp\"\/><\/p>\n<h3>Atelier sur le traitement en profondeur<\/h3>\n<p><img decoding=\"async\" src=\"\/wp-content\/uploads\/factory-11.webp\"\/><\/p>\n<h3>Atelier d'usinage de pr\u00e9cision CNC<\/h3>\n<p><img decoding=\"async\" src=\"\/wp-content\/uploads\/factory-11.5.webp\"\/><\/p>\n<h3>Entrep\u00f4t de produits finis et d'exportation<\/h3>\n<p><img decoding=\"async\" src=\"\/wp-content\/uploads\/factory-12.webp\"\/><\/p>\n<p><img decoding=\"async\" src=\"\/wp-content\/uploads\/factory-13.webp\"\/><\/p>\n<p><img decoding=\"async\" src=\"\/wp-content\/uploads\/factory-14.webp\"\/><\/p>\n<h2>FAQ<\/h2>\n<p><p><b>1) Qu'est-ce qu'un profil\u00e9 en aluminium \u00e0 rupture de pont thermique pour fen\u00eatres et portes ? <\/b><\/p>\n<p> Il s'agit d'un type d'extrusion d'aluminium qui comprend une barri\u00e8re non m\u00e9tallique (g\u00e9n\u00e9ralement du polyamide) entre les sections int\u00e9rieures et ext\u00e9rieures afin de r\u00e9duire le transfert de chaleur.<br \/>\n<\/p><br \/>\n<br \/>\n<p><b>2) Pourquoi les profil\u00e9s \u00e0 rupture de pont thermique sont-ils importants dans les syst\u00e8mes de fen\u00eatres et de portes ? <\/b><\/p>\n<p> Ils am\u00e9liorent consid\u00e9rablement l'isolation thermique, r\u00e9duisant la consommation d'\u00e9nergie pour le chauffage et la climatisation et augmentant le confort int\u00e9rieur.<br \/>\n<\/p><br \/>\n<br \/>\n<p><b>3) Quels sont les mat\u00e9riaux utilis\u00e9s dans les profil\u00e9s d'aluminium \u00e0 rupture thermique ? <\/b><\/p>\n<p> Les principaux mat\u00e9riaux utilis\u00e9s sont l'alliage d'aluminium 6063-T5 et les bandes de polyamide d'isolation thermique.<br \/>\n<\/p><br \/>\n<br \/>\n<p><b>4. les profils de rupture thermique peuvent-ils \u00eatre personnalis\u00e9s ? <\/b><\/p>\n<p> Oui, les fabricants proposent une personnalisation en termes de taille, de forme et de finition de surface pour r\u00e9pondre aux exigences architecturales.<br \/>\n<\/p><br \/>\n<br \/>\n<p><b>5. les profil\u00e9s \u00e0 rupture de pont thermique conviennent-ils aux b\u00e2timents r\u00e9sidentiels et commerciaux ? <\/b><\/p>\n<p> Absolument, ils sont largement utilis\u00e9s dans les maisons, les bureaux et les b\u00e2timents publics pour r\u00e9pondre aux normes modernes d'efficacit\u00e9 \u00e9nerg\u00e9tique.<br \/>\n<\/p><br \/>\n<br \/>\n<p><b>6. Quelles sont les finitions disponibles pour les profil\u00e9s aluminium \u00e0 rupture de pont thermique ? <\/b><\/p>\n<p> Les finitions comprennent l'anodisation, le rev\u00eatement par poudre, le grain de bois et les rev\u00eatements PVDF pour assurer \u00e0 la fois l'esth\u00e9tique et la durabilit\u00e9.<br \/>\n<\/p><br \/>\n<br \/>\n<p><b>7. les fen\u00eatres et les portes \u00e0 rupture de pont thermique sont-elles conformes aux codes du b\u00e2timent ? <\/b><\/p>\n<p> Oui, ils r\u00e9pondent aux normes internationales en mati\u00e8re de performances thermiques et sont souvent n\u00e9cessaires \u00e0 la conception de b\u00e2timents \u00e0 haut rendement \u00e9nerg\u00e9tique.<br \/>\n<\/p><br \/>\n<br \/>\n<p><b>8) Comment les profil\u00e9s \u00e0 rupture de pont thermique se comparent-ils aux profil\u00e9s en aluminium non thermiques ? <\/b><\/p>\n<p> Les profil\u00e9s \u00e0 rupture thermique offrent une isolation et une efficacit\u00e9 \u00e9nerg\u00e9tique sup\u00e9rieures, tandis que les profil\u00e9s non thermiques peuvent \u00eatre plus rentables pour les applications int\u00e9rieures.<br \/>\n<\/p><br \/><\/p>","protected":false},"featured_media":6802,"template":"","categories":[67],"class_list":["post-6803","product","type-product","status-publish","has-post-thumbnail","hentry","category-architectural-aluminium-profile"],"meta_box":{"hilight_text_group":{"product_hilight_text":"<li>Thermal break aluminum profiles designed to enhance energy efficiency in windows and doors<\/li>\r\r\n<li>Utilizes high-performance polyamide strips to separate interior and exterior aluminum sections<\/li>\r\r\n<li>Manufactured with durable 6063-T5 aluminum alloy for structural stability and thermal insulation<\/li>\r\r\n<li>Reduces heat transfer and improves indoor comfort while lowering energy costs<\/li>\r\r\n<li>Available in various finishes including anodized, powder-coated, and wood grain for design flexibility<\/li>","product_chanpin_blog":"<ul>\r\r\n<li><a href=\"https:\/\/sinoextrud.com\/t-slot-v-slot-differences\/\" target=\"_blank\">t slot vs v slot<\/a><\/li>\r\r\n<li><a href=\"https:\/\/sinoextrud.com\/what-is-4040-aluminium-extrud\/\" target=\"_blank\">4040 aluminium extrusion<\/a><\/li>\r\r\n<li><a href=\"https:\/\/sinoextrud.com\/what-is-4040-aluminium-extrud\/\" target=\"_blank\">aluminum extrusions for industrial racks<\/a><\/li>\r\r\n<li><a href=\"https:\/\/sinoextrud.com\/powder-coating-aluminium-process\/\" target=\"_blank\">powder coating aluminium<\/a><\/li>\r\r\n<li><a href=\"https:\/\/sinoextrud.com\/what-is-an-aluminium-strip-ceiling\/\" target=\"_blank\">aluminium strip ceiling<\/a><\/li>\r\r\n<li><a href=\"https:\/\/sinoextrud.com\/what-is-a-heat-sink\/\" target=\"_blank\">what is a heat sink<\/a><\/li>\r\r\n<\/ul>","product_chanpin_chanpin":"<li><a href=\"https:\/\/sinoextrud.com\/product\/aluminium-sliding-door-pictures-new-update-sliding-wardrobe-doors-profile-manufacturers-oem-value-frame-extrusion\/\" target=\"_blank\">aluminium sliding door pictures new update sliding wardrobe doors profile manufacturers OEM value frame extrusion<\/a><\/li>\r\n<li><a href=\"https:\/\/sinoextrud.com\/product\/anodized-aluminum-frame-extrusion-for-picture-price-per-pound\/\" target=\"_blank\">anodized aluminum frame extrusion for picture price per pound<\/a><\/li>\r\n<li><a href=\"https:\/\/sinoextrud.com\/product\/anodise-aluminum-curtain-wall-profile-with-custom-shape-alloy-6063\/\" target=\"_blank\">Anodise Aluminum Curtain Wall Profile With Custom Shape Alloy 6063<\/a><\/li>\r\n<li><a href=\"https:\/\/sinoextrud.com\/product\/sand-blastedsand-blastedaluminium-profile-extuded-for-handrail-and-barrier-with-internation-standard\/\" target=\"_blank\">Sand BlastedSand BlastedAluminium Profile Extuded For Handrail And Barrier With Internation Standard<\/a><\/li>\r\n<li><a href=\"https:\/\/sinoextrud.com\/product\/aluminum-thermal-break-profile-for-window-and-door\/\" target=\"_blank\">Aluminum Thermal Break Profile for Window And Door<\/a><\/li>\r\n<li><a href=\"https:\/\/sinoextrud.com\/product\/aluminium-louver-profile\/\" target=\"_blank\">Aluminium Louver Profile<\/a><\/li>\r\n<li><a href=\"https:\/\/sinoextrud.com\/product\/aluminium-profile-louver\/\" target=\"_blank\">Aluminium Profile Louver<\/a><\/li>\r\n<li><a href=\"https:\/\/sinoextrud.com\/product\/aluminum-sliding-door-frames-extrusion-profile-with-custom-shape-alloy-6063-for-furnitures-decoration\/\" target=\"_blank\">Aluminum Sliding Door Frames Extrusion Profile With Custom Shape Alloy 6063 For Furnitures Decoration<\/a><\/li>\r\n<li><a href=\"https:\/\/sinoextrud.com\/product\/aluminium-alloy-profile-for-cleaning-room-with-good-quality-manufacturer-china\/\" target=\"_blank\">Aluminium Alloy Profile For Cleaning Room With Good Quality Manufacturer China<\/a><\/li>\r\n<li><a href=\"https:\/\/sinoextrud.com\/product\/easy-assembly-bi-slotted-production-line-anodized-aluminium-t-slot-extrusion\/\" target=\"_blank\">Easy Assembly Bi-Slotted Production Line Anodized Aluminium T Slot Extrusion<\/a><\/li>\r\n<li><a href=\"https:\/\/sinoextrud.com\/product\/sand-blastedsand-blastedaluminium-profile-extuded-for-handrail-and-barrier-with-internation-standard\/\" target=\"_blank\">Sand BlastedSand BlastedAluminium Profile Extuded For Handrail And Barrier With Internation Standard<\/a><\/li>"},"feature_list":[]},"_links":{"self":[{"href":"https:\/\/sinoextrud.com\/fr\/wp-json\/wp\/v2\/product\/6803","targetHints":{"allow":["GET"]}}],"collection":[{"href":"https:\/\/sinoextrud.com\/fr\/wp-json\/wp\/v2\/product"}],"about":[{"href":"https:\/\/sinoextrud.com\/fr\/wp-json\/wp\/v2\/types\/product"}],"wp:featuredmedia":[{"embeddable":true,"href":"https:\/\/sinoextrud.com\/fr\/wp-json\/wp\/v2\/media\/6802"}],"wp:attachment":[{"href":"https:\/\/sinoextrud.com\/fr\/wp-json\/wp\/v2\/media?parent=6803"}],"wp:term":[{"taxonomy":"category","embeddable":true,"href":"https:\/\/sinoextrud.com\/fr\/wp-json\/wp\/v2\/categories?post=6803"}],"curies":[{"name":"wp","href":"https:\/\/api.w.org\/{rel}","templated":true}]}}