{"id":6791,"date":"2025-06-02T12:21:38","date_gmt":"2025-06-02T12:21:38","guid":{"rendered":"https:\/\/sinoextrud.com\/product\/aluminium-window-parts-names-sliding-6063-material-framing-profile\/"},"modified":"2025-06-24T06:11:42","modified_gmt":"2025-06-24T06:11:42","slug":"fenetres-en-aluminium-noms-coulissantes-6063-materiel-profile-dencadrement","status":"publish","type":"product","link":"https:\/\/sinoextrud.com\/fr\/product\/aluminium-window-parts-names-sliding-6063-material-framing-profile\/","title":{"rendered":"fen\u00eatres en aluminium noms coulissantes 6063 mat\u00e9riel profil\u00e9 d'encadrement"},"content":{"rendered":"<h2>D\u00e9tails des produits<\/h2>\n<table class=\"custom-table\">\n<tr>\n<td class=\"label\">Mod\u00e8le NO :<\/td>\n<td>TL 800 fen\u00eatres en aluminium noms coulissantes 6063 mat\u00e9riel profil\u00e9 d'encadrement et accessoires prix d'usine<\/td>\n<\/tr>\n<tr>\n<td class=\"label\">Application :<\/td>\n<td>noms des pi\u00e8ces des fen\u00eatres en aluminium<\/td>\n<\/tr>\n<tr>\n<td class=\"label\">Grade :<\/td>\n<td>S\u00e9rie 6000<\/td>\n<\/tr>\n<tr>\n<td class=\"label\">Technique :<\/td>\n<td>Profil\u00e9s et accessoires en aluminium extrud\u00e9<\/td>\n<\/tr>\n<tr>\n<td class=\"label\">Temp\u00e9rer :<\/td>\n<td>T3 - T8<\/td>\n<\/tr>\n<tr>\n<td class=\"label\">Tailles :<\/td>\n<td>Il pourrait \u00eatre personnalis\u00e9 en tant que conception fournie<\/td>\n<\/tr>\n<tr>\n<td class=\"label\">Services d'usinage :<\/td>\n<td>Per\u00e7age, taraudage, rivetage, assemblage, etc.<\/td>\n<\/tr>\n<tr>\n<td class=\"label\">Marque d\u00e9pos\u00e9e :<\/td>\n<td>N\/A.<\/td>\n<\/tr>\n<tr>\n<td class=\"label\">Origine :<\/td>\n<td>Guangdong<\/td>\n<\/tr>\n<tr>\n<td class=\"label\">Type :<\/td>\n<td>Profil\u00e9s en aluminium pour amoureux<\/td>\n<\/tr>\n<tr>\n<td class=\"label\">Forme :<\/td>\n<td>Con\u00e7us par les clients<\/td>\n<\/tr>\n<tr>\n<td class=\"label\">Traitement de surface :<\/td>\n<td>grain de bois<\/td>\n<\/tr>\n<tr>\n<td class=\"label\">Alliage :<\/td>\n<td>Alliage<\/td>\n<\/tr>\n<tr>\n<td class=\"label\">Certification :<\/td>\n<td>ISO, RoHS<\/td>\n<\/tr>\n<tr>\n<td class=\"label\">Longueur :<\/td>\n<td>Il peut r\u00e9pondre \u00e0 des besoins sp\u00e9cifiques<\/td>\n<\/tr>\n<tr>\n<td class=\"label\">Couleurs :<\/td>\n<td>Fabriqu\u00e9 sur demande Num\u00e9ro de couleur<\/td>\n<\/tr>\n<tr>\n<td class=\"label\">Sp\u00e9cification :<\/td>\n<td>SGS, Rohs, ISO<\/td>\n<\/tr>\n<tr>\n<td class=\"label\">Code HS :<\/td>\n<td>76042990<\/td>\n<\/tr>\n<\/table>\n<h2>Notre base de production<\/h2>\n<h3>Panorama de l'usine<\/h3>\n<p><img decoding=\"async\" src=\"\/wp-content\/uploads\/factory-01.webp\"\/><\/p>\n<h3>Atelier de fabrication de barres d'aluminium<\/h3>\n<p><img decoding=\"async\" src=\"\/wp-content\/uploads\/factory-02.webp\"\/><\/p>\n<p><img decoding=\"async\" src=\"\/wp-content\/uploads\/factory-03.webp\"\/><\/p>\n<h3>Entrep\u00f4t de stockage des moules<\/h3>\n<p><img decoding=\"async\" src=\"\/wp-content\/uploads\/factory-04.webp\"\/><\/p>\n<h3>43 lignes d'extrusion d'aluminium (500 \u00e0 5500 tonnes)<\/h3>\n<p><img decoding=\"async\" src=\"\/wp-content\/uploads\/factory-05.webp\"\/><\/p>\n<p><img decoding=\"async\" src=\"\/wp-content\/uploads\/factory-06.webp\"\/><\/p>\n<p><img decoding=\"async\" src=\"\/wp-content\/uploads\/factory-07.webp\"\/><\/p>\n<h3>Atelier de peinture en poudre<\/h3>\n<p><img decoding=\"async\" src=\"\/wp-content\/uploads\/factory-09.webp\"\/><\/p>\n<h3>Atelier d'anodisation<\/h3>\n<p><img decoding=\"async\" src=\"\/wp-content\/uploads\/factory-10.webp\"\/><\/p>\n<h3>Atelier sur le traitement en profondeur<\/h3>\n<p><img decoding=\"async\" src=\"\/wp-content\/uploads\/factory-11.webp\"\/><\/p>\n<h3>Atelier d'usinage de pr\u00e9cision CNC<\/h3>\n<p><img decoding=\"async\" src=\"\/wp-content\/uploads\/factory-11.5.webp\"\/><\/p>\n<h3>Entrep\u00f4t de produits finis et d'exportation<\/h3>\n<p><img decoding=\"async\" src=\"\/wp-content\/uploads\/factory-12.webp\"\/><\/p>\n<p><img decoding=\"async\" src=\"\/wp-content\/uploads\/factory-13.webp\"\/><\/p>\n<p><img decoding=\"async\" src=\"\/wp-content\/uploads\/factory-14.webp\"\/><\/p>\n<h2>FAQ<\/h2>\n<p><p><b>1) Qu'est-ce que l'alliage d'aluminium 6063 utilis\u00e9 dans les profil\u00e9s de fen\u00eatres coulissantes ?<\/b><\/p>\n<p>L'alliage d'aluminium 6063 est largement utilis\u00e9 pour les profil\u00e9s de fen\u00eatres coulissantes en raison de son excellente solidit\u00e9, de sa r\u00e9sistance \u00e0 la corrosion et de sa finition de surface lisse.<br \/>\n<\/p><br \/>\n<br \/>\n<p><b>2) Pourquoi choisir le mat\u00e9riau 6063 pour les profil\u00e9s d'encadrement de fen\u00eatre en aluminium ?<\/b><\/p>\n<p>Le mat\u00e9riau 6063 offre un \u00e9quilibre parfait entre r\u00e9sistance, durabilit\u00e9 et performance thermique, ce qui le rend id\u00e9al pour les profil\u00e9s d'encadrement des fen\u00eatres en aluminium.<br \/>\n<\/p><br \/>\n<br \/>\n<p><b>3. En quoi la fonction coulissante am\u00e9liore-t-elle les pi\u00e8ces des fen\u00eatres en aluminium ?<\/b><\/p>\n<p>La conception coulissante des \u00e9l\u00e9ments de fen\u00eatre en aluminium permet une utilisation facile et une fonctionnalit\u00e9 peu encombrante, am\u00e9liorant ainsi le confort de l'utilisateur.<br \/>\n<\/p><br \/>\n<br \/>\n<p><b>4. les profil\u00e9s de fen\u00eatre en aluminium 6063 sont-ils r\u00e9sistants \u00e0 la corrosion ?<\/b><\/p>\n<p>Oui, les profil\u00e9s de fen\u00eatre en aluminium 6063 pr\u00e9sentent une r\u00e9sistance \u00e9lev\u00e9e \u00e0 la corrosion, ce qui les rend adapt\u00e9s \u00e0 divers environnements et \u00e0 une utilisation \u00e0 long terme.<br \/>\n<\/p><br \/>\n<br \/>\n<p><b>5. les profils d'encadrement peuvent-ils \u00eatre personnalis\u00e9s ?<\/b><\/p>\n<p>Oui, les profil\u00e9s d'encadrement en aluminium fabriqu\u00e9s \u00e0 partir de l'alliage 6063 peuvent \u00eatre personnalis\u00e9s en termes de forme, de taille et de longueur pour s'adapter \u00e0 des conceptions architecturales sp\u00e9cifiques.<br \/>\n<\/p><br \/>\n<br \/>\n<p><b>6) Quelle est la finition disponible pour les pi\u00e8ces de fen\u00eatres en aluminium 6063 ?<\/b><\/p>\n<p>Les pi\u00e8ces de fen\u00eatres en aluminium 6063 sont souvent anodis\u00e9es, ce qui leur conf\u00e8re une couche protectrice et une couleur uniforme.<br \/>\n<\/p><br \/>\n<br \/>\n<p><b>7. le mat\u00e9riau est-il adapt\u00e9 aux b\u00e2timents \u00e0 haut rendement \u00e9nerg\u00e9tique ?<\/b><\/p>\n<p>Oui, la structure multichambre des profil\u00e9s d'encadrement de fen\u00eatre en aluminium 6063 offre une meilleure isolation thermique, ce qui permet de concevoir des b\u00e2timents \u00e9conomes en \u00e9nergie.<br \/>\n<\/p><br \/><\/p>","protected":false},"featured_media":6786,"template":"","categories":[67],"class_list":["post-6791","product","type-product","status-publish","has-post-thumbnail","hentry","category-architectural-aluminium-profile"],"meta_box":{"hilight_text_group":{"product_hilight_text":"<li>Made of 6063 aluminum alloy with high strength and excellent corrosion resistance<\/li>\r\r\n<li>Smooth sliding mechanism with silent operation for better user experience<\/li>\r\r\n<li>Multi-chamber structure for superior thermal insulation<\/li>\r\r\n<li>Anodized surface finish for uniform color and long-lasting durability<\/li>\r\r\n<li>Customizable profiles and lengths to meet diverse project requirements<\/li>\r\r\n<li>Compatible with various hardware fittings for easy installation<\/li>\r\r\n<li>Eco-friendly material compliant with ROHS and international building standards<\/li>","product_chanpin_blog":"<ul>\r\r\n<li><a href=\"https:\/\/sinoextrud.com\/t-slot-v-slot-differences\/\" target=\"_blank\">t slot vs v slot<\/a><\/li>\r\r\n<li><a href=\"https:\/\/sinoextrud.com\/what-is-4040-aluminium-extrud\/\" target=\"_blank\">4040 aluminium extrusion<\/a><\/li>\r\r\n<li><a href=\"https:\/\/sinoextrud.com\/what-is-4040-aluminium-extrud\/\" target=\"_blank\">aluminum extrusions for industrial racks<\/a><\/li>\r\r\n<li><a href=\"https:\/\/sinoextrud.com\/powder-coating-aluminium-process\/\" target=\"_blank\">powder coating aluminium<\/a><\/li>\r\r\n<li><a href=\"https:\/\/sinoextrud.com\/what-is-an-aluminium-strip-ceiling\/\" target=\"_blank\">aluminium strip ceiling<\/a><\/li>\r\r\n<li><a href=\"https:\/\/sinoextrud.com\/what-is-a-heat-sink\/\" target=\"_blank\">what is a heat sink<\/a><\/li>\r\r\n<\/ul>","product_chanpin_chanpin":"<li><a href=\"https:\/\/sinoextrud.com\/product\/extruded-aluminum-handrail\/\" target=\"_blank\">Extruded Aluminum Handrail<\/a><\/li>\r\n<li><a href=\"https:\/\/sinoextrud.com\/product\/aluminum-mill-finish\/\" target=\"_blank\">Aluminum Mill Finish<\/a><\/li>\r\n<li><a href=\"https:\/\/sinoextrud.com\/product\/extruded-aluminum-profiles-prices-competitive-99-pure-aluminum-ingot-curtain-wall-aluminum-profile-extrusion-manufacturers\/\" target=\"_blank\">Extruded aluminum profiles prices competitive 99% pure aluminum ingot curtain wall aluminum profile extrusion manufacturers<\/a><\/li>\r\n<li><a href=\"https:\/\/sinoextrud.com\/product\/aluminium-sliding-door-profiles\/\" target=\"_blank\">Aluminium Sliding Door Profiles<\/a><\/li>\r\n<li><a href=\"https:\/\/sinoextrud.com\/product\/aluminium-window-parts-names-sliding-6063-material-framing-profile\/\" target=\"_blank\">aluminium window parts names sliding 6063 material framing profile<\/a><\/li>\r\n<li><a href=\"https:\/\/sinoextrud.com\/product\/aluminum-angle-extrusion\/\" target=\"_blank\">Aluminum Angle Extrusion<\/a><\/li>\r\n<li><a href=\"https:\/\/sinoextrud.com\/product\/aluminium-sliding-door-pictures-new-update-sliding-wardrobe-doors-profile-manufacturers-oem-value-frame-extrusion\/\" target=\"_blank\">aluminium sliding door pictures new update sliding wardrobe doors profile manufacturers OEM value frame extrusion<\/a><\/li>\r\n<li><a href=\"https:\/\/sinoextrud.com\/product\/anodized-aluminum-frame-extrusion-for-picture-price-per-pound\/\" target=\"_blank\">anodized aluminum frame extrusion for picture price per pound<\/a><\/li>\r\n<li><a href=\"https:\/\/sinoextrud.com\/product\/anodise-aluminum-curtain-wall-profile-with-custom-shape-alloy-6063\/\" target=\"_blank\">Anodise Aluminum Curtain Wall Profile With Custom Shape Alloy 6063<\/a><\/li>\r\n<li><a href=\"https:\/\/sinoextrud.com\/product\/wholesale-electrophoresis-aluminium-profile-price\/\" target=\"_blank\">Wholesale Electrophoresis Aluminium Profile Price<\/a><\/li>\r\n<li><a href=\"https:\/\/sinoextrud.com\/product\/greenhouse-aluminium-extrusions-aluminium-sunroom-profile\/\" target=\"_blank\">Greenhouse Aluminium Extrusions Aluminium Sunroom Profile<\/a><\/li>"},"feature_list":[]},"_links":{"self":[{"href":"https:\/\/sinoextrud.com\/fr\/wp-json\/wp\/v2\/product\/6791","targetHints":{"allow":["GET"]}}],"collection":[{"href":"https:\/\/sinoextrud.com\/fr\/wp-json\/wp\/v2\/product"}],"about":[{"href":"https:\/\/sinoextrud.com\/fr\/wp-json\/wp\/v2\/types\/product"}],"wp:featuredmedia":[{"embeddable":true,"href":"https:\/\/sinoextrud.com\/fr\/wp-json\/wp\/v2\/media\/6786"}],"wp:attachment":[{"href":"https:\/\/sinoextrud.com\/fr\/wp-json\/wp\/v2\/media?parent=6791"}],"wp:term":[{"taxonomy":"category","embeddable":true,"href":"https:\/\/sinoextrud.com\/fr\/wp-json\/wp\/v2\/categories?post=6791"}],"curies":[{"name":"wp","href":"https:\/\/api.w.org\/{rel}","templated":true}]}}