{"id":6787,"date":"2025-06-01T15:26:29","date_gmt":"2025-06-01T15:26:29","guid":{"rendered":"https:\/\/sinoextrud.com\/product\/aluminium-sliding-door-profiles\/"},"modified":"2025-06-24T06:11:41","modified_gmt":"2025-06-24T06:11:41","slug":"profils-de-portes-coulissantes-en-aluminium","status":"publish","type":"product","link":"https:\/\/sinoextrud.com\/fr\/product\/aluminium-sliding-door-profiles\/","title":{"rendered":"Profils de portes coulissantes en aluminium"},"content":{"rendered":"<h2>D\u00e9tails des produits<\/h2>\n<table class=\"custom-table\">\n<tr>\n<td class=\"label\">Article :<\/td>\n<td>Profils de portes coulissantes en aluminium<\/td>\n<\/tr>\n<tr>\n<td class=\"label\">Materila :<\/td>\n<td>6063-t5, 6063-t6<\/td>\n<\/tr>\n<tr>\n<td class=\"label\">Temp\u00e9rer :<\/td>\n<td>T4, T5, T6<\/td>\n<\/tr>\n<tr>\n<td class=\"label\">Forme :<\/td>\n<td>identique aux photos. Possibilit\u00e9 de personnalisation.<\/td>\n<\/tr>\n<tr>\n<td class=\"label\">\u00c9paississement du profil :<\/td>\n<td>0,8 mm au-dessus.<\/td>\n<\/tr>\n<tr>\n<td class=\"label\">Traitement de surface :<\/td>\n<td>aluminium anodis\u00e9 \u00e9lectrophor\u00e8se<\/td>\n<\/tr>\n<tr>\n<td class=\"label\">Couleur :<\/td>\n<td>Argent fin, or, bois grain\u00e9, champagne, bronze, noir, couleurs personnalis\u00e9es disponibles.<\/td>\n<\/tr>\n<tr>\n<td class=\"label\">Entreprise de rev\u00eatement :<\/td>\n<td>10-13um.<\/td>\n<\/tr>\n<tr>\n<td class=\"label\">Utilisation :<\/td>\n<td>construction, d\u00e9coration, transport, etc.<\/td>\n<\/tr>\n<tr>\n<td class=\"label\">MOQ :<\/td>\n<td>1000 kgs pour chaque article<\/td>\n<\/tr>\n<tr>\n<td class=\"label\">Certificat et norme :<\/td>\n<td>ISO 9008-2001. CQM, SGS<\/td>\n<\/tr>\n<tr>\n<td class=\"label\">Garantie :<\/td>\n<td>La couleur de la surface peut rester stable pendant 10 ans en cas d'utilisation \u00e0 l'int\u00e9rieur.<\/td>\n<\/tr>\n<tr>\n<td class=\"label\">Utilisation :<\/td>\n<td>d\u00e9coration de l'habitat extrusion d'aluminium rail d'encadrement<\/td>\n<\/tr>\n<tr>\n<td class=\"label\">Traitement en profondeur<\/td>\n<td>comme le per\u00e7age, le fraisage, la d\u00e9coupe, le soudage et le pliage.<\/td>\n<\/tr>\n<tr>\n<td class=\"label\">Origine :<\/td>\n<td>Foshan, Guangdong.<\/td>\n<\/tr>\n<tr>\n<td class=\"label\">\u00c9paisseur de la classe correspondante :<\/td>\n<td>5-25mm<\/td>\n<\/tr>\n<tr>\n<td class=\"label\">Accessoiesss :<\/td>\n<td>Sur mesure.<\/td>\n<\/tr>\n<tr>\n<td class=\"label\">Code HS :<\/td>\n<td>761699000<\/td>\n<\/tr>\n<\/table>\n<h2>Notre base de production<\/h2>\n<h3>Panorama de l'usine<\/h3>\n<p><img decoding=\"async\" src=\"\/wp-content\/uploads\/factory-01.webp\"\/><\/p>\n<h3>Atelier de fabrication de barres d'aluminium<\/h3>\n<p><img decoding=\"async\" src=\"\/wp-content\/uploads\/factory-02.webp\"\/><\/p>\n<p><img decoding=\"async\" src=\"\/wp-content\/uploads\/factory-03.webp\"\/><\/p>\n<h3>Entrep\u00f4t de stockage des moules<\/h3>\n<p><img decoding=\"async\" src=\"\/wp-content\/uploads\/factory-04.webp\"\/><\/p>\n<h3>43 lignes d'extrusion d'aluminium (500 \u00e0 5500 tonnes)<\/h3>\n<p><img decoding=\"async\" src=\"\/wp-content\/uploads\/factory-05.webp\"\/><\/p>\n<p><img decoding=\"async\" src=\"\/wp-content\/uploads\/factory-06.webp\"\/><\/p>\n<p><img decoding=\"async\" src=\"\/wp-content\/uploads\/factory-07.webp\"\/><\/p>\n<h3>Atelier de peinture en poudre<\/h3>\n<p><img decoding=\"async\" src=\"\/wp-content\/uploads\/factory-09.webp\"\/><\/p>\n<h3>Atelier d'anodisation<\/h3>\n<p><img decoding=\"async\" src=\"\/wp-content\/uploads\/factory-10.webp\"\/><\/p>\n<h3>Atelier sur le traitement en profondeur<\/h3>\n<p><img decoding=\"async\" src=\"\/wp-content\/uploads\/factory-11.webp\"\/><\/p>\n<h3>Atelier d'usinage de pr\u00e9cision CNC<\/h3>\n<p><img decoding=\"async\" src=\"\/wp-content\/uploads\/factory-11.5.webp\"\/><\/p>\n<h3>Entrep\u00f4t de produits finis et d'exportation<\/h3>\n<p><img decoding=\"async\" src=\"\/wp-content\/uploads\/factory-12.webp\"\/><\/p>\n<p><img decoding=\"async\" src=\"\/wp-content\/uploads\/factory-13.webp\"\/><\/p>\n<p><img decoding=\"async\" src=\"\/wp-content\/uploads\/factory-14.webp\"\/><\/p>\n<h2>FAQ<\/h2>\n<p><p><b>1.Qu'est-ce qu'un profil\u00e9 de porte coulissante en aluminium ?<\/b><\/p>\n<p>Les profil\u00e9s pour portes coulissantes en aluminium sont des cadres et des rails sp\u00e9cialement con\u00e7us pour faciliter le fonctionnement souple, durable et efficace des portes coulissantes.<br \/>\n<\/p><br \/>\n<br \/>\n<p><b>2) Pourquoi choisir les profil\u00e9s de portes coulissantes en aluminium pour mon projet ?<\/b><\/p>\n<p>Les profils de portes coulissantes en aluminium sont l\u00e9gers, solides, r\u00e9sistants \u00e0 la corrosion et personnalisables, ce qui en fait un choix polyvalent et durable pour les syst\u00e8mes de portes coulissantes.<br \/>\n<\/p><br \/>\n<br \/>\n<p><b>3. les profil\u00e9s de portes coulissantes en aluminium sont-ils efficaces sur le plan \u00e9nerg\u00e9tique ?<\/b><\/p>\n<p>Oui, ces profil\u00e9s assurent une isolation thermique, ce qui contribue \u00e0 r\u00e9duire la consommation d'\u00e9nergie en am\u00e9liorant la r\u00e9gulation de la temp\u00e9rature \u00e0 l'int\u00e9rieur des b\u00e2timents.<br \/>\n<\/p><br \/>\n<br \/>\n<p><b>4) Est-il possible de personnaliser les profils de portes coulissantes en aluminium pour diff\u00e9rents mod\u00e8les de portes ?<\/b><\/p>\n<p>Oui, les profil\u00e9s de portes coulissantes en aluminium peuvent \u00eatre personnalis\u00e9s pour r\u00e9pondre aux exigences sp\u00e9cifiques de taille et de style de n'importe quel projet, offrant ainsi une grande flexibilit\u00e9 dans la conception.<br \/>\n<\/p><br \/>\n<br \/>\n<p><b>5. Quelle est la durabilit\u00e9 des profil\u00e9s de portes coulissantes en aluminium ?<\/b><\/p>\n<p>Les profil\u00e9s de portes coulissantes en aluminium sont tr\u00e8s durables et r\u00e9sistants \u00e0 l'usure, ce qui garantit des performances durables, m\u00eame en cas d'utilisation fr\u00e9quente et de conditions m\u00e9t\u00e9orologiques difficiles.<br \/>\n<\/p><br \/>\n<br \/>\n<p><b>6. les profils de portes coulissantes en aluminium sont-ils faciles \u00e0 entretenir ?<\/b><\/p>\n<p>Oui, ils sont faciles \u00e0 nettoyer et \u00e0 entretenir, ce qui contribue \u00e0 pr\u00e9server le bon fonctionnement et l'esth\u00e9tique de vos portes coulissantes au fil du temps.<br \/>\n<\/p><br \/>\n<br \/>\n<p><b>7) Qu'est-ce qui rend les profil\u00e9s de portes coulissantes en aluminium r\u00e9sistants \u00e0 la corrosion ?<\/b><\/p>\n<p>La r\u00e9sistance naturelle de l'aluminium \u00e0 la corrosion, combin\u00e9e \u00e0 des rev\u00eatements protecteurs, fait de ces profil\u00e9s la solution id\u00e9ale pour une utilisation \u00e0 long terme dans une vari\u00e9t\u00e9 d'environnements.<br \/>\n<\/p><br \/>\n<br \/>\n<p><b>8. pourquoi choisir des profil\u00e9s de portes coulissantes en aluminium plut\u00f4t que d'autres mat\u00e9riaux ?<\/b><\/p>\n<p>Les profil\u00e9s de portes coulissantes en aluminium offrent un excellent \u00e9quilibre entre solidit\u00e9, l\u00e9g\u00e8ret\u00e9 et durabilit\u00e9, avec des avantages suppl\u00e9mentaires tels que la r\u00e9sistance \u00e0 la corrosion et la facilit\u00e9 d'entretien.<br \/>\n<\/p><br \/><\/p>","protected":false},"featured_media":6786,"template":"","categories":[67],"class_list":["post-6787","product","type-product","status-publish","has-post-thumbnail","hentry","category-architectural-aluminium-profile"],"meta_box":{"hilight_text_group":{"product_hilight_text":"<li>High-strength aluminium profiles designed for smooth and durable sliding door systems.<\/li>\r\r\n<li>Lightweight yet robust, offering easy installation and long-term performance.<\/li>\r\r\n<li>Corrosion-resistant properties, ensuring longevity even in harsh environmental conditions.<\/li>\r\r\n<li>Customizable designs to match various door styles and sizes, providing flexibility for diverse projects.<\/li>\r\r\n<li>Energy-efficient, with thermal insulation properties that help improve energy savings in buildings.<\/li>\r\r\n<li>Easy to maintain and clean, ensuring the sliding doors remain functional and aesthetically pleasing over time.<\/li>","product_chanpin_blog":"<ul>\r\r\n<li><a href=\"https:\/\/sinoextrud.com\/t-slot-v-slot-differences\/\" target=\"_blank\">t slot vs v slot<\/a><\/li>\r\r\n<li><a href=\"https:\/\/sinoextrud.com\/what-is-4040-aluminium-extrud\/\" target=\"_blank\">4040 aluminium extrusion<\/a><\/li>\r\r\n<li><a href=\"https:\/\/sinoextrud.com\/what-is-4040-aluminium-extrud\/\" target=\"_blank\">aluminum extrusions for industrial racks<\/a><\/li>\r\r\n<li><a href=\"https:\/\/sinoextrud.com\/powder-coating-aluminium-process\/\" target=\"_blank\">powder coating aluminium<\/a><\/li>\r\r\n<li><a href=\"https:\/\/sinoextrud.com\/what-is-an-aluminium-strip-ceiling\/\" target=\"_blank\">aluminium strip ceiling<\/a><\/li>\r\r\n<li><a href=\"https:\/\/sinoextrud.com\/what-is-a-heat-sink\/\" target=\"_blank\">what is a heat sink<\/a><\/li>\r\r\n<\/ul>","product_chanpin_chanpin":"<li><a href=\"https:\/\/sinoextrud.com\/product\/aluminium-shop-front-extrusions\/\" target=\"_blank\">Aluminium Shop Front Extrusions<\/a><\/li>\r\n<li><a href=\"https:\/\/sinoextrud.com\/product\/extruded-aluminum-handrail\/\" target=\"_blank\">Extruded Aluminum Handrail<\/a><\/li>\r\n<li><a href=\"https:\/\/sinoextrud.com\/product\/aluminum-mill-finish\/\" target=\"_blank\">Aluminum Mill Finish<\/a><\/li>\r\n<li><a href=\"https:\/\/sinoextrud.com\/product\/extruded-aluminum-profiles-prices-competitive-99-pure-aluminum-ingot-curtain-wall-aluminum-profile-extrusion-manufacturers\/\" target=\"_blank\">Extruded aluminum profiles prices competitive 99% pure aluminum ingot curtain wall aluminum profile extrusion manufacturers<\/a><\/li>\r\n<li><a href=\"https:\/\/sinoextrud.com\/product\/aluminium-sliding-door-profiles\/\" target=\"_blank\">Aluminium Sliding Door Profiles<\/a><\/li>\r\n<li><a href=\"https:\/\/sinoextrud.com\/product\/aluminium-window-parts-names-sliding-6063-material-framing-profile\/\" target=\"_blank\">aluminium window parts names sliding 6063 material framing profile<\/a><\/li>\r\n<li><a href=\"https:\/\/sinoextrud.com\/product\/aluminum-angle-extrusion\/\" target=\"_blank\">Aluminum Angle Extrusion<\/a><\/li>\r\n<li><a href=\"https:\/\/sinoextrud.com\/product\/aluminium-sliding-door-pictures-new-update-sliding-wardrobe-doors-profile-manufacturers-oem-value-frame-extrusion\/\" target=\"_blank\">aluminium sliding door pictures new update sliding wardrobe doors profile manufacturers OEM value frame extrusion<\/a><\/li>\r\n<li><a href=\"https:\/\/sinoextrud.com\/product\/anodized-aluminum-frame-extrusion-for-picture-price-per-pound\/\" target=\"_blank\">anodized aluminum frame extrusion for picture price per pound<\/a><\/li>\r\n<li><a href=\"https:\/\/sinoextrud.com\/product\/aluminum-profile-windows-and-door-powder-coated-sliding-way\/\" target=\"_blank\">aluminum profile windows and door powder coated sliding way<\/a><\/li>\r\n<li><a href=\"https:\/\/sinoextrud.com\/product\/cabinet-furniture-aluminium-extrusions-aluminum-handle-profile-for-kitchen-cabinet-horizontal-g-handle-system\/\" target=\"_blank\">Cabinet Furniture Aluminium Extrusions Aluminum Handle Profile For Kitchen Cabinet Horizontal G Handle System<\/a><\/li>"},"feature_list":[]},"_links":{"self":[{"href":"https:\/\/sinoextrud.com\/fr\/wp-json\/wp\/v2\/product\/6787","targetHints":{"allow":["GET"]}}],"collection":[{"href":"https:\/\/sinoextrud.com\/fr\/wp-json\/wp\/v2\/product"}],"about":[{"href":"https:\/\/sinoextrud.com\/fr\/wp-json\/wp\/v2\/types\/product"}],"wp:featuredmedia":[{"embeddable":true,"href":"https:\/\/sinoextrud.com\/fr\/wp-json\/wp\/v2\/media\/6786"}],"wp:attachment":[{"href":"https:\/\/sinoextrud.com\/fr\/wp-json\/wp\/v2\/media?parent=6787"}],"wp:term":[{"taxonomy":"category","embeddable":true,"href":"https:\/\/sinoextrud.com\/fr\/wp-json\/wp\/v2\/categories?post=6787"}],"curies":[{"name":"wp","href":"https:\/\/api.w.org\/{rel}","templated":true}]}}