{"id":6775,"date":"2025-06-01T15:11:28","date_gmt":"2025-06-01T15:11:28","guid":{"rendered":"https:\/\/sinoextrud.com\/product\/anodizing-housings-large-aluminum-extrusions\/"},"modified":"2025-06-24T06:11:39","modified_gmt":"2025-06-24T06:11:39","slug":"anodisation-de-boitiers-grandes-extrusions-daluminium","status":"publish","type":"product","link":"https:\/\/sinoextrud.com\/fr\/product\/anodizing-housings-large-aluminum-extrusions\/","title":{"rendered":"Anodisation de bo\u00eetiers Grandes extrusions d'aluminium"},"content":{"rendered":"<h2>D\u00e9tails des produits<\/h2>\n<table class=\"custom-table\">\n<tr>\n<td class=\"label\">Article :<\/td>\n<td> Anodisation de bo\u00eetiers Grandes extrusions d'aluminium<\/td>\n<\/tr>\n<tr>\n<td class=\"label\">Forme :<\/td>\n<td> Sur mesure<\/td>\n<\/tr>\n<tr>\n<td class=\"label\">Temp\u00e9rer :<\/td>\n<td> T3-T8<\/td>\n<\/tr>\n<tr>\n<td class=\"label\">Alliage ou non :<\/td>\n<td> Alliage<\/td>\n<\/tr>\n<tr>\n<td class=\"label\">Grade :<\/td>\n<td> S\u00e9rie 6000, 6063<\/td>\n<\/tr>\n<tr>\n<td class=\"label\">Longueur :<\/td>\n<td> 1-9 m\u00e8tres ou sur mesure<\/td>\n<\/tr>\n<tr>\n<td class=\"label\">Couleur :<\/td>\n<td> Fabriqu\u00e9 sur demande Num\u00e9ro de couleur<\/td>\n<\/tr>\n<tr>\n<td class=\"label\">Utilisation\/application :<\/td>\n<td> Anodisation de bo\u00eetiers Grandes extrusions d'aluminium<\/td>\n<\/tr>\n<tr>\n<td class=\"label\">D\u00e9lai de livraison :<\/td>\n<td> 20-30 jours (selon votre quantit\u00e9)<\/td>\n<\/tr>\n<tr>\n<td class=\"label\">D\u00e9tail de l'emballage :<\/td>\n<td> Emballage standard pour l'exportation<\/td>\n<\/tr>\n<tr>\n<td class=\"label\">Origine :<\/td>\n<td> Foshan Chine<\/td>\n<\/tr>\n<tr>\n<td class=\"label\">Finition de la surface :<\/td>\n<td> Anodis\u00e9, rev\u00eatement par poudre, etc.<\/td>\n<\/tr>\n<tr>\n<td class=\"label\">Certifications :<\/td>\n<td> ISO Rohs SGS TUV<\/td>\n<\/tr>\n<\/table>\n<h2>Notre base de production<\/h2>\n<h3>Panorama de l'usine<\/h3>\n<p><img decoding=\"async\" src=\"\/wp-content\/uploads\/factory-01.webp\"\/><\/p>\n<h3>Atelier de fabrication de barres d'aluminium<\/h3>\n<p><img decoding=\"async\" src=\"\/wp-content\/uploads\/factory-02.webp\"\/><\/p>\n<p><img decoding=\"async\" src=\"\/wp-content\/uploads\/factory-03.webp\"\/><\/p>\n<h3>Entrep\u00f4t de stockage des moules<\/h3>\n<p><img decoding=\"async\" src=\"\/wp-content\/uploads\/factory-04.webp\"\/><\/p>\n<h3>43 lignes d'extrusion d'aluminium (500-5500 tonnes)<\/h3>\n<p><img decoding=\"async\" src=\"\/wp-content\/uploads\/factory-05.webp\"\/><\/p>\n<p><img decoding=\"async\" src=\"\/wp-content\/uploads\/factory-06.webp\"\/><\/p>\n<p><img decoding=\"async\" src=\"\/wp-content\/uploads\/factory-07.webp\"\/><\/p>\n<h3>Atelier de peinture en poudre<\/h3>\n<p><img decoding=\"async\" src=\"\/wp-content\/uploads\/factory-09.webp\"\/><\/p>\n<h3>Atelier d'anodisation<\/h3>\n<p><img decoding=\"async\" src=\"\/wp-content\/uploads\/factory-10.webp\"\/><\/p>\n<h3>Atelier sur le traitement en profondeur<\/h3>\n<p><img decoding=\"async\" src=\"\/wp-content\/uploads\/factory-11.webp\"\/><\/p>\n<h3>Atelier d'usinage de pr\u00e9cision CNC<\/h3>\n<p><img decoding=\"async\" src=\"\/wp-content\/uploads\/factory-11.5.webp\"\/><\/p>\n<h3>Entrep\u00f4t de produits finis et d'exportation<\/h3>\n<p><img decoding=\"async\" src=\"\/wp-content\/uploads\/factory-12.webp\"\/><\/p>\n<p><img decoding=\"async\" src=\"\/wp-content\/uploads\/factory-13.webp\"\/><\/p>\n<p><img decoding=\"async\" src=\"\/wp-content\/uploads\/factory-14.webp\"\/><\/p>\n<h2>FAQ<\/h2>\n<p><p><b>1) Que sont les bo\u00eetiers anodis\u00e9s fabriqu\u00e9s \u00e0 partir de grandes extrusions d'aluminium ? <\/b><\/p>\n<p> Il s'agit de profil\u00e9s d'aluminium de grande taille qui ont \u00e9t\u00e9 anodis\u00e9s pour \u00eatre utilis\u00e9s dans des bo\u00eetiers de protection, couramment utilis\u00e9s dans l'\u00e9lectronique, les machines et l'architecture.<br \/>\n<\/p><br \/>\n<br \/>\n<p><b>2. pourquoi anodiser les grandes extrusions d'aluminium utilis\u00e9es dans les bo\u00eetiers ? <\/b><\/p>\n<p> L'anodisation accro\u00eet la r\u00e9sistance \u00e0 la corrosion, am\u00e9liore la duret\u00e9 de la surface et assure l'isolation thermique, ce qui rend les extrusions id\u00e9ales pour les bo\u00eetiers de protection.<br \/>\n<\/p><br \/>\n<br \/>\n<p><b>3) Quels alliages d'aluminium sont utilis\u00e9s pour les grands bo\u00eetiers d'extrusion ? <\/b><\/p>\n<p> Les alliages les plus courants sont le 6061 et le 6063, qui offrent tous deux d'excellentes propri\u00e9t\u00e9s de r\u00e9sistance, d'usinabilit\u00e9 et d'anodisation.<br \/>\n<\/p><br \/>\n<br \/>\n<p><b>4) Quelles sont les applications typiques des grands bo\u00eetiers en aluminium anodis\u00e9 ? <\/b><\/p>\n<p> Ils sont utilis\u00e9s dans les bo\u00eetiers de LED, les bo\u00eetiers d'appareils \u00e9lectroniques, les bo\u00eetiers de commande, les armoires ext\u00e9rieures et les bo\u00eetiers structurels robustes.<br \/>\n<\/p><br \/>\n<br \/>\n<p><b>5. ces bo\u00eetiers peuvent-ils \u00eatre personnalis\u00e9s en termes de forme et de taille ? <\/b><\/p>\n<p> Oui, les grandes extrusions d'aluminium peuvent \u00eatre adapt\u00e9es \u00e0 des dimensions sp\u00e9cifiques et \u00e0 des sp\u00e9cifications de conception, y compris des sections transversales complexes.<br \/>\n<\/p><br \/>\n<br \/>\n<p><b>6. des options d'anodisation en couleur sont-elles disponibles pour les profils de bo\u00eetier en aluminium ? <\/b><\/p>\n<p> Dans l'absolu, l'anodisation peut \u00eatre r\u00e9alis\u00e9e dans diff\u00e9rentes couleurs telles que le noir, l'argent, le bronze et l'or pour r\u00e9pondre aux exigences en mati\u00e8re d'esth\u00e9tique et d'image de marque.<br \/>\n<\/p><br \/>\n<br \/>\n<p><b>7. Quelle est la durabilit\u00e9 des extrusions d'aluminium anodis\u00e9 pour les bo\u00eetiers ext\u00e9rieurs ? <\/b><\/p>\n<p> Tr\u00e8s durable - l'anodisation offre une r\u00e9sistance \u00e0 long terme \u00e0 l'exposition aux UV, aux intemp\u00e9ries et \u00e0 l'abrasion, ce qui la rend id\u00e9ale pour une utilisation en ext\u00e9rieur.<br \/>\n<\/p><br \/>\n<br \/>\n<p><b>8. l'aluminium anodis\u00e9 est-il respectueux de l'environnement ? <\/b><\/p>\n<p> Oui, l'aluminium est recyclable et le processus d'anodisation est respectueux de l'environnement, ce qui contribue aux normes de fabrication \u00e9cologiques.<br \/>\n<\/p><br \/><\/p>","protected":false},"featured_media":6774,"template":"","categories":[67],"class_list":["post-6775","product","type-product","status-publish","has-post-thumbnail","hentry","category-architectural-aluminium-profile"],"meta_box":{"hilight_text_group":{"product_hilight_text":"<li>Large-scale aluminum extrusions designed for housing and enclosure applications<\/li>\r\r\n<li>Anodized finish enhances corrosion resistance, thermal performance, and durability<\/li>\r\r\n<li>Manufactured from high-strength 6061 or 6063 aluminum alloys for structural integrity<\/li>\r\r\n<li>Suitable for electronics, machinery, and architectural enclosures<\/li>\r\r\n<li>Available in custom shapes, sizes, and anodized colors for specific project needs<\/li>","product_chanpin_blog":"<ul>\r\r\n<li><a href=\"https:\/\/sinoextrud.com\/t-slot-v-slot-differences\/\" target=\"_blank\">t slot vs v slot<\/a><\/li>\r\r\n<li><a href=\"https:\/\/sinoextrud.com\/what-is-4040-aluminium-extrud\/\" target=\"_blank\">4040 aluminium extrusion<\/a><\/li>\r\r\n<li><a href=\"https:\/\/sinoextrud.com\/what-is-4040-aluminium-extrud\/\" target=\"_blank\">aluminum extrusions for industrial racks<\/a><\/li>\r\r\n<li><a href=\"https:\/\/sinoextrud.com\/powder-coating-aluminium-process\/\" target=\"_blank\">powder coating aluminium<\/a><\/li>\r\r\n<li><a href=\"https:\/\/sinoextrud.com\/what-is-an-aluminium-strip-ceiling\/\" target=\"_blank\">aluminium strip ceiling<\/a><\/li>\r\r\n<li><a href=\"https:\/\/sinoextrud.com\/what-is-a-heat-sink\/\" target=\"_blank\">what is a heat sink<\/a><\/li>\r\r\n<\/ul>","product_chanpin_chanpin":"<li><a href=\"https:\/\/sinoextrud.com\/product\/aluminium-square-tube-extrusion-profile-with-6063-t5-alloy-anodized-extruded-aluminium-profile\/\" target=\"_blank\">Aluminium Square Tube Extrusion Profile With 6063 T5 Alloy  Anodized Extruded Aluminium Profile<\/a><\/li>\r\n<li><a href=\"https:\/\/sinoextrud.com\/product\/v-slot-aluminum-profile-factory-bulk-business\/\" target=\"_blank\">v-slot aluminum profile Factory bulk business<\/a><\/li>\r\n<li><a href=\"https:\/\/sinoextrud.com\/product\/anodizing-aluminium-section-sliding-window\/\" target=\"_blank\">Anodizing Aluminium Section Sliding Window<\/a><\/li>\r\n<li><a href=\"https:\/\/sinoextrud.com\/product\/wholesale-aluminium-extrusion-corner-profile\/\" target=\"_blank\">Wholesale Aluminium Extrusion Corner Profile<\/a><\/li>\r\n<li><a href=\"https:\/\/sinoextrud.com\/product\/anodizing-housings-large-aluminum-extrusions\/\" target=\"_blank\">Anodizing Housings Large Aluminum Extrusions<\/a><\/li>\r\n<li><a href=\"https:\/\/sinoextrud.com\/product\/aluminium-extrusion-profile-for-furniture-aluminum-profile-with-alloy-6063-t5-supplied-by-china-factory\/\" target=\"_blank\">Aluminium Extrusion Profile for Furniture Aluminum Profile With Alloy 6063 T5 Supplied By China Factory<\/a><\/li>\r\n<li><a href=\"https:\/\/sinoextrud.com\/product\/aluminium-shop-front-extrusions\/\" target=\"_blank\">Aluminium Shop Front Extrusions<\/a><\/li>\r\n<li><a href=\"https:\/\/sinoextrud.com\/product\/extruded-aluminum-handrail\/\" target=\"_blank\">Extruded Aluminum Handrail<\/a><\/li>\r\n<li><a href=\"https:\/\/sinoextrud.com\/product\/aluminum-mill-finish\/\" target=\"_blank\">Aluminum Mill Finish<\/a><\/li>\r\n<li><a href=\"https:\/\/sinoextrud.com\/product\/led-plant-growth-light-aluminum-profile\/\" target=\"_blank\">Led Plant Growth Light Aluminum Profile<\/a><\/li>\r\n<li><a href=\"https:\/\/sinoextrud.com\/product\/kitchen-cabinet-aluminum-profile\/\" target=\"_blank\">Kitchen Cabinet Aluminum Profile<\/a><\/li>"},"feature_list":[]},"_links":{"self":[{"href":"https:\/\/sinoextrud.com\/fr\/wp-json\/wp\/v2\/product\/6775","targetHints":{"allow":["GET"]}}],"collection":[{"href":"https:\/\/sinoextrud.com\/fr\/wp-json\/wp\/v2\/product"}],"about":[{"href":"https:\/\/sinoextrud.com\/fr\/wp-json\/wp\/v2\/types\/product"}],"wp:featuredmedia":[{"embeddable":true,"href":"https:\/\/sinoextrud.com\/fr\/wp-json\/wp\/v2\/media\/6774"}],"wp:attachment":[{"href":"https:\/\/sinoextrud.com\/fr\/wp-json\/wp\/v2\/media?parent=6775"}],"wp:term":[{"taxonomy":"category","embeddable":true,"href":"https:\/\/sinoextrud.com\/fr\/wp-json\/wp\/v2\/categories?post=6775"}],"curies":[{"name":"wp","href":"https:\/\/api.w.org\/{rel}","templated":true}]}}