{"id":6773,"date":"2025-06-01T15:09:55","date_gmt":"2025-06-01T15:09:55","guid":{"rendered":"https:\/\/sinoextrud.com\/product\/wholesale-aluminium-extrusion-corner-profile\/"},"modified":"2025-06-24T06:11:39","modified_gmt":"2025-06-24T06:11:39","slug":"profile-dangle-en-aluminium-extrude-en-gros","status":"publish","type":"product","link":"https:\/\/sinoextrud.com\/fr\/product\/wholesale-aluminium-extrusion-corner-profile\/","title":{"rendered":"Profil\u00e9 d'angle en extrusion d'aluminium en gros"},"content":{"rendered":"<h2>D\u00e9tails des produits<\/h2>\n<table class=\"custom-table\">\n<tr>\n<td class=\"label\">Article :<\/td>\n<td> Profil\u00e9 d'angle en extrusion d'aluminium en gros<\/td>\n<\/tr>\n<tr>\n<td class=\"label\">Forme :<\/td>\n<td> Sur mesure<\/td>\n<\/tr>\n<tr>\n<td class=\"label\">Temp\u00e9rer :<\/td>\n<td> T3-T8<\/td>\n<\/tr>\n<tr>\n<td class=\"label\">Alliage ou non :<\/td>\n<td> Est un alliage<\/td>\n<\/tr>\n<tr>\n<td class=\"label\">Grade :<\/td>\n<td> S\u00e9rie 6000<\/td>\n<\/tr>\n<tr>\n<td class=\"label\">Longueur :<\/td>\n<td> 1-9 m\u00e8tres ou sur mesure<\/td>\n<\/tr>\n<tr>\n<td class=\"label\">Couleur :<\/td>\n<td> Fabriqu\u00e9 sur demande Num\u00e9ro de couleur<\/td>\n<\/tr>\n<tr>\n<td class=\"label\">Utilisation\/application :<\/td>\n<td> L'industrie<\/td>\n<\/tr>\n<tr>\n<td class=\"label\">D\u00e9lai de livraison :<\/td>\n<td> 20-30 jours (selon votre quantit\u00e9)<\/td>\n<\/tr>\n<tr>\n<td class=\"label\">D\u00e9tail de l'emballage :<\/td>\n<td> Emballage standard pour l'exportation<\/td>\n<\/tr>\n<tr>\n<td class=\"label\">Origine :<\/td>\n<td> Foshan Chine<\/td>\n<\/tr>\n<tr>\n<td class=\"label\">Finition de la surface :<\/td>\n<td> Anodis\u00e9, rev\u00eatement par poudre, etc.<\/td>\n<\/tr>\n<tr>\n<td class=\"label\">Certifications :<\/td>\n<td> ISO Rohs SGS TUV<\/td>\n<\/tr>\n<\/table>\n<h2>Notre base de production<\/h2>\n<h3>Panorama de l'usine<\/h3>\n<p><img decoding=\"async\" src=\"\/wp-content\/uploads\/factory-01.webp\"\/><\/p>\n<h3>Atelier de fabrication de barres d'aluminium<\/h3>\n<p><img decoding=\"async\" src=\"\/wp-content\/uploads\/factory-02.webp\"\/><\/p>\n<p><img decoding=\"async\" src=\"\/wp-content\/uploads\/factory-03.webp\"\/><\/p>\n<h3>Entrep\u00f4t de stockage des moules<\/h3>\n<p><img decoding=\"async\" src=\"\/wp-content\/uploads\/factory-04.webp\"\/><\/p>\n<h3>43 lignes d'extrusion d'aluminium (500-5500 tonnes)<\/h3>\n<p><img decoding=\"async\" src=\"\/wp-content\/uploads\/factory-05.webp\"\/><\/p>\n<p><img decoding=\"async\" src=\"\/wp-content\/uploads\/factory-06.webp\"\/><\/p>\n<p><img decoding=\"async\" src=\"\/wp-content\/uploads\/factory-07.webp\"\/><\/p>\n<h3>Atelier de peinture en poudre<\/h3>\n<p><img decoding=\"async\" src=\"\/wp-content\/uploads\/factory-09.webp\"\/><\/p>\n<h3>Atelier d'anodisation<\/h3>\n<p><img decoding=\"async\" src=\"\/wp-content\/uploads\/factory-10.webp\"\/><\/p>\n<h3>Atelier sur le traitement en profondeur<\/h3>\n<p><img decoding=\"async\" src=\"\/wp-content\/uploads\/factory-11.webp\"\/><\/p>\n<h3>Atelier d'usinage de pr\u00e9cision CNC<\/h3>\n<p><img decoding=\"async\" src=\"\/wp-content\/uploads\/factory-11.5.webp\"\/><\/p>\n<h3>Entrep\u00f4t de produits finis et d'exportation<\/h3>\n<p><img decoding=\"async\" src=\"\/wp-content\/uploads\/factory-12.webp\"\/><\/p>\n<p><img decoding=\"async\" src=\"\/wp-content\/uploads\/factory-13.webp\"\/><\/p>\n<p><img decoding=\"async\" src=\"\/wp-content\/uploads\/factory-14.webp\"\/><\/p>\n<h2>FAQ<\/h2>\n<p><p><b>1) Qu'est-ce qu'un profil\u00e9 d'angle en aluminium extrud\u00e9 ? <\/b><\/p>\n<p> Il s'agit d'un profil\u00e9 d'aluminium \u00e0 angle droit utilis\u00e9 pour renforcer les angles, prot\u00e9ger les bords et soutenir les structures des cadres dans diverses applications.<br \/>\n<\/p><br \/>\n<br \/>\n<p><b>2. pourquoi acheter des profil\u00e9s d'angle en aluminium en gros ? <\/b><\/p>\n<p> Les achats en gros permettent de r\u00e9aliser des \u00e9conomies, d'assurer un approvisionnement r\u00e9gulier et de garantir la disponibilit\u00e9 des produits pour les projets de construction ou de fabrication \u00e0 grande \u00e9chelle.<br \/>\n<\/p><br \/>\n<br \/>\n<p><b>3) Quels sont les mat\u00e9riaux utilis\u00e9s dans les profil\u00e9s d'angle en aluminium ? <\/b><\/p>\n<p> Ces profil\u00e9s sont g\u00e9n\u00e9ralement fabriqu\u00e9s \u00e0 partir d'un alliage d'aluminium 6063-T5, connu pour son excellente solidit\u00e9, sa r\u00e9sistance \u00e0 la corrosion et sa facilit\u00e9 de mise en \u0153uvre.<br \/>\n<\/p><br \/>\n<br \/>\n<p><b>4. Les profil\u00e9s d'angle en aluminium sont-ils personnalisables ? <\/b><\/p>\n<p> Oui, ils peuvent \u00eatre adapt\u00e9s en termes de taille, d'\u00e9paisseur et d'angle pour r\u00e9pondre aux exigences structurelles et esth\u00e9tiques sp\u00e9cifiques du projet.<br \/>\n<\/p><br \/>\n<br \/>\n<p><b>5) Quelles sont les utilisations courantes des profil\u00e9s d'angle en aluminium extrud\u00e9 ? <\/b><\/p>\n<p> Ils sont utilis\u00e9s dans les portes, les fen\u00eatres, les cloisons, les armoires et les ch\u00e2ssis de machines pour assurer la protection des angles et le soutien structurel.<br \/>\n<\/p><br \/>\n<br \/>\n<p><b>6. Quels sont les traitements de surface disponibles pour les profil\u00e9s d'angle en aluminium ? <\/b><\/p>\n<p> Les finitions courantes comprennent l'anodisation, le rev\u00eatement par poudre, le brossage et la finition en usine pour am\u00e9liorer l'aspect et la durabilit\u00e9.<br \/>\n<\/p><br \/>\n<br \/>\n<p><b>7. Les profil\u00e9s d'angle en aluminium peuvent-ils \u00eatre utilis\u00e9s \u00e0 l'ext\u00e9rieur ? <\/b><\/p>\n<p> Absolument, avec un traitement de surface appropri\u00e9 comme l'anodisation ou le rev\u00eatement en poudre, ils sont tr\u00e8s r\u00e9sistants aux intemp\u00e9ries et conviennent aux applications ext\u00e9rieures.<br \/>\n<\/p><br \/>\n<br \/>\n<p><b>8. l'extrusion d'aluminium est-elle une solution de construction \u00e9cologique ? <\/b><\/p>\n<p> Oui, l'aluminium est 100% recyclable, ce qui en fait un choix durable pour les projets de construction et de fabrication respectueux de l'environnement.<br \/>\n<\/p><br \/><\/p>","protected":false},"featured_media":6772,"template":"","categories":[67],"class_list":["post-6773","product","type-product","status-publish","has-post-thumbnail","hentry","category-architectural-aluminium-profile"],"meta_box":{"hilight_text_group":{"product_hilight_text":"<li>Precision-extruded aluminum corner profiles ideal for framing, protection, and structural connections<\/li>\r\r\n<li>Available for wholesale with competitive pricing and bulk supply capabilities<\/li>\r\r\n<li>Manufactured from high-quality 6063-T5 aluminum alloy for strength and durability<\/li>\r\r\n<li>Various surface finishes including anodizing and powder coating for corrosion resistance<\/li>\r\r\n<li>Customizable dimensions and angles to meet diverse construction and industrial needs<\/li>","product_chanpin_blog":"<ul>\r\r\n<li><a href=\"https:\/\/sinoextrud.com\/t-slot-v-slot-differences\/\" target=\"_blank\">t slot vs v slot<\/a><\/li>\r\r\n<li><a href=\"https:\/\/sinoextrud.com\/what-is-4040-aluminium-extrud\/\" target=\"_blank\">4040 aluminium extrusion<\/a><\/li>\r\r\n<li><a href=\"https:\/\/sinoextrud.com\/what-is-4040-aluminium-extrud\/\" target=\"_blank\">aluminum extrusions for industrial racks<\/a><\/li>\r\r\n<li><a href=\"https:\/\/sinoextrud.com\/powder-coating-aluminium-process\/\" target=\"_blank\">powder coating aluminium<\/a><\/li>\r\r\n<li><a href=\"https:\/\/sinoextrud.com\/what-is-an-aluminium-strip-ceiling\/\" target=\"_blank\">aluminium strip ceiling<\/a><\/li>\r\r\n<li><a href=\"https:\/\/sinoextrud.com\/what-is-a-heat-sink\/\" target=\"_blank\">what is a heat sink<\/a><\/li>\r\r\n<\/ul>","product_chanpin_chanpin":"<li><a href=\"https:\/\/sinoextrud.com\/product\/extude-aluminum-t-slot-and-v-slot-profile\/\" target=\"_blank\">Extude-Aluminum T Slot And V Slot Profile<\/a><\/li>\r\n<li><a href=\"https:\/\/sinoextrud.com\/product\/aluminium-square-tube-extrusion-profile-with-6063-t5-alloy-anodized-extruded-aluminium-profile\/\" target=\"_blank\">Aluminium Square Tube Extrusion Profile With 6063 T5 Alloy  Anodized Extruded Aluminium Profile<\/a><\/li>\r\n<li><a href=\"https:\/\/sinoextrud.com\/product\/v-slot-aluminum-profile-factory-bulk-business\/\" target=\"_blank\">v-slot aluminum profile Factory bulk business<\/a><\/li>\r\n<li><a href=\"https:\/\/sinoextrud.com\/product\/anodizing-aluminium-section-sliding-window\/\" target=\"_blank\">Anodizing Aluminium Section Sliding Window<\/a><\/li>\r\n<li><a href=\"https:\/\/sinoextrud.com\/product\/wholesale-aluminium-extrusion-corner-profile\/\" target=\"_blank\">Wholesale Aluminium Extrusion Corner Profile<\/a><\/li>\r\n<li><a href=\"https:\/\/sinoextrud.com\/product\/anodizing-housings-large-aluminum-extrusions\/\" target=\"_blank\">Anodizing Housings Large Aluminum Extrusions<\/a><\/li>\r\n<li><a href=\"https:\/\/sinoextrud.com\/product\/aluminium-extrusion-profile-for-furniture-aluminum-profile-with-alloy-6063-t5-supplied-by-china-factory\/\" target=\"_blank\">Aluminium Extrusion Profile for Furniture Aluminum Profile With Alloy 6063 T5 Supplied By China Factory<\/a><\/li>\r\n<li><a href=\"https:\/\/sinoextrud.com\/product\/aluminium-shop-front-extrusions\/\" target=\"_blank\">Aluminium Shop Front Extrusions<\/a><\/li>\r\n<li><a href=\"https:\/\/sinoextrud.com\/product\/extruded-aluminum-handrail\/\" target=\"_blank\">Extruded Aluminum Handrail<\/a><\/li>\r\n<li><a href=\"https:\/\/sinoextrud.com\/product\/industrial-profile-systems\/\" target=\"_blank\">Industrial Profile Systems<\/a><\/li>\r\n<li><a href=\"https:\/\/sinoextrud.com\/product\/custom-large-diameter-extruded-aluminum-pipe\/\" target=\"_blank\">Custom Large Diameter Extruded Aluminum Pipe<\/a><\/li>"},"feature_list":[]},"_links":{"self":[{"href":"https:\/\/sinoextrud.com\/fr\/wp-json\/wp\/v2\/product\/6773","targetHints":{"allow":["GET"]}}],"collection":[{"href":"https:\/\/sinoextrud.com\/fr\/wp-json\/wp\/v2\/product"}],"about":[{"href":"https:\/\/sinoextrud.com\/fr\/wp-json\/wp\/v2\/types\/product"}],"wp:featuredmedia":[{"embeddable":true,"href":"https:\/\/sinoextrud.com\/fr\/wp-json\/wp\/v2\/media\/6772"}],"wp:attachment":[{"href":"https:\/\/sinoextrud.com\/fr\/wp-json\/wp\/v2\/media?parent=6773"}],"wp:term":[{"taxonomy":"category","embeddable":true,"href":"https:\/\/sinoextrud.com\/fr\/wp-json\/wp\/v2\/categories?post=6773"}],"curies":[{"name":"wp","href":"https:\/\/api.w.org\/{rel}","templated":true}]}}