{"id":6771,"date":"2025-06-01T15:07:53","date_gmt":"2025-06-01T15:07:53","guid":{"rendered":"https:\/\/sinoextrud.com\/product\/anodizing-aluminium-section-sliding-window\/"},"modified":"2025-06-24T06:11:39","modified_gmt":"2025-06-24T06:11:39","slug":"fenetre-coulissante-en-profile-daluminium-anodise","status":"publish","type":"product","link":"https:\/\/sinoextrud.com\/fr\/product\/anodizing-aluminium-section-sliding-window\/","title":{"rendered":"Fen\u00eatre coulissante en aluminium anodis\u00e9"},"content":{"rendered":"<h2>D\u00e9tails des produits<\/h2>\n<table class=\"custom-table\">\n<tr>\n<td class=\"label\">Article :<\/td>\n<td> Fen\u00eatre coulissante en aluminium anodis\u00e9<br \/>Informations de base<\/td>\n<\/tr>\n<tr>\n<td class=\"label\">Forme :<\/td>\n<td> Sur mesure<\/td>\n<\/tr>\n<tr>\n<td class=\"label\">Temp\u00e9rer :<\/td>\n<td> T3-T8<\/td>\n<\/tr>\n<tr>\n<td class=\"label\">Alliage ou non :<\/td>\n<td> Est un alliage<\/td>\n<\/tr>\n<tr>\n<td class=\"label\">Grade :<\/td>\n<td> S\u00e9rie 6000<\/td>\n<\/tr>\n<tr>\n<td class=\"label\">Longueur :<\/td>\n<td> 1-9 m\u00e8tres ou sur mesure<\/td>\n<\/tr>\n<tr>\n<td class=\"label\">Couleur :<\/td>\n<td> Fabriqu\u00e9 sur demande Num\u00e9ro de couleur<\/td>\n<\/tr>\n<tr>\n<td class=\"label\">Utilisation\/application :<\/td>\n<td> Fen\u00eatre coulissante en aluminium anodis\u00e9<\/td>\n<\/tr>\n<tr>\n<td class=\"label\">D\u00e9lai de livraison :<\/td>\n<td> 20-30 jours (selon votre quantit\u00e9)<\/td>\n<\/tr>\n<tr>\n<td class=\"label\">D\u00e9tail de l'emballage :<\/td>\n<td> Emballage standard pour l'exportation<\/td>\n<\/tr>\n<tr>\n<td class=\"label\">Origine :<\/td>\n<td> Foshan Chine<\/td>\n<\/tr>\n<tr>\n<td class=\"label\">Finition de la surface :<\/td>\n<td> Anodis\u00e9, rev\u00eatement par poudre, etc.<\/td>\n<\/tr>\n<tr>\n<td class=\"label\">Certifications :<\/td>\n<td> ISO Rohs SGS TUV<\/td>\n<\/tr>\n<\/table>\n<h2>Notre base de production<\/h2>\n<h3>Panorama de l'usine<\/h3>\n<p><img decoding=\"async\" src=\"\/wp-content\/uploads\/factory-01.webp\"\/><\/p>\n<h3>Atelier de fabrication de barres d'aluminium<\/h3>\n<p><img decoding=\"async\" src=\"\/wp-content\/uploads\/factory-02.webp\"\/><\/p>\n<p><img decoding=\"async\" src=\"\/wp-content\/uploads\/factory-03.webp\"\/><\/p>\n<h3>Entrep\u00f4t de stockage des moules<\/h3>\n<p><img decoding=\"async\" src=\"\/wp-content\/uploads\/factory-04.webp\"\/><\/p>\n<h3>43 lignes d'extrusion d'aluminium (500-5500 tonnes)<\/h3>\n<p><img decoding=\"async\" src=\"\/wp-content\/uploads\/factory-05.webp\"\/><\/p>\n<p><img decoding=\"async\" src=\"\/wp-content\/uploads\/factory-06.webp\"\/><\/p>\n<p><img decoding=\"async\" src=\"\/wp-content\/uploads\/factory-07.webp\"\/><\/p>\n<h3>Atelier de peinture en poudre<\/h3>\n<p><img decoding=\"async\" src=\"\/wp-content\/uploads\/factory-09.webp\"\/><\/p>\n<h3>Atelier d'anodisation<\/h3>\n<p><img decoding=\"async\" src=\"\/wp-content\/uploads\/factory-10.webp\"\/><\/p>\n<h3>Atelier sur le traitement en profondeur<\/h3>\n<p><img decoding=\"async\" src=\"\/wp-content\/uploads\/factory-11.webp\"\/><\/p>\n<h3>Atelier d'usinage de pr\u00e9cision CNC<\/h3>\n<p><img decoding=\"async\" src=\"\/wp-content\/uploads\/factory-11.5.webp\"\/><\/p>\n<h3>Entrep\u00f4t de produits finis et d'exportation<\/h3>\n<p><img decoding=\"async\" src=\"\/wp-content\/uploads\/factory-12.webp\"\/><\/p>\n<p><img decoding=\"async\" src=\"\/wp-content\/uploads\/factory-13.webp\"\/><\/p>\n<p><img decoding=\"async\" src=\"\/wp-content\/uploads\/factory-14.webp\"\/><\/p>\n<h2>FAQ<\/h2>\n<p><p><b>1) Qu'est-ce qu'un profil\u00e9 d'aluminium anodis\u00e9 pour fen\u00eatres coulissantes ? <\/b><\/p>\n<p> Il s'agit d'un profil\u00e9 en aluminium extrud\u00e9 trait\u00e9 par anodisation pour am\u00e9liorer la r\u00e9sistance \u00e0 la corrosion et utilis\u00e9 sp\u00e9cifiquement dans les syst\u00e8mes de fen\u00eatres coulissantes.<br \/>\n<\/p><br \/>\n<br \/>\n<p><b>2) Pourquoi l'anodisation est-elle importante pour les ch\u00e2ssis coulissants ? <\/b><\/p>\n<p> L'anodisation am\u00e9liore la duret\u00e9 de la surface et prot\u00e8ge contre la corrosion, l'usure et la d\u00e9coloration, prolongeant ainsi la dur\u00e9e de vie des fen\u00eatres coulissantes.<br \/>\n<\/p><br \/>\n<br \/>\n<p><b>3) Quel alliage d'aluminium est utilis\u00e9 pour les sections de fen\u00eatres coulissantes anodis\u00e9es ? <\/b><\/p>\n<p> Le 6063-T5 est couramment utilis\u00e9 pour son excellent \u00e9quilibre entre la r\u00e9sistance, la maniabilit\u00e9 et les propri\u00e9t\u00e9s d'anodisation.<br \/>\n<\/p><br \/>\n<br \/>\n<p><b>4. les profil\u00e9s de fen\u00eatre en aluminium anodis\u00e9 conviennent-ils pour une utilisation en ext\u00e9rieur ? <\/b><\/p>\n<p> Oui, les surfaces anodis\u00e9es sont r\u00e9sistantes aux intemp\u00e9ries, ce qui les rend id\u00e9ales pour les fen\u00eatres coulissantes ext\u00e9rieures expos\u00e9es aux \u00e9l\u00e9ments.<br \/>\n<\/p><br \/>\n<br \/>\n<p><b>5) Est-il possible d'obtenir des profils de fen\u00eatres coulissantes anodis\u00e9s en diff\u00e9rentes couleurs ? <\/b><\/p>\n<p> Absolument, l'aluminium anodis\u00e9 peut \u00eatre produit dans diff\u00e9rentes couleurs comme l'argent, le bronze, le noir et le champagne pour s'adapter aux conceptions architecturales.<br \/>\n<\/p><br \/>\n<br \/>\n<p><b>6. Quelle est la diff\u00e9rence entre l'aluminium anodis\u00e9 et les profil\u00e9s peints ou rev\u00eatus d'une peinture en poudre ? <\/b><\/p>\n<p> Les profil\u00e9s anodis\u00e9s pr\u00e9sentent une surface plus dure et plus durable qui r\u00e9siste mieux \u00e0 la d\u00e9coloration et aux rayures que les profil\u00e9s peints ou rev\u00eatus d'une peinture en poudre.<br \/>\n<\/p><br \/>\n<br \/>\n<p><b>7. Les profil\u00e9s anodis\u00e9s des fen\u00eatres coulissantes n\u00e9cessitent-ils un entretien ? <\/b><\/p>\n<p> L'entretien est minime : un nettoyage p\u00e9riodique avec de l'eau et un d\u00e9tergent doux suffit \u00e0 pr\u00e9server l'aspect et le fonctionnement de l'appareil.<br \/>\n<\/p><br \/>\n<br \/>\n<p><b>8) Quels sont les avantages de l'utilisation de l'aluminium par rapport \u00e0 d'autres mat\u00e9riaux pour les fen\u00eatres coulissantes ? <\/b><\/p>\n<p> L'aluminium est l\u00e9ger, solide, r\u00e9sistant \u00e0 la corrosion et recyclable, ce qui lui conf\u00e8re des performances et une durabilit\u00e9 sup\u00e9rieures \u00e0 celles du bois ou du plastique.<br \/>\n<\/p><br \/><\/p>","protected":false},"featured_media":6770,"template":"","categories":[67],"class_list":["post-6771","product","type-product","status-publish","has-post-thumbnail","hentry","category-architectural-aluminium-profile"],"meta_box":{"hilight_text_group":{"product_hilight_text":"<li>Anodized aluminum sections provide enhanced corrosion resistance and surface durability<\/li>\r\r\n<li>Designed specifically for smooth, long-lasting sliding window performance<\/li>\r\r\n<li>High-strength 6063-T5 alloy ensures structural integrity and precision fitting<\/li>\r\r\n<li>Custom colors and finishes available for architectural and aesthetic flexibility<\/li>\r\r\n<li>Low maintenance and weather-resistant, ideal for residential and commercial use<\/li>","product_chanpin_blog":"<ul>\r\r\n<li><a href=\"https:\/\/sinoextrud.com\/t-slot-v-slot-differences\/\" target=\"_blank\">t slot vs v slot<\/a><\/li>\r\r\n<li><a href=\"https:\/\/sinoextrud.com\/what-is-4040-aluminium-extrud\/\" target=\"_blank\">4040 aluminium extrusion<\/a><\/li>\r\r\n<li><a href=\"https:\/\/sinoextrud.com\/what-is-4040-aluminium-extrud\/\" target=\"_blank\">aluminum extrusions for industrial racks<\/a><\/li>\r\r\n<li><a href=\"https:\/\/sinoextrud.com\/powder-coating-aluminium-process\/\" target=\"_blank\">powder coating aluminium<\/a><\/li>\r\r\n<li><a href=\"https:\/\/sinoextrud.com\/what-is-an-aluminium-strip-ceiling\/\" target=\"_blank\">aluminium strip ceiling<\/a><\/li>\r\r\n<li><a href=\"https:\/\/sinoextrud.com\/what-is-a-heat-sink\/\" target=\"_blank\">what is a heat sink<\/a><\/li>\r\r\n<\/ul>","product_chanpin_chanpin":"<li><a href=\"https:\/\/sinoextrud.com\/product\/expanded-metal-aluminium-profiles-partition-frame-for-bathroom-doors-busch-polish-light-top-a-grade\/\" target=\"_blank\">expanded metal aluminium profiles partition frame for bathroom doors busch polish light top a grade<\/a><\/li>\r\n<li><a href=\"https:\/\/sinoextrud.com\/product\/extude-aluminum-t-slot-and-v-slot-profile\/\" target=\"_blank\">Extude-Aluminum T Slot And V Slot Profile<\/a><\/li>\r\n<li><a href=\"https:\/\/sinoextrud.com\/product\/aluminium-square-tube-extrusion-profile-with-6063-t5-alloy-anodized-extruded-aluminium-profile\/\" target=\"_blank\">Aluminium Square Tube Extrusion Profile With 6063 T5 Alloy  Anodized Extruded Aluminium Profile<\/a><\/li>\r\n<li><a href=\"https:\/\/sinoextrud.com\/product\/v-slot-aluminum-profile-factory-bulk-business\/\" target=\"_blank\">v-slot aluminum profile Factory bulk business<\/a><\/li>\r\n<li><a href=\"https:\/\/sinoextrud.com\/product\/anodizing-aluminium-section-sliding-window\/\" target=\"_blank\">Anodizing Aluminium Section Sliding Window<\/a><\/li>\r\n<li><a href=\"https:\/\/sinoextrud.com\/product\/wholesale-aluminium-extrusion-corner-profile\/\" target=\"_blank\">Wholesale Aluminium Extrusion Corner Profile<\/a><\/li>\r\n<li><a href=\"https:\/\/sinoextrud.com\/product\/anodizing-housings-large-aluminum-extrusions\/\" target=\"_blank\">Anodizing Housings Large Aluminum Extrusions<\/a><\/li>\r\n<li><a href=\"https:\/\/sinoextrud.com\/product\/aluminium-extrusion-profile-for-furniture-aluminum-profile-with-alloy-6063-t5-supplied-by-china-factory\/\" target=\"_blank\">Aluminium Extrusion Profile for Furniture Aluminum Profile With Alloy 6063 T5 Supplied By China Factory<\/a><\/li>\r\n<li><a href=\"https:\/\/sinoextrud.com\/product\/aluminium-shop-front-extrusions\/\" target=\"_blank\">Aluminium Shop Front Extrusions<\/a><\/li>\r\n<li><a href=\"https:\/\/sinoextrud.com\/product\/standard-aluminum-extrusions\/\" target=\"_blank\">Standard Aluminum Extrusions<\/a><\/li>\r\n<li><a href=\"https:\/\/sinoextrud.com\/product\/standard-aluminium-extrusions\/\" target=\"_blank\">Standard Aluminium Extrusions<\/a><\/li>"},"feature_list":[]},"_links":{"self":[{"href":"https:\/\/sinoextrud.com\/fr\/wp-json\/wp\/v2\/product\/6771","targetHints":{"allow":["GET"]}}],"collection":[{"href":"https:\/\/sinoextrud.com\/fr\/wp-json\/wp\/v2\/product"}],"about":[{"href":"https:\/\/sinoextrud.com\/fr\/wp-json\/wp\/v2\/types\/product"}],"wp:featuredmedia":[{"embeddable":true,"href":"https:\/\/sinoextrud.com\/fr\/wp-json\/wp\/v2\/media\/6770"}],"wp:attachment":[{"href":"https:\/\/sinoextrud.com\/fr\/wp-json\/wp\/v2\/media?parent=6771"}],"wp:term":[{"taxonomy":"category","embeddable":true,"href":"https:\/\/sinoextrud.com\/fr\/wp-json\/wp\/v2\/categories?post=6771"}],"curies":[{"name":"wp","href":"https:\/\/api.w.org\/{rel}","templated":true}]}}