{"id":6765,"date":"2025-06-01T14:59:39","date_gmt":"2025-06-01T14:59:39","guid":{"rendered":"https:\/\/sinoextrud.com\/product\/extude-aluminum-t-slot-and-v-slot-profile\/"},"modified":"2025-06-24T06:11:38","modified_gmt":"2025-06-24T06:11:38","slug":"profile-daluminium-extude-pour-rainures-en-t-et-en-v","status":"publish","type":"product","link":"https:\/\/sinoextrud.com\/fr\/product\/extude-aluminum-t-slot-and-v-slot-profile\/","title":{"rendered":"Profil\u00e9 \u00e0 rainure en T et en V en aluminium Extude"},"content":{"rendered":"<h2>D\u00e9tails des produits<\/h2>\n<table class=\"custom-table\">\n<tr>\n<td class=\"label\">Article :<\/td>\n<td> Profil\u00e9 \u00e0 rainure en T et en V en aluminium Extude<\/td>\n<\/tr>\n<tr>\n<td class=\"label\">Application :<\/td>\n<td> D\u00e9corations, Dissipateur thermique, Outils de transport, Paroi en verre, Industrie<\/td>\n<\/tr>\n<tr>\n<td class=\"label\">Grade :<\/td>\n<td> S\u00e9rie 6000<\/td>\n<\/tr>\n<tr>\n<td class=\"label\">Technique :<\/td>\n<td> Extrud\u00e9<\/td>\n<\/tr>\n<tr>\n<td class=\"label\">Temp\u00e9rer :<\/td>\n<td> T3 - T8<\/td>\n<\/tr>\n<tr>\n<td class=\"label\">Tailles :<\/td>\n<td> Il pourrait \u00eatre personnalis\u00e9 en tant que conception fournie<\/td>\n<\/tr>\n<tr>\n<td class=\"label\">Services d'usinage :<\/td>\n<td> Per\u00e7age, taraudage, rivetage, assemblage, etc.<\/td>\n<\/tr>\n<tr>\n<td class=\"label\">Origine :<\/td>\n<td> FOSHAN,GUANGDONG <\/td>\n<\/tr>\n<tr>\n<td class=\"label\">Type :<\/td>\n<td> Profil\u00e9s en aluminium<\/td>\n<\/tr>\n<tr>\n<td class=\"label\">Forme :<\/td>\n<td> Faits en tant que clients\u2032 Design<\/td>\n<\/tr>\n<tr>\n<td class=\"label\">Traitement de surface :<\/td>\n<td> Anodis\u00e9, rev\u00eatement par poudre, etc.<\/td>\n<\/tr>\n<tr>\n<td class=\"label\">Alliage :<\/td>\n<td> Alliage<\/td>\n<\/tr>\n<tr>\n<td class=\"label\">Certification :<\/td>\n<td> GB\/T, ISO RoHS SGS<\/td>\n<\/tr>\n<tr>\n<td class=\"label\">Longueur :<\/td>\n<td> Il peut r\u00e9pondre \u00e0 des besoins sp\u00e9cifiques<\/td>\n<\/tr>\n<tr>\n<td class=\"label\">Couleurs :<\/td>\n<td> Sur mesure<\/td>\n<\/tr>\n<tr>\n<td class=\"label\">Sp\u00e9cification :<\/td>\n<td> SGS, Rohs, ISO<\/td>\n<\/tr>\n<tr>\n<td class=\"label\">Code HS :<\/td>\n<td> 76042990<\/td>\n<\/tr>\n<\/table>\n<h2>Notre base de production<\/h2>\n<h3>Panorama de l'usine<\/h3>\n<p><img decoding=\"async\" src=\"\/wp-content\/uploads\/factory-01.webp\"\/><\/p>\n<h3>Atelier de fabrication de barres d'aluminium<\/h3>\n<p><img decoding=\"async\" src=\"\/wp-content\/uploads\/factory-02.webp\"\/><\/p>\n<p><img decoding=\"async\" src=\"\/wp-content\/uploads\/factory-03.webp\"\/><\/p>\n<h3>Entrep\u00f4t de stockage des moules<\/h3>\n<p><img decoding=\"async\" src=\"\/wp-content\/uploads\/factory-04.webp\"\/><\/p>\n<h3>43 lignes d'extrusion d'aluminium (500-5500 tonnes)<\/h3>\n<p><img decoding=\"async\" src=\"\/wp-content\/uploads\/factory-05.webp\"\/><\/p>\n<p><img decoding=\"async\" src=\"\/wp-content\/uploads\/factory-06.webp\"\/><\/p>\n<p><img decoding=\"async\" src=\"\/wp-content\/uploads\/factory-07.webp\"\/><\/p>\n<h3>Atelier de peinture en poudre<\/h3>\n<p><img decoding=\"async\" src=\"\/wp-content\/uploads\/factory-09.webp\"\/><\/p>\n<h3>Atelier d'anodisation<\/h3>\n<p><img decoding=\"async\" src=\"\/wp-content\/uploads\/factory-10.webp\"\/><\/p>\n<h3>Atelier sur le traitement en profondeur<\/h3>\n<p><img decoding=\"async\" src=\"\/wp-content\/uploads\/factory-11.webp\"\/><\/p>\n<h3>Atelier d'usinage de pr\u00e9cision CNC<\/h3>\n<p><img decoding=\"async\" src=\"\/wp-content\/uploads\/factory-11.5.webp\"\/><\/p>\n<h3>Entrep\u00f4t de produits finis et d'exportation<\/h3>\n<p><img decoding=\"async\" src=\"\/wp-content\/uploads\/factory-12.webp\"\/><\/p>\n<p><img decoding=\"async\" src=\"\/wp-content\/uploads\/factory-13.webp\"\/><\/p>\n<p><img decoding=\"async\" src=\"\/wp-content\/uploads\/factory-14.webp\"\/><\/p>\n<h2>FAQ<\/h2>\n<p><p><b>1) Quelle est la diff\u00e9rence entre les profil\u00e9s d'aluminium \u00e0 rainure en T et \u00e0 rainure en V ? <\/b><\/p>\n<p> Les profil\u00e9s \u00e0 rainure en T sont con\u00e7us pour les charpentes utilisant des \u00e9crous en T, tandis que les profil\u00e9s \u00e0 rainure en V comprennent une rainure en V qui supporte les mouvements lin\u00e9aires avec des roues.<br \/>\n<\/p><br \/>\n<br \/>\n<p><b>2. Pourquoi choisir les profil\u00e9s \u00e0 rainure en T et en V pour les syst\u00e8mes modulaires ? <\/b><\/p>\n<p> Ces profil\u00e9s offrent un assemblage facile, une grande adaptabilit\u00e9 et un support pour les mouvements m\u00e9caniques, ce qui les rend id\u00e9aux pour les cadres personnalis\u00e9s et les installations d'automatisation.<br \/>\n<\/p><br \/>\n<br \/>\n<p><b>3. ces profil\u00e9s en aluminium sont-ils faciles \u00e0 travailler ? <\/b><\/p>\n<p> Oui, les profil\u00e9s \u00e0 rainure en T et en V sont faciles \u00e0 couper, \u00e0 percer et \u00e0 raccorder, ce qui permet de r\u00e9aliser rapidement des prototypes et des modifications de conception.<br \/>\n<\/p><br \/>\n<br \/>\n<p><b>4. Quel mat\u00e9riau est utilis\u00e9 pour les profil\u00e9s \u00e0 rainure en T et en V ? <\/b><\/p>\n<p> Ces profil\u00e9s sont g\u00e9n\u00e9ralement fabriqu\u00e9s en alliage d'aluminium 6063-T5, connu pour sa solidit\u00e9, sa r\u00e9sistance \u00e0 la corrosion et son excellente usinabilit\u00e9.<br \/>\n<\/p><br \/>\n<br \/>\n<p><b>5. quelles sont les applications courantes des profils \u00e0 fente en T et \u00e0 fente en V ? <\/b><\/p>\n<p> Les applications comprennent les machines CNC, les cadres d'imprimantes 3D, les syst\u00e8mes robotiques, les structures de convoyage et les projets de meubles de bricolage.<br \/>\n<\/p><br \/>\n<br \/>\n<p><b>6. les profils T Slot et V Slot sont-ils compatibles entre eux ? <\/b><\/p>\n<p> Bien que les deux utilisent le m\u00eame alliage d'aluminium et des principes d'assemblage similaires, la compatibilit\u00e9 d\u00e9pend des dimensions sp\u00e9cifiques de la fente et des types d'accessoires.<br \/>\n<\/p><br \/>\n<br \/>\n<p><b>7) Est-il possible d'obtenir des longueurs et des finitions personnalis\u00e9es pour ces profil\u00e9s ? <\/b><\/p>\n<p> Les profil\u00e9s Absolutely, T Slot et V Slot sont disponibles en diff\u00e9rentes longueurs et finitions de surface, y compris l'anodisation et le rev\u00eatement par poudre.<br \/>\n<\/p><br \/>\n<br \/>\n<p><b>8. ce type de profil\u00e9 en aluminium est-il adapt\u00e9 aux environnements industriels ? <\/b><\/p>\n<p> En effet, la haute r\u00e9sistance et la nature modulaire de ces profil\u00e9s les rendent id\u00e9aux pour une utilisation industrielle, y compris l'automatisation et les lignes de production.<br \/>\n<\/p><br \/><\/p>","protected":false},"featured_media":6764,"template":"","categories":[67],"class_list":["post-6765","product","type-product","status-publish","has-post-thumbnail","hentry","category-architectural-aluminium-profile"],"meta_box":{"hilight_text_group":{"product_hilight_text":"<li>Versatile T Slot and V Slot aluminum profiles designed for modular framing systems<\/li>\r\r\n<li>High-precision extrusions compatible with a wide range of industrial hardware<\/li>\r\r\n<li>Lightweight and corrosion-resistant, ideal for machine frames, 3D printers, and automation projects<\/li>\r\r\n<li>Easy to cut, drill, and assemble, supporting rapid prototyping and flexible configurations<\/li>\r\r\n<li>Manufactured from high-strength 6063-T5 aluminum alloy for durability and performance<\/li>","product_chanpin_blog":"<ul>\r\r\n<li><a href=\"https:\/\/sinoextrud.com\/t-slot-v-slot-differences\/\" target=\"_blank\">t slot vs v slot<\/a><\/li>\r\r\n<li><a href=\"https:\/\/sinoextrud.com\/what-is-4040-aluminium-extrud\/\" target=\"_blank\">4040 aluminium extrusion<\/a><\/li>\r\r\n<li><a href=\"https:\/\/sinoextrud.com\/what-is-4040-aluminium-extrud\/\" target=\"_blank\">aluminum extrusions for industrial racks<\/a><\/li>\r\r\n<li><a href=\"https:\/\/sinoextrud.com\/powder-coating-aluminium-process\/\" target=\"_blank\">powder coating aluminium<\/a><\/li>\r\r\n<li><a href=\"https:\/\/sinoextrud.com\/what-is-an-aluminium-strip-ceiling\/\" target=\"_blank\">aluminium strip ceiling<\/a><\/li>\r\r\n<li><a href=\"https:\/\/sinoextrud.com\/what-is-a-heat-sink\/\" target=\"_blank\">what is a heat sink<\/a><\/li>\r\r\n<\/ul>","product_chanpin_chanpin":"<li><a href=\"https:\/\/sinoextrud.com\/product\/architectural-aluminum-profile\/\" target=\"_blank\">Architectural Aluminum Profile<\/a><\/li>\r\n<li><a href=\"https:\/\/sinoextrud.com\/product\/color-anodized-structural-aluminum-extrusions-profile-for-window-frame-extruded-aluminium-alloys-6063\/\" target=\"_blank\">Color Anodized structural aluminum extrusions Profile for Window Frame extruded aluminium alloys 6063<\/a><\/li>\r\n<li><a href=\"https:\/\/sinoextrud.com\/product\/building-material-aluminium-extrusion-profiles\/\" target=\"_blank\">Building Material Aluminium Extrusion Profiles<\/a><\/li>\r\n<li><a href=\"https:\/\/sinoextrud.com\/product\/expanded-metal-aluminium-profiles-partition-frame-for-bathroom-doors-busch-polish-light-top-a-grade\/\" target=\"_blank\">expanded metal aluminium profiles partition frame for bathroom doors busch polish light top a grade<\/a><\/li>\r\n<li><a href=\"https:\/\/sinoextrud.com\/product\/extude-aluminum-t-slot-and-v-slot-profile\/\" target=\"_blank\">Extude-Aluminum T Slot And V Slot Profile<\/a><\/li>\r\n<li><a href=\"https:\/\/sinoextrud.com\/product\/aluminium-square-tube-extrusion-profile-with-6063-t5-alloy-anodized-extruded-aluminium-profile\/\" target=\"_blank\">Aluminium Square Tube Extrusion Profile With 6063 T5 Alloy  Anodized Extruded Aluminium Profile<\/a><\/li>\r\n<li><a href=\"https:\/\/sinoextrud.com\/product\/v-slot-aluminum-profile-factory-bulk-business\/\" target=\"_blank\">v-slot aluminum profile Factory bulk business<\/a><\/li>\r\n<li><a href=\"https:\/\/sinoextrud.com\/product\/anodizing-aluminium-section-sliding-window\/\" target=\"_blank\">Anodizing Aluminium Section Sliding Window<\/a><\/li>\r\n<li><a href=\"https:\/\/sinoextrud.com\/product\/wholesale-aluminium-extrusion-corner-profile\/\" target=\"_blank\">Wholesale Aluminium Extrusion Corner Profile<\/a><\/li>\r\n<li><a href=\"https:\/\/sinoextrud.com\/product\/industrial-aluminium-extrusions-hollow-pipe-big-dimensions\/\" target=\"_blank\">Industrial Aluminium Extrusions Hollow Pipe Big Dimensions<\/a><\/li>\r\n<li><a href=\"https:\/\/sinoextrud.com\/product\/curved-aluminium-extrusion\/\" target=\"_blank\">Curved Aluminium Extrusion<\/a><\/li>"},"feature_list":[]},"_links":{"self":[{"href":"https:\/\/sinoextrud.com\/fr\/wp-json\/wp\/v2\/product\/6765","targetHints":{"allow":["GET"]}}],"collection":[{"href":"https:\/\/sinoextrud.com\/fr\/wp-json\/wp\/v2\/product"}],"about":[{"href":"https:\/\/sinoextrud.com\/fr\/wp-json\/wp\/v2\/types\/product"}],"wp:featuredmedia":[{"embeddable":true,"href":"https:\/\/sinoextrud.com\/fr\/wp-json\/wp\/v2\/media\/6764"}],"wp:attachment":[{"href":"https:\/\/sinoextrud.com\/fr\/wp-json\/wp\/v2\/media?parent=6765"}],"wp:term":[{"taxonomy":"category","embeddable":true,"href":"https:\/\/sinoextrud.com\/fr\/wp-json\/wp\/v2\/categories?post=6765"}],"curies":[{"name":"wp","href":"https:\/\/api.w.org\/{rel}","templated":true}]}}