{"id":6759,"date":"2025-06-01T14:52:13","date_gmt":"2025-06-01T14:52:13","guid":{"rendered":"https:\/\/sinoextrud.com\/product\/color-anodized-structural-aluminum-extrusions-profile-for-window-frame-extruded-aluminium-alloys-6063\/"},"modified":"2025-06-24T06:11:36","modified_gmt":"2025-06-24T06:11:36","slug":"profiles-daluminium-anodises-en-couleur-pour-cadre-de-fenetre-alliages-daluminium-extrude-6063","status":"publish","type":"product","link":"https:\/\/sinoextrud.com\/fr\/product\/color-anodized-structural-aluminum-extrusions-profile-for-window-frame-extruded-aluminium-alloys-6063\/","title":{"rendered":"Profil\u00e9s d'aluminium anodis\u00e9s en couleur pour cadre de fen\u00eatre alliage d'aluminium extrud\u00e9 6063"},"content":{"rendered":"<h2>D\u00e9tails des produits<\/h2>\n<table class=\"custom-table\">\n<tr>\n<td class=\"label\">Article :<\/td>\n<td> Profil\u00e9s d'aluminium anodis\u00e9s en couleur pour cadre de fen\u00eatre alliage d'aluminium extrud\u00e9 6063<\/td>\n<\/tr>\n<tr>\n<td class=\"label\">Type :<\/td>\n<td> extrusions d'aluminium structurel<\/td>\n<\/tr>\n<tr>\n<td class=\"label\">Grade :<\/td>\n<td> S\u00e9rie 6000<\/td>\n<\/tr>\n<tr>\n<td class=\"label\">les extrusions de fen\u00eatres :<\/td>\n<td> S\u00e9rie 80<\/td>\n<\/tr>\n<tr>\n<td class=\"label\">Finition de la surface :<\/td>\n<td> Couleur Anodis\u00e9 argent\u00e9<\/td>\n<\/tr>\n<tr>\n<td class=\"label\">Certification :<\/td>\n<td> CE, ISO<\/td>\n<\/tr>\n<tr>\n<td class=\"label\">Marque d\u00e9pos\u00e9e :<\/td>\n<td> Sinoextrud<\/td>\n<\/tr>\n<tr>\n<td class=\"label\">Sp\u00e9cification :<\/td>\n<td> OEM<\/td>\n<\/tr>\n<tr>\n<td class=\"label\">Code HS :<\/td>\n<td> 7606125900<\/td>\n<\/tr>\n<tr>\n<td class=\"label\">Forme :<\/td>\n<td> Sinoextrud s\u00e9rie 80<\/td>\n<\/tr>\n<tr>\n<td class=\"label\">Temp\u00e9rer :<\/td>\n<td> T3-T8<\/td>\n<\/tr>\n<tr>\n<td class=\"label\">Alliage :<\/td>\n<td> Alliage<\/td>\n<\/tr>\n<tr>\n<td class=\"label\">Ingr\u00e9dient d'alliage :<\/td>\n<td> aluminium et alliages d'aluminium 6063<\/td>\n<\/tr>\n<tr>\n<td class=\"label\">Origine :<\/td>\n<td> Chine<\/td>\n<\/tr>\n<\/table>\n<h2>Notre base de production<\/h2>\n<h3>Panorama de l'usine<\/h3>\n<p><img decoding=\"async\" src=\"\/wp-content\/uploads\/factory-01.webp\"\/><\/p>\n<h3>Atelier de fabrication de barres d'aluminium<\/h3>\n<p><img decoding=\"async\" src=\"\/wp-content\/uploads\/factory-02.webp\"\/><\/p>\n<p><img decoding=\"async\" src=\"\/wp-content\/uploads\/factory-03.webp\"\/><\/p>\n<h3>Entrep\u00f4t de stockage des moules<\/h3>\n<p><img decoding=\"async\" src=\"\/wp-content\/uploads\/factory-04.webp\"\/><\/p>\n<h3>43 lignes d'extrusion d'aluminium (500 \u00e0 5500 tonnes)<\/h3>\n<p><img decoding=\"async\" src=\"\/wp-content\/uploads\/factory-05.webp\"\/><\/p>\n<p><img decoding=\"async\" src=\"\/wp-content\/uploads\/factory-06.webp\"\/><\/p>\n<p><img decoding=\"async\" src=\"\/wp-content\/uploads\/factory-07.webp\"\/><\/p>\n<h3>Atelier de peinture en poudre<\/h3>\n<p><img decoding=\"async\" src=\"\/wp-content\/uploads\/factory-09.webp\"\/><\/p>\n<h3>Atelier d'anodisation<\/h3>\n<p><img decoding=\"async\" src=\"\/wp-content\/uploads\/factory-10.webp\"\/><\/p>\n<h3>Atelier sur le traitement en profondeur<\/h3>\n<p><img decoding=\"async\" src=\"\/wp-content\/uploads\/factory-11.webp\"\/><\/p>\n<h3>Atelier d'usinage de pr\u00e9cision CNC<\/h3>\n<p><img decoding=\"async\" src=\"\/wp-content\/uploads\/factory-11.5.webp\"\/><\/p>\n<h3>Entrep\u00f4t de produits finis et d'exportation<\/h3>\n<p><img decoding=\"async\" src=\"\/wp-content\/uploads\/factory-12.webp\"\/><\/p>\n<p><img decoding=\"async\" src=\"\/wp-content\/uploads\/factory-13.webp\"\/><\/p>\n<p><img decoding=\"async\" src=\"\/wp-content\/uploads\/factory-14.webp\"\/><\/p>\n<h2>FAQ<\/h2>\n<p><p><b>1) Qu'est-ce qu'une extrusion d'aluminium structurel anodis\u00e9 en couleur pour les cadres de fen\u00eatres ? <\/b><\/p>\n<p> Il s'agit de profil\u00e9s en aluminium fabriqu\u00e9s \u00e0 partir d'alliages 6063, anodis\u00e9s en diff\u00e9rentes couleurs pour am\u00e9liorer la durabilit\u00e9 et l'attrait visuel dans les applications de cadres de fen\u00eatres.<br \/>\n<\/p><br \/>\n<br \/>\n<p><b>2. Pourquoi utiliser des alliages d'aluminium extrud\u00e9 6063 pour les cadres de fen\u00eatres ? <\/b><\/p>\n<p> L'alliage 6063 offre une excellente r\u00e9sistance \u00e0 la corrosion, une excellente qualit\u00e9 de finition de surface et une grande solidit\u00e9, ce qui le rend id\u00e9al pour l'extrusion de cadres de fen\u00eatres de pr\u00e9cision.<br \/>\n<\/p><br \/>\n<br \/>\n<p><b>3. quels sont les avantages de l'anodisation couleur des profil\u00e9s en aluminium ? <\/b><\/p>\n<p> L'anodisation color\u00e9e am\u00e9liore la duret\u00e9 de la surface, prot\u00e8ge contre la corrosion et fournit une finition d\u00e9corative pour une utilisation architecturale.<br \/>\n<\/p><br \/>\n<br \/>\n<p><b>4. ces profil\u00e9s en aluminium conviennent-ils pour les cadres de fen\u00eatres ext\u00e9rieures ? <\/b><\/p>\n<p> Oui, les profil\u00e9s anodis\u00e9s en couleur sont r\u00e9sistants aux UV et aux intemp\u00e9ries, ce qui les rend id\u00e9aux pour les installations de cadres de fen\u00eatres \u00e0 l'ext\u00e9rieur.<br \/>\n<\/p><br \/>\n<br \/>\n<p><b>5) Puis-je commander des couleurs personnalis\u00e9es pour les profil\u00e9s de fen\u00eatres en aluminium anodis\u00e9 ? <\/b><\/p>\n<p> Des couleurs anodis\u00e9es personnalis\u00e9es sont disponibles pour s'adapter \u00e0 l'esth\u00e9tique des b\u00e2timents et aux styles architecturaux.<br \/>\n<\/p><br \/>\n<br \/>\n<p><b>6. l'anodisation est-elle respectueuse de l'environnement ? <\/b><\/p>\n<p> Oui, l'anodisation est un proc\u00e9d\u00e9 propre et s\u00fbr qui produit une surface durable, non toxique et recyclable sans \u00e9missions nocives.<br \/>\n<\/p><br \/>\n<br \/>\n<p><b>7) Quelle est la dur\u00e9e de vie des profil\u00e9s de fen\u00eatre en aluminium anodis\u00e9 en couleur ? <\/b><\/p>\n<p> Avec une installation correcte, les profil\u00e9s en aluminium anodis\u00e9 peuvent durer des d\u00e9cennies sans se d\u00e9colorer, s'\u00e9cailler ou se corroder.<br \/>\n<\/p><br \/>\n<br \/>\n<p><b>8) Quelles sont les options de finition disponibles en plus de l'anodisation couleur ? <\/b><\/p>\n<p> Les autres finitions comprennent le rev\u00eatement par poudre, le polissage m\u00e9canique et le brossage, ce qui permet de personnaliser davantage le design et la fonction.<br \/>\n<\/p><br \/><\/p>","protected":false},"featured_media":6758,"template":"","categories":[67],"class_list":["post-6759","product","type-product","status-publish","has-post-thumbnail","hentry","category-architectural-aluminium-profile"],"meta_box":{"hilight_text_group":{"product_hilight_text":"<li>Made from premium 6063 extruded aluminum alloys for optimal strength and formability<\/li>\r\r\n<li>Color anodized finish enhances corrosion resistance and aesthetic appeal<\/li>\r\r\n<li>Designed specifically for window frame structures in architectural applications<\/li>\r\r\n<li>Durable and weather-resistant, suitable for long-term outdoor use<\/li>\r\r\n<li>Custom colors and profiles available to match various design requirements<\/li>","product_chanpin_blog":"<ul>\r\r\n<li><a href=\"https:\/\/sinoextrud.com\/t-slot-v-slot-differences\/\" target=\"_blank\">t slot vs v slot<\/a><\/li>\r\r\n<li><a href=\"https:\/\/sinoextrud.com\/what-is-4040-aluminium-extrud\/\" target=\"_blank\">4040 aluminium extrusion<\/a><\/li>\r\r\n<li><a href=\"https:\/\/sinoextrud.com\/what-is-4040-aluminium-extrud\/\" target=\"_blank\">aluminum extrusions for industrial racks<\/a><\/li>\r\r\n<li><a href=\"https:\/\/sinoextrud.com\/powder-coating-aluminium-process\/\" target=\"_blank\">powder coating aluminium<\/a><\/li>\r\r\n<li><a href=\"https:\/\/sinoextrud.com\/what-is-an-aluminium-strip-ceiling\/\" target=\"_blank\">aluminium strip ceiling<\/a><\/li>\r\r\n<li><a href=\"https:\/\/sinoextrud.com\/what-is-a-heat-sink\/\" target=\"_blank\">what is a heat sink<\/a><\/li>\r\r\n<\/ul>","product_chanpin_chanpin":"<li><a href=\"https:\/\/sinoextrud.com\/product\/powder-coating-aluminium-profiles-for-industrial\/\" target=\"_blank\">Powder Coating Aluminium Profiles For Industrial<\/a><\/li>\r\n<li><a href=\"https:\/\/sinoextrud.com\/product\/c-beam-v-slot-aluminium-profile\/\" target=\"_blank\">C Beam V Slot Aluminium Profile<\/a><\/li>\r\n<li><a href=\"https:\/\/sinoextrud.com\/product\/construction-aluminum-profile\/\" target=\"_blank\">Construction Aluminum Profile<\/a><\/li>\r\n<li><a href=\"https:\/\/sinoextrud.com\/product\/architectural-aluminum-profile\/\" target=\"_blank\">Architectural Aluminum Profile<\/a><\/li>\r\n<li><a href=\"https:\/\/sinoextrud.com\/product\/color-anodized-structural-aluminum-extrusions-profile-for-window-frame-extruded-aluminium-alloys-6063\/\" target=\"_blank\">Color Anodized structural aluminum extrusions Profile for Window Frame extruded aluminium alloys 6063<\/a><\/li>\r\n<li><a href=\"https:\/\/sinoextrud.com\/product\/building-material-aluminium-extrusion-profiles\/\" target=\"_blank\">Building Material Aluminium Extrusion Profiles<\/a><\/li>\r\n<li><a href=\"https:\/\/sinoextrud.com\/product\/expanded-metal-aluminium-profiles-partition-frame-for-bathroom-doors-busch-polish-light-top-a-grade\/\" target=\"_blank\">expanded metal aluminium profiles partition frame for bathroom doors busch polish light top a grade<\/a><\/li>\r\n<li><a href=\"https:\/\/sinoextrud.com\/product\/extude-aluminum-t-slot-and-v-slot-profile\/\" target=\"_blank\">Extude-Aluminum T Slot And V Slot Profile<\/a><\/li>\r\n<li><a href=\"https:\/\/sinoextrud.com\/product\/aluminium-square-tube-extrusion-profile-with-6063-t5-alloy-anodized-extruded-aluminium-profile\/\" target=\"_blank\">Aluminium Square Tube Extrusion Profile With 6063 T5 Alloy  Anodized Extruded Aluminium Profile<\/a><\/li>\r\n<li><a href=\"https:\/\/sinoextrud.com\/product\/aluminium-handrail-profiles\/\" target=\"_blank\">Aluminium Handrail Profiles<\/a><\/li>\r\n<li><a href=\"https:\/\/sinoextrud.com\/product\/aluminium-v-slot-extrusion\/\" target=\"_blank\">Aluminium V Slot Extrusion<\/a><\/li>"},"feature_list":[]},"_links":{"self":[{"href":"https:\/\/sinoextrud.com\/fr\/wp-json\/wp\/v2\/product\/6759","targetHints":{"allow":["GET"]}}],"collection":[{"href":"https:\/\/sinoextrud.com\/fr\/wp-json\/wp\/v2\/product"}],"about":[{"href":"https:\/\/sinoextrud.com\/fr\/wp-json\/wp\/v2\/types\/product"}],"wp:featuredmedia":[{"embeddable":true,"href":"https:\/\/sinoextrud.com\/fr\/wp-json\/wp\/v2\/media\/6758"}],"wp:attachment":[{"href":"https:\/\/sinoextrud.com\/fr\/wp-json\/wp\/v2\/media?parent=6759"}],"wp:term":[{"taxonomy":"category","embeddable":true,"href":"https:\/\/sinoextrud.com\/fr\/wp-json\/wp\/v2\/categories?post=6759"}],"curies":[{"name":"wp","href":"https:\/\/api.w.org\/{rel}","templated":true}]}}