{"id":6757,"date":"2025-06-01T14:48:38","date_gmt":"2025-06-01T14:48:38","guid":{"rendered":"https:\/\/sinoextrud.com\/product\/architectural-aluminum-profile\/"},"modified":"2025-06-24T06:11:36","modified_gmt":"2025-06-24T06:11:36","slug":"profile-daluminium-architectural-2","status":"publish","type":"product","link":"https:\/\/sinoextrud.com\/fr\/product\/architectural-aluminum-profile\/","title":{"rendered":"Profil\u00e9 d'aluminium architectural"},"content":{"rendered":"<h2>D\u00e9tails des produits<\/h2>\n<table class=\"custom-table\">\n<tr>\n<td class=\"label\">Nom du produit<\/td>\n<td>Profil\u00e9 d'aluminium architectural<\/td>\n<\/tr>\n<tr>\n<td class=\"label\">Mat\u00e9riau<\/td>\n<td>Alliage d'aluminium 6063-T5<\/td>\n<\/tr>\n<tr>\n<td class=\"label\">Largeur<\/td>\n<td>10-300mm<\/td>\n<\/tr>\n<tr>\n<td class=\"label\">\u00c9chantillon de couleur<\/td>\n<td>Gratuit<\/td>\n<\/tr>\n<tr>\n<td class=\"label\">Type d'entreprise<\/td>\n<td>Vente directe d'usine<\/td>\n<\/tr>\n<tr>\n<td class=\"label\">Garantie<\/td>\n<td>5 ans<\/td>\n<\/tr>\n<tr>\n<td class=\"label\">Longueur standard :<\/td>\n<td>3m<\/td>\n<\/tr>\n<tr>\n<td class=\"label\">Temp\u00e9rer :<\/td>\n<td>T3-T8<\/td>\n<\/tr>\n<tr>\n<td class=\"label\">Type :<\/td>\n<td>Profil\u00e9s en aluminium pour portes et fen\u00eatres, profil\u00e9s pour rideaux, profil\u00e9s pour mains courantes, etc.<\/td>\n<\/tr>\n<tr>\n<td class=\"label\">Service sp\u00e9cial :<\/td>\n<td>Conception personnalis\u00e9e offerte<\/td>\n<\/tr>\n<tr>\n<td class=\"label\">Marque d\u00e9pos\u00e9e :<\/td>\n<td>Sinoextrud<\/td>\n<\/tr>\n<tr>\n<td class=\"label\">OEM :<\/td>\n<td>Propos\u00e9.<\/td>\n<\/tr>\n<\/table>\n<h2>Notre base de production<\/h2>\n<h3>Panorama de l'usine<\/h3>\n<p><img decoding=\"async\" src=\"\/wp-content\/uploads\/factory-01.webp\"\/><\/p>\n<h3>Atelier de fabrication de barres d'aluminium<\/h3>\n<p><img decoding=\"async\" src=\"\/wp-content\/uploads\/factory-02.webp\"\/><\/p>\n<p><img decoding=\"async\" src=\"\/wp-content\/uploads\/factory-03.webp\"\/><\/p>\n<h3>Entrep\u00f4t de stockage des moules<\/h3>\n<p><img decoding=\"async\" src=\"\/wp-content\/uploads\/factory-04.webp\"\/><\/p>\n<h3>43 lignes d'extrusion d'aluminium (500 \u00e0 5500 tonnes)<\/h3>\n<p><img decoding=\"async\" src=\"\/wp-content\/uploads\/factory-05.webp\"\/><\/p>\n<p><img decoding=\"async\" src=\"\/wp-content\/uploads\/factory-06.webp\"\/><\/p>\n<p><img decoding=\"async\" src=\"\/wp-content\/uploads\/factory-07.webp\"\/><\/p>\n<h3>Atelier de peinture en poudre<\/h3>\n<p><img decoding=\"async\" src=\"\/wp-content\/uploads\/factory-09.webp\"\/><\/p>\n<h3>Atelier d'anodisation<\/h3>\n<p><img decoding=\"async\" src=\"\/wp-content\/uploads\/factory-10.webp\"\/><\/p>\n<h3>Atelier sur le traitement en profondeur<\/h3>\n<p><img decoding=\"async\" src=\"\/wp-content\/uploads\/factory-11.webp\"\/><\/p>\n<h3>Atelier d'usinage de pr\u00e9cision CNC<\/h3>\n<p><img decoding=\"async\" src=\"\/wp-content\/uploads\/factory-11.5.webp\"\/><\/p>\n<h3>Entrep\u00f4t de produits finis et d'exportation<\/h3>\n<p><img decoding=\"async\" src=\"\/wp-content\/uploads\/factory-12.webp\"\/><\/p>\n<p><img decoding=\"async\" src=\"\/wp-content\/uploads\/factory-13.webp\"\/><\/p>\n<p><img decoding=\"async\" src=\"\/wp-content\/uploads\/factory-14.webp\"\/><\/p>\n<h2>FAQ<\/h2>\n<p><p><b>1) Qu'est-ce qu'un profil\u00e9 d'aluminium architectural ? <\/b><\/p>\n<p> Un profil\u00e9 d'aluminium architectural est une extrusion d'aluminium sp\u00e9cialement con\u00e7ue pour les \u00e9l\u00e9ments de conception des b\u00e2timents tels que les fa\u00e7ades, les fen\u00eatres et les structures d\u00e9coratives.<br \/>\n<\/p><br \/>\n<br \/>\n<p><b>2. pourquoi choisir des profil\u00e9s en aluminium pour les projets architecturaux ? <\/b><\/p>\n<p> Les profil\u00e9s en aluminium offrent une polyvalence esth\u00e9tique, une solidit\u00e9 structurelle, une r\u00e9sistance \u00e0 la corrosion et une durabilit\u00e9, ce qui les rend id\u00e9aux pour l'architecture moderne.<br \/>\n<\/p><br \/>\n<br \/>\n<p><b>3. les profil\u00e9s architecturaux en aluminium peuvent-ils \u00eatre personnalis\u00e9s en termes de couleur et de forme ? <\/b><\/p>\n<p> Oui, ils sont disponibles dans une large gamme de formes, de couleurs et de traitements de surface pour r\u00e9pondre \u00e0 des besoins sp\u00e9cifiques en mati\u00e8re de conception architecturale.<br \/>\n<\/p><br \/>\n<br \/>\n<p><b>4. les profil\u00e9s architecturaux en aluminium conviennent-ils pour une utilisation en ext\u00e9rieur ? <\/b><\/p>\n<p> Absolument, ils sont r\u00e9sistants \u00e0 la corrosion et durables, ce qui les rend parfaits pour les applications ext\u00e9rieures telles que les murs-rideaux et les bardages.<br \/>\n<\/p><br \/>\n<br \/>\n<p><b>5. Quelles sont les finitions disponibles pour les profil\u00e9s architecturaux en aluminium ? <\/b><\/p>\n<p> Les finitions les plus courantes sont l'anodisation, le rev\u00eatement par poudre et le rev\u00eatement PVDF, chacune offrant des propri\u00e9t\u00e9s esth\u00e9tiques et protectrices diff\u00e9rentes.<br \/>\n<\/p><br \/>\n<br \/>\n<p><b>6. Comment les profil\u00e9s en aluminium soutiennent-ils l'architecture durable ? <\/b><\/p>\n<p> L'aluminium est enti\u00e8rement recyclable et a une faible empreinte environnementale, ce qui est conforme aux normes de construction \u00e9cologique et aux objectifs de construction durable.<br \/>\n<\/p><br \/>\n<br \/>\n<p><b>7. Quelles sont les applications typiques des profil\u00e9s architecturaux en aluminium ? <\/b><\/p>\n<p> Ces profil\u00e9s sont utilis\u00e9s pour les cadres de fen\u00eatres et de portes, les murs-rideaux, les brise-soleil, les garde-corps et les fa\u00e7ades d\u00e9coratives dans les b\u00e2timents commerciaux et r\u00e9sidentiels.<br \/>\n<\/p><br \/>\n<br \/>\n<p><b>8. les profil\u00e9s architecturaux en aluminium sont-ils faciles \u00e0 installer ? <\/b><\/p>\n<p> En effet, leur l\u00e9g\u00e8ret\u00e9 et leur conception modulaire simplifient l'installation et r\u00e9duisent les co\u00fbts de main-d'\u0153uvre dans la construction architecturale.<br \/>\n<\/p><br \/><\/p>","protected":false},"featured_media":6756,"template":"","categories":[67],"class_list":["post-6757","product","type-product","status-publish","has-post-thumbnail","hentry","category-architectural-aluminium-profile"],"meta_box":{"hilight_text_group":{"product_hilight_text":"<li>Precision-engineered aluminum profiles tailored for architectural applications<\/li>\r\r\n<li>Offers excellent strength-to-weight ratio for modern structural designs<\/li>\r\r\n<li>Customizable in shapes, finishes, and colors to match architectural aesthetics<\/li>\r\r\n<li>Corrosion-resistant and maintenance-free for long-term outdoor use<\/li>\r\r\n<li>Supports sustainable architecture through recyclable material use<\/li>","product_chanpin_blog":"<ul>\r\r\n<li><a href=\"https:\/\/sinoextrud.com\/t-slot-v-slot-differences\/\" target=\"_blank\">t slot vs v slot<\/a><\/li>\r\r\n<li><a href=\"https:\/\/sinoextrud.com\/what-is-4040-aluminium-extrud\/\" target=\"_blank\">4040 aluminium extrusion<\/a><\/li>\r\r\n<li><a href=\"https:\/\/sinoextrud.com\/what-is-4040-aluminium-extrud\/\" target=\"_blank\">aluminum extrusions for industrial racks<\/a><\/li>\r\r\n<li><a href=\"https:\/\/sinoextrud.com\/powder-coating-aluminium-process\/\" target=\"_blank\">powder coating aluminium<\/a><\/li>\r\r\n<li><a href=\"https:\/\/sinoextrud.com\/what-is-an-aluminium-strip-ceiling\/\" target=\"_blank\">aluminium strip ceiling<\/a><\/li>\r\r\n<li><a href=\"https:\/\/sinoextrud.com\/what-is-a-heat-sink\/\" target=\"_blank\">what is a heat sink<\/a><\/li>\r\r\n<\/ul>","product_chanpin_chanpin":"<li><a href=\"https:\/\/sinoextrud.com\/product\/aluminium-supplier-china-offer-aluminium-u-channel-extrusion-shapes-profile-for-show-enclosure-cabin\/\" target=\"_blank\">Aluminium Supplier China Offer Aluminium U Channel Extrusion Shapes Profile For Show Enclosure Cabin<\/a><\/li>\r\n<li><a href=\"https:\/\/sinoextrud.com\/product\/powder-coating-aluminium-profiles-for-industrial\/\" target=\"_blank\">Powder Coating Aluminium Profiles For Industrial<\/a><\/li>\r\n<li><a href=\"https:\/\/sinoextrud.com\/product\/c-beam-v-slot-aluminium-profile\/\" target=\"_blank\">C Beam V Slot Aluminium Profile<\/a><\/li>\r\n<li><a href=\"https:\/\/sinoextrud.com\/product\/construction-aluminum-profile\/\" target=\"_blank\">Construction Aluminum Profile<\/a><\/li>\r\n<li><a href=\"https:\/\/sinoextrud.com\/product\/architectural-aluminum-profile\/\" target=\"_blank\">Architectural Aluminum Profile<\/a><\/li>\r\n<li><a href=\"https:\/\/sinoextrud.com\/product\/color-anodized-structural-aluminum-extrusions-profile-for-window-frame-extruded-aluminium-alloys-6063\/\" target=\"_blank\">Color Anodized structural aluminum extrusions Profile for Window Frame extruded aluminium alloys 6063<\/a><\/li>\r\n<li><a href=\"https:\/\/sinoextrud.com\/product\/building-material-aluminium-extrusion-profiles\/\" target=\"_blank\">Building Material Aluminium Extrusion Profiles<\/a><\/li>\r\n<li><a href=\"https:\/\/sinoextrud.com\/product\/expanded-metal-aluminium-profiles-partition-frame-for-bathroom-doors-busch-polish-light-top-a-grade\/\" target=\"_blank\">expanded metal aluminium profiles partition frame for bathroom doors busch polish light top a grade<\/a><\/li>\r\n<li><a href=\"https:\/\/sinoextrud.com\/product\/extude-aluminum-t-slot-and-v-slot-profile\/\" target=\"_blank\">Extude-Aluminum T Slot And V Slot Profile<\/a><\/li>\r\n<li><a href=\"https:\/\/sinoextrud.com\/product\/aluminium-lightbox-extrusion\/\" target=\"_blank\">Aluminium Lightbox Extrusion<\/a><\/li>\r\n<li><a href=\"https:\/\/sinoextrud.com\/product\/aluminum-extrusion-cable-clamp-profile-cnc-custom-cable-cleat-aluminum-profile\/\" target=\"_blank\">Aluminum Extrusion Cable Clamp Profile CNC Custom Cable Cleat Aluminum Profile<\/a><\/li>"},"feature_list":[]},"_links":{"self":[{"href":"https:\/\/sinoextrud.com\/fr\/wp-json\/wp\/v2\/product\/6757","targetHints":{"allow":["GET"]}}],"collection":[{"href":"https:\/\/sinoextrud.com\/fr\/wp-json\/wp\/v2\/product"}],"about":[{"href":"https:\/\/sinoextrud.com\/fr\/wp-json\/wp\/v2\/types\/product"}],"wp:featuredmedia":[{"embeddable":true,"href":"https:\/\/sinoextrud.com\/fr\/wp-json\/wp\/v2\/media\/6756"}],"wp:attachment":[{"href":"https:\/\/sinoextrud.com\/fr\/wp-json\/wp\/v2\/media?parent=6757"}],"wp:term":[{"taxonomy":"category","embeddable":true,"href":"https:\/\/sinoextrud.com\/fr\/wp-json\/wp\/v2\/categories?post=6757"}],"curies":[{"name":"wp","href":"https:\/\/api.w.org\/{rel}","templated":true}]}}