{"id":6753,"date":"2025-06-01T14:42:28","date_gmt":"2025-06-01T14:42:28","guid":{"rendered":"https:\/\/sinoextrud.com\/product\/c-beam-v-slot-aluminium-profile\/"},"modified":"2025-06-24T06:11:36","modified_gmt":"2025-06-24T06:11:36","slug":"c-beam-v-slot-aluminium-profile","status":"publish","type":"product","link":"https:\/\/sinoextrud.com\/fr\/product\/c-beam-v-slot-aluminium-profile\/","title":{"rendered":"Profil\u00e9 d'aluminium \u00e0 rainure en C et en V"},"content":{"rendered":"<h2>D\u00e9tails des produits<\/h2>\n<table class=\"custom-table\">\n<tr>\n<td class=\"label\">Nom de l'article :<\/td>\n<td>Profil\u00e9 d'aluminium \u00e0 rainure en C et en V<\/td>\n<\/tr>\n<tr>\n<td class=\"label\">Mat\u00e9riau :<\/td>\n<td>6063-T5 (alliage de la s\u00e9rie 6000)<\/td>\n<\/tr>\n<tr>\n<td class=\"label\">Temp\u00e9rer :<\/td>\n<td>T5-T6<\/td>\n<\/tr>\n<tr>\n<td class=\"label\">Technologie :<\/td>\n<td>Extrusion d'aluminium<\/td>\n<\/tr>\n<tr>\n<td class=\"label\">Traitement de surface :<\/td>\n<td>Finition en usine, anodisation, rev\u00eatement en poudre, sablage, \u00e9lectrophor\u00e8se, etc.<\/td>\n<\/tr>\n<tr>\n<td class=\"label\">Taille :<\/td>\n<td>2020\/2040\/2060\/2080\/4040\/4080 (Optional)<\/td>\n<\/tr>\n<tr>\n<td class=\"label\">Longueur :<\/td>\n<td>100mm-3000mm ou selon la demande<\/td>\n<\/tr>\n<tr>\n<td class=\"label\">Traitement en profondeur :<\/td>\n<td>coupe, per\u00e7age, poin\u00e7onnage, pliage, etc.<\/td>\n<\/tr>\n<tr>\n<td class=\"label\">Contr\u00f4le de la qualit\u00e9 :<\/td>\n<td>1) Approuv\u00e9 par l'ISO.<br \/>2. inspection sur place.<br \/>3. inspection avant exp\u00e9dition.<br \/>4. machine d'essai.<\/td>\n<\/tr>\n<tr>\n<td class=\"label\">D\u00e9tails de l'emballage :<\/td>\n<td>1.EP Papier int\u00e9rieur pour chaque profil, s\u00e9par\u00e9 du papier de bricolage \u00e0 l'ext\u00e9rieur<br \/>2.EP Papier int\u00e9rieur pour chaque profil s\u00e9par\u00e9 puis papier carton puis palette<br \/>3. Film r\u00e9tractable<br \/>4.carton en bois<\/td>\n<\/tr>\n<tr>\n<td class=\"label\">Livraison :<\/td>\n<td>3-5 jours ouvrables pour les \u00e9chantillons ; 3-7 jours pour les petites commandes ; 7-15 jours pour les commandes en gros.<\/td>\n<\/tr>\n<tr>\n<td class=\"label\">Paiement :<\/td>\n<td>Paypal, Alipay, T\/T (transfert bancaire), Western Union.<\/td>\n<\/tr>\n<tr>\n<td class=\"label\">Chaud sur commande :<\/td>\n<td>Indiquez-nous la taille, la longueur, la couleur anodis\u00e9e et la quantit\u00e9 dont vous avez besoin.<\/td>\n<\/tr>\n<\/table>\n<h2>Notre base de production<\/h2>\n<h3>Panorama de l'usine<\/h3>\n<p><img decoding=\"async\" src=\"\/wp-content\/uploads\/factory-01.webp\"\/><\/p>\n<h3>Atelier de fabrication de barres d'aluminium<\/h3>\n<p><img decoding=\"async\" src=\"\/wp-content\/uploads\/factory-02.webp\"\/><\/p>\n<\/p>\n<p><img decoding=\"async\" src=\"\/wp-content\/uploads\/factory-03.webp\"\/><\/p>\n<h3>Entrep\u00f4t de stockage des moules<\/h3>\n<p><img decoding=\"async\" src=\"\/wp-content\/uploads\/factory-04.webp\"\/><\/p>\n<h3>43 lignes d'extrusion d'aluminium (500-5500 tonnes)<\/h3>\n<p><img decoding=\"async\" src=\"\/wp-content\/uploads\/factory-05.webp\"\/><\/p>\n<p><img decoding=\"async\" src=\"\/wp-content\/uploads\/factory-06.webp\"\/><\/p>\n<p><img decoding=\"async\" src=\"\/wp-content\/uploads\/factory-07.webp\"\/><\/p>\n<h3>Atelier de peinture en poudre<\/h3>\n<p><img decoding=\"async\" src=\"\/wp-content\/uploads\/factory-09.webp\"\/><\/p>\n<h3>Atelier d'anodisation<\/h3>\n<p><img decoding=\"async\" src=\"\/wp-content\/uploads\/factory-10.webp\"\/><\/p>\n<h3>Atelier sur le traitement en profondeur<\/h3>\n<p><img decoding=\"async\" src=\"\/wp-content\/uploads\/factory-11.webp\"\/><\/p>\n<h3>Atelier d'usinage de pr\u00e9cision CNC<\/h3>\n<p><img decoding=\"async\" src=\"\/wp-content\/uploads\/factory-11.5.webp\"\/><\/p>\n<h3>Entrep\u00f4t de produits finis et d'exportation<\/h3>\n<p><img decoding=\"async\" src=\"\/wp-content\/uploads\/factory-12.webp\"\/><\/p>\n<p><img decoding=\"async\" src=\"\/wp-content\/uploads\/factory-13.webp\"\/><\/p>\n<p><img decoding=\"async\" src=\"\/wp-content\/uploads\/factory-14.webp\"\/><\/p>\n<h2>FAQ<\/h2>\n<p><b>1) Qu'est-ce qu'un profil\u00e9 en aluminium \u00e0 rainure en C ou en V ? <\/b><\/p>\n<p> Un profil\u00e9 en aluminium \u00e0 rainure en V et \u00e0 poutre en C est une extrusion structurelle en aluminium avec un design en forme de C et une rainure en V int\u00e9gr\u00e9e pour les applications de mouvement lin\u00e9aire.\n<\/p>\n<p><\/p>\n<p><b>2) Pourquoi utiliser un profil\u00e9 en V pour la construction de machines ? <\/b><\/p>\n<p> Le profil C Beam V Slot offre une excellente r\u00e9sistance et une grande pr\u00e9cision d'alignement, ce qui le rend id\u00e9al pour les machines CNC, les imprimantes 3D et les syst\u00e8mes d'automatisation.\n<\/p>\n<p><\/p>\n<p><b>3. Quelle est la fonction de l'encoche V dans le profil ? <\/b><\/p>\n<p> La rainure en V permet un mouvement lin\u00e9aire fluide \u00e0 l'aide de roues ou de roulements compatibles, facilitant ainsi un mouvement m\u00e9canique pr\u00e9cis dans les machines.\n<\/p>\n<p><\/p>\n<p><b>4. quels sont les avantages de la structure en C ? <\/b><\/p>\n<p> La conception de la poutre en C am\u00e9liore la rigidit\u00e9 et la capacit\u00e9 de charge, fournissant un cadre solide pour les applications lourdes.\n<\/p>\n<p><\/p>\n<p><b>5. Le profil\u00e9 en aluminium C Beam V Slot est-il compatible avec le mat\u00e9riel standard ? <\/b><\/p>\n<p> Oui, il est compatible avec une vari\u00e9t\u00e9 de supports, de vis et de fixations con\u00e7us pour les syst\u00e8mes de rainures en V, ce qui permet une construction modulaire.\n<\/p>\n<p><\/p>\n<p><b>6. Puis-je couper et adapter le profil de la poutre en C et de la rainure en V \u00e0 mon projet ? <\/b><\/p>\n<p> Absolument, le profil\u00e9 en aluminium peut \u00eatre facilement coup\u00e9 et perc\u00e9, ce qui permet une personnalisation compl\u00e8te pour s'adapter \u00e0 des conceptions de machines sp\u00e9cifiques.\n<\/p>\n<p><\/p>\n<p><b>7. Quels sont les mat\u00e9riaux utilis\u00e9s dans les profil\u00e9s \u00e0 rainure C Beam V ? <\/b><\/p>\n<p> Ces profil\u00e9s sont g\u00e9n\u00e9ralement fabriqu\u00e9s en aluminium 6063-T5, offrant un \u00e9quilibre entre r\u00e9sistance, durabilit\u00e9 et l\u00e9g\u00e8ret\u00e9.\n<\/p>\n<p><\/p>\n<p><b>8. Ces profil\u00e9s conviennent-ils aux projets de bricolage et aux projets industriels ? <\/b><\/p>\n<p> Oui, les profil\u00e9s en aluminium C Beam V Slot sont largement utilis\u00e9s dans la construction de machines industrielles et de bricolage en raison de leur flexibilit\u00e9 et de leur robustesse.\n<\/p>\n<p><\/p>","protected":false},"featured_media":6752,"template":"","categories":[67],"class_list":["post-6753","product","type-product","status-publish","has-post-thumbnail","hentry","category-architectural-aluminium-profile"],"meta_box":{"hilight_text_group":{"product_hilight_text":"<li>V-slot design enables precise linear motion for CNC and 3D printer frames<\/li>\r\r\n<li>C-beam structure provides extra rigidity and load-bearing capacity<\/li>\r\r\n<li>Made from high-strength aluminum alloy for industrial-grade performance<\/li>\r\r\n<li>Compatible with a wide range of hardware and accessories<\/li>\r\r\n<li>Modular and customizable for versatile machine building projects<\/li>","product_chanpin_blog":"<ul>\r\r\n<li><a href=\"https:\/\/sinoextrud.com\/t-slot-v-slot-differences\/\" target=\"_blank\">t slot vs v slot<\/a><\/li>\r\r\n<li><a href=\"https:\/\/sinoextrud.com\/what-is-4040-aluminium-extrud\/\" target=\"_blank\">4040 aluminium extrusion<\/a><\/li>\r\r\n<li><a href=\"https:\/\/sinoextrud.com\/what-is-4040-aluminium-extrud\/\" target=\"_blank\">aluminum extrusions for industrial racks<\/a><\/li>\r\r\n<li><a href=\"https:\/\/sinoextrud.com\/powder-coating-aluminium-process\/\" target=\"_blank\">powder coating aluminium<\/a><\/li>\r\r\n<li><a href=\"https:\/\/sinoextrud.com\/what-is-an-aluminium-strip-ceiling\/\" target=\"_blank\">aluminium strip ceiling<\/a><\/li>\r\r\n<li><a href=\"https:\/\/sinoextrud.com\/what-is-a-heat-sink\/\" target=\"_blank\">what is a heat sink<\/a><\/li>\r\r\n<\/ul>","product_chanpin_chanpin":"<li><a href=\"https:\/\/sinoextrud.com\/product\/aluminium-handrail-tubing\/\" target=\"_blank\">Aluminium Handrail Tubing<\/a><\/li>\r\n<li><a href=\"https:\/\/sinoextrud.com\/product\/kitchen-cabinet-aluminum-profile\/\" target=\"_blank\">Kitchen Cabinet Aluminum Profile<\/a><\/li>\r\n<li><a href=\"https:\/\/sinoextrud.com\/product\/aluminium-supplier-china-offer-aluminium-u-channel-extrusion-shapes-profile-for-show-enclosure-cabin\/\" target=\"_blank\">Aluminium Supplier China Offer Aluminium U Channel Extrusion Shapes Profile For Show Enclosure Cabin<\/a><\/li>\r\n<li><a href=\"https:\/\/sinoextrud.com\/product\/powder-coating-aluminium-profiles-for-industrial\/\" target=\"_blank\">Powder Coating Aluminium Profiles For Industrial<\/a><\/li>\r\n<li><a href=\"https:\/\/sinoextrud.com\/product\/c-beam-v-slot-aluminium-profile\/\" target=\"_blank\">C Beam V Slot Aluminium Profile<\/a><\/li>\r\n<li><a href=\"https:\/\/sinoextrud.com\/product\/construction-aluminum-profile\/\" target=\"_blank\">Construction Aluminum Profile<\/a><\/li>\r\n<li><a href=\"https:\/\/sinoextrud.com\/product\/architectural-aluminum-profile\/\" target=\"_blank\">Architectural Aluminum Profile<\/a><\/li>\r\n<li><a href=\"https:\/\/sinoextrud.com\/product\/color-anodized-structural-aluminum-extrusions-profile-for-window-frame-extruded-aluminium-alloys-6063\/\" target=\"_blank\">Color Anodized structural aluminum extrusions Profile for Window Frame extruded aluminium alloys 6063<\/a><\/li>\r\n<li><a href=\"https:\/\/sinoextrud.com\/product\/building-material-aluminium-extrusion-profiles\/\" target=\"_blank\">Building Material Aluminium Extrusion Profiles<\/a><\/li>\r\n<li><a href=\"https:\/\/sinoextrud.com\/product\/u-channel-aluminium-extrusion\/\" target=\"_blank\">U Channel Aluminium Extrusion<\/a><\/li>\r\n<li><a href=\"https:\/\/sinoextrud.com\/product\/aluminum-extrusion-solar-panel-frame\/\" target=\"_blank\">Aluminum extrusion solar panel frame<\/a><\/li>"},"feature_list":[]},"_links":{"self":[{"href":"https:\/\/sinoextrud.com\/fr\/wp-json\/wp\/v2\/product\/6753","targetHints":{"allow":["GET"]}}],"collection":[{"href":"https:\/\/sinoextrud.com\/fr\/wp-json\/wp\/v2\/product"}],"about":[{"href":"https:\/\/sinoextrud.com\/fr\/wp-json\/wp\/v2\/types\/product"}],"wp:featuredmedia":[{"embeddable":true,"href":"https:\/\/sinoextrud.com\/fr\/wp-json\/wp\/v2\/media\/6752"}],"wp:attachment":[{"href":"https:\/\/sinoextrud.com\/fr\/wp-json\/wp\/v2\/media?parent=6753"}],"wp:term":[{"taxonomy":"category","embeddable":true,"href":"https:\/\/sinoextrud.com\/fr\/wp-json\/wp\/v2\/categories?post=6753"}],"curies":[{"name":"wp","href":"https:\/\/api.w.org\/{rel}","templated":true}]}}