{"id":6700,"date":"2025-05-30T09:59:05","date_gmt":"2025-05-30T09:59:05","guid":{"rendered":"https:\/\/sinoextrud.com\/product\/aluminium-handrail-tubing\/"},"modified":"2025-06-24T06:11:34","modified_gmt":"2025-06-24T06:11:34","slug":"tube-de-main-courante-en-aluminium","status":"publish","type":"product","link":"https:\/\/sinoextrud.com\/fr\/product\/aluminium-handrail-tubing\/","title":{"rendered":"Tubes pour mains courantes en aluminium"},"content":{"rendered":"<h2>D\u00e9tails des produits<\/h2>\n<table class=\"custom-table\">\n<tr>\n<td class=\"label\">Objet<\/td>\n<td>Aluminium Handrail Tubing\/Aluminium pipe\/pipes Aluminium Tube\/Tubes\/tubing<\/td>\n<\/tr>\n<tr>\n<td class=\"label\">Mat\u00e9riau<\/td>\n<td>Aluminium<\/td>\n<\/tr>\n<tr>\n<td class=\"label\">Grade<\/td>\n<td>S\u00e9rie 6000 : 6101,6003,6061,6063,6020,6201,6262,6082, etc<\/td>\n<\/tr>\n<tr>\n<td class=\"label\">normes<\/td>\n<td>GB\/T etc<\/td>\n<\/tr>\n<tr>\n<td class=\"label\">Taille<\/td>\n<td>Diam\u00e8tre ext\u00e9rieur : 3-250 mm<br \/>\u00c9paisseur de la paroi : 0,3-50 mm<br \/>Longueur : 10mm -6000mm<\/td>\n<\/tr>\n<tr>\n<td class=\"label\">Traitement de surface<\/td>\n<td>Finition en usine<br \/>Anodis\u00e9<br \/>Electrophor\u00e8se<br \/>Rev\u00eatement en poudre<br \/>Grain de bois<br \/>Jet de sable<\/td>\n<\/tr>\n<tr>\n<td class=\"label\">Couleurs de surface<\/td>\n<td>Nature, argent, bronze, champagne, noir, dor\u00e9, etc.<br \/>Selon les besoins du client<\/td>\n<\/tr>\n<tr>\n<td class=\"label\">Temp\u00e9rer<\/td>\n<td>T3-T8<\/td>\n<\/tr>\n<tr>\n<td class=\"label\">Moulage\/mod\u00e8le<\/td>\n<td>1. Utilisation de nos moules, sans frais<br \/>2. \u00c0 partir du dessin du client, ouverture du moule<\/td>\n<\/tr>\n<tr>\n<td class=\"label\">Application<\/td>\n<td>1. Eclairage, plaque r\u00e9flectrice solaire.<br \/>2. aspect architectural, d\u00e9coration int\u00e9rieure : plafond, m\u00e9tope,<br \/>meubles, armoires, etc.<br \/>3. ascenseur, plaque signal\u00e9tique, sacs.<br \/>4. d\u00e9coration int\u00e9rieure et ext\u00e9rieure des v\u00e9hicules.<br \/>5. D\u00e9coration int\u00e9rieure : cadre photo, par exemple.<br \/>6.Appareils \u00e9lectrom\u00e9nagers, r\u00e9frig\u00e9rateur, four \u00e0 micro-ondes,<br \/>\u00e9quipement audio.<br \/>7. Aspects a\u00e9rospatiaux et militaires.<br \/>8, traitement des pi\u00e8ces de machines, fabrication de moules .<br \/>9. rev\u00eatement de pipelines pour produits chimiques\/isolation.<\/td>\n<\/tr>\n<\/table>\n<h2>Notre base de production<\/h2>\n<h3>Panorama de l'usine<\/h3>\n<p><img decoding=\"async\" src=\"\/wp-content\/uploads\/factory-01.webp\"\/><\/p>\n<h3>Atelier de fabrication de barres d'aluminium<\/h3>\n<p><img decoding=\"async\" src=\"\/wp-content\/uploads\/factory-02.webp\"\/><\/p>\n<p><img decoding=\"async\" src=\"\/wp-content\/uploads\/factory-03.webp\"\/><\/p>\n<h3>Entrep\u00f4t de stockage des moules<\/h3>\n<p><img decoding=\"async\" src=\"\/wp-content\/uploads\/factory-04.webp\"\/><\/p>\n<h3>43 lignes d'extrusion d'aluminium (500-5500 tonnes)<\/h3>\n<p><img decoding=\"async\" src=\"\/wp-content\/uploads\/factory-05.webp\"\/><\/p>\n<p><img decoding=\"async\" src=\"\/wp-content\/uploads\/factory-06.webp\"\/><\/p>\n<p><img decoding=\"async\" src=\"\/wp-content\/uploads\/factory-07.webp\"\/><\/p>\n<h3>Atelier de peinture en poudre<\/h3>\n<p><img decoding=\"async\" src=\"\/wp-content\/uploads\/factory-09.webp\"\/><\/p>\n<h3>Atelier d'anodisation<\/h3>\n<p><img decoding=\"async\" src=\"\/wp-content\/uploads\/factory-10.webp\"\/><\/p>\n<h3>Atelier sur le traitement en profondeur<\/h3>\n<p><img decoding=\"async\" src=\"\/wp-content\/uploads\/factory-11.webp\"\/><\/p>\n<h3>Atelier d'usinage de pr\u00e9cision CNC<\/h3>\n<p><img decoding=\"async\" src=\"\/wp-content\/uploads\/factory-11.5.webp\"\/><\/p>\n<h3>Entrep\u00f4t de produits finis et d'exportation<\/h3>\n<p><img decoding=\"async\" src=\"\/wp-content\/uploads\/factory-12.webp\"\/><\/p>\n<p><img decoding=\"async\" src=\"\/wp-content\/uploads\/factory-13.webp\"\/><\/p>\n<p><img decoding=\"async\" src=\"\/wp-content\/uploads\/factory-14.webp\"\/><\/p>\n<h2>FAQ<\/h2>\n<p><p><b>1) Qu'est-ce qu'un tube de main courante en aluminium ? <\/b><\/p>\n<p>Il s'agit d'un tube en aluminium extrud\u00e9 con\u00e7u sp\u00e9cifiquement pour \u00eatre utilis\u00e9 dans les syst\u00e8mes de mains courantes, offrant un soutien structurel et une apparence \u00e9l\u00e9gante.<br \/>\n<\/p><br \/>\n<br \/>\n<p><b>2. O\u00f9 sont utilis\u00e9s les tubes pour mains courantes en aluminium ? <\/b><\/p>\n<p>Couramment utilis\u00e9 dans les escaliers, les balcons, les passerelles et les rampes dans les b\u00e2timents r\u00e9sidentiels et commerciaux.<br \/>\n<\/p><br \/>\n<br \/>\n<p><b>3. pourquoi choisir l'aluminium pour les mains courantes ? <\/b><\/p>\n<p>L'aluminium est l\u00e9ger, r\u00e9sistant \u00e0 la corrosion et facile \u00e0 installer, ce qui en fait un mat\u00e9riau id\u00e9al pour les syst\u00e8mes de mains courantes durables et rentables.<br \/>\n<\/p><br \/>\n<br \/>\n<p><b>4) Quelles sont les dimensions disponibles pour les tubes de main courante en aluminium ? <\/b><\/p>\n<p>Les dimensions standard comprennent diff\u00e9rents diam\u00e8tres et \u00e9paisseurs de paroi, et des dimensions personnalis\u00e9es sont disponibles sur demande.<br \/>\n<\/p><br \/>\n<br \/>\n<p><b>5. les tubes pour mains courantes peuvent-ils \u00eatre utilis\u00e9s \u00e0 l'ext\u00e9rieur ? <\/b><\/p>\n<p>Oui, avec des traitements de surface appropri\u00e9s tels que l'anodisation ou le rev\u00eatement en poudre, il fonctionne bien dans toutes les conditions m\u00e9t\u00e9orologiques.<br \/>\n<\/p><br \/>\n<br \/>\n<p><b>6. le tube est-il compatible avec les accessoires de la main courante ? <\/b><\/p>\n<p>Oui, il est compatible avec une grande vari\u00e9t\u00e9 de connecteurs, d'embouts et de supports de montage pour faciliter l'assemblage du syst\u00e8me.<br \/>\n<\/p><br \/>\n<br \/>\n<p><b>7. quelles sont les finitions de surface disponibles ? <\/b><\/p>\n<p>Les options comprennent des finitions bross\u00e9es, polies, anodis\u00e9es et rev\u00eatues de poudre dans de multiples couleurs pour r\u00e9pondre aux exigences du design.<br \/>\n<\/p><br \/>\n<br \/>\n<p><b>8. les tubes peuvent-ils \u00eatre coup\u00e9s et perc\u00e9s sur place ? <\/b><\/p>\n<p>Oui, les tubes en aluminium sont faciles \u00e0 usiner avec des outils standard, ce qui permet une installation et des ajustements flexibles.<br \/>\n<\/p><br \/>\n<br \/>\n<p><b>9. le tube est-il adapt\u00e9 aux syst\u00e8mes de mains courantes conformes aux normes ADA ? <\/b><\/p>\n<p>Oui, de nombreux profils de mains courantes en aluminium sont con\u00e7us pour r\u00e9pondre aux exigences de l'ADA et d'autres r\u00e9glementations internationales en mati\u00e8re de s\u00e9curit\u00e9.<br \/>\n<\/p><br \/>\n<br \/>\n<p><b>10. des formes et des longueurs personnalis\u00e9es sont-elles disponibles ? <\/b><\/p>\n<p>Oui, les fabricants proposent des services d'extrusion sur mesure pour r\u00e9pondre aux besoins sp\u00e9cifiques d'un projet en mati\u00e8re de forme et de taille des profil\u00e9s.<br \/>\n<\/p><br \/>\n<br \/>\n<p><b>11. les tubes des mains courantes en aluminium sont-ils recyclables ? <\/b><\/p>\n<p>Oui, l'aluminium est 100% recyclable, ce qui en fait un choix durable pour la construction moderne.<br \/>\n<\/p><br \/>\n<br \/>\n<p><b>12. Comment entretenir les mains courantes en aluminium ? <\/b><\/p>\n<p>Ils n\u00e9cessitent un entretien minimal - un nettoyage r\u00e9gulier avec un d\u00e9tergent doux et de l'eau suffit.<br \/>\n<\/p><br \/>\n<br \/>\n<p><b>13. Quel est le d\u00e9lai de livraison habituel pour les commandes en gros ? <\/b><\/p>\n<p>Les d\u00e9lais de livraison varient g\u00e9n\u00e9ralement de 2 \u00e0 5 semaines en fonction de la personnalisation et de la taille de la commande.<br \/>\n<\/p><br \/>\n<br \/>\n<p><b>14. les fournisseurs proposent-ils des kits ou des guides d'installation ? <\/b><\/p>\n<p>Oui, la plupart des fournisseurs proposent des kits d'installation complets ou des manuels pour permettre une installation efficace et correcte des mains courantes.<br \/>\n<\/p><br \/>\n<br \/>\n<p><b>15. les mains courantes en aluminium sont-elles s\u00fbres et durables pour un usage public ? <\/b><\/p>\n<p>Oui, ils sont solides, stables et r\u00e9sistants \u00e0 l'usure, ce qui les rend id\u00e9aux pour les lieux publics tr\u00e8s fr\u00e9quent\u00e9s tels que les \u00e9coles, les centres commerciaux et les h\u00f4pitaux.<br \/>\n<\/p><br \/><\/p>","protected":false},"featured_media":6699,"template":"","categories":[67],"class_list":["post-6700","product","type-product","status-publish","has-post-thumbnail","hentry","category-architectural-aluminium-profile"],"meta_box":{"hilight_text_group":{"product_hilight_text":"<li>Durable and lightweight aluminum construction ensures easy installation and long service life<\/li>\r\r\n<li>Corrosion-resistant surface ideal for indoor and outdoor handrail applications<\/li>\r\r\n<li>Available in round, square, and custom profiles to match different architectural designs<\/li>\r\r\n<li>Compatible with a wide range of fittings and connectors for modular handrail systems<\/li>\r\r\n<li>Low maintenance and easy to clean, suitable for high-traffic commercial environments<\/li>","product_chanpin_blog":"<ul>\r\r\n<li><a href=\"https:\/\/sinoextrud.com\/t-slot-v-slot-differences\/\" target=\"_blank\">t slot vs v slot<\/a><\/li>\r\r\n<li><a href=\"https:\/\/sinoextrud.com\/what-is-4040-aluminium-extrud\/\" target=\"_blank\">4040 aluminium extrusion<\/a><\/li>\r\r\n<li><a href=\"https:\/\/sinoextrud.com\/what-is-4040-aluminium-extrud\/\" target=\"_blank\">aluminum extrusions for industrial racks<\/a><\/li>\r\r\n<li><a href=\"https:\/\/sinoextrud.com\/powder-coating-aluminium-process\/\" target=\"_blank\">powder coating aluminium<\/a><\/li>\r\r\n<li><a href=\"https:\/\/sinoextrud.com\/what-is-an-aluminium-strip-ceiling\/\" target=\"_blank\">aluminium strip ceiling<\/a><\/li>\r\r\n<li><a href=\"https:\/\/sinoextrud.com\/what-is-a-heat-sink\/\" target=\"_blank\">what is a heat sink<\/a><\/li>\r\r\n<\/ul>","product_chanpin_chanpin":"<li><a href=\"https:\/\/sinoextrud.com\/product\/6063-t5-extruded-aluminium-profile-with-polish-surface\/\" target=\"_blank\">6063 T5 Extruded Aluminium Profile with Polish Surface<\/a><\/li>\r\n<li><a href=\"https:\/\/sinoextrud.com\/product\/6463-brightness-polished-shower-room-u-channel-aluminum-profile\/\" target=\"_blank\">6463 Brightness Polished Shower Room U Channel Aluminum Profile<\/a><\/li>\r\n<li><a href=\"https:\/\/sinoextrud.com\/product\/500-degree-brightness-polished-aluminum-profile\/\" target=\"_blank\">500 Degree Brightness Polished Aluminum Profile<\/a><\/li>\r\n<li><a href=\"https:\/\/sinoextrud.com\/product\/aluminium-profile\/\" target=\"_blank\">Aluminium profile<\/a><\/li>\r\n<li><a href=\"https:\/\/sinoextrud.com\/product\/aluminium-handrail-tubing\/\" target=\"_blank\">Aluminium Handrail Tubing<\/a><\/li>\r\n<li><a href=\"https:\/\/sinoextrud.com\/product\/kitchen-cabinet-aluminum-profile\/\" target=\"_blank\">Kitchen Cabinet Aluminum Profile<\/a><\/li>\r\n<li><a href=\"https:\/\/sinoextrud.com\/product\/aluminium-supplier-china-offer-aluminium-u-channel-extrusion-shapes-profile-for-show-enclosure-cabin\/\" target=\"_blank\">Aluminium Supplier China Offer Aluminium U Channel Extrusion Shapes Profile For Show Enclosure Cabin<\/a><\/li>\r\n<li><a href=\"https:\/\/sinoextrud.com\/product\/powder-coating-aluminium-profiles-for-industrial\/\" target=\"_blank\">Powder Coating Aluminium Profiles For Industrial<\/a><\/li>\r\n<li><a href=\"https:\/\/sinoextrud.com\/product\/c-beam-v-slot-aluminium-profile\/\" target=\"_blank\">C Beam V Slot Aluminium Profile<\/a><\/li>\r\n<li><a href=\"https:\/\/sinoextrud.com\/product\/aluminum-window-blinds-profiles\/\" target=\"_blank\">Aluminum Window Blinds Profiles<\/a><\/li>\r\n<li><a href=\"https:\/\/sinoextrud.com\/product\/extruded-aluminum-electronic-enclosures\/\" target=\"_blank\">Extruded Aluminum Electronic Enclosures<\/a><\/li>"},"feature_list":[]},"_links":{"self":[{"href":"https:\/\/sinoextrud.com\/fr\/wp-json\/wp\/v2\/product\/6700","targetHints":{"allow":["GET"]}}],"collection":[{"href":"https:\/\/sinoextrud.com\/fr\/wp-json\/wp\/v2\/product"}],"about":[{"href":"https:\/\/sinoextrud.com\/fr\/wp-json\/wp\/v2\/types\/product"}],"wp:featuredmedia":[{"embeddable":true,"href":"https:\/\/sinoextrud.com\/fr\/wp-json\/wp\/v2\/media\/6699"}],"wp:attachment":[{"href":"https:\/\/sinoextrud.com\/fr\/wp-json\/wp\/v2\/media?parent=6700"}],"wp:term":[{"taxonomy":"category","embeddable":true,"href":"https:\/\/sinoextrud.com\/fr\/wp-json\/wp\/v2\/categories?post=6700"}],"curies":[{"name":"wp","href":"https:\/\/api.w.org\/{rel}","templated":true}]}}