{"id":6688,"date":"2025-05-30T09:42:40","date_gmt":"2025-05-30T09:42:40","guid":{"rendered":"https:\/\/sinoextrud.com\/product\/mirror-like-polished-aluminium-extrusion-profiles\/"},"modified":"2025-06-24T06:11:32","modified_gmt":"2025-06-24T06:11:32","slug":"profiles-dextrusion-en-aluminium-polis-comme-un-miroir","status":"publish","type":"product","link":"https:\/\/sinoextrud.com\/fr\/product\/mirror-like-polished-aluminium-extrusion-profiles\/","title":{"rendered":"Profil\u00e9s d'extrusion en aluminium poli comme un miroir"},"content":{"rendered":"<h2>D\u00e9tails des produits<\/h2>\n<table class=\"custom-table\">\n<tr>\n<td class=\"label\">Article :<\/td>\n<td>Profil\u00e9s d'extrusion en aluminium poli comme un miroir<\/td>\n<\/tr>\n<tr>\n<td class=\"label\">Temp\u00e9rer :<\/td>\n<td>T5<\/td>\n<\/tr>\n<tr>\n<td class=\"label\">Forme :<\/td>\n<td>personnalis\u00e9<\/td>\n<\/tr>\n<tr>\n<td class=\"label\">Tol\u00e9rance :<\/td>\n<td>\u00b10,1%<\/td>\n<\/tr>\n<tr>\n<td class=\"label\">Standard :<\/td>\n<td>Haute qualit\u00e9<\/td>\n<\/tr>\n<tr>\n<td class=\"label\">D\u00e9lai de livraison :<\/td>\n<td>25-30 jours<\/td>\n<\/tr>\n<tr>\n<td class=\"label\">D\u00e9lai de paiement :<\/td>\n<td>T\/T(30% Deposit), L\/C<\/td>\n<\/tr>\n<tr>\n<td class=\"label\">Port :<\/td>\n<td>FOB Guangzhou, Shenzhen<\/td>\n<\/tr>\n<tr>\n<td class=\"label\">Service apr\u00e8s-vente :<\/td>\n<td>tout probl\u00e8me de surface sera pris en charge<\/td>\n<\/tr>\n<tr>\n<td class=\"label\">Grade :<\/td>\n<td>S\u00e9rie 6000 6063<\/td>\n<\/tr>\n<tr>\n<td class=\"label\">Lieu d'origine :<\/td>\n<td>Foshan, Guangdong<\/td>\n<\/tr>\n<tr>\n<td class=\"label\">Alliage ou non :<\/td>\n<td>Est un alliage<\/td>\n<\/tr>\n<tr>\n<td class=\"label\">Marque :<\/td>\n<td>Sinoextrud, Sinoextrud<\/td>\n<\/tr>\n<tr>\n<td class=\"label\">Traitement de surface :<\/td>\n<td>rev\u00eatement en poudre, \u00e9lectrophor\u00e8se, grain de bois, anodis\u00e9, bross\u00e9, polissage<\/td>\n<\/tr>\n<tr>\n<td class=\"label\">MOQ :<\/td>\n<td>200KG<\/td>\n<\/tr>\n<tr>\n<td class=\"label\">Service de traitement :<\/td>\n<td>Fraisage, cintrage, d\u00e9coilage, soudage, poin\u00e7onnage, d\u00e9coupage<\/td>\n<\/tr>\n<tr>\n<td class=\"label\">Longueur :<\/td>\n<td>1-9m ou sur mesure<\/td>\n<\/tr>\n<\/table>\n<h2>Notre base de production<\/h2>\n<h3>Panorama de l'usine<\/h3>\n<p><img decoding=\"async\" src=\"\/wp-content\/uploads\/factory-01.webp\"\/><\/p>\n<h3>Atelier de fabrication de barres d'aluminium<\/h3>\n<p><img decoding=\"async\" src=\"\/wp-content\/uploads\/factory-02.webp\"\/><\/p>\n<p><img decoding=\"async\" src=\"\/wp-content\/uploads\/factory-03.webp\"\/><\/p>\n<h3>Entrep\u00f4t de stockage des moules<\/h3>\n<p><img decoding=\"async\" src=\"\/wp-content\/uploads\/factory-04.webp\"\/><\/p>\n<h3>43 lignes d'extrusion d'aluminium (500-5500 tonnes)<\/h3>\n<p><img decoding=\"async\" src=\"\/wp-content\/uploads\/factory-05.webp\"\/><\/p>\n<p><img decoding=\"async\" src=\"\/wp-content\/uploads\/factory-06.webp\"\/><\/p>\n<p><img decoding=\"async\" src=\"\/wp-content\/uploads\/factory-07.webp\"\/><\/p>\n<h3>Atelier de peinture en poudre<\/h3>\n<p><img decoding=\"async\" src=\"\/wp-content\/uploads\/factory-09.webp\"\/><\/p>\n<h3>Atelier d'anodisation<\/h3>\n<p><img decoding=\"async\" src=\"\/wp-content\/uploads\/factory-10.webp\"\/><\/p>\n<h3>Atelier sur le traitement en profondeur<\/h3>\n<p><img decoding=\"async\" src=\"\/wp-content\/uploads\/factory-11.webp\"\/><\/p>\n<h3>Atelier d'usinage de pr\u00e9cision CNC<\/h3>\n<p><img decoding=\"async\" src=\"\/wp-content\/uploads\/factory-11.5.webp\"\/><\/p>\n<h3>Entrep\u00f4t de produits finis et d'exportation<\/h3>\n<p><img decoding=\"async\" src=\"\/wp-content\/uploads\/factory-12.webp\"\/><\/p>\n<p><img decoding=\"async\" src=\"\/wp-content\/uploads\/factory-13.webp\"\/><\/p>\n<p><img decoding=\"async\" src=\"\/wp-content\/uploads\/factory-14.webp\"\/><\/p>\n<h2>FAQ<\/h2>\n<p><p><b>1) Qu'est-ce qu'un profil\u00e9 d'extrusion en aluminium poli comme un miroir ? <\/b><\/p>\n<p>Il s'agit de profil\u00e9s en aluminium dont la surface est tr\u00e8s r\u00e9fl\u00e9chissante et de qualit\u00e9 miroir, obtenue par un polissage et un lustrage de pr\u00e9cision.<br \/>\n<\/p><br \/>\n<br \/>\n<p><b>2. quelles sont les principales applications des profil\u00e9s en aluminium poli miroir ? <\/b><\/p>\n<p>Ils sont largement utilis\u00e9s dans les int\u00e9rieurs de luxe, les enseignes, les pr\u00e9sentoirs, les luminaires et les \u00e9l\u00e9ments architecturaux d\u00e9coratifs.<br \/>\n<\/p><br \/>\n<br \/>\n<p><b>3. comment obtient-on la finition miroir ? <\/b><\/p>\n<p>La finition est obtenue par polissage m\u00e9canique, suivi d'un polissage et parfois d'un traitement chimique pour une r\u00e9flectivit\u00e9 maximale.<br \/>\n<\/p><br \/>\n<br \/>\n<p><b>4. les profil\u00e9s en aluminium miroir sont-ils r\u00e9sistants aux intemp\u00e9ries ? <\/b><\/p>\n<p>Oui, lorsqu'ils sont correctement scell\u00e9s ou anodis\u00e9s, ils offrent une excellente r\u00e9sistance \u00e0 l'humidit\u00e9 et \u00e0 l'oxydation.<br \/>\n<\/p><br \/>\n<br \/>\n<p><b>5. puis-je demander des tailles et des dessins personnalis\u00e9s ? <\/b><\/p>\n<p>Oui, les fabricants proposent des extrusions personnalis\u00e9es de diff\u00e9rentes formes, tailles et sp\u00e9cifications pour des applications sur mesure.<br \/>\n<\/p><br \/>\n<br \/>\n<p><b>6. les finitions en miroir se ternissent-elles avec le temps ? <\/b><\/p>\n<p>Avec un entretien appropri\u00e9 et des rev\u00eatements protecteurs, la finition r\u00e9fl\u00e9chissante reste durable et r\u00e9siste au ternissement.<br \/>\n<\/p><br \/>\n<br \/>\n<p><b>7) L'aluminium avec une finition miroir est-il facile \u00e0 entretenir ? <\/b><\/p>\n<p>Oui, il suffit de le nettoyer l\u00e9g\u00e8rement avec un chiffon doux et un nettoyant non abrasif pour qu'il conserve son \u00e9clat.<br \/>\n<\/p><br \/>\n<br \/>\n<p><b>8. ces profils peuvent-ils \u00eatre utilis\u00e9s \u00e0 l'ext\u00e9rieur ? <\/b><\/p>\n<p>Oui, mais il est recommand\u00e9 d'anodiser ou de sceller la surface pour une meilleure durabilit\u00e9 dans les environnements ext\u00e9rieurs.<br \/>\n<\/p><br \/>\n<br \/>\n<p><b>9. les profil\u00e9s en aluminium polis miroir sont-ils recyclables ? <\/b><\/p>\n<p>Oui, l'aluminium est 100% recyclable, ce qui fait de ces profil\u00e9s un choix de mat\u00e9riau durable.<br \/>\n<\/p><br \/>\n<br \/>\n<p><b>10. Quelles sont les industries qui utilisent les extrusions d'aluminium \u00e0 finition miroir ? <\/b><\/p>\n<p>Ils sont utilis\u00e9s dans les secteurs de l'automobile, de l'\u00e9lectronique grand public, de l'architecture, de la vente au d\u00e9tail et des installations artistiques.<br \/>\n<\/p><br \/>\n<br \/>\n<p><b>11. sont-ils adapt\u00e9s \u00e0 une utilisation structurelle ? <\/b><\/p>\n<p>Bien qu'ils soient principalement d\u00e9coratifs, certains profil\u00e9s \u00e0 finition miroir peuvent fournir un l\u00e9ger soutien structurel en fonction de l'alliage et de la conception.<br \/>\n<\/p><br \/>\n<br \/>\n<p><b>12. Les fournisseurs proposent-ils une anodisation couleur sur les profil\u00e9s polis miroir ? <\/b><\/p>\n<p>Oui, certains fabricants proposent une anodisation color\u00e9e pour combiner l'attrait esth\u00e9tique et les avantages en mati\u00e8re de protection.<br \/>\n<\/p><br \/>\n<br \/>\n<p><b>13. les profil\u00e9s \u00e0 finition miroir peuvent-ils \u00eatre combin\u00e9s avec un \u00e9clairage LED ? <\/b><\/p>\n<p>Oui, ils sont souvent utilis\u00e9s avec les bandes LED et les syst\u00e8mes d'\u00e9clairage pour am\u00e9liorer la luminosit\u00e9 et la r\u00e9flectivit\u00e9.<br \/>\n<\/p><br \/>\n<br \/>\n<p><b>14. Quel est le d\u00e9lai de production standard ? <\/b><\/p>\n<p>Le d\u00e9lai d'ex\u00e9cution varie g\u00e9n\u00e9ralement de 2 \u00e0 5 semaines en fonction de la personnalisation et du volume de la commande.<br \/>\n<\/p><br \/>\n<br \/>\n<p><b>15. ces profil\u00e9s peuvent-ils \u00eatre utilis\u00e9s \u00e0 l'int\u00e9rieur ? <\/b><\/p>\n<p>Oui, elles sont non toxiques, visuellement frappantes et id\u00e9ales pour les \u00e9l\u00e9ments d\u00e9coratifs d'int\u00e9rieur.<br \/>\n<\/p><br \/><\/p>","protected":false},"featured_media":6687,"template":"","categories":[66],"class_list":["post-6688","product","type-product","status-publish","has-post-thumbnail","hentry","category-brushed-aluminum-profile"],"meta_box":{"hilight_text_group":{"product_hilight_text":"<li>Ultra-smooth, mirror-like finish enhances high-end product aesthetics<\/li>\r\r\n<li>Made from high-grade aluminum for strength and corrosion resistance<\/li>\r\r\n<li>Ideal for decorative, architectural, and display applications<\/li>\r\r\n<li>Custom shapes and dimensions available for specific B2B needs<\/li>\r\r\n<li>Low maintenance and easy to clean, preserving reflective quality<\/li>","product_chanpin_blog":"<ul>\r\r\n<li><a href=\"https:\/\/sinoextrud.com\/t-slot-v-slot-differences\/\" target=\"_blank\">t slot vs v slot<\/a><\/li>\r\r\n<li><a href=\"https:\/\/sinoextrud.com\/what-is-4040-aluminium-extrud\/\" target=\"_blank\">4040 aluminium extrusion<\/a><\/li>\r\r\n<li><a href=\"https:\/\/sinoextrud.com\/what-is-4040-aluminium-extrud\/\" target=\"_blank\">aluminum extrusions for industrial racks<\/a><\/li>\r\r\n<li><a href=\"https:\/\/sinoextrud.com\/powder-coating-aluminium-process\/\" target=\"_blank\">powder coating aluminium<\/a><\/li>\r\r\n<li><a href=\"https:\/\/sinoextrud.com\/what-is-an-aluminium-strip-ceiling\/\" target=\"_blank\">aluminium strip ceiling<\/a><\/li>\r\r\n<li><a href=\"https:\/\/sinoextrud.com\/what-is-a-heat-sink\/\" target=\"_blank\">what is a heat sink<\/a><\/li>\r\r\n<\/ul>","product_chanpin_chanpin":"<li><a href=\"https:\/\/sinoextrud.com\/product\/aluminum-photo-frame-profile\/\" target=\"_blank\">Aluminum Photo Frame Profile<\/a><\/li>\r\n<li><a href=\"https:\/\/sinoextrud.com\/product\/f-channel-aluminum-extrusion\/\" target=\"_blank\">F Channel Aluminum Extrusion<\/a><\/li>\r\n<li><a href=\"https:\/\/sinoextrud.com\/product\/aluminum-glazing-extrusions\/\" target=\"_blank\">Aluminum Glazing Extrusions<\/a><\/li>\r\n<li><a href=\"https:\/\/sinoextrud.com\/product\/polished-aluminum-u-channel\/\" target=\"_blank\">Polished Aluminum U Channel<\/a><\/li>\r\n<li><a href=\"https:\/\/sinoextrud.com\/product\/mirror-like-polished-aluminium-extrusion-profiles\/\" target=\"_blank\">Mirror like Polished aluminium extrusion profiles<\/a><\/li>\r\n<li><a href=\"https:\/\/sinoextrud.com\/product\/polished-aluminium-profiles\/\" target=\"_blank\">Polished Aluminium Profiles<\/a><\/li>\r\n<li><a href=\"https:\/\/sinoextrud.com\/product\/6063-t5-extruded-aluminium-profile-with-polish-surface\/\" target=\"_blank\">6063 T5 Extruded Aluminium Profile with Polish Surface<\/a><\/li>\r\n<li><a href=\"https:\/\/sinoextrud.com\/product\/6463-brightness-polished-shower-room-u-channel-aluminum-profile\/\" target=\"_blank\">6463 Brightness Polished Shower Room U Channel Aluminum Profile<\/a><\/li>\r\n<li><a href=\"https:\/\/sinoextrud.com\/product\/500-degree-brightness-polished-aluminum-profile\/\" target=\"_blank\">500 Degree Brightness Polished Aluminum Profile<\/a><\/li>\r\n<li><a href=\"https:\/\/sinoextrud.com\/product\/extrusion-of-aluminium-alloys-celing-aluminum-tube-wood-grain\/\" target=\"_blank\">Extrusion Of Aluminium Alloys Celing Aluminum Tube Wood Grain<\/a><\/li>\r\n<li><a href=\"https:\/\/sinoextrud.com\/product\/aluminium-louver-extrusions\/\" target=\"_blank\">Aluminium Louver Extrusions<\/a><\/li>"},"feature_list":[]},"_links":{"self":[{"href":"https:\/\/sinoextrud.com\/fr\/wp-json\/wp\/v2\/product\/6688","targetHints":{"allow":["GET"]}}],"collection":[{"href":"https:\/\/sinoextrud.com\/fr\/wp-json\/wp\/v2\/product"}],"about":[{"href":"https:\/\/sinoextrud.com\/fr\/wp-json\/wp\/v2\/types\/product"}],"wp:featuredmedia":[{"embeddable":true,"href":"https:\/\/sinoextrud.com\/fr\/wp-json\/wp\/v2\/media\/6687"}],"wp:attachment":[{"href":"https:\/\/sinoextrud.com\/fr\/wp-json\/wp\/v2\/media?parent=6688"}],"wp:term":[{"taxonomy":"category","embeddable":true,"href":"https:\/\/sinoextrud.com\/fr\/wp-json\/wp\/v2\/categories?post=6688"}],"curies":[{"name":"wp","href":"https:\/\/api.w.org\/{rel}","templated":true}]}}