{"id":6671,"date":"2025-05-30T08:05:39","date_gmt":"2025-05-30T08:05:39","guid":{"rendered":"https:\/\/sinoextrud.com\/product\/aluminum-extrusion-baseboard-aluminum-skirting-profile\/"},"modified":"2025-06-24T06:11:28","modified_gmt":"2025-06-24T06:11:28","slug":"extrusion-daluminium-plinthe-profile-de-plinthe-en-aluminium","status":"publish","type":"product","link":"https:\/\/sinoextrud.com\/fr\/product\/aluminum-extrusion-baseboard-aluminum-skirting-profile\/","title":{"rendered":"Extrusion d'aluminium Plinthe Profil\u00e9 de plinthe en aluminium"},"content":{"rendered":"<h2>D\u00e9tails des produits<\/h2>\n<table class=\"custom-table\">\n<tr>\n<td class=\"label\">Nom du produit<\/td>\n<td>Extrusion d'aluminium Plinthe Profil\u00e9 de plinthe en aluminium<\/td>\n<\/tr>\n<tr>\n<td class=\"label\">Marque<\/td>\n<td>Sinoextrud<\/td>\n<\/tr>\n<tr>\n<td class=\"label\">Grade<\/td>\n<td>Alliage d'aluminium 5052, 6061, 6063<\/td>\n<\/tr>\n<tr>\n<td class=\"label\">Application<\/td>\n<td>immeubles de bureaux, magasins de d\u00e9tail et maisons d'habitation, projet de construction<\/td>\n<\/tr>\n<tr>\n<td class=\"label\">Taille<\/td>\n<td>carr\u00e9e, ronde, plate, angulaire ou personnalis\u00e9e<\/td>\n<\/tr>\n<tr>\n<td class=\"label\">Traitement de surface<\/td>\n<td>anodis\u00e9, grain de bois, rev\u00eatement m\u00e9canique, sablage, \u00e9lectrophor\u00e8se, brossage, polissage, etc.<\/td>\n<\/tr>\n<tr>\n<td class=\"label\">Traitement en profondeur CNC<\/td>\n<td>Pliage, d\u00e9roulage, soudage, poin\u00e7onnage, d\u00e9coupage, etc.<\/td>\n<\/tr>\n<tr>\n<td class=\"label\">Num\u00e9ro de mod\u00e8le<\/td>\n<td>Plinthe \u00e0 embo\u00eetement en aluminium<\/td>\n<\/tr>\n<tr>\n<td class=\"label\">Standard<\/td>\n<td>Haute qualit\u00e9 moyenne<\/td>\n<\/tr>\n<tr>\n<td class=\"label\">Garantie<\/td>\n<td>Certificat BV , SONCAPE , ISO:9001<\/td>\n<\/tr>\n<tr>\n<td class=\"label\">\u00c9chantillons<\/td>\n<td>\u00e9chantillon gratuit. Livraison en 1-3 jours.<\/td>\n<\/tr>\n<tr>\n<td class=\"label\">MOQ<\/td>\n<td>200KG pour chaque profil<\/td>\n<\/tr>\n<tr>\n<td class=\"label\">D\u00e9lai de livraison<\/td>\n<td>15-20 jours.<\/td>\n<\/tr>\n<tr>\n<td class=\"label\">Conditions de paiement<\/td>\n<td>par T\/T ou L\/C.<br \/>, Foshan<\/td>\n<\/tr>\n<\/table>\n<h2>Notre base de production<\/h2>\n<h3>Panorama de l'usine<\/h3>\n<p><img decoding=\"async\" src=\"\/wp-content\/uploads\/factory-01.webp\"\/><\/p>\n<h3>Atelier de fabrication de barres d'aluminium<\/h3>\n<p><img decoding=\"async\" src=\"\/wp-content\/uploads\/factory-02.webp\"\/><\/p>\n<p><img decoding=\"async\" src=\"\/wp-content\/uploads\/factory-03.webp\"\/><\/p>\n<h3>Entrep\u00f4t de stockage des moules<\/h3>\n<p><img decoding=\"async\" src=\"\/wp-content\/uploads\/factory-04.webp\"\/><\/p>\n<h3>43 lignes d'extrusion d'aluminium (500 \u00e0 5500 tonnes)<\/h3>\n<p><img decoding=\"async\" src=\"\/wp-content\/uploads\/factory-05.webp\"\/><\/p>\n<p><img decoding=\"async\" src=\"\/wp-content\/uploads\/factory-06.webp\"\/><\/p>\n<p><img decoding=\"async\" src=\"\/wp-content\/uploads\/factory-07.webp\"\/><\/p>\n<h3>Atelier de peinture en poudre<\/h3>\n<p><img decoding=\"async\" src=\"\/wp-content\/uploads\/factory-09.webp\"\/><\/p>\n<h3>Atelier d'anodisation<\/h3>\n<p><img decoding=\"async\" src=\"\/wp-content\/uploads\/factory-10.webp\"\/><\/p>\n<h3>Atelier sur le traitement en profondeur<\/h3>\n<p><img decoding=\"async\" src=\"\/wp-content\/uploads\/factory-11.webp\"\/><\/p>\n<h3>Atelier d'usinage de pr\u00e9cision CNC<\/h3>\n<p><img decoding=\"async\" src=\"\/wp-content\/uploads\/factory-11.5.webp\"\/><\/p>\n<h3>Entrep\u00f4t de produits finis et d'exportation<\/h3>\n<p><img decoding=\"async\" src=\"\/wp-content\/uploads\/factory-12.webp\"\/><\/p>\n<p><img decoding=\"async\" src=\"\/wp-content\/uploads\/factory-13.webp\"\/><\/p>\n<p><img decoding=\"async\" src=\"\/wp-content\/uploads\/factory-14.webp\"\/><\/p>\n<h2>FAQ<\/h2>\n<p><p><b>1) Qu'est-ce qu'un profil\u00e9 de plinthe en aluminium extrud\u00e9 ?<\/b><\/p>\n<p>Il s'agit d'un profil\u00e9 en aluminium utilis\u00e9 comme plinthe pour recouvrir le joint entre les murs et les sols, offrant une protection et une finition d\u00e9corative.<br \/>\n<\/p><br \/>\n<br \/>\n<p><b>2) Quels sont les principaux avantages des plinthes en aluminium extrud\u00e9 ?<\/b><\/p>\n<p>Ils offrent une excellente durabilit\u00e9, une r\u00e9sistance \u00e0 la corrosion, un poids l\u00e9ger, une installation facile et un aspect \u00e9l\u00e9gant et moderne.<br \/>\n<\/p><br \/>\n<br \/>\n<p><b>3. pourquoi choisir des plinthes en aluminium plut\u00f4t que des mat\u00e9riaux traditionnels ?<\/b><\/p>\n<p>Les profil\u00e9s en aluminium r\u00e9sistent \u00e0 l'humidit\u00e9, aux termites, au gauchissement et \u00e0 l'usure, ce qui les rend id\u00e9aux pour les environnements tr\u00e8s fr\u00e9quent\u00e9s et humides, avec des performances durables.<br \/>\n<\/p><br \/>\n<br \/>\n<p><b>4. les plinthes en aluminium extrud\u00e9 peuvent-elles \u00eatre personnalis\u00e9es ?<\/b><\/p>\n<p>Oui, ils peuvent \u00eatre personnalis\u00e9s en termes de longueur, de hauteur, d'\u00e9paisseur, de couleur et de finition pour s'adapter \u00e0 des styles d'am\u00e9nagement int\u00e9rieur et \u00e0 des exigences architecturales sp\u00e9cifiques.<br \/>\n<\/p><br \/>\n<br \/>\n<p><b>5. Comment l'aluminium am\u00e9liore-t-il la fonctionnalit\u00e9 des plinthes ?<\/b><\/p>\n<p>L'aluminium offre une protection solide contre les chocs et l'usure, tout en conservant une surface inoxydable et facile \u00e0 nettoyer.<br \/>\n<\/p><br \/>\n<br \/>\n<p><b>6. les plinthes en aluminium conviennent-elles aux applications r\u00e9sidentielles et commerciales ?<\/b><\/p>\n<p>En effet, leur durabilit\u00e9 et leur attrait esth\u00e9tique les rendent adapt\u00e9s aux habitations, aux bureaux, aux espaces commerciaux et aux b\u00e2timents industriels.<br \/>\n<\/p><br \/>\n<br \/>\n<p><b>7) Quelles sont les industries qui utilisent le plus souvent des plinthes en aluminium extrud\u00e9 ?<\/b><\/p>\n<p>Les secteurs de la construction, de l'am\u00e9nagement int\u00e9rieur, de l'h\u00f4tellerie et du commerce utilisent ces profil\u00e9s pour des finitions int\u00e9rieures fonctionnelles et d\u00e9coratives.<br \/>\n<\/p><br \/>\n<br \/>\n<p><b>8. Comment les plinthes en aluminium extrud\u00e9 soutiennent-elles les pratiques de construction durable ?<\/b><\/p>\n<p>L'aluminium est enti\u00e8rement recyclable, durable et r\u00e9duit la fr\u00e9quence d'entretien et de remplacement, ce qui favorise les solutions de construction \u00e9cologiques et rentables.<br \/>\n<\/p><br \/><\/p>","protected":false},"featured_media":6670,"template":"","categories":[64],"class_list":["post-6671","product","type-product","status-publish","has-post-thumbnail","hentry","category-new-trend-aluminium-products"],"meta_box":{"hilight_text_group":{"product_hilight_text":"<li>Durable aluminum baseboard with corrosion-resistant properties<\/li>\r\r\n<li>Lightweight design simplifies installation and reduces labor costs<\/li>\r\r\n<li>Precision extrusion ensures consistent dimensions and smooth finish<\/li>\r\r\n<li>Available in various sizes and finishes to match interior designs<\/li>\r\r\n<li>Supports bulk orders and custom profiles for diverse project requirements<\/li>","product_chanpin_blog":"<ul>\r\r\n<li><a href=\"https:\/\/sinoextrud.com\/t-slot-v-slot-differences\/\" target=\"_blank\">t slot vs v slot<\/a><\/li>\r\r\n<li><a href=\"https:\/\/sinoextrud.com\/what-is-4040-aluminium-extrud\/\" target=\"_blank\">4040 aluminium extrusion<\/a><\/li>\r\r\n<li><a href=\"https:\/\/sinoextrud.com\/what-is-4040-aluminium-extrud\/\" target=\"_blank\">aluminum extrusions for industrial racks<\/a><\/li>\r\r\n<li><a href=\"https:\/\/sinoextrud.com\/powder-coating-aluminium-process\/\" target=\"_blank\">powder coating aluminium<\/a><\/li>\r\r\n<li><a href=\"https:\/\/sinoextrud.com\/what-is-an-aluminium-strip-ceiling\/\" target=\"_blank\">aluminium strip ceiling<\/a><\/li>\r\r\n<li><a href=\"https:\/\/sinoextrud.com\/what-is-a-heat-sink\/\" target=\"_blank\">what is a heat sink<\/a><\/li>\r\r\n<\/ul>","product_chanpin_chanpin":"<li><a href=\"https:\/\/sinoextrud.com\/product\/custom-high-quality-6063-powder-coating-aluminum-pergola-profile\/\" target=\"_blank\">Custom High-quality 6063 Powder Coating Aluminum Pergola Profile<\/a><\/li>\r\n<li><a href=\"https:\/\/sinoextrud.com\/product\/china-high-quality-polishing-shower-enclosure-aluminum-extrusion-profile\/\" target=\"_blank\">China High-quality Polishing Shower Enclosure Aluminum Extrusion Profile<\/a><\/li>\r\n<li><a href=\"https:\/\/sinoextrud.com\/product\/aluminum-extrusion-6063-anodized-wardrobe-clothes-rod-aluminum-profile\/\" target=\"_blank\">Aluminum Extrusion 6063 Anodized Wardrobe Clothes Rod Aluminum Profile<\/a><\/li>\r\n<li><a href=\"https:\/\/sinoextrud.com\/product\/aluminum-extrusion-6063-anodized-clothes-drive-airer-aluminum-rack-profile\/\" target=\"_blank\">Aluminum Extrusion 6063 Anodized Clothes Drive Airer Aluminum Rack Profile<\/a><\/li>\r\n<li><a href=\"https:\/\/sinoextrud.com\/product\/aluminum-extrusion-baseboard-aluminum-skirting-profile\/\" target=\"_blank\">Aluminum Extrusion Baseboard Aluminum Skirting Profile<\/a><\/li>\r\n<li><a href=\"https:\/\/sinoextrud.com\/product\/aluminum-extrusion-aluminum-edge-trim-for-truck-body-cabins-profiles\/\" target=\"_blank\">Aluminum Extrusion Aluminum Edge Trim For Truck Body Cabins Profiles<\/a><\/li>\r\n<li><a href=\"https:\/\/sinoextrud.com\/product\/aluminum-extrusion-6063-powder-coating-aluminum-tile-roof-profile\/\" target=\"_blank\">Aluminum Extrusion 6063 Powder Coating Aluminum Tile Roof Profile<\/a><\/li>\r\n<li><a href=\"https:\/\/sinoextrud.com\/product\/brushed-aluminum-profiles\/\" target=\"_blank\">Brushed Aluminum Profiles<\/a><\/li>\r\n<li><a href=\"https:\/\/sinoextrud.com\/product\/aluminum-photo-frame-profile\/\" target=\"_blank\">Aluminum Photo Frame Profile<\/a><\/li>\r\n<li><a href=\"https:\/\/sinoextrud.com\/product\/aluminum-profile-solar-panel-wide-width\/\" target=\"_blank\">Aluminum Profile Solar Panel Wide Width<\/a><\/li>\r\n<li><a href=\"https:\/\/sinoextrud.com\/product\/telescopic-aluminium-square-tube\/\" target=\"_blank\">Telescopic Aluminium Square Tube<\/a><\/li>"},"feature_list":[]},"_links":{"self":[{"href":"https:\/\/sinoextrud.com\/fr\/wp-json\/wp\/v2\/product\/6671","targetHints":{"allow":["GET"]}}],"collection":[{"href":"https:\/\/sinoextrud.com\/fr\/wp-json\/wp\/v2\/product"}],"about":[{"href":"https:\/\/sinoextrud.com\/fr\/wp-json\/wp\/v2\/types\/product"}],"wp:featuredmedia":[{"embeddable":true,"href":"https:\/\/sinoextrud.com\/fr\/wp-json\/wp\/v2\/media\/6670"}],"wp:attachment":[{"href":"https:\/\/sinoextrud.com\/fr\/wp-json\/wp\/v2\/media?parent=6671"}],"wp:term":[{"taxonomy":"category","embeddable":true,"href":"https:\/\/sinoextrud.com\/fr\/wp-json\/wp\/v2\/categories?post=6671"}],"curies":[{"name":"wp","href":"https:\/\/api.w.org\/{rel}","templated":true}]}}