{"id":6666,"date":"2025-05-30T07:59:11","date_gmt":"2025-05-30T07:59:11","guid":{"rendered":"https:\/\/sinoextrud.com\/product\/aluminum-extrusion-6063-anodized-wardrobe-clothes-rod-aluminum-profile\/"},"modified":"2025-06-24T06:11:28","modified_gmt":"2025-06-24T06:11:28","slug":"extrusion-aluminium-6063-anodise-garde-robe-tringle-a-vetements-profile-aluminium","status":"publish","type":"product","link":"https:\/\/sinoextrud.com\/fr\/product\/aluminum-extrusion-6063-anodized-wardrobe-clothes-rod-aluminum-profile\/","title":{"rendered":"Extrusion d'aluminium 6063 Anodis\u00e9 Tige de penderie Profil\u00e9 d'aluminium"},"content":{"rendered":"<h2>D\u00e9tails des produits<\/h2>\n<table class=\"custom-table\">\n<tr>\n<td class=\"label\">Article du produit :<\/td>\n<td>Extrusion d'aluminium 6063 Anodis\u00e9 Tige de penderie Profil\u00e9 d'aluminium<\/td>\n<\/tr>\n<tr>\n<td class=\"label\">Mat\u00e9riau :<\/td>\n<td>6063 T5<\/td>\n<\/tr>\n<tr>\n<td class=\"label\">Forme :<\/td>\n<td>personnalis\u00e9<\/td>\n<\/tr>\n<tr>\n<td class=\"label\">Alliage ou non :<\/td>\n<td>Est un alliage<\/td>\n<\/tr>\n<tr>\n<td class=\"label\">Tol\u00e9rance :<\/td>\n<td>\u00b11%<\/td>\n<\/tr>\n<tr>\n<td class=\"label\">Traitement de surface :<\/td>\n<td>rev\u00eatement en poudre, anodis\u00e9 ou personnalis\u00e9<\/td>\n<\/tr>\n<tr>\n<td class=\"label\">D\u00e9lai de livraison :<\/td>\n<td>15-25 jours<\/td>\n<\/tr>\n<tr>\n<td class=\"label\">Service de traitement :<\/td>\n<td>Plier, scier, souder, poin\u00e7onner, couper, percer, assembler<\/td>\n<\/tr>\n<tr>\n<td class=\"label\">Lieu d'origine :<\/td>\n<td>Foshan, Guangdong<\/td>\n<\/tr>\n<tr>\n<td class=\"label\">Num\u00e9ro de mod\u00e8le :<\/td>\n<td>Tige de penderie en profil\u00e9 d'aluminium,Tringle de penderie en profil\u00e9 d'aluminium<\/td>\n<\/tr>\n<tr>\n<td class=\"label\">Longueur :<\/td>\n<td>Sur mesure<\/td>\n<\/tr>\n<tr>\n<td class=\"label\">Marque :<\/td>\n<td>Sinoextrud, Sinoextrud<\/td>\n<\/tr>\n<tr>\n<td class=\"label\">Temp\u00e9rer :<\/td>\n<td>T3-T8<\/td>\n<\/tr>\n<tr>\n<td class=\"label\">MOQ :<\/td>\n<td>200KG pour chaque article<\/td>\n<\/tr>\n<tr>\n<td class=\"label\">D\u00e9lai de paiement :<\/td>\n<td>L\/C T\/T(30% Deposit)<\/td>\n<\/tr>\n<tr>\n<td class=\"label\">Application :<\/td>\n<td>les environnements r\u00e9sidentiels et commerciaux ; les placards, les penderies, les cuisines et les buanderies<\/td>\n<\/tr>\n<\/table>\n<h2>Notre base de production<\/h2>\n<h3>Panorama de l'usine<\/h3>\n<p><img decoding=\"async\" src=\"\/wp-content\/uploads\/factory-01.webp\"\/><\/p>\n<h3>Atelier de fabrication de barres d'aluminium<\/h3>\n<p><img decoding=\"async\" src=\"\/wp-content\/uploads\/factory-02.webp\"\/><\/p>\n<p><img decoding=\"async\" src=\"\/wp-content\/uploads\/factory-03.webp\"\/><\/p>\n<h3>Entrep\u00f4t de stockage des moules<\/h3>\n<p><img decoding=\"async\" src=\"\/wp-content\/uploads\/factory-04.webp\"\/><\/p>\n<h3>43 lignes d'extrusion d'aluminium (500-5500 tonnes)<\/h3>\n<p><img decoding=\"async\" src=\"\/wp-content\/uploads\/factory-05.webp\"\/><\/p>\n<p><img decoding=\"async\" src=\"\/wp-content\/uploads\/factory-06.webp\"\/><\/p>\n<p><img decoding=\"async\" src=\"\/wp-content\/uploads\/factory-07.webp\"\/><\/p>\n<h3>Atelier de peinture en poudre<\/h3>\n<p><img decoding=\"async\" src=\"\/wp-content\/uploads\/factory-09.webp\"\/><\/p>\n<h3>Atelier d'anodisation<\/h3>\n<p><img decoding=\"async\" src=\"\/wp-content\/uploads\/factory-10.webp\"\/><\/p>\n<h3>Atelier sur le traitement en profondeur<\/h3>\n<p><img decoding=\"async\" src=\"\/wp-content\/uploads\/factory-11.webp\"\/><\/p>\n<h3>Atelier d'usinage de pr\u00e9cision CNC<\/h3>\n<p><img decoding=\"async\" src=\"\/wp-content\/uploads\/factory-11.5.webp\"\/><\/p>\n<h3>Entrep\u00f4t de produits finis et d'exportation<\/h3>\n<p><img decoding=\"async\" src=\"\/wp-content\/uploads\/factory-12.webp\"\/><\/p>\n<p><img decoding=\"async\" src=\"\/wp-content\/uploads\/factory-13.webp\"\/><\/p>\n<p><img decoding=\"async\" src=\"\/wp-content\/uploads\/factory-14.webp\"\/><\/p>\n<h2>FAQ<\/h2>\n<p><p><b>1) Qu'est-ce qu'un profil\u00e9 en aluminium extrud\u00e9 6063 anodis\u00e9 ?<\/b><\/p>\n<p>Il s'agit d'un profil\u00e9 en aluminium fabriqu\u00e9 \u00e0 partir d'un alliage 6063 avec une finition anodis\u00e9e, con\u00e7u sp\u00e9cifiquement pour les tringles \u00e0 v\u00eatements de la garde-robe, offrant r\u00e9sistance et durabilit\u00e9.<br \/>\n<\/p><br \/>\n<br \/>\n<p><b>2) Quels sont les principaux avantages des profil\u00e9s en aluminium anodis\u00e9 6063 pour v\u00eatements de garde-robe ?<\/b><\/p>\n<p>Ils offrent une excellente r\u00e9sistance \u00e0 la corrosion, une finition de surface lisse, une r\u00e9sistance l\u00e9g\u00e8re, une r\u00e9sistance \u00e0 la rouille et une durabilit\u00e9 \u00e0 long terme.<br \/>\n<\/p><br \/>\n<br \/>\n<p><b>3) Pourquoi choisir l'aluminium anodis\u00e9 6063 pour les tringles \u00e0 v\u00eatements ?<\/b><\/p>\n<p>L'alliage 6063 offre de bonnes propri\u00e9t\u00e9s m\u00e9caniques et l'anodisation am\u00e9liore la duret\u00e9 de la surface, la r\u00e9sistance \u00e0 la corrosion et l'attrait esth\u00e9tique, ce qui est id\u00e9al pour les applications de garde-robe.<br \/>\n<\/p><br \/>\n<br \/>\n<p><b>4) Les profil\u00e9s de tringles \u00e0 v\u00eatements en aluminium extrud\u00e9 peuvent-ils \u00eatre personnalis\u00e9s ?<\/b><\/p>\n<p>Oui, ils peuvent \u00eatre personnalis\u00e9s en termes de longueur, de diam\u00e8tre, d'\u00e9paisseur de paroi, de couleur d'anodisation et de texture de surface pour r\u00e9pondre aux besoins sp\u00e9cifiques de conception des garde-robes.<br \/>\n<\/p><br \/>\n<br \/>\n<p><b>5) Comment la finition anodis\u00e9e am\u00e9liore-t-elle les performances des tringles \u00e0 v\u00eatements ?<\/b><\/p>\n<p>L'anodisation fournit une couche protectrice qui r\u00e9siste aux rayures, \u00e0 la corrosion et \u00e0 l'usure, garantissant une surface lisse et durable pour une utilisation quotidienne.<br \/>\n<\/p><br \/>\n<br \/>\n<p><b>6. les profils de tringles \u00e0 v\u00eatements en aluminium anodis\u00e9 6063 conviennent-ils pour les penderies r\u00e9sidentielles et commerciales ?<\/b><\/p>\n<p>Oui, ils sont largement utilis\u00e9s dans les environnements r\u00e9sidentiels et commerciaux en raison de leur solidit\u00e9, de leur durabilit\u00e9 et de leur finition \u00e9l\u00e9gante.<br \/>\n<\/p><br \/>\n<br \/>\n<p><b>7) Quelles sont les industries qui utilisent couramment les profils de tringles \u00e0 v\u00eatements en aluminium anodis\u00e9 6063 ?<\/b><\/p>\n<p>Les fabricants de meubles, les architectes d'int\u00e9rieur et les fournisseurs de syst\u00e8mes d'armoires utilisent ces profil\u00e9s pour des solutions d'armoires fiables et de haute qualit\u00e9.<br \/>\n<\/p><br \/>\n<br \/>\n<p><b>8) Comment les tringles \u00e0 v\u00eatements en aluminium extrud\u00e9 6063 anodis\u00e9 soutiennent-elles la conception de meubles durables ?<\/b><\/p>\n<p>L'aluminium est enti\u00e8rement recyclable et la finition anodis\u00e9e prolonge la dur\u00e9e de vie du produit, ce qui permet de r\u00e9duire les d\u00e9chets et de promouvoir une fabrication de meubles respectueuse de l'environnement.<br \/>\n<\/p><br \/><\/p>","protected":false},"featured_media":6665,"template":"","categories":[64],"class_list":["post-6666","product","type-product","status-publish","has-post-thumbnail","hentry","category-new-trend-aluminium-products"],"meta_box":{"hilight_text_group":{"product_hilight_text":"<li>Made from durable 6063 aluminum alloy with excellent strength<\/li>\r\r\n<li>Anodized finish enhances corrosion resistance and surface hardness<\/li>\r\r\n<li>Lightweight design ideal for wardrobe clothes rods and storage solutions<\/li>\r\r\n<li>Precision extrusion ensures smooth surface and consistent dimensions<\/li>\r\r\n<li>Supports custom lengths and bulk orders for large-scale projects<\/li>","product_chanpin_blog":"<ul>\r\r\n<li><a href=\"https:\/\/sinoextrud.com\/t-slot-v-slot-differences\/\" target=\"_blank\">t slot vs v slot<\/a><\/li>\r\r\n<li><a href=\"https:\/\/sinoextrud.com\/what-is-4040-aluminium-extrud\/\" target=\"_blank\">4040 aluminium extrusion<\/a><\/li>\r\r\n<li><a href=\"https:\/\/sinoextrud.com\/what-is-4040-aluminium-extrud\/\" target=\"_blank\">aluminum extrusions for industrial racks<\/a><\/li>\r\r\n<li><a href=\"https:\/\/sinoextrud.com\/powder-coating-aluminium-process\/\" target=\"_blank\">powder coating aluminium<\/a><\/li>\r\r\n<li><a href=\"https:\/\/sinoextrud.com\/what-is-an-aluminium-strip-ceiling\/\" target=\"_blank\">aluminium strip ceiling<\/a><\/li>\r\r\n<li><a href=\"https:\/\/sinoextrud.com\/what-is-a-heat-sink\/\" target=\"_blank\">what is a heat sink<\/a><\/li>\r\r\n<\/ul>","product_chanpin_chanpin":"<li><a href=\"https:\/\/sinoextrud.com\/product\/cnc-bending-aluminum-frame-profile-for-suitcase-luggage\/\" target=\"_blank\">CNC Bending Aluminum Frame Profile For Suitcase Luggage<\/a><\/li>\r\n<li><a href=\"https:\/\/sinoextrud.com\/product\/custom-high-quality-reinforced-aluminum-flood-planks-aluminum-flood-barrier-profiles\/\" target=\"_blank\">Custom High-quality Reinforced Aluminum Flood Planks Aluminum Flood Barrier Profiles<\/a><\/li>\r\n<li><a href=\"https:\/\/sinoextrud.com\/product\/custom-high-quality-6063-powder-coating-aluminum-pergola-profile\/\" target=\"_blank\">Custom High-quality 6063 Powder Coating Aluminum Pergola Profile<\/a><\/li>\r\n<li><a href=\"https:\/\/sinoextrud.com\/product\/china-high-quality-polishing-shower-enclosure-aluminum-extrusion-profile\/\" target=\"_blank\">China High-quality Polishing Shower Enclosure Aluminum Extrusion Profile<\/a><\/li>\r\n<li><a href=\"https:\/\/sinoextrud.com\/product\/aluminum-extrusion-6063-anodized-wardrobe-clothes-rod-aluminum-profile\/\" target=\"_blank\">Aluminum Extrusion 6063 Anodized Wardrobe Clothes Rod Aluminum Profile<\/a><\/li>\r\n<li><a href=\"https:\/\/sinoextrud.com\/product\/aluminum-extrusion-6063-anodized-clothes-drive-airer-aluminum-rack-profile\/\" target=\"_blank\">Aluminum Extrusion 6063 Anodized Clothes Drive Airer Aluminum Rack Profile<\/a><\/li>\r\n<li><a href=\"https:\/\/sinoextrud.com\/product\/aluminum-extrusion-baseboard-aluminum-skirting-profile\/\" target=\"_blank\">Aluminum Extrusion Baseboard Aluminum Skirting Profile<\/a><\/li>\r\n<li><a href=\"https:\/\/sinoextrud.com\/product\/aluminum-extrusion-aluminum-edge-trim-for-truck-body-cabins-profiles\/\" target=\"_blank\">Aluminum Extrusion Aluminum Edge Trim For Truck Body Cabins Profiles<\/a><\/li>\r\n<li><a href=\"https:\/\/sinoextrud.com\/product\/aluminum-extrusion-6063-powder-coating-aluminum-tile-roof-profile\/\" target=\"_blank\">Aluminum Extrusion 6063 Powder Coating Aluminum Tile Roof Profile<\/a><\/li>\r\n<li><a href=\"https:\/\/sinoextrud.com\/product\/extrusion-aluminium-tube-pipe-aluminum-polishing-style\/\" target=\"_blank\">Extrusion Aluminium Tube Pipe Aluminum Polishing Style<\/a><\/li>\r\n<li><a href=\"https:\/\/sinoextrud.com\/product\/customizable-minimalist-office-aluminum-partition-profiles\/\" target=\"_blank\">Customizable Minimalist Office Aluminum Partition Profiles<\/a><\/li>"},"feature_list":[]},"_links":{"self":[{"href":"https:\/\/sinoextrud.com\/fr\/wp-json\/wp\/v2\/product\/6666","targetHints":{"allow":["GET"]}}],"collection":[{"href":"https:\/\/sinoextrud.com\/fr\/wp-json\/wp\/v2\/product"}],"about":[{"href":"https:\/\/sinoextrud.com\/fr\/wp-json\/wp\/v2\/types\/product"}],"wp:featuredmedia":[{"embeddable":true,"href":"https:\/\/sinoextrud.com\/fr\/wp-json\/wp\/v2\/media\/6665"}],"wp:attachment":[{"href":"https:\/\/sinoextrud.com\/fr\/wp-json\/wp\/v2\/media?parent=6666"}],"wp:term":[{"taxonomy":"category","embeddable":true,"href":"https:\/\/sinoextrud.com\/fr\/wp-json\/wp\/v2\/categories?post=6666"}],"curies":[{"name":"wp","href":"https:\/\/api.w.org\/{rel}","templated":true}]}}