{"id":6644,"date":"2025-05-30T02:49:25","date_gmt":"2025-05-30T02:49:25","guid":{"rendered":"https:\/\/sinoextrud.com\/product\/custom-high-quality-aluminum-shower-room-mirror-frame-aluminum-profile\/"},"modified":"2025-06-24T06:11:24","modified_gmt":"2025-06-24T06:11:24","slug":"profile-aluminium-personnalise-de-haute-qualite-pour-le-cadre-du-miroir-de-la-salle-de-douche","status":"publish","type":"product","link":"https:\/\/sinoextrud.com\/fr\/product\/custom-high-quality-aluminum-shower-room-mirror-frame-aluminum-profile\/","title":{"rendered":"Profil\u00e9 aluminium sur mesure de haute qualit\u00e9 pour le cadre du miroir de la salle de douche"},"content":{"rendered":"<h2>D\u00e9tails des produits<\/h2>\n<table class=\"custom-table\">\n<tr>\n<td class=\"label\">Type d'article<\/td>\n<td>Profil\u00e9 aluminium sur mesure de haute qualit\u00e9 pour le cadre du miroir de la salle de douche<\/td>\n<\/tr>\n<tr>\n<td class=\"label\">Mat\u00e9riau<\/td>\n<td>Alliage d'aluminium 6063<\/td>\n<\/tr>\n<tr>\n<td class=\"label\">Grade<\/td>\n<td>S\u00e9rie 6000<\/td>\n<\/tr>\n<tr>\n<td class=\"label\">Taille<\/td>\n<td>Sur mesure<\/td>\n<\/tr>\n<tr>\n<td class=\"label\">Forme<\/td>\n<td>Carr\u00e9, ovale ou personnalis\u00e9<\/td>\n<\/tr>\n<tr>\n<td class=\"label\">Finition<\/td>\n<td>Anodisation, rev\u00eatement par poudre, polissage, galvanisation, sablage ou personnalisation.<\/td>\n<\/tr>\n<tr>\n<td class=\"label\">Longueur<\/td>\n<td>Sur la base de dessins<\/td>\n<\/tr>\n<tr>\n<td class=\"label\">D\u00e9lai de livraison<\/td>\n<td>15-25 jours ou n\u00e9goci\u00e9<\/td>\n<\/tr>\n<tr>\n<td class=\"label\">Processus en profondeur<\/td>\n<td>CNC, per\u00e7age, fraisage, d\u00e9coupage, estampage, soudage, pliage, assemblage<\/td>\n<\/tr>\n<tr>\n<td class=\"label\">Tol\u00e9rance<\/td>\n<td>\u00b10,01mm<\/td>\n<\/tr>\n<tr>\n<td class=\"label\">OEM ET ODM<\/td>\n<td>Oui, le service OEM\/ODM est le bienvenu.<\/td>\n<\/tr>\n<tr>\n<td class=\"label\">Emballage<\/td>\n<td>Emballage standard pour l'exportation<\/td>\n<\/tr>\n<\/table>\n<h2>Notre base de production<\/h2>\n<h3>Panorama de l'usine<\/h3>\n<p><img decoding=\"async\" src=\"\/wp-content\/uploads\/factory-01.webp\"\/><\/p>\n<h3>Atelier de fabrication de barres d'aluminium<\/h3>\n<p><img decoding=\"async\" src=\"\/wp-content\/uploads\/factory-02.webp\"\/><\/p>\n<p><img decoding=\"async\" src=\"\/wp-content\/uploads\/factory-03.webp\"\/><\/p>\n<h3>Entrep\u00f4t de stockage des moules<\/h3>\n<p><img decoding=\"async\" src=\"\/wp-content\/uploads\/factory-04.webp\"\/><\/p>\n<h3>43 lignes d'extrusion d'aluminium (500-5500 tonnes)<\/h3>\n<p><img decoding=\"async\" src=\"\/wp-content\/uploads\/factory-05.webp\"\/><\/p>\n<p><img decoding=\"async\" src=\"\/wp-content\/uploads\/factory-06.webp\"\/><\/p>\n<p><img decoding=\"async\" src=\"\/wp-content\/uploads\/factory-07.webp\"\/><\/p>\n<h3>Atelier de peinture en poudre<\/h3>\n<p><img decoding=\"async\" src=\"\/wp-content\/uploads\/factory-09.webp\"\/><\/p>\n<h3>Atelier d'anodisation<\/h3>\n<p><img decoding=\"async\" src=\"\/wp-content\/uploads\/factory-10.webp\"\/><\/p>\n<h3>Atelier sur le traitement en profondeur<\/h3>\n<p><img decoding=\"async\" src=\"\/wp-content\/uploads\/factory-11.webp\"\/><\/p>\n<h3>Atelier d'usinage de pr\u00e9cision CNC<\/h3>\n<p><img decoding=\"async\" src=\"\/wp-content\/uploads\/factory-11.5.webp\"\/><\/p>\n<h3>Entrep\u00f4t de produits finis et d'exportation<\/h3>\n<p><img decoding=\"async\" src=\"\/wp-content\/uploads\/factory-12.webp\"\/><\/p>\n<p><img decoding=\"async\" src=\"\/wp-content\/uploads\/factory-13.webp\"\/><\/p>\n<p><img decoding=\"async\" src=\"\/wp-content\/uploads\/factory-14.webp\"\/><\/p>\n<h2>FAQ<\/h2>\n<p><p><b>1) Qu'est-ce qu'un profil\u00e9 en aluminium de haute qualit\u00e9 pour cadre de miroir de salle de douche ?<\/b><\/p>\n<p>Il s'agit d'une extrusion d'aluminium sp\u00e9cialement con\u00e7ue pour cr\u00e9er des cadres durables, r\u00e9sistants \u00e0 la corrosion et esth\u00e9tiques pour les miroirs des salles de douche.<br \/>\n<\/p><br \/>\n<br \/>\n<p><b>2) Quels sont les principaux avantages des profil\u00e9s en aluminium sur mesure pour les cadres de miroirs de salles de douche ?<\/b><\/p>\n<p>Ils offrent une excellente r\u00e9sistance \u00e0 la corrosion, un poids l\u00e9ger, une personnalisation facile, une finition \u00e9l\u00e9gante et une durabilit\u00e9 dans les salles de bains humides.<br \/>\n<\/p><br \/>\n<br \/>\n<p><b>3. pourquoi choisir des profil\u00e9s en aluminium pour les cadres de miroirs de salle de douche ?<\/b><\/p>\n<p>L'aluminium r\u00e9siste \u00e0 la rouille et \u00e0 l'humidit\u00e9, est facile \u00e0 fabriquer dans diff\u00e9rentes formes et offre un aspect moderne et propre, id\u00e9al pour les salles de bains.<br \/>\n<\/p><br \/>\n<br \/>\n<p><b>4. les profils de cadre de miroir de salle de douche en aluminium peuvent-ils \u00eatre adapt\u00e9s \u00e0 des conceptions sp\u00e9cifiques ?<\/b><\/p>\n<p>Oui, ils peuvent \u00eatre personnalis\u00e9s en termes de taille, de forme, de finition, de couleur et de pliage pour r\u00e9pondre \u00e0 des exigences uniques en mati\u00e8re de d\u00e9coration et de fonctionnalit\u00e9 de la salle de bains.<br \/>\n<\/p><br \/>\n<br \/>\n<p><b>5. Comment l'utilisation d'un aluminium de haute qualit\u00e9 am\u00e9liore-t-elle les performances du cadre du miroir de la salle de douche ?<\/b><\/p>\n<p>L'aluminium de haute qualit\u00e9 garantit l'int\u00e9grit\u00e9 structurelle, r\u00e9siste \u00e0 la corrosion et conserve son aspect au fil du temps malgr\u00e9 l'exposition \u00e0 l'humidit\u00e9.<br \/>\n<\/p><br \/>\n<br \/>\n<p><b>6. les profils de cadre de miroir en aluminium sur mesure conviennent-ils \u00e0 tous les types de salles d'eau ?<\/b><\/p>\n<p>Oui, ils sont polyvalents et compatibles avec les diff\u00e9rentes tailles et styles de miroirs utilis\u00e9s dans les salles de bains r\u00e9sidentielles et commerciales.<br \/>\n<\/p><br \/>\n<br \/>\n<p><b>7) Quelles sont les industries qui utilisent le plus souvent des profils de cadre de miroir de salle de douche en aluminium de haute qualit\u00e9 ?<\/b><\/p>\n<p>Ces profils sont utilis\u00e9s par les fabricants d'appareils sanitaires, les d\u00e9corateurs d'int\u00e9rieur, les d\u00e9taillants en r\u00e9novation et les entreprises d'\u00e9b\u00e9nisterie sur mesure.<br \/>\n<\/p><br \/>\n<br \/>\n<p><b>8. Comment les profils de cadre de miroir de salle de douche en aluminium sur mesure contribuent-ils \u00e0 la conception de salles de bains durables ?<\/b><\/p>\n<p>L'aluminium est enti\u00e8rement recyclable et durable, ce qui permet de r\u00e9duire les d\u00e9chets et la fr\u00e9quence de remplacement tout en favorisant des solutions de salle de bains respectueuses de l'environnement.<br \/>\n<\/p><br \/><\/p>","protected":false},"featured_media":6643,"template":"","categories":[64],"class_list":["post-6644","product","type-product","status-publish","has-post-thumbnail","hentry","category-new-trend-aluminium-products"],"meta_box":{"hilight_text_group":{"product_hilight_text":"<li>High-quality aluminum ensures durability and corrosion resistance in humid environments<\/li>\r\r\n<li>Customizable sizes and shapes for perfect fit in various shower room designs<\/li>\r\r\n<li>Lightweight and strong, facilitating easy installation and long-lasting use<\/li>\r\r\n<li>Available in multiple surface finishes for enhanced aesthetics and protection<\/li>\r\r\n<li>Precision extrusion guarantees consistent dimensions and smooth edges<\/li>","product_chanpin_blog":"<ul>\r\r\n<li><a href=\"https:\/\/sinoextrud.com\/t-slot-v-slot-differences\/\" target=\"_blank\">t slot vs v slot<\/a><\/li>\r\r\n<li><a href=\"https:\/\/sinoextrud.com\/what-is-4040-aluminium-extrud\/\" target=\"_blank\">4040 aluminium extrusion<\/a><\/li>\r\r\n<li><a href=\"https:\/\/sinoextrud.com\/what-is-4040-aluminium-extrud\/\" target=\"_blank\">aluminum extrusions for industrial racks<\/a><\/li>\r\r\n<li><a href=\"https:\/\/sinoextrud.com\/powder-coating-aluminium-process\/\" target=\"_blank\">powder coating aluminium<\/a><\/li>\r\r\n<li><a href=\"https:\/\/sinoextrud.com\/what-is-an-aluminium-strip-ceiling\/\" target=\"_blank\">aluminium strip ceiling<\/a><\/li>\r\r\n<li><a href=\"https:\/\/sinoextrud.com\/what-is-a-heat-sink\/\" target=\"_blank\">what is a heat sink<\/a><\/li>\r\r\n<\/ul>","product_chanpin_chanpin":"<li><a href=\"https:\/\/sinoextrud.com\/product\/telescopic-aluminium-square-tube\/\" target=\"_blank\">Telescopic Aluminium Square Tube<\/a><\/li>\r\n<li><a href=\"https:\/\/sinoextrud.com\/product\/customizable-bathroom-mirror-frame-bent-aluminum-profiles\/\" target=\"_blank\">Customizable Bathroom Mirror Frame Bent Aluminum Profiles<\/a><\/li>\r\n<li><a href=\"https:\/\/sinoextrud.com\/product\/china-factory-wholesale-6063-aluminum-fence-panels\/\" target=\"_blank\">China Factory Wholesale 6063 Aluminum Fence Panels<\/a><\/li>\r\n<li><a href=\"https:\/\/sinoextrud.com\/product\/aluminum-slatwall-panel-insert-profile\/\" target=\"_blank\">Aluminum Slatwall Panel Insert Profile<\/a><\/li>\r\n<li><a href=\"https:\/\/sinoextrud.com\/product\/custom-high-quality-aluminum-shower-room-mirror-frame-aluminum-profile\/\" target=\"_blank\">Custom High-quality Aluminum Shower Room Mirror Frame Aluminum Profile<\/a><\/li>\r\n<li><a href=\"https:\/\/sinoextrud.com\/product\/20-year-warranty-6061-6063-aluminum-wood-grain-look-aluminum-extruded-square-rectangular-tube\/\" target=\"_blank\">20-Year Warranty 6061 6063 Aluminum Wood Grain Look Aluminum Extruded Square Rectangular Tube<\/a><\/li>\r\n<li><a href=\"https:\/\/sinoextrud.com\/product\/aluminum-h-shaped-connected-panels-profile-for-safe-non-slip-walkway-panel-temporary-ground-road\/\" target=\"_blank\">Aluminum H-shaped Connected Panels Profile For Safe Non-slip Walkway Panel Temporary Ground Road<\/a><\/li>\r\n<li><a href=\"https:\/\/sinoextrud.com\/product\/customizable-minimalist-office-aluminum-partition-profiles\/\" target=\"_blank\">Customizable Minimalist Office Aluminum Partition Profiles<\/a><\/li>\r\n<li><a href=\"https:\/\/sinoextrud.com\/product\/cnc-bending-aluminum-frame-profile-for-suitcase-luggage\/\" target=\"_blank\">CNC Bending Aluminum Frame Profile For Suitcase Luggage<\/a><\/li>\r\n<li><a href=\"https:\/\/sinoextrud.com\/product\/aluminum-window-frame-extrusions\/\" target=\"_blank\">Aluminum Window Frame Extrusions<\/a><\/li>\r\n<li><a href=\"https:\/\/sinoextrud.com\/product\/cutting-extruded-aluminum-for-led\/\" target=\"_blank\">Cutting Extruded Aluminum For LED<\/a><\/li>"},"feature_list":[]},"_links":{"self":[{"href":"https:\/\/sinoextrud.com\/fr\/wp-json\/wp\/v2\/product\/6644","targetHints":{"allow":["GET"]}}],"collection":[{"href":"https:\/\/sinoextrud.com\/fr\/wp-json\/wp\/v2\/product"}],"about":[{"href":"https:\/\/sinoextrud.com\/fr\/wp-json\/wp\/v2\/types\/product"}],"wp:featuredmedia":[{"embeddable":true,"href":"https:\/\/sinoextrud.com\/fr\/wp-json\/wp\/v2\/media\/6643"}],"wp:attachment":[{"href":"https:\/\/sinoextrud.com\/fr\/wp-json\/wp\/v2\/media?parent=6644"}],"wp:term":[{"taxonomy":"category","embeddable":true,"href":"https:\/\/sinoextrud.com\/fr\/wp-json\/wp\/v2\/categories?post=6644"}],"curies":[{"name":"wp","href":"https:\/\/api.w.org\/{rel}","templated":true}]}}