{"id":6632,"date":"2025-05-30T02:33:02","date_gmt":"2025-05-30T02:33:02","guid":{"rendered":"https:\/\/sinoextrud.com\/product\/aluminum-shower-door-frame-parts-u-channel\/"},"modified":"2025-06-24T06:11:22","modified_gmt":"2025-06-24T06:11:22","slug":"cadre-de-porte-de-douche-en-aluminium-pieces-u-channel","status":"publish","type":"product","link":"https:\/\/sinoextrud.com\/fr\/product\/aluminum-shower-door-frame-parts-u-channel\/","title":{"rendered":"Cadre de porte de douche en aluminium Pi\u00e8ces en U"},"content":{"rendered":"<h2>D\u00e9tails des produits<\/h2>\n<table class=\"custom-table\">\n<tr>\n<td class=\"label\">Objet<\/td>\n<td>Cadre de porte de douche en aluminium Pi\u00e8ces en U<\/td>\n<\/tr>\n<tr>\n<td class=\"label\">Temp\u00e9rer<\/td>\n<td>T3-T8<\/td>\n<\/tr>\n<tr>\n<td class=\"label\">D\u00e9roulement du processus<\/td>\n<td>D\u00e9veloppement de moules - Billets d'aluminium - Chauffage - Moulage d'aluminium brut - Traitement de surface<\/td>\n<\/tr>\n<tr>\n<td class=\"label\">Certification<\/td>\n<td>CE, ISO, SGS, TUV<\/td>\n<\/tr>\n<tr>\n<td class=\"label\">Application<\/td>\n<td>Construction, industrie<\/td>\n<\/tr>\n<tr>\n<td class=\"label\">Forme<\/td>\n<td>En forme de U<\/td>\n<\/tr>\n<tr>\n<td class=\"label\">Traitement de surface<\/td>\n<td>Finition en usine, anodisation, rev\u00eatement en poudre, sablage, \u00e9lectrophor\u00e8se, brossage, polissage, etc.<\/td>\n<\/tr>\n<tr>\n<td class=\"label\">Couleur<\/td>\n<td>Sur la base des demandes des clients<\/td>\n<\/tr>\n<tr>\n<td class=\"label\">Traitement en profondeur<\/td>\n<td>D\u00e9coupage, per\u00e7age, usinage, poin\u00e7onnage, pliage, taraudage, etc.<\/td>\n<\/tr>\n<tr>\n<td class=\"label\">Garantie<\/td>\n<td>ISO:9001, SONCAP, certificat BV, TUV, SGS, ou certificat du client disponible<\/td>\n<\/tr>\n<tr>\n<td class=\"label\">MOQ<\/td>\n<td>200KG pour chaque profil<\/td>\n<\/tr>\n<tr>\n<td class=\"label\">D\u00e9lai de livraison<\/td>\n<td>Le d\u00e9veloppement du moule et la conformation de l'\u00e9chantillon prennent 12 \u00e0 15 jours, puis la dur\u00e9e de production est de 15 \u00e0 25 jours apr\u00e8s r\u00e9ception de l'acompte de l'acheteur.<\/td>\n<\/tr>\n<tr>\n<td class=\"label\">\u00c9chantillon gratuit<\/td>\n<td>L'envoi peut \u00eatre effectu\u00e9 dans un d\u00e9lai de 1 \u00e0 3 jours<\/td>\n<\/tr>\n<\/table>\n<h2>Notre base de production<\/h2>\n<h3>Panorama de l'usine<\/h3>\n<p><img decoding=\"async\" src=\"\/wp-content\/uploads\/factory-01.webp\"\/><\/p>\n<h3>Atelier de fabrication de barres d'aluminium<\/h3>\n<p><img decoding=\"async\" src=\"\/wp-content\/uploads\/factory-02.webp\"\/><\/p>\n<p><img decoding=\"async\" src=\"\/wp-content\/uploads\/factory-03.webp\"\/><\/p>\n<h3>Entrep\u00f4t de stockage des moules<\/h3>\n<p><img decoding=\"async\" src=\"\/wp-content\/uploads\/factory-04.webp\"\/><\/p>\n<h3>43 lignes d'extrusion d'aluminium (500-5500 tonnes)<\/h3>\n<p><img decoding=\"async\" src=\"\/wp-content\/uploads\/factory-05.webp\"\/><\/p>\n<p><img decoding=\"async\" src=\"\/wp-content\/uploads\/factory-06.webp\"\/><\/p>\n<p><img decoding=\"async\" src=\"\/wp-content\/uploads\/factory-07.webp\"\/><\/p>\n<h3>Atelier de peinture en poudre<\/h3>\n<p><img decoding=\"async\" src=\"\/wp-content\/uploads\/factory-09.webp\"\/><\/p>\n<h3>Atelier d'anodisation<\/h3>\n<p><img decoding=\"async\" src=\"\/wp-content\/uploads\/factory-10.webp\"\/><\/p>\n<h3>Atelier sur le traitement en profondeur<\/h3>\n<p><img decoding=\"async\" src=\"\/wp-content\/uploads\/factory-11.webp\"\/><\/p>\n<h3>Atelier d'usinage de pr\u00e9cision CNC<\/h3>\n<p><img decoding=\"async\" src=\"\/wp-content\/uploads\/factory-11.5.webp\"\/><\/p>\n<h3>Entrep\u00f4t de produits finis et d'exportation<\/h3>\n<p><img decoding=\"async\" src=\"\/wp-content\/uploads\/factory-12.webp\"\/><\/p>\n<p><img decoding=\"async\" src=\"\/wp-content\/uploads\/factory-13.webp\"\/><\/p>\n<p><img decoding=\"async\" src=\"\/wp-content\/uploads\/factory-14.webp\"\/><\/p>\n<h2>FAQ<\/h2>\n<p><p><b>1) Qu'est-ce qu'un cadre de porte de douche en aluminium ?<\/b><\/p>\n<p>Il s'agit de profil\u00e9s en aluminium en forme de U utilis\u00e9s comme \u00e9l\u00e9ments structurels dans les cadres de portes de douche pour fixer les panneaux de verre et assurer la stabilit\u00e9.<br \/>\n<\/p><br \/>\n<br \/>\n<p><b>2) Quels sont les principaux avantages du cadre de porte de douche en aluminium \u00e0 profil\u00e9 en U ?<\/b><\/p>\n<p>Ils offrent une excellente r\u00e9sistance \u00e0 la corrosion, un poids l\u00e9ger, une durabilit\u00e9, une facilit\u00e9 d'installation et une finition \u00e9l\u00e9gante et moderne.<br \/>\n<\/p><br \/>\n<br \/>\n<p><b>3) Pourquoi choisir des profil\u00e9s en U en aluminium pour les cadres de portes de douche ?<\/b><\/p>\n<p>Les profil\u00e9s en U en aluminium r\u00e9sistent \u00e0 l'humidit\u00e9 et \u00e0 la rouille, garantissant des performances durables dans les salles de bains humides avec un minimum d'entretien.<br \/>\n<\/p><br \/>\n<br \/>\n<p><b>4) Les profil\u00e9s en U du cadre de la porte de douche en aluminium peuvent-ils \u00eatre personnalis\u00e9s ?<\/b><\/p>\n<p>Oui, ils peuvent \u00eatre personnalis\u00e9s en termes de taille, d'\u00e9paisseur, de longueur et de finition pour s'adapter aux diff\u00e9rents mod\u00e8les de portes de douche et aux dimensions des panneaux de verre.<br \/>\n<\/p><br \/>\n<br \/>\n<p><b>5. En quoi la conception en U am\u00e9liore-t-elle la fonctionnalit\u00e9 de la porte de douche ?<\/b><\/p>\n<p>La forme en U maintient solidement les panneaux de verre en place, fournit un support structurel et aide \u00e0 pr\u00e9venir les fuites d'eau dans les cabines de douche.<br \/>\n<\/p><br \/>\n<br \/>\n<p><b>6. les pi\u00e8ces en aluminium du cadre de la porte de douche en U conviennent-elles \u00e0 tous les types de portes de douche ?<\/b><\/p>\n<p>Oui, ils sont compatibles avec les syst\u00e8mes de portes de douche \u00e0 cadre, semi-sans cadre et sans cadre.<br \/>\n<\/p><br \/>\n<br \/>\n<p><b>7. Quelles sont les industries qui utilisent le plus souvent les pi\u00e8ces en U du cadre de la porte de douche en aluminium ?<\/b><\/p>\n<p>Les fabricants d'\u00e9quipements de salle de bains, les entreprises de r\u00e9novation et les entreprises de construction utilisent ces pi\u00e8ces pour assembler des portes de douche de qualit\u00e9.<br \/>\n<\/p><br \/>\n<br \/>\n<p><b>8. Comment les pi\u00e8ces en U du cadre de la porte de douche en aluminium contribuent-elles \u00e0 la conception durable de la salle de bains ?<\/b><\/p>\n<p>L'aluminium est 100% recyclable et durable, ce qui permet de r\u00e9duire les d\u00e9chets et les besoins de remplacement dans le cadre de r\u00e9novations de salles de bains respectueuses de l'environnement.<br \/>\n<\/p><br \/><\/p>","protected":false},"featured_media":6631,"template":"","categories":[64],"class_list":["post-6632","product","type-product","status-publish","has-post-thumbnail","hentry","category-new-trend-aluminium-products"],"meta_box":{"hilight_text_group":{"product_hilight_text":"<li>Durable aluminum U-channel designed for secure shower door framing<\/li>\r\r\n<li>Corrosion-resistant finish ensures long-lasting performance in wet environments<\/li>\r\r\n<li>Precision manufacturing provides easy installation and tight fit<\/li>\r\r\n<li>Lightweight yet strong for efficient handling and structural support<\/li>\r\r\n<li>Available in custom sizes and finishes to match various shower designs<\/li>","product_chanpin_blog":"<ul>\r\r\n<li><a href=\"https:\/\/sinoextrud.com\/t-slot-v-slot-differences\/\" target=\"_blank\">t slot vs v slot<\/a><\/li>\r\r\n<li><a href=\"https:\/\/sinoextrud.com\/what-is-4040-aluminium-extrud\/\" target=\"_blank\">4040 aluminium extrusion<\/a><\/li>\r\r\n<li><a href=\"https:\/\/sinoextrud.com\/what-is-4040-aluminium-extrud\/\" target=\"_blank\">aluminum extrusions for industrial racks<\/a><\/li>\r\r\n<li><a href=\"https:\/\/sinoextrud.com\/powder-coating-aluminium-process\/\" target=\"_blank\">powder coating aluminium<\/a><\/li>\r\r\n<li><a href=\"https:\/\/sinoextrud.com\/what-is-an-aluminium-strip-ceiling\/\" target=\"_blank\">aluminium strip ceiling<\/a><\/li>\r\r\n<li><a href=\"https:\/\/sinoextrud.com\/what-is-a-heat-sink\/\" target=\"_blank\">what is a heat sink<\/a><\/li>\r\r\n<\/ul>","product_chanpin_chanpin":"<li><a href=\"https:\/\/sinoextrud.com\/product\/aluminum-t-shape-transition-tile-trim\/\" target=\"_blank\">Aluminum T Shape Transition Tile Trim<\/a><\/li>\r\n<li><a href=\"https:\/\/sinoextrud.com\/product\/wood-grain-aluminum-decking\/\" target=\"_blank\">Wood Grain Aluminum Decking<\/a><\/li>\r\n<li><a href=\"https:\/\/sinoextrud.com\/product\/weather-resistant-wood-grain-aluminum-profile\/\" target=\"_blank\">Weather Resistant Wood Grain Aluminum Profile<\/a><\/li>\r\n<li><a href=\"https:\/\/sinoextrud.com\/product\/aluminium-kitchen-cabinet-handles\/\" target=\"_blank\">Aluminium Kitchen Cabinet Handles<\/a><\/li>\r\n<li><a href=\"https:\/\/sinoextrud.com\/product\/aluminum-shower-door-frame-parts-u-channel\/\" target=\"_blank\">Aluminum Shower Door Frame Parts U-channel<\/a><\/li>\r\n<li><a href=\"https:\/\/sinoextrud.com\/product\/aluminium-extrusion-and-aluminium-profile\/\" target=\"_blank\">Aluminium Extrusion and Aluminium Profile<\/a><\/li>\r\n<li><a href=\"https:\/\/sinoextrud.com\/product\/telescopic-aluminium-square-tube\/\" target=\"_blank\">Telescopic Aluminium Square Tube<\/a><\/li>\r\n<li><a href=\"https:\/\/sinoextrud.com\/product\/customizable-bathroom-mirror-frame-bent-aluminum-profiles\/\" target=\"_blank\">Customizable Bathroom Mirror Frame Bent Aluminum Profiles<\/a><\/li>\r\n<li><a href=\"https:\/\/sinoextrud.com\/product\/china-factory-wholesale-6063-aluminum-fence-panels\/\" target=\"_blank\">China Factory Wholesale 6063 Aluminum Fence Panels<\/a><\/li>\r\n<li><a href=\"https:\/\/sinoextrud.com\/product\/custom-3003-aluminum-tube-bending-coolant-tubes\/\" target=\"_blank\">Custom 3003 Aluminum Tube Bending Coolant Tubes<\/a><\/li>\r\n<li><a href=\"https:\/\/sinoextrud.com\/product\/aluminum-car-pedal-anodized-silver\/\" target=\"_blank\">Aluminum Car Pedal Anodized Silver<\/a><\/li>"},"feature_list":[]},"_links":{"self":[{"href":"https:\/\/sinoextrud.com\/fr\/wp-json\/wp\/v2\/product\/6632","targetHints":{"allow":["GET"]}}],"collection":[{"href":"https:\/\/sinoextrud.com\/fr\/wp-json\/wp\/v2\/product"}],"about":[{"href":"https:\/\/sinoextrud.com\/fr\/wp-json\/wp\/v2\/types\/product"}],"wp:featuredmedia":[{"embeddable":true,"href":"https:\/\/sinoextrud.com\/fr\/wp-json\/wp\/v2\/media\/6631"}],"wp:attachment":[{"href":"https:\/\/sinoextrud.com\/fr\/wp-json\/wp\/v2\/media?parent=6632"}],"wp:term":[{"taxonomy":"category","embeddable":true,"href":"https:\/\/sinoextrud.com\/fr\/wp-json\/wp\/v2\/categories?post=6632"}],"curies":[{"name":"wp","href":"https:\/\/api.w.org\/{rel}","templated":true}]}}