{"id":6614,"date":"2025-05-30T01:57:21","date_gmt":"2025-05-30T01:57:21","guid":{"rendered":"https:\/\/sinoextrud.com\/product\/aluminum-shower-frame-parts\/"},"modified":"2025-06-24T06:11:14","modified_gmt":"2025-06-24T06:11:14","slug":"cadre-de-douche-en-aluminium","status":"publish","type":"product","link":"https:\/\/sinoextrud.com\/fr\/product\/aluminum-shower-frame-parts\/","title":{"rendered":"Cadre de douche en aluminium"},"content":{"rendered":"<h2>D\u00e9tails des produits<\/h2>\n<table class=\"custom-table\">\n<tr>\n<td class=\"label\">Nom du produit<\/td>\n<td>Cadre de douche en aluminium<\/td>\n<\/tr>\n<tr>\n<td class=\"label\">Alliage d'aluminium<\/td>\n<td>S\u00e9rie 1000, s\u00e9rie 200, s\u00e9rie 3000, s\u00e9rie 5000, s\u00e9rie 6000, s\u00e9rie 7000<\/td>\n<\/tr>\n<tr>\n<td class=\"label\">Temp\u00e9rer<\/td>\n<td>T3-T8<\/td>\n<\/tr>\n<tr>\n<td class=\"label\">Forme<\/td>\n<td>personnalisation<\/td>\n<\/tr>\n<tr>\n<td class=\"label\">Couleur<\/td>\n<td>personnalisation<\/td>\n<\/tr>\n<tr>\n<td class=\"label\">Traitement de surface<\/td>\n<td>finition en usine, anodisation, grain de bois, rev\u00eatement en poudre, sablage, \u00e9lectrophor\u00e8se, brossage, polissage, etc.<\/td>\n<\/tr>\n<tr>\n<td class=\"label\">Traitement en profondeur CNC<\/td>\n<td>couper, percer, usiner, poin\u00e7onner, plier, tarauder, etc.<\/td>\n<\/tr>\n<tr>\n<td class=\"label\">Certifications<\/td>\n<td>CE, ISO, SGS, TUV, ROHS<\/td>\n<\/tr>\n<tr>\n<td class=\"label\">\u00c9chantillons<\/td>\n<td>\u00e9chantillon gratuit. Livraison en 1-3 jours.<\/td>\n<\/tr>\n<tr>\n<td class=\"label\">MOQ<\/td>\n<td>200KG pour chaque profil<\/td>\n<\/tr>\n<tr>\n<td class=\"label\">D\u00e9lai de livraison<\/td>\n<td>La mise au point du moule et la confirmation de l'\u00e9chantillon prennent 12 \u00e0 15 jours, puis la dur\u00e9e de production est de 15 \u00e0 25 jours apr\u00e8s r\u00e9ception d'un acompte de l'acheteur.<\/td>\n<\/tr>\n<tr>\n<td class=\"label\">Conditions de paiement<\/td>\n<td>30% d\u00e9p\u00f4t avant la production, et le solde avant l'exp\u00e9dition.<br \/>, etc.<\/td>\n<\/tr>\n<\/table>\n<h2>Notre base de production<\/h2>\n<h3>Panorama de l'usine<\/h3>\n<p><img decoding=\"async\" src=\"\/wp-content\/uploads\/factory-01.webp\"\/><\/p>\n<h3>Atelier de fabrication de barres d'aluminium<\/h3>\n<p><img decoding=\"async\" src=\"\/wp-content\/uploads\/factory-02.webp\"\/><\/p>\n<p><img decoding=\"async\" src=\"\/wp-content\/uploads\/factory-03.webp\"\/><\/p>\n<h3>Entrep\u00f4t de stockage des moules<\/h3>\n<p><img decoding=\"async\" src=\"\/wp-content\/uploads\/factory-04.webp\"\/><\/p>\n<h3>43 lignes d'extrusion d'aluminium (500 \u00e0 5500 tonnes)<\/h3>\n<p><img decoding=\"async\" src=\"\/wp-content\/uploads\/factory-05.webp\"\/><\/p>\n<p><img decoding=\"async\" src=\"\/wp-content\/uploads\/factory-06.webp\"\/><\/p>\n<p><img decoding=\"async\" src=\"\/wp-content\/uploads\/factory-07.webp\"\/><\/p>\n<h3>Atelier de peinture en poudre<\/h3>\n<p><img decoding=\"async\" src=\"\/wp-content\/uploads\/factory-09.webp\"\/><\/p>\n<h3>Atelier d'anodisation<\/h3>\n<p><img decoding=\"async\" src=\"\/wp-content\/uploads\/factory-10.webp\"\/><\/p>\n<h3>Atelier sur le traitement en profondeur<\/h3>\n<p><img decoding=\"async\" src=\"\/wp-content\/uploads\/factory-11.webp\"\/><\/p>\n<h3>Atelier d'usinage de pr\u00e9cision CNC<\/h3>\n<p><img decoding=\"async\" src=\"\/wp-content\/uploads\/factory-11.5.webp\"\/><\/p>\n<h3>Entrep\u00f4t de produits finis et d'exportation<\/h3>\n<p><img decoding=\"async\" src=\"\/wp-content\/uploads\/factory-12.webp\"\/><\/p>\n<p><img decoding=\"async\" src=\"\/wp-content\/uploads\/factory-13.webp\"\/><\/p>\n<p><img decoding=\"async\" src=\"\/wp-content\/uploads\/factory-14.webp\"\/><\/p>\n<h2>FAQ<\/h2>\n<p><p><b>1) Qu'est-ce qu'un cadre de douche en aluminium ?<\/b><\/p>\n<p>Les pi\u00e8ces de cadre de douche en aluminium sont des composants en aluminium utilis\u00e9s pour assembler et soutenir les cabines de douche, y compris les profil\u00e9s, les supports et les joints.<br \/>\n<\/p><br \/>\n<br \/>\n<p><b>2) Quels sont les principaux avantages des cadres de douche en aluminium ?<\/b><\/p>\n<p>Ils offrent une excellente r\u00e9sistance \u00e0 la corrosion, une grande l\u00e9g\u00e8ret\u00e9, une grande durabilit\u00e9 et un faible entretien, ce qui garantit des cadres de douche durables et exempts de rouille.<br \/>\n<\/p><br \/>\n<br \/>\n<p><b>3. pourquoi choisir l'aluminium pour les cadres de douche ?<\/b><\/p>\n<p>L'aluminium est inoxydable, facile \u00e0 fabriquer et offre une finition \u00e9l\u00e9gante et moderne, ce qui en fait un mat\u00e9riau id\u00e9al pour les salles de bains humides.<br \/>\n<\/p><br \/>\n<br \/>\n<p><b>4. les pi\u00e8ces du cadre de douche en aluminium peuvent-elles \u00eatre personnalis\u00e9es ?<\/b><\/p>\n<p>Oui, ils peuvent \u00eatre personnalis\u00e9s en termes de taille, de forme, de finition et de design pour s'adapter aux diff\u00e9rents styles de cabines de douche et aux exigences d'installation.<br \/>\n<\/p><br \/>\n<br \/>\n<p><b>5. Comment l'aluminium am\u00e9liore-t-il les performances des cadres de douche ?<\/b><\/p>\n<p>L'aluminium fournit un support structurel solide tout en r\u00e9sistant aux dommages caus\u00e9s par l'humidit\u00e9 et \u00e0 la corrosion, ce qui am\u00e9liore la stabilit\u00e9 et la dur\u00e9e de vie du cadre de douche.<br \/>\n<\/p><br \/>\n<br \/>\n<p><b>6. les pi\u00e8ces du cadre de douche en aluminium conviennent-elles \u00e0 tous les types de cabines de douche ?<\/b><\/p>\n<p>Oui, ils sont compatibles avec le verre, l'acrylique et d'autres mat\u00e9riaux utilis\u00e9s dans une grande vari\u00e9t\u00e9 de cabines de douche.<br \/>\n<\/p><br \/>\n<br \/>\n<p><b>7. Quelles sont les industries qui utilisent le plus souvent des pi\u00e8ces de cadre de douche en aluminium ?<\/b><\/p>\n<p>Les fabricants d'appareils sanitaires, les entreprises de r\u00e9novation et les entreprises de construction utilisent des pi\u00e8ces en aluminium pour fabriquer des cabines de douche de qualit\u00e9.<br \/>\n<\/p><br \/>\n<br \/>\n<p><b>8. comment les cadres de douche en aluminium contribuent-ils \u00e0 une conception durable de la salle de bains ?<\/b><\/p>\n<p>L'aluminium est 100% recyclable et durable, ce qui r\u00e9duit les d\u00e9chets et le besoin de remplacements fr\u00e9quents dans les projets de construction durable.<br \/>\n<\/p><br \/><\/p>","protected":false},"featured_media":6613,"template":"","categories":[64],"class_list":["post-6614","product","type-product","status-publish","has-post-thumbnail","hentry","category-new-trend-aluminium-products"],"meta_box":{"hilight_text_group":{"product_hilight_text":"<li>High-quality aluminum ensures durability and corrosion resistance<\/li>\r\r\n<li>Precision manufacturing for easy assembly and secure fitting<\/li>\r\r\n<li>Lightweight design simplifies installation and handling<\/li>\r\r\n<li>Suitable for various shower frame styles and customizations<\/li>\r\r\n<li>Available in multiple finishes to match different bathroom decors<\/li>","product_chanpin_blog":"<ul>\r\r\n<li><a href=\"https:\/\/sinoextrud.com\/t-slot-v-slot-differences\/\" target=\"_blank\">t slot vs v slot<\/a><\/li>\r\r\n<li><a href=\"https:\/\/sinoextrud.com\/what-is-4040-aluminium-extrud\/\" target=\"_blank\">4040 aluminium extrusion<\/a><\/li>\r\r\n<li><a href=\"https:\/\/sinoextrud.com\/what-is-4040-aluminium-extrud\/\" target=\"_blank\">aluminum extrusions for industrial racks<\/a><\/li>\r\r\n<li><a href=\"https:\/\/sinoextrud.com\/powder-coating-aluminium-process\/\" target=\"_blank\">powder coating aluminium<\/a><\/li>\r\r\n<li><a href=\"https:\/\/sinoextrud.com\/what-is-an-aluminium-strip-ceiling\/\" target=\"_blank\">aluminium strip ceiling<\/a><\/li>\r\r\n<li><a href=\"https:\/\/sinoextrud.com\/what-is-a-heat-sink\/\" target=\"_blank\">what is a heat sink<\/a><\/li>\r\r\n<\/ul>","product_chanpin_chanpin":"<li><a href=\"https:\/\/sinoextrud.com\/product\/wood-grain-aluminum-square-tube\/\" target=\"_blank\">Wood Grain Aluminum Square Tube<\/a><\/li>\r\n<li><a href=\"https:\/\/sinoextrud.com\/product\/glass-balcony-railing-aluminum-u-channel-design\/\" target=\"_blank\">Glass Balcony Railing Aluminum U Channel Design<\/a><\/li>\r\n<li><a href=\"https:\/\/sinoextrud.com\/product\/wood-grain-bamboo-aluminum-pipe\/\" target=\"_blank\">Wood Grain Bamboo Aluminum Pipe<\/a><\/li>\r\n<li><a href=\"https:\/\/sinoextrud.com\/product\/anodized-aluminum-eectronic-equipment-enclosure\/\" target=\"_blank\">Anodized Aluminum Eectronic Equipment Enclosure<\/a><\/li>\r\n<li><a href=\"https:\/\/sinoextrud.com\/product\/aluminum-shower-frame-parts\/\" target=\"_blank\">Aluminum Shower Frame Parts<\/a><\/li>\r\n<li><a href=\"https:\/\/sinoextrud.com\/product\/aluminum-skirting-board\/\" target=\"_blank\">Aluminum Skirting Board<\/a><\/li>\r\n<li><a href=\"https:\/\/sinoextrud.com\/product\/purification-workshop-aluminum-profiles\/\" target=\"_blank\">Purification Workshop Aluminum Profiles<\/a><\/li>\r\n<li><a href=\"https:\/\/sinoextrud.com\/product\/aluminium-cladding-wall-profile\/\" target=\"_blank\">Aluminium Cladding Wall Profile<\/a><\/li>\r\n<li><a href=\"https:\/\/sinoextrud.com\/product\/medical-instrument-aluminum-profile\/\" target=\"_blank\">Medical Instrument Aluminum Profile<\/a><\/li>\r\n<li><a href=\"https:\/\/sinoextrud.com\/product\/standard-extruded-aluminum-shapes\/\" target=\"_blank\">Standard Extruded Aluminum Shapes<\/a><\/li>\r\n<li><a href=\"https:\/\/sinoextrud.com\/product\/aluminum-profile-t-slot-for-machine-frame\/\" target=\"_blank\">Aluminum Profile T-Slot For Machine Frame<\/a><\/li>"},"feature_list":[]},"_links":{"self":[{"href":"https:\/\/sinoextrud.com\/fr\/wp-json\/wp\/v2\/product\/6614","targetHints":{"allow":["GET"]}}],"collection":[{"href":"https:\/\/sinoextrud.com\/fr\/wp-json\/wp\/v2\/product"}],"about":[{"href":"https:\/\/sinoextrud.com\/fr\/wp-json\/wp\/v2\/types\/product"}],"wp:featuredmedia":[{"embeddable":true,"href":"https:\/\/sinoextrud.com\/fr\/wp-json\/wp\/v2\/media\/6613"}],"wp:attachment":[{"href":"https:\/\/sinoextrud.com\/fr\/wp-json\/wp\/v2\/media?parent=6614"}],"wp:term":[{"taxonomy":"category","embeddable":true,"href":"https:\/\/sinoextrud.com\/fr\/wp-json\/wp\/v2\/categories?post=6614"}],"curies":[{"name":"wp","href":"https:\/\/api.w.org\/{rel}","templated":true}]}}