{"id":6585,"date":"2025-05-29T09:51:28","date_gmt":"2025-05-29T09:51:28","guid":{"rendered":"https:\/\/sinoextrud.com\/product\/wood-grain-aluminum-square-tube\/"},"modified":"2025-06-24T06:11:13","modified_gmt":"2025-06-24T06:11:13","slug":"tube-carre-en-aluminium-a-grain-de-bois","status":"publish","type":"product","link":"https:\/\/sinoextrud.com\/fr\/product\/wood-grain-aluminum-square-tube\/","title":{"rendered":"Tube carr\u00e9 en aluminium avec grain de bois"},"content":{"rendered":"<h2>D\u00e9tails des produits<\/h2>\n<table class=\"custom-table\">\n<tr>\n<td class=\"label\">Article :<\/td>\n<td>Tube carr\u00e9 en aluminium \u00e0 grain de bois<\/td>\n<\/tr>\n<tr>\n<td class=\"label\">Lieu d'origine :<\/td>\n<td>Guangdong, Chine<\/td>\n<\/tr>\n<tr>\n<td class=\"label\">Mat\u00e9riau :<\/td>\n<td>Alliage 6063\/6061\/6005\/6060 T5\/T6<\/td>\n<\/tr>\n<tr>\n<td class=\"label\">Traitement de surface :<\/td>\n<td>Grain de bois<\/td>\n<\/tr>\n<tr>\n<td class=\"label\">Utilisation :<\/td>\n<td>D\u00e9coration<\/td>\n<\/tr>\n<tr>\n<td class=\"label\">Alliage ou non :<\/td>\n<td>Est un alliage<\/td>\n<\/tr>\n<tr>\n<td class=\"label\">Al (Min) :<\/td>\n<td>99%<\/td>\n<\/tr>\n<tr>\n<td class=\"label\">Nom de marque :<\/td>\n<td>Sinoextrud\/Sinoextrud<\/td>\n<\/tr>\n<tr>\n<td class=\"label\">Service de traitement :<\/td>\n<td>Pliage, soudage, poin\u00e7onnage, d\u00e9coupage, per\u00e7age, fraisage, assemblage<\/td>\n<\/tr>\n<tr>\n<td class=\"label\">MOQ :<\/td>\n<td>200KG pour chaque article<\/td>\n<\/tr>\n<tr>\n<td class=\"label\">Certificat et norme :<\/td>\n<td>CQM, Rohs, CE, BV, SONCAP \/ GB, ISO, JIS, AS, NZS, QUALICOAT, QUALANOD<\/td>\n<\/tr>\n<tr>\n<td class=\"label\">Grade :<\/td>\n<td>S\u00e9rie 6000<\/td>\n<\/tr>\n<tr>\n<td class=\"label\">Forme :<\/td>\n<td>Carr\u00e9<\/td>\n<\/tr>\n<tr>\n<td class=\"label\">\u00c9paisseur :<\/td>\n<td>0,8 mm~30 mm<\/td>\n<\/tr>\n<tr>\n<td class=\"label\">Longueur :<\/td>\n<td>1-9M, 5.8-6.0M<\/td>\n<\/tr>\n<tr>\n<td class=\"label\">Duret\u00e9 :<\/td>\n<td>T6<\/td>\n<\/tr>\n<tr>\n<td class=\"label\">Temp\u00e9rer :<\/td>\n<td>T3 - T8<\/td>\n<\/tr>\n<tr>\n<td class=\"label\">\u00c9paisseur de la paroi :<\/td>\n<td>1-3MM<\/td>\n<\/tr>\n<tr>\n<td class=\"label\">Tol\u00e9rance :<\/td>\n<td>\u00b11%<\/td>\n<\/tr>\n<tr>\n<td class=\"label\">D\u00e9lai de livraison :<\/td>\n<td>15-21 jours<\/td>\n<\/tr>\n<tr>\n<td class=\"label\">Garantie :<\/td>\n<td>La couleur de la surface peut rester stable pendant 10 \u00e0 20 ans en utilisation int\u00e9rieure.<\/td>\n<\/tr>\n<\/table>\n<h2>Notre base de production<\/h2>\n<h3>Panorama de l'usine<\/h3>\n<p><img decoding=\"async\" src=\"\/wp-content\/uploads\/factory-01.webp\"\/><\/p>\n<h3>Atelier de fabrication de barres d'aluminium<\/h3>\n<p><img decoding=\"async\" src=\"\/wp-content\/uploads\/factory-02.webp\"\/><\/p>\n<\/p>\n<p><img decoding=\"async\" src=\"\/wp-content\/uploads\/factory-03.webp\"\/><\/p>\n<h3>Entrep\u00f4t de stockage des moules<\/h3>\n<p><img decoding=\"async\" src=\"\/wp-content\/uploads\/factory-04.webp\"\/><\/p>\n<h3>43 lignes d'extrusion d'aluminium (500-5500 tonnes)<\/h3>\n<p><img decoding=\"async\" src=\"\/wp-content\/uploads\/factory-05.webp\"\/><\/p>\n<p><img decoding=\"async\" src=\"\/wp-content\/uploads\/factory-06.webp\"\/><\/p>\n<p><img decoding=\"async\" src=\"\/wp-content\/uploads\/factory-07.webp\"\/><\/p>\n<h3>Atelier de peinture en poudre<\/h3>\n<p><img decoding=\"async\" src=\"\/wp-content\/uploads\/factory-09.webp\"\/><\/p>\n<h3>Atelier d'anodisation<\/h3>\n<p><img decoding=\"async\" src=\"\/wp-content\/uploads\/factory-10.webp\"\/><\/p>\n<h3>Atelier sur le traitement en profondeur<\/h3>\n<p><img decoding=\"async\" src=\"\/wp-content\/uploads\/factory-11.webp\"\/><\/p>\n<h3>Atelier d'usinage de pr\u00e9cision CNC<\/h3>\n<p><img decoding=\"async\" src=\"\/wp-content\/uploads\/factory-11.5.webp\"\/><\/p>\n<h3>Entrep\u00f4t de produits finis et d'exportation<\/h3>\n<p><img decoding=\"async\" src=\"\/wp-content\/uploads\/factory-12.webp\"\/><\/p>\n<p><img decoding=\"async\" src=\"\/wp-content\/uploads\/factory-13.webp\"\/><\/p>\n<p><img decoding=\"async\" src=\"\/wp-content\/uploads\/factory-14.webp\"\/><\/p>\n<h2>FAQ<\/h2>\n<p><b>1) Qu'est-ce qu'un tube carr\u00e9 en aluminium \u00e0 grain de bois ?<\/b><\/p>\n<p>Un tube carr\u00e9 en aluminium \u00e0 grain de bois est un profil\u00e9 creux en aluminium dont la finition de surface imite le grain de bois naturel, combinant durabilit\u00e9 et attrait esth\u00e9tique.\n<\/p>\n<p><\/p>\n<p><b>2) Quels sont les principaux avantages des tubes carr\u00e9s en aluminium \u00e0 grain de bois ?<\/b><\/p>\n<p>Ils offrent une excellente r\u00e9sistance \u00e0 la corrosion, une grande l\u00e9g\u00e8ret\u00e9, peu d'entretien et une texture de bois r\u00e9aliste adapt\u00e9e aux utilisations architecturales et d\u00e9coratives.\n<\/p>\n<p><\/p>\n<p><b>3. pourquoi choisir les tubes carr\u00e9s en aluminium \u00e0 grain de bois plut\u00f4t que le bois naturel ?<\/b><\/p>\n<p>Les tubes en aluminium r\u00e9sistent \u00e0 la pourriture, aux insectes, \u00e0 l'humidit\u00e9 et au gauchissement, offrant ainsi une plus grande durabilit\u00e9 et un entretien plus facile tout en conservant l'aspect naturel du bois.\n<\/p>\n<p><\/p>\n<p><b>4) Les tubes carr\u00e9s en aluminium \u00e0 grain de bois peuvent-ils \u00eatre personnalis\u00e9s ?<\/b><\/p>\n<p>Oui, ils peuvent \u00eatre personnalis\u00e9s en termes de taille, d'\u00e9paisseur de paroi, de motif de grain de bois, de couleur et de longueur pour r\u00e9pondre \u00e0 des exigences sp\u00e9cifiques en mati\u00e8re de conception et de structure.\n<\/p>\n<p><\/p>\n<p><b>5. Comment la finition grain de bois met-elle en valeur les tubes carr\u00e9s en aluminium ?<\/b><\/p>\n<p>La finition offre une esth\u00e9tique bois authentique tout en pr\u00e9servant la solidit\u00e9, la r\u00e9sistance \u00e0 la corrosion et la l\u00e9g\u00e8ret\u00e9 de l'aluminium.\n<\/p>\n<p><\/p>\n<p><b>6. les tubes carr\u00e9s en aluminium grain de bois conviennent-ils pour une utilisation en ext\u00e9rieur ?<\/b><\/p>\n<p>En effet, ils r\u00e9sistent \u00e0 l'exposition aux UV, \u00e0 l'humidit\u00e9 et aux conditions climatiques difficiles, ce qui les rend id\u00e9aux pour les rev\u00eatements ext\u00e9rieurs, les cl\u00f4tures et les applications d\u00e9coratives.\n<\/p>\n<p><\/p>\n<p><b>7) Quelles sont les industries qui utilisent couramment les tubes carr\u00e9s en aluminium \u00e0 grain de bois ?<\/b><\/p>\n<p>Les secteurs de la construction, de la fabrication de meubles, de la d\u00e9coration int\u00e9rieure et de l'am\u00e9nagement paysager utilisent ces tubes pour leur combinaison de beaut\u00e9 et de performance.\n<\/p>\n<p><\/p>\n<p><b>8 Comment les tubes carr\u00e9s en aluminium \u00e0 grain de bois contribuent-ils \u00e0 la construction durable ?<\/b><\/p>\n<p>L'aluminium est enti\u00e8rement recyclable et les finitions en grain de bois offrent une alternative \u00e9cologique au bois, r\u00e9duisant ainsi l'impact sur l'environnement et la d\u00e9forestation.\n<\/p>\n<p><\/p>","protected":false},"featured_media":6584,"template":"","categories":[64],"class_list":["post-6585","product","type-product","status-publish","has-post-thumbnail","hentry","category-new-trend-aluminium-products"],"meta_box":{"hilight_text_group":{"product_hilight_text":"<li>Wood grain finish offers natural aesthetics combined with aluminum strength<\/li>\r\r\n<li>Lightweight square tube with excellent corrosion resistance<\/li>\r\r\n<li>Ideal for decorative and structural applications in indoor and outdoor spaces<\/li>\r\r\n<li>Precision extrusion ensures consistent dimensions and high-quality surface<\/li>\r\r\n<li>Supports custom sizes, finishes, and bulk orders for diverse project needs<\/li>","product_chanpin_blog":"<ul>\r\r\n<li><a href=\"https:\/\/sinoextrud.com\/t-slot-v-slot-differences\/\" target=\"_blank\">t slot vs v slot<\/a><\/li>\r\r\n<li><a href=\"https:\/\/sinoextrud.com\/what-is-4040-aluminium-extrud\/\" target=\"_blank\">4040 aluminium extrusion<\/a><\/li>\r\r\n<li><a href=\"https:\/\/sinoextrud.com\/what-is-4040-aluminium-extrud\/\" target=\"_blank\">aluminum extrusions for industrial racks<\/a><\/li>\r\r\n<li><a href=\"https:\/\/sinoextrud.com\/powder-coating-aluminium-process\/\" target=\"_blank\">powder coating aluminium<\/a><\/li>\r\r\n<li><a href=\"https:\/\/sinoextrud.com\/what-is-an-aluminium-strip-ceiling\/\" target=\"_blank\">aluminium strip ceiling<\/a><\/li>\r\r\n<li><a href=\"https:\/\/sinoextrud.com\/what-is-a-heat-sink\/\" target=\"_blank\">what is a heat sink<\/a><\/li>\r\r\n<\/ul>","product_chanpin_chanpin":"<li><a href=\"https:\/\/sinoextrud.com\/product\/wood-grain-finish-aluminium-profiles\/\" target=\"_blank\">Wood Grain Finish Aluminium Profiles<\/a><\/li>\r\n<li><a href=\"https:\/\/sinoextrud.com\/product\/hot-selling-high-quality-powder-coating-wood-grain-single-sided-aluminum-plate\/\" target=\"_blank\">Hot Selling High-quality Powder Coating Wood Grain Single-sided Aluminum Plate<\/a><\/li>\r\n<li><a href=\"https:\/\/sinoextrud.com\/product\/anodized-extrusion-precise-round-square-aluminum-tube\/\" target=\"_blank\">Anodized Extrusion Precise Round Square Aluminum Tube<\/a><\/li>\r\n<li><a href=\"https:\/\/sinoextrud.com\/product\/custom-aluminum-fluorocarbon-wood-grain-fence\/\" target=\"_blank\">Custom Aluminum Fluorocarbon Wood Grain Fence<\/a><\/li>\r\n<li><a href=\"https:\/\/sinoextrud.com\/product\/wood-grain-aluminum-square-tube\/\" target=\"_blank\">Wood Grain Aluminum Square Tube<\/a><\/li>\r\n<li><a href=\"https:\/\/sinoextrud.com\/product\/glass-balcony-railing-aluminum-u-channel-design\/\" target=\"_blank\">Glass Balcony Railing Aluminum U Channel Design<\/a><\/li>\r\n<li><a href=\"https:\/\/sinoextrud.com\/product\/wood-grain-bamboo-aluminum-pipe\/\" target=\"_blank\">Wood Grain Bamboo Aluminum Pipe<\/a><\/li>\r\n<li><a href=\"https:\/\/sinoextrud.com\/product\/anodized-aluminum-eectronic-equipment-enclosure\/\" target=\"_blank\">Anodized Aluminum Eectronic Equipment Enclosure<\/a><\/li>\r\n<li><a href=\"https:\/\/sinoextrud.com\/product\/aluminum-shower-frame-parts\/\" target=\"_blank\">Aluminum Shower Frame Parts<\/a><\/li>\r\n<li><a href=\"https:\/\/sinoextrud.com\/product\/aluminium-extrusion-channel-profiles\/\" target=\"_blank\">Aluminium Extrusion Channel Profiles<\/a><\/li>\r\n<li><a href=\"https:\/\/sinoextrud.com\/product\/aluminium-profile-bed-frame\/\" target=\"_blank\">Aluminium Profile Bed Frame<\/a><\/li>"},"feature_list":[]},"_links":{"self":[{"href":"https:\/\/sinoextrud.com\/fr\/wp-json\/wp\/v2\/product\/6585","targetHints":{"allow":["GET"]}}],"collection":[{"href":"https:\/\/sinoextrud.com\/fr\/wp-json\/wp\/v2\/product"}],"about":[{"href":"https:\/\/sinoextrud.com\/fr\/wp-json\/wp\/v2\/types\/product"}],"wp:featuredmedia":[{"embeddable":true,"href":"https:\/\/sinoextrud.com\/fr\/wp-json\/wp\/v2\/media\/6584"}],"wp:attachment":[{"href":"https:\/\/sinoextrud.com\/fr\/wp-json\/wp\/v2\/media?parent=6585"}],"wp:term":[{"taxonomy":"category","embeddable":true,"href":"https:\/\/sinoextrud.com\/fr\/wp-json\/wp\/v2\/categories?post=6585"}],"curies":[{"name":"wp","href":"https:\/\/api.w.org\/{rel}","templated":true}]}}