{"id":6581,"date":"2025-05-29T09:38:41","date_gmt":"2025-05-29T09:38:41","guid":{"rendered":"https:\/\/sinoextrud.com\/product\/anodized-extrusion-precise-round-square-aluminum-tube\/"},"modified":"2025-06-24T06:11:13","modified_gmt":"2025-06-24T06:11:13","slug":"extrusion-anodisee-tube-aluminium-carre-rond-precis","status":"publish","type":"product","link":"https:\/\/sinoextrud.com\/fr\/product\/anodized-extrusion-precise-round-square-aluminum-tube\/","title":{"rendered":"Tube rond carr\u00e9 en aluminium anodis\u00e9 par extrusion de pr\u00e9cision"},"content":{"rendered":"<h2>D\u00e9tails des produits<\/h2>\n<table class=\"custom-table\">\n<tr>\n<td class=\"label\">Article :<\/td>\n<td>Tube rond carr\u00e9 en aluminium anodis\u00e9 par extrusion de pr\u00e9cision<\/td>\n<\/tr>\n<tr>\n<td class=\"label\">Temp\u00e9rer :<\/td>\n<td>6063-T5<\/td>\n<\/tr>\n<tr>\n<td class=\"label\">Forme :<\/td>\n<td>Tube, carr\u00e9<\/td>\n<\/tr>\n<tr>\n<td class=\"label\">Tol\u00e9rance :<\/td>\n<td>\u00b10,02 mm<\/td>\n<\/tr>\n<tr>\n<td class=\"label\">Fonctionnalit\u00e9 :<\/td>\n<td>Pr\u00e9cision<\/td>\n<\/tr>\n<tr>\n<td class=\"label\">D\u00e9lai de livraison :<\/td>\n<td>15-25 jours<\/td>\n<\/tr>\n<tr>\n<td class=\"label\">D\u00e9lai de paiement :<\/td>\n<td>T\/T(30% Deposit), L\/C<\/td>\n<\/tr>\n<tr>\n<td class=\"label\">Port :<\/td>\n<td>Guangzhou, Shenzhen, Foshan<\/td>\n<\/tr>\n<tr>\n<td class=\"label\">Standard :<\/td>\n<td>Norme internationale<\/td>\n<\/tr>\n<tr>\n<td class=\"label\">Mat\u00e9riau :<\/td>\n<td>S\u00e9rie 6000<\/td>\n<\/tr>\n<tr>\n<td class=\"label\">Lieu d'origine :<\/td>\n<td>Foshan, Guangdong<\/td>\n<\/tr>\n<tr>\n<td class=\"label\">Alliage ou non :<\/td>\n<td>Alliage d'aluminium<\/td>\n<\/tr>\n<tr>\n<td class=\"label\">Marque :<\/td>\n<td>Sinoextrud, Sinoextrud<\/td>\n<\/tr>\n<tr>\n<td class=\"label\">Traitement de surface :<\/td>\n<td>Anodisation, \u00e9lectrophor\u00e8se, polissage<\/td>\n<\/tr>\n<tr>\n<td class=\"label\">MOQ :<\/td>\n<td>200KG<\/td>\n<\/tr>\n<tr>\n<td class=\"label\">Service de traitement :<\/td>\n<td>Per\u00e7age, soudage, poin\u00e7onnage, d\u00e9coupage<\/td>\n<\/tr>\n<tr>\n<td class=\"label\">Longueur: :<\/td>\n<td>Sur mesure<\/td>\n<\/tr>\n<tr>\n<td class=\"label\">Production mensuelle :<\/td>\n<td>2400 tonnes -3000 tonnes<\/td>\n<\/tr>\n<\/table>\n<h2>Notre base de production<\/h2>\n<h3>Panorama de l'usine<\/h3>\n<p><img decoding=\"async\" src=\"\/wp-content\/uploads\/factory-01.webp\"\/><\/p>\n<h3>Atelier de fabrication de barres d'aluminium<\/h3>\n<p><img decoding=\"async\" src=\"\/wp-content\/uploads\/factory-02.webp\"\/><\/p>\n<p><img decoding=\"async\" src=\"\/wp-content\/uploads\/factory-03.webp\"\/><\/p>\n<h3>Entrep\u00f4t de stockage des moules<\/h3>\n<p><img decoding=\"async\" src=\"\/wp-content\/uploads\/factory-04.webp\"\/><\/p>\n<h3>43 lignes d'extrusion d'aluminium (500-5500 tonnes)<\/h3>\n<p><img decoding=\"async\" src=\"\/wp-content\/uploads\/factory-05.webp\"\/><\/p>\n<p><img decoding=\"async\" src=\"\/wp-content\/uploads\/factory-06.webp\"\/><\/p>\n<p><img decoding=\"async\" src=\"\/wp-content\/uploads\/factory-07.webp\"\/><\/p>\n<h3>Atelier de peinture en poudre<\/h3>\n<p><img decoding=\"async\" src=\"\/wp-content\/uploads\/factory-09.webp\"\/><\/p>\n<h3>Atelier d'anodisation<\/h3>\n<p><img decoding=\"async\" src=\"\/wp-content\/uploads\/factory-10.webp\"\/><\/p>\n<h3>Atelier sur le traitement en profondeur<\/h3>\n<p><img decoding=\"async\" src=\"\/wp-content\/uploads\/factory-11.webp\"\/><\/p>\n<h3>Atelier d'usinage de pr\u00e9cision CNC<\/h3>\n<p><img decoding=\"async\" src=\"\/wp-content\/uploads\/factory-11.5.webp\"\/><\/p>\n<h3>Entrep\u00f4t de produits finis et d'exportation<\/h3>\n<p><img decoding=\"async\" src=\"\/wp-content\/uploads\/factory-12.webp\"\/><\/p>\n<p><img decoding=\"async\" src=\"\/wp-content\/uploads\/factory-13.webp\"\/><\/p>\n<p><img decoding=\"async\" src=\"\/wp-content\/uploads\/factory-14.webp\"\/><\/p>\n<h2>FAQ<\/h2>\n<p><p><b>1) Qu'est-ce qu'un tube d'aluminium rond et carr\u00e9 de pr\u00e9cision par extrusion anodis\u00e9e ?<\/b><\/p>\n<p>Il s'agit d'un tube d'aluminium extrud\u00e9 avec des dimensions pr\u00e9cises, de forme ronde ou carr\u00e9e, fini par anodisation pour am\u00e9liorer la r\u00e9sistance \u00e0 la corrosion et la durabilit\u00e9 de la surface.<br \/>\n<\/p><br \/>\n<br \/>\n<p><b>2) Quels sont les principaux avantages de l'extrusion anodis\u00e9e de tubes ronds et carr\u00e9s en aluminium ?<\/b><\/p>\n<p>Ces tubes offrent une grande pr\u00e9cision dimensionnelle, une r\u00e9sistance sup\u00e9rieure \u00e0 la corrosion, une duret\u00e9 de surface accrue et un meilleur attrait esth\u00e9tique.<br \/>\n<\/p><br \/>\n<br \/>\n<p><b>3. pourquoi choisir l'extrusion anodis\u00e9e pour les tubes ronds et carr\u00e9s en aluminium ?<\/b><\/p>\n<p>L'anodisation fournit une couche d'oxyde protectrice qui augmente la r\u00e9sistance \u00e0 l'usure, pr\u00e9vient l'oxydation et permet d'obtenir des finitions color\u00e9es \u00e9clatantes et durables.<br \/>\n<\/p><br \/>\n<br \/>\n<p><b>4. les tubes ronds et carr\u00e9s en aluminium anodis\u00e9 peuvent-ils \u00eatre personnalis\u00e9s ?<\/b><\/p>\n<p>Oui, ils peuvent \u00eatre personnalis\u00e9s en termes de taille, de forme, de type d'alliage, d'\u00e9paisseur de paroi et de couleur d'anodisation pour r\u00e9pondre aux exigences sp\u00e9cifiques d'un projet.<br \/>\n<\/p><br \/>\n<br \/>\n<p><b>5. Comment l'anodisation am\u00e9liore-t-elle les performances des tubes en aluminium ?<\/b><\/p>\n<p>L'anodisation renforce la r\u00e9sistance \u00e0 la corrosion, r\u00e9duit les rayures de surface, am\u00e9liore l'adh\u00e9rence des peintures ou des adh\u00e9sifs et prolonge la dur\u00e9e de vie du tube.<br \/>\n<\/p><br \/>\n<br \/>\n<p><b>6. les tubes en aluminium pr\u00e9cis par extrusion anodis\u00e9e conviennent-ils pour des applications ext\u00e9rieures ?<\/b><\/p>\n<p>En effet, les tubes anodis\u00e9s r\u00e9sistent \u00e0 l'exposition aux UV, \u00e0 l'humidit\u00e9 et aux intemp\u00e9ries, ce qui les rend id\u00e9aux pour les utilisations architecturales ext\u00e9rieures, automobiles et industrielles.<br \/>\n<\/p><br \/>\n<br \/>\n<p><b>7) Quelles sont les industries qui b\u00e9n\u00e9ficient le plus de l'extrusion anodis\u00e9e de tubes d'aluminium ronds et carr\u00e9s pr\u00e9cis ?<\/b><\/p>\n<p>Les industries de l'a\u00e9rospatiale, de l'automobile, de la construction, de l'\u00e9lectronique et de l'ameublement utilisent ces tubes pour leur r\u00e9sistance, leur pr\u00e9cision et leur finition protectrice.<br \/>\n<\/p><br \/>\n<br \/>\n<p><b>8. Comment l'extrusion anodis\u00e9e favorise-t-elle la fabrication durable ?<\/b><\/p>\n<p>L'anodisation est un traitement de surface respectueux de l'environnement et l'aluminium est enti\u00e8rement recyclable, ce qui contribue \u00e0 une production durable et \u00e0 une r\u00e9duction de l'impact sur l'environnement.<br \/>\n<\/p><br \/><\/p>","protected":false},"featured_media":6580,"template":"","categories":[64],"class_list":["post-6581","product","type-product","status-publish","has-post-thumbnail","hentry","category-new-trend-aluminium-products"],"meta_box":{"hilight_text_group":{"product_hilight_text":"<li>High-precision anodized extrusion ensures uniform round and square tube dimensions<\/li>\r\r\n<li>Enhanced corrosion resistance and surface hardness through anodizing<\/li>\r\r\n<li>Lightweight yet strong aluminum suitable for structural and decorative use<\/li>\r\r\n<li>Available in various sizes, shapes, and custom finishes<\/li>\r\r\n<li>Supports bulk orders and OEM customization with reliable quality<\/li>","product_chanpin_blog":"<ul>\r\r\n<li><a href=\"https:\/\/sinoextrud.com\/t-slot-v-slot-differences\/\" target=\"_blank\">t slot vs v slot<\/a><\/li>\r\r\n<li><a href=\"https:\/\/sinoextrud.com\/what-is-4040-aluminium-extrud\/\" target=\"_blank\">4040 aluminium extrusion<\/a><\/li>\r\r\n<li><a href=\"https:\/\/sinoextrud.com\/what-is-4040-aluminium-extrud\/\" target=\"_blank\">aluminum extrusions for industrial racks<\/a><\/li>\r\r\n<li><a href=\"https:\/\/sinoextrud.com\/powder-coating-aluminium-process\/\" target=\"_blank\">powder coating aluminium<\/a><\/li>\r\r\n<li><a href=\"https:\/\/sinoextrud.com\/what-is-an-aluminium-strip-ceiling\/\" target=\"_blank\">aluminium strip ceiling<\/a><\/li>\r\r\n<li><a href=\"https:\/\/sinoextrud.com\/what-is-a-heat-sink\/\" target=\"_blank\">what is a heat sink<\/a><\/li>\r\r\n<\/ul>","product_chanpin_chanpin":"<li><a href=\"https:\/\/sinoextrud.com\/product\/wood-grain-finish-extruded-architectural-use-aluminium-profile\/\" target=\"_blank\">Wood grain finish extruded architectural use aluminium profile<\/a><\/li>\r\n<li><a href=\"https:\/\/sinoextrud.com\/product\/wood-grain-aluminium-extrusion-profile-for-furnitures-decoration\/\" target=\"_blank\">Wood Grain Aluminium Extrusion Profile for Furnitures Decoration<\/a><\/li>\r\n<li><a href=\"https:\/\/sinoextrud.com\/product\/wood-grain-finish-aluminium-profiles\/\" target=\"_blank\">Wood Grain Finish Aluminium Profiles<\/a><\/li>\r\n<li><a href=\"https:\/\/sinoextrud.com\/product\/hot-selling-high-quality-powder-coating-wood-grain-single-sided-aluminum-plate\/\" target=\"_blank\">Hot Selling High-quality Powder Coating Wood Grain Single-sided Aluminum Plate<\/a><\/li>\r\n<li><a href=\"https:\/\/sinoextrud.com\/product\/anodized-extrusion-precise-round-square-aluminum-tube\/\" target=\"_blank\">Anodized Extrusion Precise Round Square Aluminum Tube<\/a><\/li>\r\n<li><a href=\"https:\/\/sinoextrud.com\/product\/custom-aluminum-fluorocarbon-wood-grain-fence\/\" target=\"_blank\">Custom Aluminum Fluorocarbon Wood Grain Fence<\/a><\/li>\r\n<li><a href=\"https:\/\/sinoextrud.com\/product\/wood-grain-aluminum-square-tube\/\" target=\"_blank\">Wood Grain Aluminum Square Tube<\/a><\/li>\r\n<li><a href=\"https:\/\/sinoextrud.com\/product\/glass-balcony-railing-aluminum-u-channel-design\/\" target=\"_blank\">Glass Balcony Railing Aluminum U Channel Design<\/a><\/li>\r\n<li><a href=\"https:\/\/sinoextrud.com\/product\/wood-grain-bamboo-aluminum-pipe\/\" target=\"_blank\">Wood Grain Bamboo Aluminum Pipe<\/a><\/li>\r\n<li><a href=\"https:\/\/sinoextrud.com\/product\/v-shape-baffle-ceiling-system\/\" target=\"_blank\">V-shape Baffle Ceiling System<\/a><\/li>\r\n<li><a href=\"https:\/\/sinoextrud.com\/product\/fluorocarbon-coated-aluminium-extrusions\/\" target=\"_blank\">Fluorocarbon Coated Aluminium Extrusions<\/a><\/li>"},"feature_list":[]},"_links":{"self":[{"href":"https:\/\/sinoextrud.com\/fr\/wp-json\/wp\/v2\/product\/6581","targetHints":{"allow":["GET"]}}],"collection":[{"href":"https:\/\/sinoextrud.com\/fr\/wp-json\/wp\/v2\/product"}],"about":[{"href":"https:\/\/sinoextrud.com\/fr\/wp-json\/wp\/v2\/types\/product"}],"wp:featuredmedia":[{"embeddable":true,"href":"https:\/\/sinoextrud.com\/fr\/wp-json\/wp\/v2\/media\/6580"}],"wp:attachment":[{"href":"https:\/\/sinoextrud.com\/fr\/wp-json\/wp\/v2\/media?parent=6581"}],"wp:term":[{"taxonomy":"category","embeddable":true,"href":"https:\/\/sinoextrud.com\/fr\/wp-json\/wp\/v2\/categories?post=6581"}],"curies":[{"name":"wp","href":"https:\/\/api.w.org\/{rel}","templated":true}]}}