{"id":6575,"date":"2025-05-29T09:19:01","date_gmt":"2025-05-29T09:19:01","guid":{"rendered":"https:\/\/sinoextrud.com\/product\/wood-grain-aluminium-extrusion-profile-for-furnitures-decoration\/"},"modified":"2025-06-24T06:11:11","modified_gmt":"2025-06-24T06:11:11","slug":"profile-daluminium-extrude-en-grain-de-bois-pour-la-decoration-de-meubles","status":"publish","type":"product","link":"https:\/\/sinoextrud.com\/fr\/product\/wood-grain-aluminium-extrusion-profile-for-furnitures-decoration\/","title":{"rendered":"Profil\u00e9 d'extrusion en aluminium \u00e0 grain de bois pour la d\u00e9coration d'ameublement"},"content":{"rendered":"<h2>D\u00e9tails des produits<\/h2>\n<table class=\"custom-table\">\n<tr>\n<td class=\"label\">Article\uff1a<\/td>\n<td>Profil\u00e9 d'extrusion en aluminium \u00e0 grain de bois pour la d\u00e9coration d'ameublement<\/td>\n<\/tr>\n<tr>\n<td class=\"label\">Forme :<\/td>\n<td> Sur mesure<\/td>\n<\/tr>\n<tr>\n<td class=\"label\">Temp\u00e9rer :<\/td>\n<td> T3-T8<\/td>\n<\/tr>\n<tr>\n<td class=\"label\">Alliage :<\/td>\n<td> Alliage<\/td>\n<\/tr>\n<tr>\n<td class=\"label\">Grade :<\/td>\n<td> S\u00e9rie 6000<\/td>\n<\/tr>\n<tr>\n<td class=\"label\">Sp\u00e9cification :<\/td>\n<td> 1m-9m ou taille personnalis\u00e9e<\/td>\n<\/tr>\n<tr>\n<td class=\"label\">Origine :<\/td>\n<td> Foshan, Chine<\/td>\n<\/tr>\n<tr>\n<td class=\"label\">Type :<\/td>\n<td> Profil\u00e9 en aluminium pour portes et fen\u00eatres, profil\u00e9 en aluminium \u00e0 grain de bois, profil\u00e9 en aluminium pour la d\u00e9coration, profil\u00e9 en aluminium pour dissipateur thermique, profil\u00e9 en aluminium pour parois en verre, profil\u00e9 en aluminium pour le transport, meubles en aluminium, profil\u00e9s en aluminium pour machines \u00e0 grain de bois, profil\u00e9 d'extrusion en aluminium.<\/td>\n<\/tr>\n<\/table>\n<h2>Notre base de production<\/h2>\n<h3>Panorama de l'usine<\/h3>\n<p><img decoding=\"async\" src=\"\/wp-content\/uploads\/factory-01.webp\"\/><\/p>\n<h3>Atelier de fabrication de barres d'aluminium<\/h3>\n<p><img decoding=\"async\" src=\"\/wp-content\/uploads\/factory-02.webp\"\/><\/p>\n<p><img decoding=\"async\" src=\"\/wp-content\/uploads\/factory-03.webp\"\/><\/p>\n<h3>Entrep\u00f4t de stockage des moules<\/h3>\n<p><img decoding=\"async\" src=\"\/wp-content\/uploads\/factory-04.webp\"\/><\/p>\n<h3>43 lignes d'extrusion d'aluminium (500-5500 tonnes)<\/h3>\n<p><img decoding=\"async\" src=\"\/wp-content\/uploads\/factory-05.webp\"\/><\/p>\n<p><img decoding=\"async\" src=\"\/wp-content\/uploads\/factory-06.webp\"\/><\/p>\n<p><img decoding=\"async\" src=\"\/wp-content\/uploads\/factory-07.webp\"\/><\/p>\n<h3>Atelier de peinture en poudre<\/h3>\n<p><img decoding=\"async\" src=\"\/wp-content\/uploads\/factory-09.webp\"\/><\/p>\n<h3>Atelier d'anodisation<\/h3>\n<p><img decoding=\"async\" src=\"\/wp-content\/uploads\/factory-10.webp\"\/><\/p>\n<h3>Atelier sur le traitement en profondeur<\/h3>\n<p><img decoding=\"async\" src=\"\/wp-content\/uploads\/factory-11.webp\"\/><\/p>\n<h3>Atelier d'usinage de pr\u00e9cision CNC<\/h3>\n<p><img decoding=\"async\" src=\"\/wp-content\/uploads\/factory-11.5.webp\"\/><\/p>\n<h3>Entrep\u00f4t de produits finis et d'exportation<\/h3>\n<p><img decoding=\"async\" src=\"\/wp-content\/uploads\/factory-12.webp\"\/><\/p>\n<p><img decoding=\"async\" src=\"\/wp-content\/uploads\/factory-13.webp\"\/><\/p>\n<p><img decoding=\"async\" src=\"\/wp-content\/uploads\/factory-14.webp\"\/><\/p>\n<h2>FAQ<\/h2>\n<p><p><b>1) Qu'est-ce qu'un profil\u00e9 d'extrusion en aluminium \u00e0 grain de bois pour la d\u00e9coration de meubles ?<\/b><\/p>\n<p>Il s'agit d'une extrusion d'aluminium avec une finition en grain de bois con\u00e7ue sp\u00e9cifiquement pour des applications d\u00e9coratives dans la fabrication de meubles.<br \/>\n<\/p><br \/>\n<br \/>\n<p><b>2) Quels sont les principaux avantages des profil\u00e9s d'extrusion en aluminium \u00e0 grain de bois pour l'ameublement ?<\/b><\/p>\n<p>Ils offrent une excellente durabilit\u00e9, une r\u00e9sistance l\u00e9g\u00e8re, une r\u00e9sistance \u00e0 la corrosion, un faible entretien et un aspect bois r\u00e9aliste.<br \/>\n<\/p><br \/>\n<br \/>\n<p><b>3. pourquoi choisir l'aluminium extrud\u00e9 \u00e0 grain de bois plut\u00f4t que le bois naturel pour la d\u00e9coration des meubles ?<\/b><\/p>\n<p>Les profil\u00e9s en aluminium r\u00e9sistent \u00e0 la d\u00e9formation, \u00e0 l'humidit\u00e9, aux insectes et n\u00e9cessitent moins d'entretien tout en offrant l'aspect \u00e9l\u00e9gant du bois naturel.<br \/>\n<\/p><br \/>\n<br \/>\n<p><b>4) Les profil\u00e9s d'extrusion en aluminium \u00e0 grain de bois peuvent-ils \u00eatre personnalis\u00e9s pour des meubles ?<\/b><\/p>\n<p>Oui, ils peuvent \u00eatre personnalis\u00e9s en termes de taille, de forme, de texture du bois, de couleur et de finition pour r\u00e9pondre \u00e0 des exigences sp\u00e9cifiques en mati\u00e8re de conception de meubles.<br \/>\n<\/p><br \/>\n<br \/>\n<p><b>5. Comment la finition grain de bois met-elle en valeur les profil\u00e9s en aluminium dans la d\u00e9coration de meubles ?<\/b><\/p>\n<p>La finition offre une esth\u00e9tique bois authentique tout en conservant la r\u00e9sistance, la durabilit\u00e9 et la facilit\u00e9 de nettoyage de l'aluminium.<br \/>\n<\/p><br \/>\n<br \/>\n<p><b>6. les profil\u00e9s extrud\u00e9s en aluminium \u00e0 grain de bois conviennent-ils pour l'ameublement int\u00e9rieur ?<\/b><\/p>\n<p>Oui, ils sont id\u00e9aux pour les meubles d'int\u00e9rieur, car ils offrent une beaut\u00e9 durable et une r\u00e9sistance \u00e0 l'usure et aux facteurs environnementaux.<br \/>\n<\/p><br \/>\n<br \/>\n<p><b>7) Quelles sont les industries qui utilisent couramment les profil\u00e9s d'extrusion en aluminium \u00e0 grain de bois pour l'ameublement ?<\/b><\/p>\n<p>Les fabricants de meubles, les d\u00e9corateurs d'int\u00e9rieur et les entreprises de d\u00e9coration utilisent ces profil\u00e9s pour leur combinaison de style et de fonctionnalit\u00e9.<br \/>\n<\/p><br \/>\n<br \/>\n<p><b>8. Comment les profil\u00e9s d'extrusion en aluminium \u00e0 grain de bois contribuent-ils \u00e0 la fabrication de meubles durables ?<\/b><\/p>\n<p>L'aluminium est enti\u00e8rement recyclable et les finitions en grain de bois offrent une alternative \u00e9cologique au bois, r\u00e9duisant ainsi l'impact sur l'environnement et la d\u00e9forestation.<br \/>\n<\/p><br \/><\/p>","protected":false},"featured_media":6574,"template":"","categories":[65],"class_list":["post-6575","product","type-product","status-publish","has-post-thumbnail","hentry","category-wooden-grained-aluminum-profile"],"meta_box":{"hilight_text_group":{"product_hilight_text":"<li>Wood grain finish offers natural wood aesthetics with aluminum durability<\/li>\r\r\n<li>Precision extrusion ensures consistent profiles for furniture decoration<\/li>\r\r\n<li>Lightweight and corrosion-resistant for long-lasting furniture components<\/li>\r\r\n<li>Easy to fabricate, cut, and install for custom furniture designs<\/li>\r\r\n<li>Supports bulk orders and OEM customization for diverse project needs<\/li>","product_chanpin_blog":"<ul>\r\r\n<li><a href=\"https:\/\/sinoextrud.com\/t-slot-v-slot-differences\/\" target=\"_blank\">t slot vs v slot<\/a><\/li>\r\r\n<li><a href=\"https:\/\/sinoextrud.com\/what-is-4040-aluminium-extrud\/\" target=\"_blank\">4040 aluminium extrusion<\/a><\/li>\r\r\n<li><a href=\"https:\/\/sinoextrud.com\/what-is-4040-aluminium-extrud\/\" target=\"_blank\">aluminum extrusions for industrial racks<\/a><\/li>\r\r\n<li><a href=\"https:\/\/sinoextrud.com\/powder-coating-aluminium-process\/\" target=\"_blank\">powder coating aluminium<\/a><\/li>\r\r\n<li><a href=\"https:\/\/sinoextrud.com\/what-is-an-aluminium-strip-ceiling\/\" target=\"_blank\">aluminium strip ceiling<\/a><\/li>\r\r\n<li><a href=\"https:\/\/sinoextrud.com\/what-is-a-heat-sink\/\" target=\"_blank\">what is a heat sink<\/a><\/li>\r\r\n<\/ul>","product_chanpin_chanpin":"<li><a href=\"https:\/\/sinoextrud.com\/product\/extruded-aluminum-wood-grain-tube-profile\/\" target=\"_blank\">Extruded Aluminum Wood Grain Tube Profile<\/a><\/li>\r\n<li><a href=\"https:\/\/sinoextrud.com\/product\/wood-grain-aluminum-box-section\/\" target=\"_blank\">Wood Grain Aluminum Box Section<\/a><\/li>\r\n<li><a href=\"https:\/\/sinoextrud.com\/product\/wood-grain-false-ceiling-aluminium-profiles\/\" target=\"_blank\">Wood Grain False Ceiling Aluminium Profiles<\/a><\/li>\r\n<li><a href=\"https:\/\/sinoextrud.com\/product\/wood-grain-finish-extruded-architectural-use-aluminium-profile\/\" target=\"_blank\">Wood grain finish extruded architectural use aluminium profile<\/a><\/li>\r\n<li><a href=\"https:\/\/sinoextrud.com\/product\/wood-grain-aluminium-extrusion-profile-for-furnitures-decoration\/\" target=\"_blank\">Wood Grain Aluminium Extrusion Profile for Furnitures Decoration<\/a><\/li>\r\n<li><a href=\"https:\/\/sinoextrud.com\/product\/wood-grain-finish-aluminium-profiles\/\" target=\"_blank\">Wood Grain Finish Aluminium Profiles<\/a><\/li>\r\n<li><a href=\"https:\/\/sinoextrud.com\/product\/hot-selling-high-quality-powder-coating-wood-grain-single-sided-aluminum-plate\/\" target=\"_blank\">Hot Selling High-quality Powder Coating Wood Grain Single-sided Aluminum Plate<\/a><\/li>\r\n<li><a href=\"https:\/\/sinoextrud.com\/product\/anodized-extrusion-precise-round-square-aluminum-tube\/\" target=\"_blank\">Anodized Extrusion Precise Round Square Aluminum Tube<\/a><\/li>\r\n<li><a href=\"https:\/\/sinoextrud.com\/product\/custom-aluminum-fluorocarbon-wood-grain-fence\/\" target=\"_blank\">Custom Aluminum Fluorocarbon Wood Grain Fence<\/a><\/li>\r\n<li><a href=\"https:\/\/sinoextrud.com\/product\/custom-industrial-extruded-aluminum-alloy\/\" target=\"_blank\">Custom Industrial Extruded Aluminum Alloy<\/a><\/li>\r\n<li><a href=\"https:\/\/sinoextrud.com\/product\/aluminum-profile-shutter\/\" target=\"_blank\">Aluminum Profile Shutter<\/a><\/li>"},"feature_list":[]},"_links":{"self":[{"href":"https:\/\/sinoextrud.com\/fr\/wp-json\/wp\/v2\/product\/6575","targetHints":{"allow":["GET"]}}],"collection":[{"href":"https:\/\/sinoextrud.com\/fr\/wp-json\/wp\/v2\/product"}],"about":[{"href":"https:\/\/sinoextrud.com\/fr\/wp-json\/wp\/v2\/types\/product"}],"wp:featuredmedia":[{"embeddable":true,"href":"https:\/\/sinoextrud.com\/fr\/wp-json\/wp\/v2\/media\/6574"}],"wp:attachment":[{"href":"https:\/\/sinoextrud.com\/fr\/wp-json\/wp\/v2\/media?parent=6575"}],"wp:term":[{"taxonomy":"category","embeddable":true,"href":"https:\/\/sinoextrud.com\/fr\/wp-json\/wp\/v2\/categories?post=6575"}],"curies":[{"name":"wp","href":"https:\/\/api.w.org\/{rel}","templated":true}]}}