{"id":6569,"date":"2025-05-29T09:06:46","date_gmt":"2025-05-29T09:06:46","guid":{"rendered":"https:\/\/sinoextrud.com\/product\/wood-grain-aluminum-box-section\/"},"modified":"2025-06-24T06:11:11","modified_gmt":"2025-06-24T06:11:11","slug":"profile-de-boite-en-aluminium-a-grain-de-bois","status":"publish","type":"product","link":"https:\/\/sinoextrud.com\/fr\/product\/wood-grain-aluminum-box-section\/","title":{"rendered":"Section de bo\u00eete en aluminium \u00e0 grain de bois"},"content":{"rendered":"<h2>D\u00e9tails des produits<\/h2>\n<table class=\"custom-table\">\n<tr>\n<td class=\"label\">Nom du produit<\/td>\n<td>Section de bo\u00eete en aluminium \u00e0 grain de bois<\/td>\n<\/tr>\n<tr>\n<td class=\"label\">Mat\u00e9riau<\/td>\n<td>6063, 6061, 6463, 6082 Alliage d'aluminium<\/td>\n<\/tr>\n<tr>\n<td class=\"label\">Garantie<\/td>\n<td>Grain de bois ext\u00e9rieur r\u00e9sistant aux intemp\u00e9ries, grain de bois Aksu et Menphis, grain de bois import\u00e9 r\u00e9sistant aux intemp\u00e9ries, garantie 10 ans, garantie 15 ans Grain de bois ext\u00e9rieur r\u00e9sistant aux intemp\u00e9ries.<\/td>\n<\/tr>\n<tr>\n<td class=\"label\">Couleur<\/td>\n<td>Sur mesure<\/td>\n<\/tr>\n<tr>\n<td class=\"label\">Grade<\/td>\n<td>S\u00e9rie 6000<\/td>\n<\/tr>\n<tr>\n<td class=\"label\">\u00c9paisseur<\/td>\n<td>Sur mesure<\/td>\n<\/tr>\n<tr>\n<td class=\"label\">Utilisation<\/td>\n<td>D\u00e9coration<\/td>\n<\/tr>\n<tr>\n<td class=\"label\">Temp\u00e9rer<\/td>\n<td>T3-T8<\/td>\n<\/tr>\n<tr>\n<td class=\"label\">Longueur<\/td>\n<td>Sur mesure<\/td>\n<\/tr>\n<tr>\n<td class=\"label\">Traitement de surface<\/td>\n<td>Rev\u00eatement en poudre, finition en usine, PVDF, anodis\u00e9, grain de bois, poli, bross\u00e9, etc.<\/td>\n<\/tr>\n<tr>\n<td class=\"label\">Orgin<\/td>\n<td>CHINE<\/td>\n<\/tr>\n<tr>\n<td class=\"label\">Est-il en alliage ou non ?<\/td>\n<td>Est un alliage<\/td>\n<\/tr>\n<tr>\n<td class=\"label\">Port<\/td>\n<td>Guangzhou, Shenzhen, Foshan<\/td>\n<\/tr>\n<\/table>\n<h2>Notre base de production<\/h2>\n<h3>Panorama de l'usine<\/h3>\n<p><img decoding=\"async\" src=\"\/wp-content\/uploads\/factory-01.webp\"\/><\/p>\n<h3>Atelier de fabrication de barres d'aluminium<\/h3>\n<p><img decoding=\"async\" src=\"\/wp-content\/uploads\/factory-02.webp\"\/><\/p>\n<p><img decoding=\"async\" src=\"\/wp-content\/uploads\/factory-03.webp\"\/><\/p>\n<h3>Entrep\u00f4t de stockage des moules<\/h3>\n<p><img decoding=\"async\" src=\"\/wp-content\/uploads\/factory-04.webp\"\/><\/p>\n<h3>43 lignes d'extrusion d'aluminium (500-5500 tonnes)<\/h3>\n<p><img decoding=\"async\" src=\"\/wp-content\/uploads\/factory-05.webp\"\/><\/p>\n<p><img decoding=\"async\" src=\"\/wp-content\/uploads\/factory-06.webp\"\/><\/p>\n<p><img decoding=\"async\" src=\"\/wp-content\/uploads\/factory-07.webp\"\/><\/p>\n<h3>Atelier de peinture en poudre<\/h3>\n<p><img decoding=\"async\" src=\"\/wp-content\/uploads\/factory-09.webp\"\/><\/p>\n<h3>Atelier d'anodisation<\/h3>\n<p><img decoding=\"async\" src=\"\/wp-content\/uploads\/factory-10.webp\"\/><\/p>\n<h3>Atelier sur le traitement en profondeur<\/h3>\n<p><img decoding=\"async\" src=\"\/wp-content\/uploads\/factory-11.webp\"\/><\/p>\n<h3>Atelier d'usinage de pr\u00e9cision CNC<\/h3>\n<p><img decoding=\"async\" src=\"\/wp-content\/uploads\/factory-11.5.webp\"\/><\/p>\n<h3>Entrep\u00f4t de produits finis et d'exportation<\/h3>\n<p><img decoding=\"async\" src=\"\/wp-content\/uploads\/factory-12.webp\"\/><\/p>\n<p><img decoding=\"async\" src=\"\/wp-content\/uploads\/factory-13.webp\"\/><\/p>\n<p><img decoding=\"async\" src=\"\/wp-content\/uploads\/factory-14.webp\"\/><\/p>\n<h2>FAQ<\/h2>\n<p><p><b>1) Qu'est-ce qu'une section de bo\u00eete en aluminium \u00e0 grain de bois ?<\/b><\/p>\n<p>Un caisson en aluminium \u00e0 grain de bois est un profil\u00e9 creux en aluminium dont la finition de surface reproduit l'aspect et la texture du bois naturel, alliant solidit\u00e9 et esth\u00e9tique.<br \/>\n<\/p><br \/>\n<br \/>\n<p><b>2) Quels sont les principaux avantages des caissons en aluminium \u00e0 grain de bois ?<\/b><\/p>\n<p>Ils offrent une excellente r\u00e9sistance \u00e0 la corrosion, une grande l\u00e9g\u00e8ret\u00e9, peu d'entretien et un aspect bois authentique adapt\u00e9 aux utilisations structurelles et d\u00e9coratives.<br \/>\n<\/p><br \/>\n<br \/>\n<p><b>3) Pourquoi choisir des caissons en aluminium \u00e0 grain de bois plut\u00f4t qu'en bois naturel ?<\/b><\/p>\n<p>Les caissons en aluminium r\u00e9sistent \u00e0 la pourriture, aux insectes, \u00e0 l'humidit\u00e9 et au gauchissement, offrant ainsi une plus grande durabilit\u00e9 et un entretien plus facile tout en imitant la beaut\u00e9 naturelle du bois.<br \/>\n<\/p><br \/>\n<br \/>\n<p><b>4) Les sections de bo\u00eetes en aluminium \u00e0 grain de bois peuvent-elles \u00eatre personnalis\u00e9es ?<\/b><\/p>\n<p>Oui, ils peuvent \u00eatre personnalis\u00e9s en termes de taille, d'\u00e9paisseur de paroi, de motif de grain de bois, de couleur et de longueur pour r\u00e9pondre \u00e0 des exigences architecturales et structurelles sp\u00e9cifiques.<br \/>\n<\/p><br \/>\n<br \/>\n<p><b>5. Comment la finition en grain de bois met-elle en valeur les sections de bo\u00eetes en aluminium ?<\/b><\/p>\n<p>La finition offre une texture et une couleur bois r\u00e9alistes tout en pr\u00e9servant la durabilit\u00e9, la r\u00e9sistance \u00e0 la rouille et la l\u00e9g\u00e8ret\u00e9 de l'aluminium.<br \/>\n<\/p><br \/>\n<br \/>\n<p><b>6) Les caissons en aluminium \u00e0 grain de bois conviennent-ils \u00e0 une utilisation en ext\u00e9rieur ?<\/b><\/p>\n<p>En effet, ils r\u00e9sistent \u00e0 l'exposition aux UV, \u00e0 l'humidit\u00e9 et aux conditions climatiques difficiles, ce qui les rend id\u00e9aux pour les rev\u00eatements ext\u00e9rieurs, les cl\u00f4tures et les applications structurelles.<br \/>\n<\/p><br \/>\n<br \/>\n<p><b>7) Quelles sont les industries qui utilisent le plus souvent des caissons en aluminium \u00e0 grain de bois ?<\/b><\/p>\n<p>Les secteurs de la construction, de la fabrication de meubles, de la d\u00e9coration int\u00e9rieure et de l'am\u00e9nagement paysager utilisent ces profil\u00e9s pour leur combinaison d'esth\u00e9tique et de r\u00e9sistance.<br \/>\n<\/p><br \/>\n<br \/>\n<p><b>8. Comment les profil\u00e9s en aluminium \u00e0 grain de bois contribuent-ils \u00e0 la construction durable ?<\/b><\/p>\n<p>L'aluminium est enti\u00e8rement recyclable et les finitions en grain de bois constituent une alternative \u00e9cologique au bois, r\u00e9duisant ainsi l'impact sur l'environnement et la d\u00e9forestation.<br \/>\n<\/p><br \/><\/p>","protected":false},"featured_media":6568,"template":"","categories":[65],"class_list":["post-6569","product","type-product","status-publish","has-post-thumbnail","hentry","category-wooden-grained-aluminum-profile"],"meta_box":{"hilight_text_group":{"product_hilight_text":"<li>Wood grain finish delivers natural wood appearance with aluminum durability<\/li>\r\r\n<li>Box section design provides strong structural support and rigidity<\/li>\r\r\n<li>Lightweight and corrosion-resistant for long-lasting outdoor use<\/li>\r\r\n<li>Precision extrusion ensures consistent dimensions and surface quality<\/li>\r\r\n<li>Custom sizes and bulk orders available to meet project demands<\/li>","product_chanpin_blog":"<ul>\r\r\n<li><a href=\"https:\/\/sinoextrud.com\/t-slot-v-slot-differences\/\" target=\"_blank\">t slot vs v slot<\/a><\/li>\r\r\n<li><a href=\"https:\/\/sinoextrud.com\/what-is-4040-aluminium-extrud\/\" target=\"_blank\">4040 aluminium extrusion<\/a><\/li>\r\r\n<li><a href=\"https:\/\/sinoextrud.com\/what-is-4040-aluminium-extrud\/\" target=\"_blank\">aluminum extrusions for industrial racks<\/a><\/li>\r\r\n<li><a href=\"https:\/\/sinoextrud.com\/powder-coating-aluminium-process\/\" target=\"_blank\">powder coating aluminium<\/a><\/li>\r\r\n<li><a href=\"https:\/\/sinoextrud.com\/what-is-an-aluminium-strip-ceiling\/\" target=\"_blank\">aluminium strip ceiling<\/a><\/li>\r\r\n<li><a href=\"https:\/\/sinoextrud.com\/what-is-a-heat-sink\/\" target=\"_blank\">what is a heat sink<\/a><\/li>\r\r\n<\/ul>","product_chanpin_chanpin":"<li><a href=\"https:\/\/sinoextrud.com\/product\/wood-finish-aluminum-tube\/\" target=\"_blank\">Wood Finish Aluminum Tube<\/a><\/li>\r\n<li><a href=\"https:\/\/sinoextrud.com\/product\/3d-wood-grain-aluminium-battens\/\" target=\"_blank\">3D Wood Grain Aluminium Battens<\/a><\/li>\r\n<li><a href=\"https:\/\/sinoextrud.com\/product\/commercial-handrail-systems\/\" target=\"_blank\">Commercial Handrail Systems<\/a><\/li>\r\n<li><a href=\"https:\/\/sinoextrud.com\/product\/extruded-aluminum-wood-grain-tube-profile\/\" target=\"_blank\">Extruded Aluminum Wood Grain Tube Profile<\/a><\/li>\r\n<li><a href=\"https:\/\/sinoextrud.com\/product\/wood-grain-aluminum-box-section\/\" target=\"_blank\">Wood Grain Aluminum Box Section<\/a><\/li>\r\n<li><a href=\"https:\/\/sinoextrud.com\/product\/wood-grain-false-ceiling-aluminium-profiles\/\" target=\"_blank\">Wood Grain False Ceiling Aluminium Profiles<\/a><\/li>\r\n<li><a href=\"https:\/\/sinoextrud.com\/product\/wood-grain-finish-extruded-architectural-use-aluminium-profile\/\" target=\"_blank\">Wood grain finish extruded architectural use aluminium profile<\/a><\/li>\r\n<li><a href=\"https:\/\/sinoextrud.com\/product\/wood-grain-aluminium-extrusion-profile-for-furnitures-decoration\/\" target=\"_blank\">Wood Grain Aluminium Extrusion Profile for Furnitures Decoration<\/a><\/li>\r\n<li><a href=\"https:\/\/sinoextrud.com\/product\/wood-grain-finish-aluminium-profiles\/\" target=\"_blank\">Wood Grain Finish Aluminium Profiles<\/a><\/li>\r\n<li><a href=\"https:\/\/sinoextrud.com\/product\/extruded-aluminium-profile-for-triangle-and-rectangle-pipe-with-6063-alloy-anodized-mill-finish-surface\/\" target=\"_blank\">Extruded Aluminium Profile For Triangle And Rectangle Pipe With 6063 Alloy Anodized Mill Finish Surface<\/a><\/li>\r\n<li><a href=\"https:\/\/sinoextrud.com\/product\/led-aluminum-profile-strip-heatsink\/\" target=\"_blank\">Led Aluminum Profile Strip Heatsink<\/a><\/li>"},"feature_list":[]},"_links":{"self":[{"href":"https:\/\/sinoextrud.com\/fr\/wp-json\/wp\/v2\/product\/6569","targetHints":{"allow":["GET"]}}],"collection":[{"href":"https:\/\/sinoextrud.com\/fr\/wp-json\/wp\/v2\/product"}],"about":[{"href":"https:\/\/sinoextrud.com\/fr\/wp-json\/wp\/v2\/types\/product"}],"wp:featuredmedia":[{"embeddable":true,"href":"https:\/\/sinoextrud.com\/fr\/wp-json\/wp\/v2\/media\/6568"}],"wp:attachment":[{"href":"https:\/\/sinoextrud.com\/fr\/wp-json\/wp\/v2\/media?parent=6569"}],"wp:term":[{"taxonomy":"category","embeddable":true,"href":"https:\/\/sinoextrud.com\/fr\/wp-json\/wp\/v2\/categories?post=6569"}],"curies":[{"name":"wp","href":"https:\/\/api.w.org\/{rel}","templated":true}]}}