{"id":6565,"date":"2025-05-29T09:00:57","date_gmt":"2025-05-29T09:00:57","guid":{"rendered":"https:\/\/sinoextrud.com\/product\/commercial-handrail-systems\/"},"modified":"2025-06-24T06:11:10","modified_gmt":"2025-06-24T06:11:10","slug":"systemes-de-mains-courantes-commerciaux","status":"publish","type":"product","link":"https:\/\/sinoextrud.com\/fr\/product\/commercial-handrail-systems\/","title":{"rendered":"Syst\u00e8mes de mains courantes commerciaux"},"content":{"rendered":"<h2>D\u00e9tails des produits<\/h2>\n<table class=\"custom-table\">\n<tr>\n<td class=\"label\">Application :<\/td>\n<td>syst\u00e8mes de mains courantes commerciaux<\/td>\n<\/tr>\n<tr>\n<td class=\"label\">Grade :<\/td>\n<td>S\u00e9rie 6000<\/td>\n<\/tr>\n<tr>\n<td class=\"label\">Technique :<\/td>\n<td>Profil\u00e9s d'aluminium extrud\u00e9s et traitement CNC<\/td>\n<\/tr>\n<tr>\n<td class=\"label\">Temp\u00e9rer :<\/td>\n<td>T3 - T8<\/td>\n<\/tr>\n<tr>\n<td class=\"label\">Tailles :<\/td>\n<td>80*33.2MM<\/td>\n<\/tr>\n<tr>\n<td class=\"label\">Services d'usinage :<\/td>\n<td>Per\u00e7age, taraudage, rivetage, assemblage, etc.<\/td>\n<\/tr>\n<tr>\n<td class=\"label\">Marque d\u00e9pos\u00e9e :<\/td>\n<td>Sinoextrud<\/td>\n<\/tr>\n<tr>\n<td class=\"label\">Origine :<\/td>\n<td>Guangdong<\/td>\n<\/tr>\n<tr>\n<td class=\"label\">Type :<\/td>\n<td>Profil\u00e9s en aluminium pour balcon, solarium, \u00e9tage de villa, d\u00e9coration de cloisons<\/td>\n<\/tr>\n<tr>\n<td class=\"label\">Forme :<\/td>\n<td>Con\u00e7us par les clients<\/td>\n<\/tr>\n<tr>\n<td class=\"label\">Traitement de surface :<\/td>\n<td>bois grain\u00e9<\/td>\n<\/tr>\n<tr>\n<td class=\"label\">Certification :<\/td>\n<td>ISO, RoHS<\/td>\n<\/tr>\n<tr>\n<td class=\"label\">Longueur :<\/td>\n<td>Il peut r\u00e9pondre \u00e0 des besoins sp\u00e9cifiques<\/td>\n<\/tr>\n<tr>\n<td class=\"label\">Couleurs :<\/td>\n<td>bois, marron, jaune d'or<\/td>\n<\/tr>\n<tr>\n<td class=\"label\">Sp\u00e9cification :<\/td>\n<td>16,8*15,1mm<\/td>\n<\/tr>\n<tr>\n<td class=\"label\">Code HS :<\/td>\n<td>76042990<\/td>\n<\/tr>\n<\/table>\n<h2>Notre base de production<\/h2>\n<h3>Panorama de l'usine<\/h3>\n<p><img decoding=\"async\" src=\"\/wp-content\/uploads\/factory-01.webp\"\/><\/p>\n<h3>Atelier de fabrication de barres d'aluminium<\/h3>\n<p><img decoding=\"async\" src=\"\/wp-content\/uploads\/factory-02.webp\"\/><\/p>\n<p><img decoding=\"async\" src=\"\/wp-content\/uploads\/factory-03.webp\"\/><\/p>\n<h3>Entrep\u00f4t de stockage des moules<\/h3>\n<p><img decoding=\"async\" src=\"\/wp-content\/uploads\/factory-04.webp\"\/><\/p>\n<h3>43 lignes d'extrusion d'aluminium (500 \u00e0 5500 tonnes)<\/h3>\n<p><img decoding=\"async\" src=\"\/wp-content\/uploads\/factory-05.webp\"\/><\/p>\n<p><img decoding=\"async\" src=\"\/wp-content\/uploads\/factory-06.webp\"\/><\/p>\n<p><img decoding=\"async\" src=\"\/wp-content\/uploads\/factory-07.webp\"\/><\/p>\n<h3>Atelier de peinture en poudre<\/h3>\n<p><img decoding=\"async\" src=\"\/wp-content\/uploads\/factory-09.webp\"\/><\/p>\n<h3>Atelier d'anodisation<\/h3>\n<p><img decoding=\"async\" src=\"\/wp-content\/uploads\/factory-10.webp\"\/><\/p>\n<h3>Atelier sur le traitement en profondeur<\/h3>\n<p><img decoding=\"async\" src=\"\/wp-content\/uploads\/factory-11.webp\"\/><\/p>\n<h3>Atelier d'usinage de pr\u00e9cision CNC<\/h3>\n<p><img decoding=\"async\" src=\"\/wp-content\/uploads\/factory-11.5.webp\"\/><\/p>\n<h3>Entrep\u00f4t de produits finis et d'exportation<\/h3>\n<p><img decoding=\"async\" src=\"\/wp-content\/uploads\/factory-12.webp\"\/><\/p>\n<p><img decoding=\"async\" src=\"\/wp-content\/uploads\/factory-13.webp\"\/><\/p>\n<p><img decoding=\"async\" src=\"\/wp-content\/uploads\/factory-14.webp\"\/><\/p>\n<h2>FAQ<\/h2>\n<p><p><b>1) Qu'est-ce qu'un syst\u00e8me de garde-corps commercial ?<\/b><\/p>\n<p>Les syst\u00e8mes de garde-corps commerciaux sont des solutions de s\u00e9curit\u00e9 con\u00e7ues pour les espaces publics et commerciaux afin d'assurer le soutien, la s\u00e9curit\u00e9 et la conformit\u00e9 aux codes du b\u00e2timent.<br \/>\n<\/p><br \/>\n<br \/>\n<p><b>2. quels sont les principaux avantages des syst\u00e8mes de garde-corps commerciaux ?<\/b><\/p>\n<p>Ils offrent durabilit\u00e9, solidit\u00e9, polyvalence esth\u00e9tique, r\u00e9sistance \u00e0 la corrosion et facilit\u00e9 d'installation pour am\u00e9liorer la s\u00e9curit\u00e9 et le design dans les environnements commerciaux.<br \/>\n<\/p><br \/>\n<br \/>\n<p><b>3. Pourquoi choisir des mains courantes commerciales pour les espaces publics ?<\/b><\/p>\n<p>Ces syst\u00e8mes r\u00e9pondent \u00e0 des normes de s\u00e9curit\u00e9 strictes, offrent un soutien fiable et peuvent \u00eatre personnalis\u00e9s pour s'adapter aux styles et aux mat\u00e9riaux architecturaux.<br \/>\n<\/p><br \/>\n<br \/>\n<p><b>4. les syst\u00e8mes de mains courantes commerciaux peuvent-ils \u00eatre personnalis\u00e9s ?<\/b><\/p>\n<p>Oui, ils peuvent \u00eatre adapt\u00e9s en termes de mat\u00e9riau, de finition, de hauteur, de longueur et de conception pour r\u00e9pondre aux exigences sp\u00e9cifiques du b\u00e2timent et aux pr\u00e9f\u00e9rences esth\u00e9tiques.<br \/>\n<\/p><br \/>\n<br \/>\n<p><b>5) Quels sont les mat\u00e9riaux couramment utilis\u00e9s dans les syst\u00e8mes de garde-corps commerciaux ?<\/b><\/p>\n<p>Les mat\u00e9riaux comprennent l'acier inoxydable, l'aluminium, le verre et le bois, chacun offrant des avantages uniques tels que la solidit\u00e9, la r\u00e9sistance \u00e0 la corrosion et l'attrait visuel.<br \/>\n<\/p><br \/>\n<br \/>\n<p><b>6. les syst\u00e8mes commerciaux de mains courantes conviennent-ils pour une utilisation \u00e0 l'int\u00e9rieur et \u00e0 l'ext\u00e9rieur ?<\/b><\/p>\n<p>Oui, de nombreux syst\u00e8mes sont con\u00e7us pour r\u00e9sister aux intemp\u00e9ries et \u00e0 une utilisation intensive dans divers environnements.<br \/>\n<\/p><br \/>\n<br \/>\n<p><b>7. Comment les syst\u00e8mes de garde-corps commerciaux am\u00e9liorent-ils la s\u00e9curit\u00e9 des b\u00e2timents ?<\/b><\/p>\n<p>Ils offrent un support solide et une protection contre les chutes, contribuant ainsi \u00e0 pr\u00e9venir les accidents et \u00e0 garantir la conformit\u00e9 avec les r\u00e9glementations en mati\u00e8re d'accessibilit\u00e9.<br \/>\n<\/p><br \/>\n<br \/>\n<p><b>8. quels sont les secteurs d'activit\u00e9 qui utilisent le plus souvent des syst\u00e8mes de mains courantes commerciaux ?<\/b><\/p>\n<p>Les b\u00e2timents commerciaux, les h\u00f4pitaux, les \u00e9coles, les a\u00e9roports, les centres commerciaux et les centres de transport public installent fr\u00e9quemment ces syst\u00e8mes pour des raisons de s\u00e9curit\u00e9 et de fonctionnalit\u00e9.<br \/>\n<\/p><br \/>\n<br \/>\n<p><b>9. comment les syst\u00e8mes de mains courantes commerciaux soutiennent-ils les pratiques de construction durable ?<\/b><\/p>\n<p>De nombreux syst\u00e8mes utilisent des mat\u00e9riaux recyclables et des finitions durables qui r\u00e9duisent la fr\u00e9quence d'entretien et de remplacement, favorisant ainsi une construction respectueuse de l'environnement.<br \/>\n<\/p><br \/><\/p>","protected":false},"featured_media":6564,"template":"","categories":[65],"class_list":["post-6565","product","type-product","status-publish","has-post-thumbnail","hentry","category-wooden-grained-aluminum-profile"],"meta_box":{"hilight_text_group":{"product_hilight_text":"<li>Robust design ensures safety and durability in commercial environments<\/li>\r\r\n<li>Made from high-quality materials with corrosion-resistant finishes<\/li>\r\r\n<li>Customizable sizes and styles to fit diverse architectural requirements<\/li>\r\r\n<li>Easy to install with modular components for efficient assembly<\/li>\r\r\n<li>Compliant with industry safety standards and building codes<\/li>","product_chanpin_blog":"<ul>\r\r\n<li><a href=\"https:\/\/sinoextrud.com\/t-slot-v-slot-differences\/\" target=\"_blank\">t slot vs v slot<\/a><\/li>\r\r\n<li><a href=\"https:\/\/sinoextrud.com\/what-is-4040-aluminium-extrud\/\" target=\"_blank\">4040 aluminium extrusion<\/a><\/li>\r\r\n<li><a href=\"https:\/\/sinoextrud.com\/what-is-4040-aluminium-extrud\/\" target=\"_blank\">aluminum extrusions for industrial racks<\/a><\/li>\r\r\n<li><a href=\"https:\/\/sinoextrud.com\/powder-coating-aluminium-process\/\" target=\"_blank\">powder coating aluminium<\/a><\/li>\r\r\n<li><a href=\"https:\/\/sinoextrud.com\/what-is-an-aluminium-strip-ceiling\/\" target=\"_blank\">aluminium strip ceiling<\/a><\/li>\r\r\n<li><a href=\"https:\/\/sinoextrud.com\/what-is-a-heat-sink\/\" target=\"_blank\">what is a heat sink<\/a><\/li>\r\r\n<\/ul>","product_chanpin_chanpin":"<li><a href=\"https:\/\/sinoextrud.com\/product\/wood-look-aluminium-cladding\/\" target=\"_blank\">Wood Look Aluminium Cladding<\/a><\/li>\r\n<li><a href=\"https:\/\/sinoextrud.com\/product\/wood-look-aluminium-battens\/\" target=\"_blank\">Wood Look Aluminium Battens<\/a><\/li>\r\n<li><a href=\"https:\/\/sinoextrud.com\/product\/wood-finish-aluminum-tube\/\" target=\"_blank\">Wood Finish Aluminum Tube<\/a><\/li>\r\n<li><a href=\"https:\/\/sinoextrud.com\/product\/3d-wood-grain-aluminium-battens\/\" target=\"_blank\">3D Wood Grain Aluminium Battens<\/a><\/li>\r\n<li><a href=\"https:\/\/sinoextrud.com\/product\/commercial-handrail-systems\/\" target=\"_blank\">Commercial Handrail Systems<\/a><\/li>\r\n<li><a href=\"https:\/\/sinoextrud.com\/product\/extruded-aluminum-wood-grain-tube-profile\/\" target=\"_blank\">Extruded Aluminum Wood Grain Tube Profile<\/a><\/li>\r\n<li><a href=\"https:\/\/sinoextrud.com\/product\/wood-grain-aluminum-box-section\/\" target=\"_blank\">Wood Grain Aluminum Box Section<\/a><\/li>\r\n<li><a href=\"https:\/\/sinoextrud.com\/product\/wood-grain-false-ceiling-aluminium-profiles\/\" target=\"_blank\">Wood Grain False Ceiling Aluminium Profiles<\/a><\/li>\r\n<li><a href=\"https:\/\/sinoextrud.com\/product\/wood-grain-finish-extruded-architectural-use-aluminium-profile\/\" target=\"_blank\">Wood grain finish extruded architectural use aluminium profile<\/a><\/li>\r\n<li><a href=\"https:\/\/sinoextrud.com\/product\/aluminum-extrud-7003-aluminum-pipe\/\" target=\"_blank\">Aluminum Extrusion 7003 Aluminum Pipe<\/a><\/li>\r\n<li><a href=\"https:\/\/sinoextrud.com\/product\/alu-squ-tube-in-wood-grain-painting\/\" target=\"_blank\">Alu squ tube In Wood Grain Painting<\/a><\/li>"},"feature_list":[]},"_links":{"self":[{"href":"https:\/\/sinoextrud.com\/fr\/wp-json\/wp\/v2\/product\/6565","targetHints":{"allow":["GET"]}}],"collection":[{"href":"https:\/\/sinoextrud.com\/fr\/wp-json\/wp\/v2\/product"}],"about":[{"href":"https:\/\/sinoextrud.com\/fr\/wp-json\/wp\/v2\/types\/product"}],"wp:featuredmedia":[{"embeddable":true,"href":"https:\/\/sinoextrud.com\/fr\/wp-json\/wp\/v2\/media\/6564"}],"wp:attachment":[{"href":"https:\/\/sinoextrud.com\/fr\/wp-json\/wp\/v2\/media?parent=6565"}],"wp:term":[{"taxonomy":"category","embeddable":true,"href":"https:\/\/sinoextrud.com\/fr\/wp-json\/wp\/v2\/categories?post=6565"}],"curies":[{"name":"wp","href":"https:\/\/api.w.org\/{rel}","templated":true}]}}