{"id":6561,"date":"2025-05-29T08:54:00","date_gmt":"2025-05-29T08:54:00","guid":{"rendered":"https:\/\/sinoextrud.com\/product\/wood-finish-aluminum-tube\/"},"modified":"2025-06-24T06:11:10","modified_gmt":"2025-06-24T06:11:10","slug":"tube-en-aluminium-finition-bois","status":"publish","type":"product","link":"https:\/\/sinoextrud.com\/fr\/product\/wood-finish-aluminum-tube\/","title":{"rendered":"Tube en aluminium finition bois"},"content":{"rendered":"<h2>D\u00e9tails des produits<\/h2>\n<table class=\"custom-table\">\n<tr>\n<td class=\"label\">Nom du produit<\/td>\n<td>Tube en aluminium finition bois<\/td>\n<\/tr>\n<tr>\n<td class=\"label\">Gamme de produits<\/td>\n<td>profil\u00e9s en aluminium pour tubes creux profil\u00e9s en aluminium avec finition bois, tubes en aluminium avec grain de bois, tubes carr\u00e9s en aluminium avec grain de bois, tubes d'essai en bois, tubes en aluminium avec grain de bois, bo\u00eetes de tubes en aluminium en bois, tubes en aluminium en bois, etc.<\/td>\n<\/tr>\n<tr>\n<td class=\"label\">Alliage d'aluminium<\/td>\n<td>S\u00e9rie 5000, s\u00e9rie 6000, s\u00e9rie 7000<\/td>\n<\/tr>\n<tr>\n<td class=\"label\">Temp\u00e9rer<\/td>\n<td>T5-T8<\/td>\n<\/tr>\n<tr>\n<td class=\"label\">Forme<\/td>\n<td>Carr\u00e9, rond, ovale, etc.<\/td>\n<\/tr>\n<tr>\n<td class=\"label\">Couleur<\/td>\n<td>personnalisation<\/td>\n<\/tr>\n<tr>\n<td class=\"label\">Traitement de surface<\/td>\n<td>finition en usine, anodisation, grain de bois, rev\u00eatement en poudre, sablage, \u00e9lectrophor\u00e8se, brossage, polissage, etc.<\/td>\n<\/tr>\n<tr>\n<td class=\"label\">Traitement en profondeur CNC<\/td>\n<td>couper, percer, usiner, poin\u00e7onner, plier, tarauder, etc.<\/td>\n<\/tr>\n<tr>\n<td class=\"label\">Certifications<\/td>\n<td>CE, ISO, SGS, TUV, ROHS<\/td>\n<\/tr>\n<tr>\n<td class=\"label\">\u00c9chantillons<\/td>\n<td>\u00e9chantillon gratuit. Livraison en 1-3 jours.<\/td>\n<\/tr>\n<tr>\n<td class=\"label\">MOQ<\/td>\n<td>200KG pour chaque profil<\/td>\n<\/tr>\n<tr>\n<td class=\"label\">D\u00e9lai de livraison<\/td>\n<td>La mise au point du moule et la confirmation de l'\u00e9chantillon prennent 12 \u00e0 15 jours, puis la production prend 15 \u00e0 25 jours apr\u00e8s r\u00e9ception de l'acompte de l'acheteur.<\/td>\n<\/tr>\n<tr>\n<td class=\"label\">Conditions de paiement<\/td>\n<td>30% d\u00e9p\u00f4t avant la production, et le solde avant l'exp\u00e9dition.<\/td>\n<\/tr>\n<tr>\n<td class=\"label\">Traitement de surface et garantie<\/td>\n<td>peinture ordinaire au grain de bois (10 ans), peinture sp\u00e9ciale au grain de bois AKSU (15 ans)<\/td>\n<\/tr>\n<tr>\n<td class=\"label\">Taille<\/td>\n<td>La largeur g\u00e9n\u00e9rale est de 2 pouces (environ 5 cm) ou 2,5 pouces (environ 6,3 cm). La longueur peut \u00eatre adapt\u00e9e en fonction des besoins r\u00e9els. Nous acceptons les commandes personnalis\u00e9es.<\/td>\n<\/tr>\n<tr>\n<td class=\"label\">\u00c9paisseur<\/td>\n<td>g\u00e9n\u00e9ralement de 0,008 pouce (environ 0,2 mm) \u00e0 0,02 pouce (environ 0,5 mm). Nous acceptons les commandes personnalis\u00e9es.<\/td>\n<\/tr>\n<tr>\n<td class=\"label\">Couleur<\/td>\n<td>imitation naturelle, claire et r\u00e9aliste de la texture du bois, comme l'aspect bois, l'aspect acajou, l'aspect cerisier, l'aspect noyer, etc.<\/td>\n<\/tr>\n<tr>\n<td class=\"label\">Caract\u00e9ristiques<\/td>\n<td>R\u00e9sistant \u00e0 la corrosion chimique. R\u00e9sistant aux rayures physiques. R\u00e9sistant aux insectes. Imperm\u00e9able \u00e0 l'eau. Facile \u00e0 nettoyer. Ne se d\u00e9colore pas facilement. Pas besoin de peinture r\u00e9guli\u00e8re.<\/td>\n<\/tr>\n<tr>\n<td class=\"label\">Application<\/td>\n<td>Cl\u00f4tures, terrasses, \u00e9crans, portails, rampes, bardages, soffites, cl\u00f4tures, auvents, pergolas<\/td>\n<\/tr>\n<\/table>\n<h2>Notre base de production<\/h2>\n<h3>Panorama de l'usine<\/h3>\n<p><img decoding=\"async\" src=\"\/wp-content\/uploads\/factory-01.webp\"\/><\/p>\n<h3>Atelier de fabrication de barres d'aluminium<\/h3>\n<p><img decoding=\"async\" src=\"\/wp-content\/uploads\/factory-02.webp\"\/><\/p>\n<p><img decoding=\"async\" src=\"\/wp-content\/uploads\/factory-03.webp\"\/><\/p>\n<h3>Entrep\u00f4t de stockage des moules<\/h3>\n<p><img decoding=\"async\" src=\"\/wp-content\/uploads\/factory-04.webp\"\/><\/p>\n<h3>43 lignes d'extrusion d'aluminium (500-5500 tonnes)<\/h3>\n<p><img decoding=\"async\" src=\"\/wp-content\/uploads\/factory-05.webp\"\/><\/p>\n<p><img decoding=\"async\" src=\"\/wp-content\/uploads\/factory-06.webp\"\/><\/p>\n<p><img decoding=\"async\" src=\"\/wp-content\/uploads\/factory-07.webp\"\/><\/p>\n<h3>Atelier de peinture en poudre<\/h3>\n<p><img decoding=\"async\" src=\"\/wp-content\/uploads\/factory-09.webp\"\/><\/p>\n<h3>Atelier d'anodisation<\/h3>\n<p><img decoding=\"async\" src=\"\/wp-content\/uploads\/factory-10.webp\"\/><\/p>\n<h3>Atelier sur le traitement en profondeur<\/h3>\n<p><img decoding=\"async\" src=\"\/wp-content\/uploads\/factory-11.webp\"\/><\/p>\n<h3>Atelier d'usinage de pr\u00e9cision CNC<\/h3>\n<p><img decoding=\"async\" src=\"\/wp-content\/uploads\/factory-11.5.webp\"\/><\/p>\n<h3>Entrep\u00f4t de produits finis et d'exportation<\/h3>\n<p><img decoding=\"async\" src=\"\/wp-content\/uploads\/factory-12.webp\"\/><\/p>\n<p><img decoding=\"async\" src=\"\/wp-content\/uploads\/factory-13.webp\"\/><\/p>\n<p><img decoding=\"async\" src=\"\/wp-content\/uploads\/factory-14.webp\"\/><\/p>\n<h2>FAQ<\/h2>\n<p><p><b>1) Qu'est-ce qu'un tube en aluminium avec finition bois ?<\/b><\/p>\n<p>Un tube en aluminium \u00e0 finition bois est un tube en aluminium dont le traitement de surface reproduit l'aspect et la texture du bois naturel, alliant durabilit\u00e9 et attrait esth\u00e9tique.<br \/>\n<\/p><br \/>\n<br \/>\n<p><b>2) Quels sont les principaux avantages des tubes en aluminium \u00e0 finition bois ?<\/b><\/p>\n<p>Ils offrent une excellente r\u00e9sistance \u00e0 la corrosion, une grande l\u00e9g\u00e8ret\u00e9, peu d'entretien et un aspect bois r\u00e9aliste qui convient \u00e0 diverses applications architecturales et d\u00e9coratives.<br \/>\n<\/p><br \/>\n<br \/>\n<p><b>3) Pourquoi choisir des tubes en aluminium avec finition bois plut\u00f4t que du bois naturel ?<\/b><\/p>\n<p>Les tubes en aluminium r\u00e9sistent \u00e0 la pourriture, aux insectes, \u00e0 l'humidit\u00e9 et \u00e0 la d\u00e9formation, ce qui leur conf\u00e8re une dur\u00e9e de vie plus longue et un entretien plus facile, tout en conservant l'aspect chaleureux du bois.<br \/>\n<\/p><br \/>\n<br \/>\n<p><b>4. les tubes en aluminium avec finition bois peuvent-ils \u00eatre personnalis\u00e9s ?<\/b><\/p>\n<p>Oui, ils peuvent \u00eatre personnalis\u00e9s en termes de taille, d'\u00e9paisseur de paroi, de motif de grain de bois, de couleur et de longueur pour r\u00e9pondre \u00e0 des exigences sp\u00e9cifiques en mati\u00e8re de conception et de structure.<br \/>\n<\/p><br \/>\n<br \/>\n<p><b>5. Comment la finition bois met-elle en valeur les tubes en aluminium ?<\/b><\/p>\n<p>Cette finition permet d'obtenir une texture et une couleur bois naturelles tout en pr\u00e9servant la solidit\u00e9, la r\u00e9sistance \u00e0 la rouille et la l\u00e9g\u00e8ret\u00e9 de l'aluminium.<br \/>\n<\/p><br \/>\n<br \/>\n<p><b>6. les tubes en aluminium avec finition bois conviennent-ils pour une utilisation en ext\u00e9rieur ?<\/b><\/p>\n<p>En effet, ils r\u00e9sistent \u00e0 l'exposition aux UV, \u00e0 l'humidit\u00e9 et aux conditions m\u00e9t\u00e9orologiques difficiles, ce qui les rend id\u00e9aux pour les utilisations architecturales et d\u00e9coratives ext\u00e9rieures.<br \/>\n<\/p><br \/>\n<br \/>\n<p><b>7) Quelles sont les industries qui utilisent le plus souvent des tubes en aluminium \u00e0 finition bois ?<\/b><\/p>\n<p>Les secteurs de la construction, de la fabrication de meubles, de la d\u00e9coration int\u00e9rieure et de l'am\u00e9nagement paysager utilisent ces tubes pour leur m\u00e9lange de beaut\u00e9 et de performance.<br \/>\n<\/p><br \/>\n<br \/>\n<p><b>8. Comment les tubes en aluminium \u00e0 finition bois contribuent-ils \u00e0 la construction durable ?<\/b><\/p>\n<p>L'aluminium est enti\u00e8rement recyclable et les rev\u00eatements de finition du bois offrent une alternative \u00e9cologique au bois naturel, r\u00e9duisant ainsi l'impact sur l'environnement.<br \/>\n<\/p><br \/><\/p>","protected":false},"featured_media":6560,"template":"","categories":[65],"class_list":["post-6561","product","type-product","status-publish","has-post-thumbnail","hentry","category-wooden-grained-aluminum-profile"],"meta_box":{"hilight_text_group":{"product_hilight_text":"<li>Wood finish provides natural look with the durability of aluminum<\/li>\r\r\n<li>Lightweight and corrosion-resistant for long-lasting performance<\/li>\r\r\n<li>Ideal for decorative and structural applications<\/li>\r\r\n<li>Precision extrusion ensures consistent size and high-quality surface<\/li>\r\r\n<li>Supports custom sizes, finishes, and bulk orders<\/li>","product_chanpin_blog":"<ul>\r\r\n<li><a href=\"https:\/\/sinoextrud.com\/t-slot-v-slot-differences\/\" target=\"_blank\">t slot vs v slot<\/a><\/li>\r\r\n<li><a href=\"https:\/\/sinoextrud.com\/what-is-4040-aluminium-extrud\/\" target=\"_blank\">4040 aluminium extrusion<\/a><\/li>\r\r\n<li><a href=\"https:\/\/sinoextrud.com\/what-is-4040-aluminium-extrud\/\" target=\"_blank\">aluminum extrusions for industrial racks<\/a><\/li>\r\r\n<li><a href=\"https:\/\/sinoextrud.com\/powder-coating-aluminium-process\/\" target=\"_blank\">powder coating aluminium<\/a><\/li>\r\r\n<li><a href=\"https:\/\/sinoextrud.com\/what-is-an-aluminium-strip-ceiling\/\" target=\"_blank\">aluminium strip ceiling<\/a><\/li>\r\r\n<li><a href=\"https:\/\/sinoextrud.com\/what-is-a-heat-sink\/\" target=\"_blank\">what is a heat sink<\/a><\/li>\r\r\n<\/ul>","product_chanpin_chanpin":"<li><a href=\"https:\/\/sinoextrud.com\/product\/wood-look-aluminium-slats\/\" target=\"_blank\">Wood Look Aluminium Slats<\/a><\/li>\r\n<li><a href=\"https:\/\/sinoextrud.com\/product\/natural-wood-grain-aluminium-square-tube\/\" target=\"_blank\">Natural Wood Grain Aluminium Square Tube<\/a><\/li>\r\n<li><a href=\"https:\/\/sinoextrud.com\/product\/wood-look-aluminium-cladding\/\" target=\"_blank\">Wood Look Aluminium Cladding<\/a><\/li>\r\n<li><a href=\"https:\/\/sinoextrud.com\/product\/wood-look-aluminium-battens\/\" target=\"_blank\">Wood Look Aluminium Battens<\/a><\/li>\r\n<li><a href=\"https:\/\/sinoextrud.com\/product\/wood-finish-aluminum-tube\/\" target=\"_blank\">Wood Finish Aluminum Tube<\/a><\/li>\r\n<li><a href=\"https:\/\/sinoextrud.com\/product\/3d-wood-grain-aluminium-battens\/\" target=\"_blank\">3D Wood Grain Aluminium Battens<\/a><\/li>\r\n<li><a href=\"https:\/\/sinoextrud.com\/product\/commercial-handrail-systems\/\" target=\"_blank\">Commercial Handrail Systems<\/a><\/li>\r\n<li><a href=\"https:\/\/sinoextrud.com\/product\/extruded-aluminum-wood-grain-tube-profile\/\" target=\"_blank\">Extruded Aluminum Wood Grain Tube Profile<\/a><\/li>\r\n<li><a href=\"https:\/\/sinoextrud.com\/product\/wood-grain-aluminum-box-section\/\" target=\"_blank\">Wood Grain Aluminum Box Section<\/a><\/li>\r\n<li><a href=\"https:\/\/sinoextrud.com\/product\/aluminum-windows-and-doors\/\" target=\"_blank\">Aluminum Windows And Doors<\/a><\/li>\r\n<li><a href=\"https:\/\/sinoextrud.com\/product\/aluminium-extrusion-profile-section\/\" target=\"_blank\">Aluminium Extrusion Profile Section(Great Wall panel aluminum profile)<\/a><\/li>"},"feature_list":[]},"_links":{"self":[{"href":"https:\/\/sinoextrud.com\/fr\/wp-json\/wp\/v2\/product\/6561","targetHints":{"allow":["GET"]}}],"collection":[{"href":"https:\/\/sinoextrud.com\/fr\/wp-json\/wp\/v2\/product"}],"about":[{"href":"https:\/\/sinoextrud.com\/fr\/wp-json\/wp\/v2\/types\/product"}],"wp:featuredmedia":[{"embeddable":true,"href":"https:\/\/sinoextrud.com\/fr\/wp-json\/wp\/v2\/media\/6560"}],"wp:attachment":[{"href":"https:\/\/sinoextrud.com\/fr\/wp-json\/wp\/v2\/media?parent=6561"}],"wp:term":[{"taxonomy":"category","embeddable":true,"href":"https:\/\/sinoextrud.com\/fr\/wp-json\/wp\/v2\/categories?post=6561"}],"curies":[{"name":"wp","href":"https:\/\/api.w.org\/{rel}","templated":true}]}}