{"id":6559,"date":"2025-05-29T08:51:23","date_gmt":"2025-05-29T08:51:23","guid":{"rendered":"https:\/\/sinoextrud.com\/product\/wood-look-aluminium-battens\/"},"modified":"2025-06-24T06:11:09","modified_gmt":"2025-06-24T06:11:09","slug":"lattes-en-aluminium-aspect-bois-2","status":"publish","type":"product","link":"https:\/\/sinoextrud.com\/fr\/product\/wood-look-aluminium-battens\/","title":{"rendered":"Lattage aluminium aspect bois"},"content":{"rendered":"<h2>D\u00e9tails des produits<\/h2>\n<table class=\"custom-table\">\n<tr>\n<td class=\"label\">Titre<\/td>\n<td>Lattage aluminium aspect bois<\/td>\n<\/tr>\n<tr>\n<td class=\"label\">Mat\u00e9riau<\/td>\n<td>alliage d'aluminium<\/td>\n<\/tr>\n<tr>\n<td class=\"label\">Traitement de surface et garantie<\/td>\n<td>peinture ordinaire au grain de bois (10 ans), peinture sp\u00e9ciale au grain de bois AKSU (15 ans)<\/td>\n<\/tr>\n<tr>\n<td class=\"label\">Largeur<\/td>\n<td>g\u00e9n\u00e9ralement 2 pouces (environ 5 cm), 3 pouces (environ 7,6 cm) ou 4 pouces (environ 10 cm). nous acceptons les commandes personnalis\u00e9es.<\/td>\n<\/tr>\n<tr>\n<td class=\"label\">Longueur<\/td>\n<td>g\u00e9n\u00e9ralement 10 pieds (environ 3 m\u00e8tres) ou 12 pieds (environ 3,6 m\u00e8tres). nous acceptons les commandes personnalis\u00e9es.<\/td>\n<\/tr>\n<tr>\n<td class=\"label\">\u00c9paisseur<\/td>\n<td>habituellement de 0,02 pouce (environ 0,5 mm) \u00e0 0,08 pouce (environ 2 mm). accepte les commandes personnalis\u00e9es.<\/td>\n<\/tr>\n<tr>\n<td class=\"label\">Couleur<\/td>\n<td>imitation naturelle, claire et r\u00e9aliste de la texture du bois, comme l'aspect bois, l'aspect acajou, l'aspect cerisier, l'aspect noyer, etc.<\/td>\n<\/tr>\n<tr>\n<td class=\"label\">M\u00e9thode d'installation<\/td>\n<td>Les m\u00e9thodes d'installation les plus courantes sont les vis, les crochets, etc.<\/td>\n<\/tr>\n<\/table>\n<h2>Notre base de production<\/h2>\n<h3>Panorama de l'usine<\/h3>\n<p><img decoding=\"async\" src=\"\/wp-content\/uploads\/factory-01.webp\"\/><\/p>\n<h3>Atelier de fabrication de barres d'aluminium<\/h3>\n<p><img decoding=\"async\" src=\"\/wp-content\/uploads\/factory-02.webp\"\/><\/p>\n<p><img decoding=\"async\" src=\"\/wp-content\/uploads\/factory-03.webp\"\/><\/p>\n<h3>Entrep\u00f4t de stockage des moules<\/h3>\n<p><img decoding=\"async\" src=\"\/wp-content\/uploads\/factory-04.webp\"\/><\/p>\n<h3>43 lignes d'extrusion d'aluminium (500-5500 tonnes)<\/h3>\n<p><img decoding=\"async\" src=\"\/wp-content\/uploads\/factory-05.webp\"\/><\/p>\n<p><img decoding=\"async\" src=\"\/wp-content\/uploads\/factory-06.webp\"\/><\/p>\n<p><img decoding=\"async\" src=\"\/wp-content\/uploads\/factory-07.webp\"\/><\/p>\n<h3>Atelier de peinture en poudre<\/h3>\n<p><img decoding=\"async\" src=\"\/wp-content\/uploads\/factory-09.webp\"\/><\/p>\n<h3>Atelier d'anodisation<\/h3>\n<p><img decoding=\"async\" src=\"\/wp-content\/uploads\/factory-10.webp\"\/><\/p>\n<h3>Atelier sur le traitement en profondeur<\/h3>\n<p><img decoding=\"async\" src=\"\/wp-content\/uploads\/factory-11.webp\"\/><\/p>\n<h3>Atelier d'usinage de pr\u00e9cision CNC<\/h3>\n<p><img decoding=\"async\" src=\"\/wp-content\/uploads\/factory-11.5.webp\"\/><\/p>\n<h3>Entrep\u00f4t de produits finis et d'exportation<\/h3>\n<p><img decoding=\"async\" src=\"\/wp-content\/uploads\/factory-12.webp\"\/><\/p>\n<p><img decoding=\"async\" src=\"\/wp-content\/uploads\/factory-13.webp\"\/><\/p>\n<p><img decoding=\"async\" src=\"\/wp-content\/uploads\/factory-14.webp\"\/><\/p>\n<h2>FAQ<\/h2>\n<p><p><b>1) Qu'est-ce qu'une latte en aluminium \u00e0 l'aspect bois ?<\/b><\/p>\n<p>Les lattes d'aluminium aspect bois sont des bandes d'aluminium dont la finition de surface imite le grain du bois naturel. Elles sont utilis\u00e9es pour les rev\u00eatements d\u00e9coratifs et les d\u00e9tails architecturaux.<br \/>\n<\/p><br \/>\n<br \/>\n<p><b>2) Quels sont les principaux avantages des lattes en aluminium \u00e0 l'aspect bois ?<\/b><\/p>\n<p>Ils offrent une excellente r\u00e9sistance \u00e0 la corrosion, une grande l\u00e9g\u00e8ret\u00e9, peu d'entretien et un aspect bois r\u00e9aliste qui convient aux applications int\u00e9rieures et ext\u00e9rieures.<br \/>\n<\/p><br \/>\n<br \/>\n<p><b>3) Pourquoi choisir des lattes en aluminium \u00e0 l'aspect bois plut\u00f4t que du bois v\u00e9ritable ?<\/b><\/p>\n<p>Les lattes en aluminium r\u00e9sistent \u00e0 la pourriture, aux insectes, \u00e0 la d\u00e9formation et aux dommages caus\u00e9s par les intemp\u00e9ries, offrant ainsi une plus grande durabilit\u00e9 et un entretien r\u00e9duit tout en conservant l'aspect naturel du bois.<br \/>\n<\/p><br \/>\n<br \/>\n<p><b>4. les lattes en aluminium aspect bois peuvent-elles \u00eatre personnalis\u00e9es ?<\/b><\/p>\n<p>Oui, ils peuvent \u00eatre personnalis\u00e9s en termes de taille, de couleur, de texture du grain de bois, de finition et de longueur pour r\u00e9pondre \u00e0 des exigences sp\u00e9cifiques en mati\u00e8re de design et d'architecture.<br \/>\n<\/p><br \/>\n<br \/>\n<p><b>5. Comment la finition aspect bois am\u00e9liore-t-elle les lattes en aluminium ?<\/b><\/p>\n<p>La finition offre une esth\u00e9tique bois authentique tout en conservant la durabilit\u00e9 de l'aluminium, sa r\u00e9sistance aux intemp\u00e9ries et sa facilit\u00e9 de nettoyage.<br \/>\n<\/p><br \/>\n<br \/>\n<p><b>6. les lattes en aluminium aspect bois conviennent-elles pour une utilisation en ext\u00e9rieur ?<\/b><\/p>\n<p>Oui, ils sont con\u00e7us pour r\u00e9sister aux rayons UV, \u00e0 l'humidit\u00e9 et aux fluctuations de temp\u00e9rature, ce qui les rend id\u00e9aux pour le bardage ext\u00e9rieur et l'occultation.<br \/>\n<\/p><br \/>\n<br \/>\n<p><b>7) Quelles sont les industries qui utilisent couramment des lattes en aluminium d'aspect bois ?<\/b><\/p>\n<p>Les entreprises de construction, d'am\u00e9nagement paysager, de d\u00e9coration int\u00e9rieure et d'architecture utilisent ces lattes pour leur m\u00e9lange de beaut\u00e9 et de performance.<br \/>\n<\/p><br \/>\n<br \/>\n<p><b>8. Comment les lattes en aluminium \u00e0 l'aspect bois peuvent-elles contribuer \u00e0 une conception durable ?<\/b><\/p>\n<p>L'aluminium est enti\u00e8rement recyclable et les finitions \u00e0 l'aspect bois offrent une alternative \u00e9cologique au bois, r\u00e9duisant ainsi l'impact sur l'environnement et la d\u00e9forestation.<br \/>\n<\/p><br \/><\/p>","protected":false},"featured_media":6558,"template":"","categories":[65],"class_list":["post-6559","product","type-product","status-publish","has-post-thumbnail","hentry","category-wooden-grained-aluminum-profile"],"meta_box":{"hilight_text_group":{"product_hilight_text":"<li>Wood look finish offers natural aesthetic with durable aluminum strength<\/li>\r\r\n<li>Resistant to weather, rot, insects, and requires minimal maintenance<\/li>\r\r\n<li>Lightweight design facilitates easy handling and installation<\/li>\r\r\n<li>Ideal for architectural and decorative applications in indoor and outdoor spaces<\/li>\r\r\n<li>Custom sizes and finishes available to suit project requirements<\/li>","product_chanpin_blog":"<ul>\r\r\n<li><a href=\"https:\/\/sinoextrud.com\/t-slot-v-slot-differences\/\" target=\"_blank\">t slot vs v slot<\/a><\/li>\r\r\n<li><a href=\"https:\/\/sinoextrud.com\/what-is-4040-aluminium-extrud\/\" target=\"_blank\">4040 aluminium extrusion<\/a><\/li>\r\r\n<li><a href=\"https:\/\/sinoextrud.com\/what-is-4040-aluminium-extrud\/\" target=\"_blank\">aluminum extrusions for industrial racks<\/a><\/li>\r\r\n<li><a href=\"https:\/\/sinoextrud.com\/powder-coating-aluminium-process\/\" target=\"_blank\">powder coating aluminium<\/a><\/li>\r\r\n<li><a href=\"https:\/\/sinoextrud.com\/what-is-an-aluminium-strip-ceiling\/\" target=\"_blank\">aluminium strip ceiling<\/a><\/li>\r\r\n<li><a href=\"https:\/\/sinoextrud.com\/what-is-a-heat-sink\/\" target=\"_blank\">what is a heat sink<\/a><\/li>\r\r\n<\/ul>","product_chanpin_chanpin":"<li><a href=\"https:\/\/sinoextrud.com\/product\/wood-look-aluminum-soffit\/\" target=\"_blank\">Wood Look Aluminum Soffit<\/a><\/li>\r\n<li><a href=\"https:\/\/sinoextrud.com\/product\/wood-look-aluminium-slats\/\" target=\"_blank\">Wood Look Aluminium Slats<\/a><\/li>\r\n<li><a href=\"https:\/\/sinoextrud.com\/product\/natural-wood-grain-aluminium-square-tube\/\" target=\"_blank\">Natural Wood Grain Aluminium Square Tube<\/a><\/li>\r\n<li><a href=\"https:\/\/sinoextrud.com\/product\/wood-look-aluminium-cladding\/\" target=\"_blank\">Wood Look Aluminium Cladding<\/a><\/li>\r\n<li><a href=\"https:\/\/sinoextrud.com\/product\/wood-look-aluminium-battens\/\" target=\"_blank\">Wood Look Aluminium Battens<\/a><\/li>\r\n<li><a href=\"https:\/\/sinoextrud.com\/product\/wood-finish-aluminum-tube\/\" target=\"_blank\">Wood Finish Aluminum Tube<\/a><\/li>\r\n<li><a href=\"https:\/\/sinoextrud.com\/product\/3d-wood-grain-aluminium-battens\/\" target=\"_blank\">3D Wood Grain Aluminium Battens<\/a><\/li>\r\n<li><a href=\"https:\/\/sinoextrud.com\/product\/commercial-handrail-systems\/\" target=\"_blank\">Commercial Handrail Systems<\/a><\/li>\r\n<li><a href=\"https:\/\/sinoextrud.com\/product\/extruded-aluminum-wood-grain-tube-profile\/\" target=\"_blank\">Extruded Aluminum Wood Grain Tube Profile<\/a><\/li>\r\n<li><a href=\"https:\/\/sinoextrud.com\/product\/extruded-aluminum-tubing-shapes-supplier\/\" target=\"_blank\">Extruded Aluminum Tubing Shapes Supplier<\/a><\/li>\r\n<li><a href=\"https:\/\/sinoextrud.com\/product\/40x40-aluminium-extrusion\/\" target=\"_blank\">40\u00c3\u201440 Aluminium Extrusion<\/a><\/li>"},"feature_list":[]},"_links":{"self":[{"href":"https:\/\/sinoextrud.com\/fr\/wp-json\/wp\/v2\/product\/6559","targetHints":{"allow":["GET"]}}],"collection":[{"href":"https:\/\/sinoextrud.com\/fr\/wp-json\/wp\/v2\/product"}],"about":[{"href":"https:\/\/sinoextrud.com\/fr\/wp-json\/wp\/v2\/types\/product"}],"wp:featuredmedia":[{"embeddable":true,"href":"https:\/\/sinoextrud.com\/fr\/wp-json\/wp\/v2\/media\/6558"}],"wp:attachment":[{"href":"https:\/\/sinoextrud.com\/fr\/wp-json\/wp\/v2\/media?parent=6559"}],"wp:term":[{"taxonomy":"category","embeddable":true,"href":"https:\/\/sinoextrud.com\/fr\/wp-json\/wp\/v2\/categories?post=6559"}],"curies":[{"name":"wp","href":"https:\/\/api.w.org\/{rel}","templated":true}]}}