{"id":6555,"date":"2025-05-29T08:45:43","date_gmt":"2025-05-29T08:45:43","guid":{"rendered":"https:\/\/sinoextrud.com\/product\/natural-wood-grain-aluminium-square-tube\/"},"modified":"2025-06-24T06:11:09","modified_gmt":"2025-06-24T06:11:09","slug":"tube-carre-en-aluminium-avec-grain-de-bois-naturel","status":"publish","type":"product","link":"https:\/\/sinoextrud.com\/fr\/product\/natural-wood-grain-aluminium-square-tube\/","title":{"rendered":"Tube carr\u00e9 en aluminium avec grain de bois naturel"},"content":{"rendered":"<h2>D\u00e9tails des produits<\/h2>\n<table class=\"custom-table\">\n<tr>\n<td class=\"label\">Objet<\/td>\n<td>Tube carr\u00e9 en aluminium avec grain de bois naturel \/ Tube carr\u00e9 en aluminium avec grain de bois brun naturel<\/td>\n<\/tr>\n<tr>\n<td class=\"label\">Forme<\/td>\n<td>carr\u00e9,<\/td>\n<\/tr>\n<tr>\n<td class=\"label\">Application<\/td>\n<td>d\u00e9coration, industrie, construction, etc.<\/td>\n<\/tr>\n<tr>\n<td class=\"label\">Couleurs<\/td>\n<td>Grain de bois<\/td>\n<\/tr>\n<tr>\n<td class=\"label\">Processus en profondeur<\/td>\n<td>CNC, per\u00e7age, fraisage, d\u00e9coupage, soudage, pliage, assemblage<\/td>\n<\/tr>\n<tr>\n<td class=\"label\">MOQ<\/td>\n<td>200KG pour chaque article<\/td>\n<\/tr>\n<tr>\n<td class=\"label\">D\u00e9tails de l'emballage<\/td>\n<td>(1) A l'int\u00e9rieur : emball\u00e9 avec un film plastique de protection pour prot\u00e9ger chaque pi\u00e8ce.<\/td>\n<\/tr>\n<tr>\n<td class=\"label\">Conditions de paiement<\/td>\n<td>T\/T 30% pour le d\u00e9p\u00f4t, le solde avant l'exp\u00e9dition.<\/td>\n<\/tr>\n<tr>\n<td class=\"label\">D\u00e9lai de r\u00e8glement<\/td>\n<td>Facturer au poids r\u00e9el final ou au poids th\u00e9orique du dessin.<\/td>\n<\/tr>\n<tr>\n<td class=\"label\">Garantie<\/td>\n<td>La couleur de la surface peut rester stable pendant 10 \u00e0 20 ans en utilisation int\u00e9rieure.<\/td>\n<\/tr>\n<\/table>\n<h2>Notre base de production<\/h2>\n<h3>Panorama de l'usine<\/h3>\n<p><img decoding=\"async\" src=\"\/wp-content\/uploads\/factory-01.webp\"\/><\/p>\n<h3>Atelier de fabrication de barres d'aluminium<\/h3>\n<p><img decoding=\"async\" src=\"\/wp-content\/uploads\/factory-02.webp\"\/><\/p>\n<p><img decoding=\"async\" src=\"\/wp-content\/uploads\/factory-03.webp\"\/><\/p>\n<h3>Entrep\u00f4t de stockage des moules<\/h3>\n<p><img decoding=\"async\" src=\"\/wp-content\/uploads\/factory-04.webp\"\/><\/p>\n<h3>43 lignes d'extrusion d'aluminium (500-5500 tonnes)<\/h3>\n<p><img decoding=\"async\" src=\"\/wp-content\/uploads\/factory-05.webp\"\/><\/p>\n<p><img decoding=\"async\" src=\"\/wp-content\/uploads\/factory-06.webp\"\/><\/p>\n<p><img decoding=\"async\" src=\"\/wp-content\/uploads\/factory-07.webp\"\/><\/p>\n<h3>Atelier de peinture en poudre<\/h3>\n<p><img decoding=\"async\" src=\"\/wp-content\/uploads\/factory-09.webp\"\/><\/p>\n<h3>Atelier d'anodisation<\/h3>\n<p><img decoding=\"async\" src=\"\/wp-content\/uploads\/factory-10.webp\"\/><\/p>\n<h3>Atelier sur le traitement en profondeur<\/h3>\n<p><img decoding=\"async\" src=\"\/wp-content\/uploads\/factory-11.webp\"\/><\/p>\n<h3>Atelier d'usinage de pr\u00e9cision CNC<\/h3>\n<p><img decoding=\"async\" src=\"\/wp-content\/uploads\/factory-11.5.webp\"\/><\/p>\n<h3>Entrep\u00f4t de produits finis et d'exportation<\/h3>\n<p><img decoding=\"async\" src=\"\/wp-content\/uploads\/factory-12.webp\"\/><\/p>\n<p><img decoding=\"async\" src=\"\/wp-content\/uploads\/factory-13.webp\"\/><\/p>\n<p><img decoding=\"async\" src=\"\/wp-content\/uploads\/factory-14.webp\"\/><\/p>\n<h2>FAQ<\/h2>\n<p><p><b>1) Qu'est-ce qu'un tube carr\u00e9 en aluminium \u00e0 grain de bois naturel ?<\/b><\/p>\n<p>Il s'agit d'un tube carr\u00e9 en aluminium avec une finition en grain de bois naturel qui combine la r\u00e9sistance et la durabilit\u00e9 de l'aluminium avec l'attrait esth\u00e9tique du bois.<br \/>\n<\/p><br \/>\n<br \/>\n<p><b>2) Quels sont les principaux avantages des tubes carr\u00e9s en aluminium au grain de bois naturel ?<\/b><\/p>\n<p>Ils offrent une r\u00e9sistance \u00e0 la corrosion, un poids l\u00e9ger, un faible entretien et une texture bois\u00e9e r\u00e9aliste id\u00e9ale pour les applications architecturales et d\u00e9coratives.<br \/>\n<\/p><br \/>\n<br \/>\n<p><b>3) Pourquoi choisir les tubes carr\u00e9s en aluminium \u00e0 grain de bois naturel plut\u00f4t que le bois v\u00e9ritable ?<\/b><\/p>\n<p>Les tubes en aluminium r\u00e9sistent \u00e0 la pourriture, aux insectes, \u00e0 l'humidit\u00e9 et au gauchissement, ce qui leur conf\u00e8re une dur\u00e9e de vie plus longue et un entretien r\u00e9duit, tout en conservant l'aspect du bois.<br \/>\n<\/p><br \/>\n<br \/>\n<p><b>4) Les tubes carr\u00e9s en aluminium \u00e0 grain de bois naturel peuvent-ils \u00eatre personnalis\u00e9s ?<\/b><\/p>\n<p>Oui, ces tubes peuvent \u00eatre personnalis\u00e9s en termes de dimensions, d'\u00e9paisseur de paroi, de motif de grain de bois, de couleur et de longueur pour r\u00e9pondre \u00e0 des besoins sp\u00e9cifiques en mati\u00e8re de conception et de structure.<br \/>\n<\/p><br \/>\n<br \/>\n<p><b>5. Comment la finition en grain de bois naturel met-elle en valeur les tubes carr\u00e9s en aluminium ?<\/b><\/p>\n<p>La finition offre un aspect bois naturel et chaleureux tout en pr\u00e9servant la durabilit\u00e9, la r\u00e9sistance \u00e0 la rouille et la l\u00e9g\u00e8ret\u00e9 de l'aluminium.<br \/>\n<\/p><br \/>\n<br \/>\n<p><b>6. les tubes carr\u00e9s en aluminium vein\u00e9 bois naturel conviennent-ils pour une utilisation en ext\u00e9rieur ?<\/b><\/p>\n<p>En effet, ils r\u00e9sistent \u00e0 l'exposition aux UV, \u00e0 l'humidit\u00e9 et aux conditions climatiques difficiles, ce qui les rend parfaits pour les rev\u00eatements ext\u00e9rieurs, les cl\u00f4tures et les structures d\u00e9coratives.<br \/>\n<\/p><br \/>\n<br \/>\n<p><b>7) Quelles sont les industries qui utilisent le plus souvent des tubes carr\u00e9s en aluminium \u00e0 grain de bois naturel ?<\/b><\/p>\n<p>Les secteurs de la construction, de la d\u00e9coration int\u00e9rieure, de la fabrication de meubles et de l'am\u00e9nagement paysager utilisent ces tubes pour leur combinaison de beaut\u00e9 et de performance.<br \/>\n<\/p><br \/>\n<br \/>\n<p><b>8. Comment les tubes carr\u00e9s en aluminium au grain de bois naturel contribuent-ils \u00e0 la construction durable ?<\/b><\/p>\n<p>L'aluminium est enti\u00e8rement recyclable et la finition en grain de bois offre une alternative \u00e9cologique au bois, contribuant ainsi \u00e0 r\u00e9duire l'impact sur l'environnement.<br \/>\n<\/p><br \/><\/p>","protected":false},"featured_media":6554,"template":"","categories":[65],"class_list":["post-6555","product","type-product","status-publish","has-post-thumbnail","hentry","category-wooden-grained-aluminum-profile"],"meta_box":{"hilight_text_group":{"product_hilight_text":"<li>Natural wood grain finish combines aesthetic appeal with aluminum durability<\/li>\r\r\n<li>Lightweight square tube offers high strength and corrosion resistance<\/li>\r\r\n<li>Ideal for decorative and structural applications in indoor and outdoor settings<\/li>\r\r\n<li>Precision extrusion ensures consistent dimensions and quality<\/li>\r\r\n<li>Supports custom sizes and bulk orders for various project requirements<\/li>","product_chanpin_blog":"<ul>\r\r\n<li><a href=\"https:\/\/sinoextrud.com\/t-slot-v-slot-differences\/\" target=\"_blank\">t slot vs v slot<\/a><\/li>\r\r\n<li><a href=\"https:\/\/sinoextrud.com\/what-is-4040-aluminium-extrud\/\" target=\"_blank\">4040 aluminium extrusion<\/a><\/li>\r\r\n<li><a href=\"https:\/\/sinoextrud.com\/what-is-4040-aluminium-extrud\/\" target=\"_blank\">aluminum extrusions for industrial racks<\/a><\/li>\r\r\n<li><a href=\"https:\/\/sinoextrud.com\/powder-coating-aluminium-process\/\" target=\"_blank\">powder coating aluminium<\/a><\/li>\r\r\n<li><a href=\"https:\/\/sinoextrud.com\/what-is-an-aluminium-strip-ceiling\/\" target=\"_blank\">aluminium strip ceiling<\/a><\/li>\r\r\n<li><a href=\"https:\/\/sinoextrud.com\/what-is-a-heat-sink\/\" target=\"_blank\">what is a heat sink<\/a><\/li>\r\r\n<\/ul>","product_chanpin_chanpin":"<li><a href=\"https:\/\/sinoextrud.com\/product\/custom-wood-grain-aluminium-profiles\/\" target=\"_blank\">Custom Wood Grain Aluminium Profiles<\/a><\/li>\r\n<li><a href=\"https:\/\/sinoextrud.com\/product\/wood-grain-aluminum-square-hollow-profile\/\" target=\"_blank\">Wood Grain Aluminum Square Hollow Profile<\/a><\/li>\r\n<li><a href=\"https:\/\/sinoextrud.com\/product\/wood-look-aluminum-soffit\/\" target=\"_blank\">Wood Look Aluminum Soffit<\/a><\/li>\r\n<li><a href=\"https:\/\/sinoextrud.com\/product\/wood-look-aluminium-slats\/\" target=\"_blank\">Wood Look Aluminium Slats<\/a><\/li>\r\n<li><a href=\"https:\/\/sinoextrud.com\/product\/natural-wood-grain-aluminium-square-tube\/\" target=\"_blank\">Natural Wood Grain Aluminium Square Tube<\/a><\/li>\r\n<li><a href=\"https:\/\/sinoextrud.com\/product\/wood-look-aluminium-cladding\/\" target=\"_blank\">Wood Look Aluminium Cladding<\/a><\/li>\r\n<li><a href=\"https:\/\/sinoextrud.com\/product\/wood-look-aluminium-battens\/\" target=\"_blank\">Wood Look Aluminium Battens<\/a><\/li>\r\n<li><a href=\"https:\/\/sinoextrud.com\/product\/wood-finish-aluminum-tube\/\" target=\"_blank\">Wood Finish Aluminum Tube<\/a><\/li>\r\n<li><a href=\"https:\/\/sinoextrud.com\/product\/3d-wood-grain-aluminium-battens\/\" target=\"_blank\">3D Wood Grain Aluminium Battens<\/a><\/li>\r\n<li><a href=\"https:\/\/sinoextrud.com\/product\/60x60-aluminium-t-slot-frame-profile-extrusion-open-mold-industrial-track-coated-white-matte-v-slot\/\" target=\"_blank\">60\u00c3\u201460 aluminium t-slot frame profile extrusion open mold industrial track coated white matte v slot<\/a><\/li>\r\n<li><a href=\"https:\/\/sinoextrud.com\/product\/aluminum-cnc-machining\/\" target=\"_blank\">Aluminum cnc machining<\/a><\/li>"},"feature_list":[]},"_links":{"self":[{"href":"https:\/\/sinoextrud.com\/fr\/wp-json\/wp\/v2\/product\/6555","targetHints":{"allow":["GET"]}}],"collection":[{"href":"https:\/\/sinoextrud.com\/fr\/wp-json\/wp\/v2\/product"}],"about":[{"href":"https:\/\/sinoextrud.com\/fr\/wp-json\/wp\/v2\/types\/product"}],"wp:featuredmedia":[{"embeddable":true,"href":"https:\/\/sinoextrud.com\/fr\/wp-json\/wp\/v2\/media\/6554"}],"wp:attachment":[{"href":"https:\/\/sinoextrud.com\/fr\/wp-json\/wp\/v2\/media?parent=6555"}],"wp:term":[{"taxonomy":"category","embeddable":true,"href":"https:\/\/sinoextrud.com\/fr\/wp-json\/wp\/v2\/categories?post=6555"}],"curies":[{"name":"wp","href":"https:\/\/api.w.org\/{rel}","templated":true}]}}