{"id":6553,"date":"2025-05-29T08:12:31","date_gmt":"2025-05-29T08:12:31","guid":{"rendered":"https:\/\/sinoextrud.com\/product\/wood-look-aluminium-slats\/"},"modified":"2025-06-24T06:11:09","modified_gmt":"2025-06-24T06:11:09","slug":"lattes-en-aluminium-aspect-bois","status":"publish","type":"product","link":"https:\/\/sinoextrud.com\/fr\/product\/wood-look-aluminium-slats\/","title":{"rendered":"Lamelles en aluminium aspect bois"},"content":{"rendered":"<h2>D\u00e9tails des produits<\/h2>\n<table class=\"custom-table\">\n<tr>\n<td class=\"label\">Mat\u00e9riau<\/td>\n<td>alliage d'aluminium de haute qualit\u00e9<\/td>\n<\/tr>\n<tr>\n<td class=\"label\">Traitement de surface et garantie<\/td>\n<td>peinture ordinaire au grain de bois (10 ans), peinture sp\u00e9ciale au grain de bois AKSU (15 ans)<\/td>\n<\/tr>\n<tr>\n<td class=\"label\">Taille<\/td>\n<td>La largeur g\u00e9n\u00e9rale est de 2 pouces (environ 5 cm) ou 2,5 pouces (environ 6,3 cm). La longueur peut \u00eatre adapt\u00e9e en fonction des besoins r\u00e9els. Nous acceptons les commandes personnalis\u00e9es.<\/td>\n<\/tr>\n<tr>\n<td class=\"label\">\u00c9paisseur<\/td>\n<td>g\u00e9n\u00e9ralement de 0,008 pouce (environ 0,2 mm) \u00e0 0,02 pouce (environ 0,5 mm). Nous acceptons les commandes personnalis\u00e9es.<\/td>\n<\/tr>\n<tr>\n<td class=\"label\">Couleur<\/td>\n<td>imitation naturelle, claire et r\u00e9aliste de la texture du bois, comme l'aspect bois, l'aspect acajou, l'aspect cerisier, l'aspect noyer, etc.<\/td>\n<\/tr>\n<tr>\n<td class=\"label\">M\u00e9thode d'ouverture et de fermeture<\/td>\n<td>fonctionnement manuel ou commande \u00e9lectrique<\/td>\n<\/tr>\n<tr>\n<td class=\"label\">Caract\u00e9ristiques<\/td>\n<td>R\u00e9sistant \u00e0 la corrosion chimique. R\u00e9sistant aux rayures physiques. R\u00e9sistant aux insectes. Imperm\u00e9able \u00e0 l'eau. Facile \u00e0 nettoyer. Ne se d\u00e9colore pas facilement. Pas besoin de peinture r\u00e9guli\u00e8re.<\/td>\n<\/tr>\n<\/table>\n<h2>Notre base de production<\/h2>\n<h3>Panorama de l'usine<\/h3>\n<p><img decoding=\"async\" src=\"\/wp-content\/uploads\/factory-01.webp\"\/><\/p>\n<h3>Atelier de fabrication de barres d'aluminium<\/h3>\n<p><img decoding=\"async\" src=\"\/wp-content\/uploads\/factory-02.webp\"\/><\/p>\n<p><img decoding=\"async\" src=\"\/wp-content\/uploads\/factory-03.webp\"\/><\/p>\n<h3>Entrep\u00f4t de stockage des moules<\/h3>\n<p><img decoding=\"async\" src=\"\/wp-content\/uploads\/factory-04.webp\"\/><\/p>\n<h3>43 lignes d'extrusion d'aluminium (500-5500 tonnes)<\/h3>\n<p><img decoding=\"async\" src=\"\/wp-content\/uploads\/factory-05.webp\"\/><\/p>\n<p><img decoding=\"async\" src=\"\/wp-content\/uploads\/factory-06.webp\"\/><\/p>\n<p><img decoding=\"async\" src=\"\/wp-content\/uploads\/factory-07.webp\"\/><\/p>\n<h3>Atelier de peinture en poudre<\/h3>\n<p><img decoding=\"async\" src=\"\/wp-content\/uploads\/factory-09.webp\"\/><\/p>\n<h3>Atelier d'anodisation<\/h3>\n<p><img decoding=\"async\" src=\"\/wp-content\/uploads\/factory-10.webp\"\/><\/p>\n<h3>Atelier sur le traitement en profondeur<\/h3>\n<p><img decoding=\"async\" src=\"\/wp-content\/uploads\/factory-11.webp\"\/><\/p>\n<h3>Atelier d'usinage de pr\u00e9cision CNC<\/h3>\n<p><img decoding=\"async\" src=\"\/wp-content\/uploads\/factory-11.5.webp\"\/><\/p>\n<h3>Entrep\u00f4t de produits finis et d'exportation<\/h3>\n<p><img decoding=\"async\" src=\"\/wp-content\/uploads\/factory-12.webp\"\/><\/p>\n<p><img decoding=\"async\" src=\"\/wp-content\/uploads\/factory-13.webp\"\/><\/p>\n<p><img decoding=\"async\" src=\"\/wp-content\/uploads\/factory-14.webp\"\/><\/p>\n<h2>FAQ<\/h2>\n<p><p><b>1) Qu'est-ce qu'une lame d'aluminium aspect bois ?<\/b><\/p>\n<p>Les lames d'aluminium aspect bois sont des panneaux d'aluminium con\u00e7us avec une finition de surface qui reproduit les veines naturelles du bois, utilis\u00e9s comme rev\u00eatement d\u00e9coratif et fonctionnel ou comme cl\u00f4ture.<br \/>\n<\/p><br \/>\n<br \/>\n<p><b>2) Quels sont les principaux avantages des lames d'aluminium aspect bois ?<\/b><\/p>\n<p>Ils offrent une excellente r\u00e9sistance \u00e0 la corrosion, une grande l\u00e9g\u00e8ret\u00e9, peu d'entretien et un aspect bois r\u00e9aliste qui convient aux applications int\u00e9rieures et ext\u00e9rieures.<br \/>\n<\/p><br \/>\n<br \/>\n<p><b>3) Pourquoi choisir des lames en aluminium aspect bois plut\u00f4t que du bois naturel ?<\/b><\/p>\n<p>Les lames en aluminium r\u00e9sistent \u00e0 la pourriture, aux insectes, \u00e0 la d\u00e9formation et aux dommages caus\u00e9s par les intemp\u00e9ries, offrant ainsi une dur\u00e9e de vie plus longue et un entretien plus facile que le bois naturel.<br \/>\n<\/p><br \/>\n<br \/>\n<p><b>4. les lames d'aluminium aspect bois peuvent-elles \u00eatre personnalis\u00e9es ?<\/b><\/p>\n<p>Oui, ils peuvent \u00eatre personnalis\u00e9s en termes de taille, de couleur, de texture du grain de bois et de finition pour r\u00e9pondre \u00e0 des exigences sp\u00e9cifiques en mati\u00e8re de design et d'architecture.<br \/>\n<\/p><br \/>\n<br \/>\n<p><b>5. Comment la finition aspect bois met-elle en valeur les lamelles en aluminium ?<\/b><\/p>\n<p>La finition offre une esth\u00e9tique bois authentique tout en conservant la durabilit\u00e9 de l'aluminium, sa r\u00e9sistance aux intemp\u00e9ries et sa facilit\u00e9 de nettoyage.<br \/>\n<\/p><br \/>\n<br \/>\n<p><b>6. les lames en aluminium aspect bois peuvent-elles \u00eatre utilis\u00e9es \u00e0 l'ext\u00e9rieur ?<\/b><\/p>\n<p>Oui, ils sont con\u00e7us pour r\u00e9sister aux rayons UV, \u00e0 l'humidit\u00e9 et aux changements de temp\u00e9rature, ce qui les rend id\u00e9aux pour les rev\u00eatements ext\u00e9rieurs, les cl\u00f4tures et les \u00e9crans.<br \/>\n<\/p><br \/>\n<br \/>\n<p><b>7) Quelles sont les industries qui utilisent couramment des lamelles en aluminium aspect bois ?<\/b><\/p>\n<p>Les entreprises de construction, d'am\u00e9nagement paysager, de d\u00e9coration int\u00e9rieure et d'architecture utilisent ces lattes pour leur attrait visuel et leur durabilit\u00e9.<br \/>\n<\/p><br \/>\n<br \/>\n<p><b>8. Comment les lames d'aluminium \u00e0 l'aspect bois peuvent-elles contribuer \u00e0 une conception durable ?<\/b><\/p>\n<p>L'aluminium est enti\u00e8rement recyclable et les finitions \u00e0 l'aspect bois offrent une alternative \u00e9cologique au bois, r\u00e9duisant ainsi l'impact sur l'environnement et la d\u00e9forestation.<br \/>\n<\/p><br \/><\/p>","protected":false},"featured_media":6552,"template":"","categories":[65],"class_list":["post-6553","product","type-product","status-publish","has-post-thumbnail","hentry","category-wooden-grained-aluminum-profile"],"meta_box":{"hilight_text_group":{"product_hilight_text":"<li>Wood look finish provides natural beauty with the durability of aluminum<\/li>\r\r\n<li>Resistant to rot, insects, and weathering for long-lasting performance<\/li>\r\r\n<li>Lightweight and easy to install for versatile architectural applications<\/li>\r\r\n<li>Low maintenance compared to traditional wood slats<\/li>\r\r\n<li>Available in custom sizes, colors, and finishes to fit design needs<\/li>","product_chanpin_blog":"<ul>\r\r\n<li><a href=\"https:\/\/sinoextrud.com\/t-slot-v-slot-differences\/\" target=\"_blank\">t slot vs v slot<\/a><\/li>\r\r\n<li><a href=\"https:\/\/sinoextrud.com\/what-is-4040-aluminium-extrud\/\" target=\"_blank\">4040 aluminium extrusion<\/a><\/li>\r\r\n<li><a href=\"https:\/\/sinoextrud.com\/what-is-4040-aluminium-extrud\/\" target=\"_blank\">aluminum extrusions for industrial racks<\/a><\/li>\r\r\n<li><a href=\"https:\/\/sinoextrud.com\/powder-coating-aluminium-process\/\" target=\"_blank\">powder coating aluminium<\/a><\/li>\r\r\n<li><a href=\"https:\/\/sinoextrud.com\/what-is-an-aluminium-strip-ceiling\/\" target=\"_blank\">aluminium strip ceiling<\/a><\/li>\r\r\n<li><a href=\"https:\/\/sinoextrud.com\/what-is-a-heat-sink\/\" target=\"_blank\">what is a heat sink<\/a><\/li>\r\r\n<\/ul>","product_chanpin_chanpin":"<li><a href=\"https:\/\/sinoextrud.com\/product\/pvdf-coating-aluminum-profile\/\" target=\"_blank\">PVDF Coating Aluminum Profile<\/a><\/li>\r\n<li><a href=\"https:\/\/sinoextrud.com\/product\/custom-wood-grain-aluminium-profiles\/\" target=\"_blank\">Custom Wood Grain Aluminium Profiles<\/a><\/li>\r\n<li><a href=\"https:\/\/sinoextrud.com\/product\/wood-grain-aluminum-square-hollow-profile\/\" target=\"_blank\">Wood Grain Aluminum Square Hollow Profile<\/a><\/li>\r\n<li><a href=\"https:\/\/sinoextrud.com\/product\/wood-look-aluminum-soffit\/\" target=\"_blank\">Wood Look Aluminum Soffit<\/a><\/li>\r\n<li><a href=\"https:\/\/sinoextrud.com\/product\/wood-look-aluminium-slats\/\" target=\"_blank\">Wood Look Aluminium Slats<\/a><\/li>\r\n<li><a href=\"https:\/\/sinoextrud.com\/product\/natural-wood-grain-aluminium-square-tube\/\" target=\"_blank\">Natural Wood Grain Aluminium Square Tube<\/a><\/li>\r\n<li><a href=\"https:\/\/sinoextrud.com\/product\/wood-look-aluminium-cladding\/\" target=\"_blank\">Wood Look Aluminium Cladding<\/a><\/li>\r\n<li><a href=\"https:\/\/sinoextrud.com\/product\/wood-look-aluminium-battens\/\" target=\"_blank\">Wood Look Aluminium Battens<\/a><\/li>\r\n<li><a href=\"https:\/\/sinoextrud.com\/product\/wood-finish-aluminum-tube\/\" target=\"_blank\">Wood Finish Aluminum Tube<\/a><\/li>\r\n<li><a href=\"https:\/\/sinoextrud.com\/product\/cabinet-aluminum-profile\/\" target=\"_blank\">Cabinet Aluminum Profile<\/a><\/li>\r\n<li><a href=\"https:\/\/sinoextrud.com\/product\/300mm-aluminium-louvre-extrusion\/\" target=\"_blank\">300mm Aluminium Louvre Extrusion<\/a><\/li>"},"feature_list":[]},"_links":{"self":[{"href":"https:\/\/sinoextrud.com\/fr\/wp-json\/wp\/v2\/product\/6553","targetHints":{"allow":["GET"]}}],"collection":[{"href":"https:\/\/sinoextrud.com\/fr\/wp-json\/wp\/v2\/product"}],"about":[{"href":"https:\/\/sinoextrud.com\/fr\/wp-json\/wp\/v2\/types\/product"}],"wp:featuredmedia":[{"embeddable":true,"href":"https:\/\/sinoextrud.com\/fr\/wp-json\/wp\/v2\/media\/6552"}],"wp:attachment":[{"href":"https:\/\/sinoextrud.com\/fr\/wp-json\/wp\/v2\/media?parent=6553"}],"wp:term":[{"taxonomy":"category","embeddable":true,"href":"https:\/\/sinoextrud.com\/fr\/wp-json\/wp\/v2\/categories?post=6553"}],"curies":[{"name":"wp","href":"https:\/\/api.w.org\/{rel}","templated":true}]}}